{"id":1139,"date":"2014-12-02T14:58:30","date_gmt":"2014-12-02T14:58:30","guid":{"rendered":"http:\/\/www.celticexperience.net\/en\/?post_type=product&#038;p=1139"},"modified":"2018-02-18T14:41:01","modified_gmt":"2018-02-18T14:41:01","slug":"gaelic-song-dance","status":"publish","type":"product","link":"https:\/\/www.celticexperience.net\/en\/tours\/gaelic-song-dance\/","title":{"rendered":"Gaelic Song and Dance"},"content":{"rendered":"<p>[vc_row][vc_column][vc_column_text]<\/p>\n<h3 style=\"text-align: center;\">Gaelic Song and Dance<\/h3>\n<h3 style=\"text-align: center;\">26 July &#8211; 4 August 2015<\/h3>\n<p>TRADITIONAL ECHOES IN SONG AND DANCE<\/p>\n<p>Become engrossed in the world of the ancient Gaelic songs (sean n\u00f3s) with the well known singer Treasa N\u00ed Mhioll\u00e1in, learn Set- and C\u00e9ili dances with the experienced dancing instructor Tony Ryan, visit hidden mystic places with the Celtic priest Dara \u00d3 Maoildhia, enjoy the cozy atmosphere in the pubs, walk through the outstanding landscape of the Island along high cliffs and wide beaches and finish this unique culture week dancing and singing with friends from the Island at the Farewell party with live music.<br \/>\n<!--more--><\/p>\n<p>More detailed tour information is given in the Itinerary Section.[\/vc_column_text][vc_row_inner][vc_column_inner][vc_separator][\/vc_column_inner][\/vc_row_inner][vc_row_inner][vc_column_inner width=&#8221;1\/4&#8243;][vc_column_text]<strong>PROGRAMME DATE<\/strong>[\/vc_column_text][\/vc_column_inner][vc_column_inner width=&#8221;3\/4&#8243;][vc_column_text]26 July \u2013 4 August 2015 (Closed)[\/vc_column_text][\/vc_column_inner][\/vc_row_inner][vc_row_inner][vc_column_inner][vc_separator][\/vc_column_inner][\/vc_row_inner][vc_row_inner][vc_column_inner width=&#8221;1\/4&#8243;][vc_column_text]<strong>BOOKING<\/strong>[\/vc_column_text][\/vc_column_inner][vc_column_inner width=&#8221;3\/4&#8243;][vc_column_text]Closed[\/vc_column_text][\/vc_column_inner][\/vc_row_inner][vc_row_inner][vc_column_inner][vc_separator][\/vc_column_inner][\/vc_row_inner][vc_row_inner][vc_column_inner width=&#8221;1\/4&#8243;][vc_column_text]<b>TRAVEL \/ FLIGHTS<\/b>[\/vc_column_text][\/vc_column_inner][vc_column_inner width=&#8221;3\/4&#8243;][vc_column_text]Flights to Dublin or Shannon, then bus from the airport to Galway, arriving before 16.15 pm. I can help with flights if you travel from Switzerland, cheapest fares usually through internet but I also have a good contact to a travel agency.[\/vc_column_text][\/vc_column_inner][\/vc_row_inner][vc_row_inner][vc_column_inner][vc_separator][\/vc_column_inner][\/vc_row_inner][vc_row_inner][vc_column_inner width=&#8221;1\/3&#8243;][vc_column_text]<b>INCLUDED<\/b>[\/vc_column_text][\/vc_column_inner][vc_column_inner width=&#8221;2\/3&#8243;][vc_column_text]<i class=\"fa fa-check icon-tick icon-tick--on\"><\/i>8 nights sharing: in Kilmurveyhouse with Irish breakfast buffet, 4 evening meals, in self catering house: 3 evening meals,<\/p>\n<p><i class=\"fa fa-check icon-tick icon-tick--on\"><\/i>Workshops, guided tours,<\/p>\n<p><i class=\"fa fa-check icon-tick icon-tick--on\"><\/i>Walks and transports according to programme.[\/vc_column_text][\/vc_column_inner][\/vc_row_inner][vc_row_inner][vc_column_inner][vc_separator][\/vc_column_inner][\/vc_row_inner][vc_row_inner][vc_column_inner width=&#8221;1\/3&#8243;][vc_column_text]<b>NOT INCLUDED<\/b>[\/vc_column_text][\/vc_column_inner][vc_column_inner width=&#8221;2\/3&#8243;][vc_column_text]<i class=\"fa fa-times icon-tick icon-tick--off\"><\/i>Travel to and from Galway,<\/p>\n<p><i class=\"fa fa-times icon-tick icon-tick--off\"><\/i>5 (6) dinners, lunch,<\/p>\n<p><i class=\"fa fa-times icon-tick icon-tick--off\"><\/i>Drinks, tips.[\/vc_column_text][\/vc_column_inner][\/vc_row_inner][vc_row_inner][vc_column_inner][vc_separator][\/vc_column_inner][\/vc_row_inner][vc_row_inner][vc_column_inner width=&#8221;1\/4&#8243;][vc_column_text]<b>ACCOMMODATION<\/b>[\/vc_column_text][\/vc_column_inner][vc_column_inner width=&#8221;3\/4&#8243;][vc_column_text]in the comfortable *** Kilmurvey Guesthouse or in a cosy self-catering house[\/vc_column_text][\/vc_column_inner][\/vc_row_inner][vc_row_inner][vc_column_inner][vc_separator][\/vc_column_inner][\/vc_row_inner][vc_row_inner][vc_column_inner width=&#8221;1\/4&#8243;][vc_column_text]<b>COST<\/b>[\/vc_column_text][\/vc_column_inner][vc_column_inner width=&#8221;3\/4&#8243;][vc_column_text]Double room in Kilmurvey House: approx: Euro 1440 (CHF1570) in self catering house: approx: Euro 1220 (CHF1330), dep. on exchange rate and number of participants.[\/vc_column_text][\/vc_column_inner][\/vc_row_inner][vc_row_inner][vc_column_inner][vc_separator][\/vc_column_inner][\/vc_row_inner][vc_row_inner][vc_column_inner width=&#8221;1\/4&#8243;][vc_column_text]<b>SUPPLEMENTS<\/b>[\/vc_column_text][\/vc_column_inner][vc_column_inner width=&#8221;3\/4&#8243;][vc_column_text](8 nights\/p): single room: in Kilmurvey House: Euro 210 (CHF230), in the self catering house: Euro 90 (CHF100), en suite 130 (CHF145), Galway last night: Euro 33 (CHF37) (the number of single rooms is restricted, specially in Galway: book early!)[\/vc_column_text][\/vc_column_inner][\/vc_row_inner][vc_row_inner][vc_column_inner][vc_separator][\/vc_column_inner][\/vc_row_inner][vc_row_inner][vc_column_inner width=&#8221;1\/4&#8243;][vc_column_text]<b>CANCELLATION<\/b>[\/vc_column_text][\/vc_column_inner][vc_column_inner width=&#8221;3\/4&#8243;][vc_column_text]Contact us for details[\/vc_column_text][\/vc_column_inner][\/vc_row_inner][vc_row_inner][vc_column_inner][vc_separator][\/vc_column_inner][\/vc_row_inner][\/vc_column][\/vc_row][vc_row][vc_column width=&#8221;2\/3&#8243;][vc_column_text]<strong>Organization: Elizabeth Zollinger<\/strong>, an artist from Zurich, lives part time on Inis M\u00f3r since 1974 and is strongly connected with the island, its people and its culture. In cooperation with some islanders she created the project &#8220;Celtic Spirit \u201cin 1996, offering Cultural Weeks which aim to retain the culture and heritage of Inis M\u00f3r while developing and promoting a sustainable tourism on the island.[\/vc_column_text][\/vc_column][vc_column width=&#8221;1\/3&#8243;][vc_single_image image=&#8221;861&#8243;][\/vc_column][\/vc_row][vc_row][vc_column width=&#8221;1\/3&#8243;][vc_single_image image=&#8221;926&#8243; add_caption=&#8221;yes&#8221;][\/vc_column][vc_column width=&#8221;2\/3&#8243;][vc_column_text]<strong>Treasa N\u00ed Mhioll\u00e1in:<\/strong> born on Inis M\u00f3r, is a well known Sean-n\u00f3s singer. She participated in many concerts in Ireland and abroad, in the radio and on televison and won numerous prizes and awards. She run workshops all over Ireland and also in Switzerland and is well used to teach the Gaelic songs to non Gaelic speakers. It is great fun to learn these beautiful old songs with her.<\/p>\n<p><strong>Tony Ryan:<\/strong> one of Irelands best dance instructor from Galway, leading Setdancing Workshops in Ireland and all over the world, specially in the States (Milwaukee Festival) and in Switzerland. He is a very pleasant person and a passionate and patient teacher.[\/vc_column_text][\/vc_column][\/vc_row]<\/p>\n","protected":false},"excerpt":{"rendered":"<p>[vc_row][vc_column][vc_column_text] Gaelic Song and Dance 26 July &#8211; 4 August 2015 TRADITIONAL ECHOES IN SONG AND DANCE Become engrossed in the world of the ancient Gaelic songs (sean n\u00f3s) with the well known singer Treasa N\u00ed Mhioll\u00e1in, learn Set- and C\u00e9ili dances with the experienced dancing instructor Tony Ryan, visit hidden mystic places with the<\/p>\n<div class=\"padding-top text-center\"><a href=\"https:\/\/www.celticexperience.net\/en\/tours\/gaelic-song-dance\/\" class=\"atbtn atbtn--medium atbtn--rounded atbtn--transparent\">Read more<i class=\"atbtn__icon atbtn__icon--right fa fa-long-arrow-right\"><\/i><\/a><\/div>\n","protected":false},"featured_media":920,"comment_status":"closed","ping_status":"closed","template":"","meta":[],"product_cat":[182],"product_tag":[],"yoast_head":"<!-- This site is optimized with the Yoast SEO plugin v17.5 - https:\/\/yoast.com\/wordpress\/plugins\/seo\/ -->\n<title>Gaelic Song &amp; Dance - from Celtic Spirit<\/title>\n<meta name=\"description\" content=\"Setdancing, Gaelic Singing and Walks on Inis M\u00f3r, Aran Islands.\" \/>\n<meta name=\"robots\" content=\"index, follow, max-snippet:-1, max-image-preview:large, max-video-preview:-1\" \/>\n<link rel=\"canonical\" href=\"https:\/\/www.celticexperience.net\/en\/tours\/gaelic-song-dance\/\" \/>\n<meta property=\"og:locale\" content=\"en_GB\" \/>\n<meta property=\"og:type\" content=\"article\" \/>\n<meta property=\"og:title\" content=\"Gaelic Song &amp; Dance - from Celtic Spirit\" \/>\n<meta property=\"og:description\" content=\"Setdancing, Gaelic Singing and Walks on Inis M\u00f3r, Aran Islands.\" \/>\n<meta property=\"og:url\" content=\"https:\/\/www.celticexperience.net\/en\/tours\/gaelic-song-dance\/\" \/>\n<meta property=\"og:site_name\" content=\"Celtic Spirit\" \/>\n<meta property=\"article:modified_time\" content=\"2018-02-18T14:41:01+00:00\" \/>\n<meta property=\"og:image\" content=\"https:\/\/www.celticexperience.net\/en\/wp-content\/uploads\/2015\/11\/DSCF0527.jpg\" \/>\n\t<meta property=\"og:image:width\" content=\"1024\" \/>\n\t<meta property=\"og:image:height\" content=\"768\" \/>\n<meta name=\"twitter:card\" content=\"summary\" \/>\n<meta name=\"twitter:label1\" content=\"Estimated reading time\" \/>\n\t<meta name=\"twitter:data1\" content=\"5 minutes\" \/>\n<script type=\"application\/ld+json\" class=\"yoast-schema-graph\">{\"@context\":\"https:\/\/schema.org\",\"@graph\":[{\"@type\":\"WebSite\",\"@id\":\"https:\/\/www.celticexperience.net\/en\/#website\",\"url\":\"https:\/\/www.celticexperience.net\/en\/\",\"name\":\"Celtic Spirit\",\"description\":\"Irish Cultural Holidays\",\"potentialAction\":[{\"@type\":\"SearchAction\",\"target\":{\"@type\":\"EntryPoint\",\"urlTemplate\":\"https:\/\/www.celticexperience.net\/en\/?s={search_term_string}\"},\"query-input\":\"required name=search_term_string\"}],\"inLanguage\":\"en-GB\"},{\"@type\":\"ImageObject\",\"@id\":\"https:\/\/www.celticexperience.net\/en\/tours\/gaelic-song-dance\/#primaryimage\",\"inLanguage\":\"en-GB\",\"url\":\"https:\/\/www.celticexperience.net\/en\/wp-content\/uploads\/2015\/11\/DSCF0527.jpg\",\"contentUrl\":\"https:\/\/www.celticexperience.net\/en\/wp-content\/uploads\/2015\/11\/DSCF0527.jpg\",\"width\":1024,\"height\":768},{\"@type\":\"WebPage\",\"@id\":\"https:\/\/www.celticexperience.net\/en\/tours\/gaelic-song-dance\/#webpage\",\"url\":\"https:\/\/www.celticexperience.net\/en\/tours\/gaelic-song-dance\/\",\"name\":\"Gaelic Song & Dance - from Celtic Spirit\",\"isPartOf\":{\"@id\":\"https:\/\/www.celticexperience.net\/en\/#website\"},\"primaryImageOfPage\":{\"@id\":\"https:\/\/www.celticexperience.net\/en\/tours\/gaelic-song-dance\/#primaryimage\"},\"datePublished\":\"2014-12-02T14:58:30+00:00\",\"dateModified\":\"2018-02-18T14:41:01+00:00\",\"description\":\"Setdancing, Gaelic Singing and Walks on Inis M\\u00f3r, Aran Islands.\",\"breadcrumb\":{\"@id\":\"https:\/\/www.celticexperience.net\/en\/tours\/gaelic-song-dance\/#breadcrumb\"},\"inLanguage\":\"en-GB\",\"potentialAction\":[{\"@type\":\"ReadAction\",\"target\":[\"https:\/\/www.celticexperience.net\/en\/tours\/gaelic-song-dance\/\"]}]},{\"@type\":\"BreadcrumbList\",\"@id\":\"https:\/\/www.celticexperience.net\/en\/tours\/gaelic-song-dance\/#breadcrumb\",\"itemListElement\":[{\"@type\":\"ListItem\",\"position\":1,\"name\":\"Home\",\"item\":\"https:\/\/www.celticexperience.net\/en\/\"},{\"@type\":\"ListItem\",\"position\":2,\"name\":\"Products\",\"item\":\"https:\/\/www.celticexperience.net\/en\/shop\/\"},{\"@type\":\"ListItem\",\"position\":3,\"name\":\"Gaelic Song and Dance\"}]}]}<\/script>\n<!-- \/ Yoast SEO plugin. -->","yoast_head_json":{"title":"Gaelic Song & Dance - from Celtic Spirit","description":"Setdancing, Gaelic Singing and Walks on Inis M\u00f3r, Aran Islands.","robots":{"index":"index","follow":"follow","max-snippet":"max-snippet:-1","max-image-preview":"max-image-preview:large","max-video-preview":"max-video-preview:-1"},"canonical":"https:\/\/www.celticexperience.net\/en\/tours\/gaelic-song-dance\/","og_locale":"en_GB","og_type":"article","og_title":"Gaelic Song & Dance - from Celtic Spirit","og_description":"Setdancing, Gaelic Singing and Walks on Inis M\u00f3r, Aran Islands.","og_url":"https:\/\/www.celticexperience.net\/en\/tours\/gaelic-song-dance\/","og_site_name":"Celtic Spirit","article_modified_time":"2018-02-18T14:41:01+00:00","og_image":[{"width":1024,"height":768,"url":"https:\/\/www.celticexperience.net\/en\/wp-content\/uploads\/2015\/11\/DSCF0527.jpg","type":"image\/jpeg"}],"twitter_card":"summary","twitter_misc":{"Estimated reading time":"5 minutes"},"schema":{"@context":"https:\/\/schema.org","@graph":[{"@type":"WebSite","@id":"https:\/\/www.celticexperience.net\/en\/#website","url":"https:\/\/www.celticexperience.net\/en\/","name":"Celtic Spirit","description":"Irish Cultural Holidays","potentialAction":[{"@type":"SearchAction","target":{"@type":"EntryPoint","urlTemplate":"https:\/\/www.celticexperience.net\/en\/?s={search_term_string}"},"query-input":"required name=search_term_string"}],"inLanguage":"en-GB"},{"@type":"ImageObject","@id":"https:\/\/www.celticexperience.net\/en\/tours\/gaelic-song-dance\/#primaryimage","inLanguage":"en-GB","url":"https:\/\/www.celticexperience.net\/en\/wp-content\/uploads\/2015\/11\/DSCF0527.jpg","contentUrl":"https:\/\/www.celticexperience.net\/en\/wp-content\/uploads\/2015\/11\/DSCF0527.jpg","width":1024,"height":768},{"@type":"WebPage","@id":"https:\/\/www.celticexperience.net\/en\/tours\/gaelic-song-dance\/#webpage","url":"https:\/\/www.celticexperience.net\/en\/tours\/gaelic-song-dance\/","name":"Gaelic Song & Dance - from Celtic Spirit","isPartOf":{"@id":"https:\/\/www.celticexperience.net\/en\/#website"},"primaryImageOfPage":{"@id":"https:\/\/www.celticexperience.net\/en\/tours\/gaelic-song-dance\/#primaryimage"},"datePublished":"2014-12-02T14:58:30+00:00","dateModified":"2018-02-18T14:41:01+00:00","description":"Setdancing, Gaelic Singing and Walks on Inis M\u00f3r, Aran Islands.","breadcrumb":{"@id":"https:\/\/www.celticexperience.net\/en\/tours\/gaelic-song-dance\/#breadcrumb"},"inLanguage":"en-GB","potentialAction":[{"@type":"ReadAction","target":["https:\/\/www.celticexperience.net\/en\/tours\/gaelic-song-dance\/"]}]},{"@type":"BreadcrumbList","@id":"https:\/\/www.celticexperience.net\/en\/tours\/gaelic-song-dance\/#breadcrumb","itemListElement":[{"@type":"ListItem","position":1,"name":"Home","item":"https:\/\/www.celticexperience.net\/en\/"},{"@type":"ListItem","position":2,"name":"Products","item":"https:\/\/www.celticexperience.net\/en\/shop\/"},{"@type":"ListItem","position":3,"name":"Gaelic Song and Dance"}]}]}},"_links":{"self":[{"href":"https:\/\/www.celticexperience.net\/en\/wp-json\/wp\/v2\/product\/1139"}],"collection":[{"href":"https:\/\/www.celticexperience.net\/en\/wp-json\/wp\/v2\/product"}],"about":[{"href":"https:\/\/www.celticexperience.net\/en\/wp-json\/wp\/v2\/types\/product"}],"replies":[{"embeddable":true,"href":"https:\/\/www.celticexperience.net\/en\/wp-json\/wp\/v2\/comments?post=1139"}],"wp:featuredmedia":[{"embeddable":true,"href":"https:\/\/www.celticexperience.net\/en\/wp-json\/wp\/v2\/media\/920"}],"wp:attachment":[{"href":"https:\/\/www.celticexperience.net\/en\/wp-json\/wp\/v2\/media?parent=1139"}],"wp:term":[{"taxonomy":"product_cat","embeddable":true,"href":"https:\/\/www.celticexperience.net\/en\/wp-json\/wp\/v2\/product_cat?post=1139"},{"taxonomy":"product_tag","embeddable":true,"href":"https:\/\/www.celticexperience.net\/en\/wp-json\/wp\/v2\/product_tag?post=1139"}],"curies":[{"name":"wp","href":"https:\/\/api.w.org\/{rel}","templated":true}]}}