{"id":1131,"date":"2013-12-02T11:38:50","date_gmt":"2013-12-02T11:38:50","guid":{"rendered":"http:\/\/www.celticexperience.net\/en\/?post_type=product&#038;p=1131"},"modified":"2018-02-18T14:41:19","modified_gmt":"2018-02-18T14:41:19","slug":"irish-music-and-song","status":"publish","type":"product","link":"https:\/\/www.celticexperience.net\/en\/tours\/irish-music-and-song\/","title":{"rendered":"Irish Music and Song"},"content":{"rendered":"<p>[vc_row][vc_column][vc_column_text]<\/p>\n<h3 style=\"text-align: center;\">Irish Music and Song<\/h3>\n<h3 style=\"text-align: center;\">&#8220;The Music of what Happens&#8221;<\/h3>\n<h3 style=\"text-align: center;\">28 April \u2013 7 (6) May 2012 on the Island of Inis M\u00f3r and in Louisburgh, Co Mayo<\/h3>\n<p>Six-day cultural program on Inis M\u00f3r, with plenty of time to relax, finishing with a visit to the &#8220;F\u00e9ile Chois Cuain&#8221;, a great festival in Louisburgh with lots of music, singing, dancing, workshops and hiking in the beautiful surroundings of Louisburgh, Co. Mayo, a pretty town surrounded by mountains and endless beaches.<br \/>\n<!--more--><\/p>\n<p>More detailed tour information is given in the Itinerary Section.[\/vc_column_text][vc_row_inner][vc_column_inner][vc_separator][\/vc_column_inner][\/vc_row_inner][vc_row_inner][vc_column_inner width=&#8221;1\/4&#8243;][vc_column_text]<strong>PROGRAMME DATE<\/strong>[\/vc_column_text][\/vc_column_inner][vc_column_inner width=&#8221;3\/4&#8243;][vc_column_text]April\/ May 2012[\/vc_column_text][\/vc_column_inner][\/vc_row_inner][vc_row_inner][vc_column_inner][vc_separator][\/vc_column_inner][\/vc_row_inner][vc_row_inner][vc_column_inner width=&#8221;1\/4&#8243;][vc_column_text]<strong>BOOKING<\/strong>[\/vc_column_text][\/vc_column_inner][vc_column_inner width=&#8221;3\/4&#8243;][vc_column_text]Closed[\/vc_column_text][\/vc_column_inner][\/vc_row_inner][vc_row_inner][vc_column_inner][vc_separator][\/vc_column_inner][\/vc_row_inner][vc_row_inner][vc_column_inner width=&#8221;1\/4&#8243;][vc_column_text]<b>TRAVEL \/ FLIGHTS<\/b>[\/vc_column_text][\/vc_column_inner][vc_column_inner width=&#8221;3\/4&#8243;][vc_column_text]Meet in Galway at meeting point[\/vc_column_text][\/vc_column_inner][\/vc_row_inner][vc_row_inner][vc_column_inner][vc_separator][\/vc_column_inner][\/vc_row_inner][vc_row_inner][vc_column_inner width=&#8221;1\/3&#8243;][vc_column_text]<b>INCLUDED<\/b>[\/vc_column_text][\/vc_column_inner][vc_column_inner width=&#8221;2\/3&#8243;][vc_column_text]<i class=\"fa fa-check icon-tick icon-tick--on\"><\/i>\u00a0In Elizabeth\u2019s House or in the the luxurious <strong>holiday home<\/strong>: 6 nights accommodation (sharing) with self-catering<\/p>\n<p><i class=\"fa fa-check icon-tick icon-tick--on\"><\/i>In Kilmurveyhouse: 6 nights accommodation (double room with shower \/ WC), with full Irish breakfast and service.<\/p>\n<p>F<strong>or everybody:<\/strong><\/p>\n<p><i class=\"fa fa-check icon-tick icon-tick--on\"><\/i>\u00a02 dinners on Inis M\u00f3r (Bay View Restaurant, Joel),<\/p>\n<p><i class=\"fa fa-check icon-tick icon-tick--on\"><\/i>3 overnight stays in the Ocean Lodge, Killadoon near Louisburgh (DR) with dinner the first evening<\/p>\n<p><i class=\"fa fa-check icon-tick icon-tick--on\"><\/i>All common transport, tours and other activities according to program[\/vc_column_text][\/vc_column_inner][\/vc_row_inner][vc_row_inner][vc_column_inner][vc_separator][\/vc_column_inner][\/vc_row_inner][vc_row_inner][vc_column_inner width=&#8221;1\/3&#8243;][vc_column_text]<b>NOT INCLUDED<\/b>[\/vc_column_text][\/vc_column_inner][vc_column_inner width=&#8221;2\/3&#8243;][vc_column_text]<i class=\"fa fa-times icon-tick icon-tick--off\"><\/i>Some dinners<\/p>\n<p><i class=\"fa fa-times icon-tick icon-tick--off\"><\/i>Lunch, drinks, tips,<\/p>\n<p><i class=\"fa fa-times icon-tick icon-tick--off\"><\/i>Entrance fees at the festival and extra transportation.<\/p>\n<p>[\/vc_column_text][\/vc_column_inner][\/vc_row_inner][vc_row_inner][vc_column_inner][vc_separator][\/vc_column_inner][\/vc_row_inner][vc_row_inner][vc_column_inner width=&#8221;1\/4&#8243;][vc_column_text]<b>ACCOMMODATION<\/b>[\/vc_column_text][\/vc_column_inner][vc_column_inner width=&#8221;3\/4&#8243;][vc_column_text]3 accommodation options for 6 nights in Inis M\u00f3r: Elizabeth&#8217;s house, self-catering Holiday Home or local B&amp;B Kilmurvey House.<\/p>\n<p>3 night B&amp;B in Ocean Lodge, Louisburgh, Co. Mayo for all.[\/vc_column_text][\/vc_column_inner][\/vc_row_inner][vc_row_inner][vc_column_inner][vc_separator][\/vc_column_inner][\/vc_row_inner][vc_row_inner][vc_column_inner width=&#8221;1\/4&#8243;][vc_column_text]<b>COST<\/b>[\/vc_column_text][\/vc_column_inner][vc_column_inner width=&#8221;3\/4&#8243;][vc_column_text]from Galway and to Westport: in the self-catering holiday home or in Elizabeth\u2019s house: appr. Euro 1195 (dep. on Euro exchange rate)<\/p>\n<p>In Kilmurveyhouse (*** guesthouse) Euro 1360[\/vc_column_text][\/vc_column_inner][\/vc_row_inner][vc_row_inner][vc_column_inner][vc_separator][\/vc_column_inner][\/vc_row_inner][vc_row_inner][vc_column_inner width=&#8221;1\/4&#8243;][vc_column_text]<b>SUPPLEMENTS<\/b>[\/vc_column_text][\/vc_column_inner][vc_column_inner width=&#8221;3\/4&#8243;][vc_column_text]Single rooms: 6 nights Inis M\u00f3r: Kilmurveyhouse: EUR 150, self catering holiday homes: Euro 90 \/ 120 &#8211; (with shower \/ WC) 3 nights<\/p>\n<p>In Ocean Lodge: Euro 90 Double room with shower \/ toilet in holiday homes: Euro 60\/ P.<\/p>\n<p>(the accommodations are small and rooms at the festival scarce. We appreciate, if people are willing to share rooms)[\/vc_column_text][\/vc_column_inner][\/vc_row_inner][vc_row_inner][vc_column_inner][vc_separator][\/vc_column_inner][\/vc_row_inner][vc_row_inner][vc_column_inner width=&#8221;1\/4&#8243;][vc_column_text]<b>CANCELLATION<\/b>[\/vc_column_text][\/vc_column_inner][vc_column_inner width=&#8221;3\/4&#8243;][vc_column_text]Closed[\/vc_column_text][\/vc_column_inner][\/vc_row_inner][vc_row_inner][vc_column_inner][vc_separator][\/vc_column_inner][\/vc_row_inner][\/vc_column][\/vc_row][vc_row][vc_column width=&#8221;2\/3&#8243;][vc_column_text]<strong>Festival F\u00e9ile Chois Cuain:<\/strong> A celebration of traditional Irish music and song The little town of Louisburgh, Co. Mayo, will be alive with traditional music, song, dance and craic for the 18th annual F\u00e9ile Chois Cuain over the May Bank Holiday weekend. More information: www.feilechoiscuain.com[\/vc_column_text][\/vc_column][vc_column width=&#8221;1\/3&#8243;][vc_single_image image=&#8221;1133&#8243;][\/vc_column][\/vc_row][vc_row][vc_column width=&#8221;1\/3&#8243;][vc_single_image image=&#8221;1135&#8243;][\/vc_column][vc_column width=&#8221;2\/3&#8243;][vc_column_text]<strong>Louisburgh<\/strong> is a small pretty town in Co. Mayo in the shadow of Croagh Patrick, surrounded by a splendid majestic mountain scenery, open blanket bog and long sandy beaches. The area contains over 700 archeaological sites.[\/vc_column_text][\/vc_column][\/vc_row]<\/p>\n","protected":false},"excerpt":{"rendered":"<p>[vc_row][vc_column][vc_column_text] Irish Music and Song &#8220;The Music of what Happens&#8221; 28 April \u2013 7 (6) May 2012 on the Island of Inis M\u00f3r and in Louisburgh, Co Mayo Six-day cultural program on Inis M\u00f3r, with plenty of time to relax, finishing with a visit to the &#8220;F\u00e9ile Chois Cuain&#8221;, a great festival in Louisburgh with<\/p>\n<div class=\"padding-top text-center\"><a href=\"https:\/\/www.celticexperience.net\/en\/tours\/irish-music-and-song\/\" class=\"atbtn atbtn--medium atbtn--rounded atbtn--transparent\">Read more<i class=\"atbtn__icon atbtn__icon--right fa fa-long-arrow-right\"><\/i><\/a><\/div>\n","protected":false},"featured_media":1301,"comment_status":"closed","ping_status":"closed","template":"","meta":[],"product_cat":[182],"product_tag":[],"yoast_head":"<!-- This site is optimized with the Yoast SEO plugin v17.5 - https:\/\/yoast.com\/wordpress\/plugins\/seo\/ -->\n<title>Irish Music and Song - from Celtic Spirit<\/title>\n<meta name=\"description\" content=\"Six day programme on Inis M\u00f3r\u00a0with lots of singing, dancing, music and walking\u00a0and a visit to the small but\u00a0precious festival:\u00a0&quot;F\u00e9ile\u00a0Chois Cuain&quot; in Louisburgh, Co. Mayo\" \/>\n<meta name=\"robots\" content=\"index, follow, max-snippet:-1, max-image-preview:large, max-video-preview:-1\" \/>\n<link rel=\"canonical\" href=\"https:\/\/www.celticexperience.net\/en\/tours\/irish-music-and-song\/\" \/>\n<meta property=\"og:locale\" content=\"en_GB\" \/>\n<meta property=\"og:type\" content=\"article\" \/>\n<meta property=\"og:title\" content=\"Irish Music and Song - from Celtic Spirit\" \/>\n<meta property=\"og:description\" content=\"Six day programme on Inis M\u00f3r\u00a0with lots of singing, dancing, music and walking\u00a0and a visit to the small but\u00a0precious festival:\u00a0&quot;F\u00e9ile\u00a0Chois Cuain&quot; in Louisburgh, Co. Mayo\" \/>\n<meta property=\"og:url\" content=\"https:\/\/www.celticexperience.net\/en\/tours\/irish-music-and-song\/\" \/>\n<meta property=\"og:site_name\" content=\"Celtic Spirit\" \/>\n<meta property=\"article:modified_time\" content=\"2018-02-18T14:41:19+00:00\" \/>\n<meta property=\"og:image\" content=\"https:\/\/www.celticexperience.net\/en\/wp-content\/uploads\/2013\/12\/Irish-Music-Musik-Tanz__1000.jpg\" \/>\n\t<meta property=\"og:image:width\" content=\"1000\" \/>\n\t<meta property=\"og:image:height\" content=\"750\" \/>\n<meta name=\"twitter:card\" content=\"summary\" \/>\n<meta name=\"twitter:label1\" content=\"Estimated reading time\" \/>\n\t<meta name=\"twitter:data1\" content=\"5 minutes\" \/>\n<script type=\"application\/ld+json\" class=\"yoast-schema-graph\">{\"@context\":\"https:\/\/schema.org\",\"@graph\":[{\"@type\":\"WebSite\",\"@id\":\"https:\/\/www.celticexperience.net\/en\/#website\",\"url\":\"https:\/\/www.celticexperience.net\/en\/\",\"name\":\"Celtic Spirit\",\"description\":\"Irish Cultural Holidays\",\"potentialAction\":[{\"@type\":\"SearchAction\",\"target\":{\"@type\":\"EntryPoint\",\"urlTemplate\":\"https:\/\/www.celticexperience.net\/en\/?s={search_term_string}\"},\"query-input\":\"required name=search_term_string\"}],\"inLanguage\":\"en-GB\"},{\"@type\":\"ImageObject\",\"@id\":\"https:\/\/www.celticexperience.net\/en\/tours\/irish-music-and-song\/#primaryimage\",\"inLanguage\":\"en-GB\",\"url\":\"https:\/\/www.celticexperience.net\/en\/wp-content\/uploads\/2013\/12\/Irish-Music-Musik-Tanz__1000.jpg\",\"contentUrl\":\"https:\/\/www.celticexperience.net\/en\/wp-content\/uploads\/2013\/12\/Irish-Music-Musik-Tanz__1000.jpg\",\"width\":1000,\"height\":750,\"caption\":\"Irish Music and dance - Celtic Spirit\"},{\"@type\":\"WebPage\",\"@id\":\"https:\/\/www.celticexperience.net\/en\/tours\/irish-music-and-song\/#webpage\",\"url\":\"https:\/\/www.celticexperience.net\/en\/tours\/irish-music-and-song\/\",\"name\":\"Irish Music and Song - from Celtic Spirit\",\"isPartOf\":{\"@id\":\"https:\/\/www.celticexperience.net\/en\/#website\"},\"primaryImageOfPage\":{\"@id\":\"https:\/\/www.celticexperience.net\/en\/tours\/irish-music-and-song\/#primaryimage\"},\"datePublished\":\"2013-12-02T11:38:50+00:00\",\"dateModified\":\"2018-02-18T14:41:19+00:00\",\"description\":\"Six day programme on Inis M\\u00f3r\\u00a0with lots of singing, dancing, music and walking\\u00a0and a visit to the small but\\u00a0precious festival:\\u00a0\\\"F\\u00e9ile\\u00a0Chois Cuain\\\" in Louisburgh, Co. Mayo\",\"breadcrumb\":{\"@id\":\"https:\/\/www.celticexperience.net\/en\/tours\/irish-music-and-song\/#breadcrumb\"},\"inLanguage\":\"en-GB\",\"potentialAction\":[{\"@type\":\"ReadAction\",\"target\":[\"https:\/\/www.celticexperience.net\/en\/tours\/irish-music-and-song\/\"]}]},{\"@type\":\"BreadcrumbList\",\"@id\":\"https:\/\/www.celticexperience.net\/en\/tours\/irish-music-and-song\/#breadcrumb\",\"itemListElement\":[{\"@type\":\"ListItem\",\"position\":1,\"name\":\"Home\",\"item\":\"https:\/\/www.celticexperience.net\/en\/\"},{\"@type\":\"ListItem\",\"position\":2,\"name\":\"Products\",\"item\":\"https:\/\/www.celticexperience.net\/en\/shop\/\"},{\"@type\":\"ListItem\",\"position\":3,\"name\":\"Irish Music and Song\"}]}]}<\/script>\n<!-- \/ Yoast SEO plugin. -->","yoast_head_json":{"title":"Irish Music and Song - from Celtic Spirit","description":"Six day programme on Inis M\u00f3r\u00a0with lots of singing, dancing, music and walking\u00a0and a visit to the small but\u00a0precious festival:\u00a0\"F\u00e9ile\u00a0Chois Cuain\" in Louisburgh, Co. Mayo","robots":{"index":"index","follow":"follow","max-snippet":"max-snippet:-1","max-image-preview":"max-image-preview:large","max-video-preview":"max-video-preview:-1"},"canonical":"https:\/\/www.celticexperience.net\/en\/tours\/irish-music-and-song\/","og_locale":"en_GB","og_type":"article","og_title":"Irish Music and Song - from Celtic Spirit","og_description":"Six day programme on Inis M\u00f3r\u00a0with lots of singing, dancing, music and walking\u00a0and a visit to the small but\u00a0precious festival:\u00a0\"F\u00e9ile\u00a0Chois Cuain\" in Louisburgh, Co. Mayo","og_url":"https:\/\/www.celticexperience.net\/en\/tours\/irish-music-and-song\/","og_site_name":"Celtic Spirit","article_modified_time":"2018-02-18T14:41:19+00:00","og_image":[{"width":1000,"height":750,"url":"https:\/\/www.celticexperience.net\/en\/wp-content\/uploads\/2013\/12\/Irish-Music-Musik-Tanz__1000.jpg","type":"image\/jpeg"}],"twitter_card":"summary","twitter_misc":{"Estimated reading time":"5 minutes"},"schema":{"@context":"https:\/\/schema.org","@graph":[{"@type":"WebSite","@id":"https:\/\/www.celticexperience.net\/en\/#website","url":"https:\/\/www.celticexperience.net\/en\/","name":"Celtic Spirit","description":"Irish Cultural Holidays","potentialAction":[{"@type":"SearchAction","target":{"@type":"EntryPoint","urlTemplate":"https:\/\/www.celticexperience.net\/en\/?s={search_term_string}"},"query-input":"required name=search_term_string"}],"inLanguage":"en-GB"},{"@type":"ImageObject","@id":"https:\/\/www.celticexperience.net\/en\/tours\/irish-music-and-song\/#primaryimage","inLanguage":"en-GB","url":"https:\/\/www.celticexperience.net\/en\/wp-content\/uploads\/2013\/12\/Irish-Music-Musik-Tanz__1000.jpg","contentUrl":"https:\/\/www.celticexperience.net\/en\/wp-content\/uploads\/2013\/12\/Irish-Music-Musik-Tanz__1000.jpg","width":1000,"height":750,"caption":"Irish Music and dance - Celtic Spirit"},{"@type":"WebPage","@id":"https:\/\/www.celticexperience.net\/en\/tours\/irish-music-and-song\/#webpage","url":"https:\/\/www.celticexperience.net\/en\/tours\/irish-music-and-song\/","name":"Irish Music and Song - from Celtic Spirit","isPartOf":{"@id":"https:\/\/www.celticexperience.net\/en\/#website"},"primaryImageOfPage":{"@id":"https:\/\/www.celticexperience.net\/en\/tours\/irish-music-and-song\/#primaryimage"},"datePublished":"2013-12-02T11:38:50+00:00","dateModified":"2018-02-18T14:41:19+00:00","description":"Six day programme on Inis M\u00f3r\u00a0with lots of singing, dancing, music and walking\u00a0and a visit to the small but\u00a0precious festival:\u00a0\"F\u00e9ile\u00a0Chois Cuain\" in Louisburgh, Co. Mayo","breadcrumb":{"@id":"https:\/\/www.celticexperience.net\/en\/tours\/irish-music-and-song\/#breadcrumb"},"inLanguage":"en-GB","potentialAction":[{"@type":"ReadAction","target":["https:\/\/www.celticexperience.net\/en\/tours\/irish-music-and-song\/"]}]},{"@type":"BreadcrumbList","@id":"https:\/\/www.celticexperience.net\/en\/tours\/irish-music-and-song\/#breadcrumb","itemListElement":[{"@type":"ListItem","position":1,"name":"Home","item":"https:\/\/www.celticexperience.net\/en\/"},{"@type":"ListItem","position":2,"name":"Products","item":"https:\/\/www.celticexperience.net\/en\/shop\/"},{"@type":"ListItem","position":3,"name":"Irish Music and Song"}]}]}},"_links":{"self":[{"href":"https:\/\/www.celticexperience.net\/en\/wp-json\/wp\/v2\/product\/1131"}],"collection":[{"href":"https:\/\/www.celticexperience.net\/en\/wp-json\/wp\/v2\/product"}],"about":[{"href":"https:\/\/www.celticexperience.net\/en\/wp-json\/wp\/v2\/types\/product"}],"replies":[{"embeddable":true,"href":"https:\/\/www.celticexperience.net\/en\/wp-json\/wp\/v2\/comments?post=1131"}],"wp:featuredmedia":[{"embeddable":true,"href":"https:\/\/www.celticexperience.net\/en\/wp-json\/wp\/v2\/media\/1301"}],"wp:attachment":[{"href":"https:\/\/www.celticexperience.net\/en\/wp-json\/wp\/v2\/media?parent=1131"}],"wp:term":[{"taxonomy":"product_cat","embeddable":true,"href":"https:\/\/www.celticexperience.net\/en\/wp-json\/wp\/v2\/product_cat?post=1131"},{"taxonomy":"product_tag","embeddable":true,"href":"https:\/\/www.celticexperience.net\/en\/wp-json\/wp\/v2\/product_tag?post=1131"}],"curies":[{"name":"wp","href":"https:\/\/api.w.org\/{rel}","templated":true}]}}