{"id":927,"date":"2015-11-17T12:34:24","date_gmt":"2015-11-17T12:34:24","guid":{"rendered":"http:\/\/www.celticexperience.net\/?page_id=927"},"modified":"2015-12-14T16:48:26","modified_gmt":"2015-12-14T16:48:26","slug":"about-inishmore","status":"publish","type":"page","link":"https:\/\/www.celticexperience.net\/en\/about-inishmore\/","title":{"rendered":"About Inishmore"},"content":{"rendered":"<p>[vc_row][vc_column][vc_custom_heading text=&#8221;About Inis M\u00f3r&#8221; google_fonts=&#8221;font_family:Oxygen%3A300%2Cregular%2C700|font_style:700%20bold%20regular%3A700%3Anormal&#8221;][vc_column_text]<\/p>\n<p>The Aran Islands, formed from a limestone ridge, are about 30 miles across the mouth of Galway Bay.<\/p>\n<p>They are composed by three Islands:\u00a0 Inis M\u00f3r, Inis \u00d3irr, Inis Me\u00e1in.<\/p>\n<p>Inis M\u00f3r is the biggest one and is about 13 km long and 3.5 km wide. It has a native population of about 900. The island can be explored on foot, on bicycles, by pony and trap or by minibus. Inis M\u00f3r is accessible from Galway, Rossaveal and Doolin by ferry and from Connemara (Inverin) by plane.[\/vc_column_text][vc_row_inner][vc_column_inner width=&#8221;2\/3&#8243;][vc_empty_space height=&#8221;20px&#8221;][vc_column_text]<\/p>\n<p style=\"text-align: left;\">The big Island contains all that is special about the Aran Islands:\u00a0beautiful scenery, rich archaeological sites, thousands of miles of stonewalls, cliff and coastal walks over the stretches of limestone pavements and a community still living the Celtic tradition of generations gone by.<\/p>\n<p>[\/vc_column_text][\/vc_column_inner][vc_column_inner width=&#8221;1\/3&#8243;][vc_single_image image=&#8221;1268&#8243;][\/vc_column_inner][\/vc_row_inner][vc_row_inner][vc_column_inner width=&#8221;1\/3&#8243;][vc_single_image image=&#8221;1266&#8243;][\/vc_column_inner][vc_column_inner width=&#8221;2\/3&#8243;][vc_empty_space height=&#8221;50px&#8221;][vc_column_text]<\/p>\n<p style=\"text-align: left;\">Panorama views of the Coast of Connemara may be seen. There are golden sandy beaches and no less then 437 varieties of wild flowers grow on the island.<\/p>\n<p>[\/vc_column_text][\/vc_column_inner][\/vc_row_inner][vc_row_inner][vc_column_inner width=&#8221;2\/3&#8243;][vc_empty_space height=&#8221;55px&#8221;][vc_column_text]<\/p>\n<p style=\"text-align: left;\">At the seal sanctuary you can watch up to 20 seals resting and on fine days groups of dolphins play around the island often following the boats.<\/p>\n<p>[\/vc_column_text][\/vc_column_inner][vc_column_inner width=&#8221;1\/3&#8243;][vc_single_image image=&#8221;1267&#8243;][\/vc_column_inner][\/vc_row_inner][vc_row_inner][vc_column_inner width=&#8221;1\/3&#8243;][vc_single_image image=&#8221;1264&#8243;][\/vc_column_inner][vc_column_inner width=&#8221;2\/3&#8243;][vc_column_text]There are numerous early Christian monastic sites, prehistoric forts as well as two megalithic tombs. Of the forts D\u00fan Aonghasa is the most eminent of its kind in Europe. In fact Inis M\u00f3r contains the greatest number of archaeological sites which can be found within the same area in Europe.<\/p>\n<p>The Celtic love of dance and song (especially sean-n\u00f3s singing) is still very much alive.The island is the birthplace of several writers, the most noteworthy being Liam \u00d3 Flaherty and Mairt\u00edn \u00d3 Dire\u00e1in<\/p>\n<p>There is no doubt that \u00c1rainn is a unique place. Those who visit the island only briefly have little chance to experience the depth of this magic place.[\/vc_column_text][\/vc_column_inner][\/vc_row_inner][vc_row_inner][vc_column_inner width=&#8221;2\/3&#8243;][vc_column_text]For centuries Inis M\u00f3r has captured the imagination of thinkers, dreamers and at one stage it ranked next to Jerusalem and Rome as a place of pilgrimage.<br \/>\n[\/vc_column_text][\/vc_column_inner][vc_column_inner width=&#8221;1\/3&#8243;][vc_single_image image=&#8221;1265&#8243;][\/vc_column_inner][\/vc_row_inner][\/vc_column][\/vc_row][vc_row][vc_column width=&#8221;1\/2&#8243;][vc_column_text]<\/p>\n<blockquote><p>\u00a0&#8220;There are four harbours between Heaven and Earth where souls are cleansed. The Paradise of Adam\u2026.Rome, Aran and Jerusalem.\u00a0 No Angel who ever came to Ireland to help Gael or Gall returned to Heaven without first visiting Aran, and if people understand how greatly the Lord loves Aran they would all come there to partake of its blessings.\u201d<\/p><\/blockquote>\n<p><strong><em>Cormac Mac Cuileann\u00e1in, King-Bishop of Cashel, died 908 AD.<\/em><\/strong>[\/vc_column_text][\/vc_column][vc_column width=&#8221;1\/2&#8243;][vc_column_text]<\/p>\n<p>Today this unique atmosphere still exists for visitors. The island has a unique rhythm of its own \u2013 time stands still.<\/p>\n<p>You too can find calm and strength in this unspoilt natural environment and with Celtic Spirit Culture Weeks you can experience the richness of the culture\u00a0 and heritage together with the indigenous Islanders.<\/p>\n<p>[\/vc_column_text][\/vc_column][\/vc_row]<\/p>\n","protected":false},"excerpt":{"rendered":"<p>[vc_row][vc_column][vc_custom_heading text=&#8221;About Inis M\u00f3r&#8221; google_fonts=&#8221;font_family:Oxygen%3A300%2Cregular%2C700|font_style:700%20bold%20regular%3A700%3Anormal&#8221;][vc_column_text] The Aran Islands, formed from a limestone ridge, are about 30 miles across the mouth of Galway Bay. They are composed by three Islands:\u00a0 Inis M\u00f3r, Inis \u00d3irr, Inis Me\u00e1in. Inis M\u00f3r is the biggest one and is about 13 km long and 3.5 km wide. It has a native<\/p>\n<div class=\"padding-top text-center\"><a href=\"https:\/\/www.celticexperience.net\/en\/about-inishmore\/\" class=\"atbtn atbtn--medium atbtn--rounded atbtn--transparent\">Read more<i class=\"atbtn__icon atbtn__icon--right fa fa-long-arrow-right\"><\/i><\/a><\/div>\n","protected":false},"author":3,"featured_media":0,"parent":0,"menu_order":4,"comment_status":"open","ping_status":"open","template":"template-boxed.php","meta":[],"yoast_head":"<!-- This site is optimized with the Yoast SEO plugin v17.5 - https:\/\/yoast.com\/wordpress\/plugins\/seo\/ -->\n<title>Inishmore- Celtic Spirit<\/title>\n<meta name=\"description\" content=\"Inishmore is the largest of the Aran Islands: beautiful scenery, rich archaeological sites, miles of stonewalls, amazing cliff and coastal walks and a community still living the Celtic tradition of generations gone by.\" \/>\n<meta name=\"robots\" content=\"index, follow, max-snippet:-1, max-image-preview:large, max-video-preview:-1\" \/>\n<link rel=\"canonical\" href=\"https:\/\/www.celticexperience.net\/en\/about-inishmore\/\" \/>\n<meta property=\"og:locale\" content=\"en_GB\" \/>\n<meta property=\"og:type\" content=\"article\" \/>\n<meta property=\"og:title\" content=\"Inishmore- Celtic Spirit\" \/>\n<meta property=\"og:description\" content=\"Inishmore is the largest of the Aran Islands: beautiful scenery, rich archaeological sites, miles of stonewalls, amazing cliff and coastal walks and a community still living the Celtic tradition of generations gone by.\" \/>\n<meta property=\"og:url\" content=\"https:\/\/www.celticexperience.net\/en\/about-inishmore\/\" \/>\n<meta property=\"og:site_name\" content=\"Celtic Spirit\" \/>\n<meta property=\"article:modified_time\" content=\"2015-12-14T16:48:26+00:00\" \/>\n<meta name=\"twitter:card\" content=\"summary\" \/>\n<meta name=\"twitter:label1\" content=\"Estimated reading time\" \/>\n\t<meta name=\"twitter:data1\" content=\"3 minutes\" \/>\n<script type=\"application\/ld+json\" class=\"yoast-schema-graph\">{\"@context\":\"https:\/\/schema.org\",\"@graph\":[{\"@type\":\"WebSite\",\"@id\":\"https:\/\/www.celticexperience.net\/en\/#website\",\"url\":\"https:\/\/www.celticexperience.net\/en\/\",\"name\":\"Celtic Spirit\",\"description\":\"Irish Cultural Holidays\",\"potentialAction\":[{\"@type\":\"SearchAction\",\"target\":{\"@type\":\"EntryPoint\",\"urlTemplate\":\"https:\/\/www.celticexperience.net\/en\/?s={search_term_string}\"},\"query-input\":\"required name=search_term_string\"}],\"inLanguage\":\"en-GB\"},{\"@type\":\"WebPage\",\"@id\":\"https:\/\/www.celticexperience.net\/en\/about-inishmore\/#webpage\",\"url\":\"https:\/\/www.celticexperience.net\/en\/about-inishmore\/\",\"name\":\"Inishmore- Celtic Spirit\",\"isPartOf\":{\"@id\":\"https:\/\/www.celticexperience.net\/en\/#website\"},\"datePublished\":\"2015-11-17T12:34:24+00:00\",\"dateModified\":\"2015-12-14T16:48:26+00:00\",\"description\":\"Inishmore is the largest of the Aran Islands: beautiful scenery, rich archaeological sites, miles of stonewalls, amazing cliff and coastal walks and a community still living the Celtic tradition of generations gone by.\",\"breadcrumb\":{\"@id\":\"https:\/\/www.celticexperience.net\/en\/about-inishmore\/#breadcrumb\"},\"inLanguage\":\"en-GB\",\"potentialAction\":[{\"@type\":\"ReadAction\",\"target\":[\"https:\/\/www.celticexperience.net\/en\/about-inishmore\/\"]}]},{\"@type\":\"BreadcrumbList\",\"@id\":\"https:\/\/www.celticexperience.net\/en\/about-inishmore\/#breadcrumb\",\"itemListElement\":[{\"@type\":\"ListItem\",\"position\":1,\"name\":\"Home\",\"item\":\"https:\/\/www.celticexperience.net\/en\/\"},{\"@type\":\"ListItem\",\"position\":2,\"name\":\"About Inishmore\"}]}]}<\/script>\n<!-- \/ Yoast SEO plugin. -->","yoast_head_json":{"title":"Inishmore- Celtic Spirit","description":"Inishmore is the largest of the Aran Islands: beautiful scenery, rich archaeological sites, miles of stonewalls, amazing cliff and coastal walks and a community still living the Celtic tradition of generations gone by.","robots":{"index":"index","follow":"follow","max-snippet":"max-snippet:-1","max-image-preview":"max-image-preview:large","max-video-preview":"max-video-preview:-1"},"canonical":"https:\/\/www.celticexperience.net\/en\/about-inishmore\/","og_locale":"en_GB","og_type":"article","og_title":"Inishmore- Celtic Spirit","og_description":"Inishmore is the largest of the Aran Islands: beautiful scenery, rich archaeological sites, miles of stonewalls, amazing cliff and coastal walks and a community still living the Celtic tradition of generations gone by.","og_url":"https:\/\/www.celticexperience.net\/en\/about-inishmore\/","og_site_name":"Celtic Spirit","article_modified_time":"2015-12-14T16:48:26+00:00","twitter_card":"summary","twitter_misc":{"Estimated reading time":"3 minutes"},"schema":{"@context":"https:\/\/schema.org","@graph":[{"@type":"WebSite","@id":"https:\/\/www.celticexperience.net\/en\/#website","url":"https:\/\/www.celticexperience.net\/en\/","name":"Celtic Spirit","description":"Irish Cultural Holidays","potentialAction":[{"@type":"SearchAction","target":{"@type":"EntryPoint","urlTemplate":"https:\/\/www.celticexperience.net\/en\/?s={search_term_string}"},"query-input":"required name=search_term_string"}],"inLanguage":"en-GB"},{"@type":"WebPage","@id":"https:\/\/www.celticexperience.net\/en\/about-inishmore\/#webpage","url":"https:\/\/www.celticexperience.net\/en\/about-inishmore\/","name":"Inishmore- Celtic Spirit","isPartOf":{"@id":"https:\/\/www.celticexperience.net\/en\/#website"},"datePublished":"2015-11-17T12:34:24+00:00","dateModified":"2015-12-14T16:48:26+00:00","description":"Inishmore is the largest of the Aran Islands: beautiful scenery, rich archaeological sites, miles of stonewalls, amazing cliff and coastal walks and a community still living the Celtic tradition of generations gone by.","breadcrumb":{"@id":"https:\/\/www.celticexperience.net\/en\/about-inishmore\/#breadcrumb"},"inLanguage":"en-GB","potentialAction":[{"@type":"ReadAction","target":["https:\/\/www.celticexperience.net\/en\/about-inishmore\/"]}]},{"@type":"BreadcrumbList","@id":"https:\/\/www.celticexperience.net\/en\/about-inishmore\/#breadcrumb","itemListElement":[{"@type":"ListItem","position":1,"name":"Home","item":"https:\/\/www.celticexperience.net\/en\/"},{"@type":"ListItem","position":2,"name":"About Inishmore"}]}]}},"_links":{"self":[{"href":"https:\/\/www.celticexperience.net\/en\/wp-json\/wp\/v2\/pages\/927"}],"collection":[{"href":"https:\/\/www.celticexperience.net\/en\/wp-json\/wp\/v2\/pages"}],"about":[{"href":"https:\/\/www.celticexperience.net\/en\/wp-json\/wp\/v2\/types\/page"}],"author":[{"embeddable":true,"href":"https:\/\/www.celticexperience.net\/en\/wp-json\/wp\/v2\/users\/3"}],"replies":[{"embeddable":true,"href":"https:\/\/www.celticexperience.net\/en\/wp-json\/wp\/v2\/comments?post=927"}],"version-history":[{"count":11,"href":"https:\/\/www.celticexperience.net\/en\/wp-json\/wp\/v2\/pages\/927\/revisions"}],"predecessor-version":[{"id":1272,"href":"https:\/\/www.celticexperience.net\/en\/wp-json\/wp\/v2\/pages\/927\/revisions\/1272"}],"wp:attachment":[{"href":"https:\/\/www.celticexperience.net\/en\/wp-json\/wp\/v2\/media?parent=927"}],"curies":[{"name":"wp","href":"https:\/\/api.w.org\/{rel}","templated":true}]}}