{"id":905,"date":"2015-11-13T15:51:05","date_gmt":"2015-11-13T15:51:05","guid":{"rendered":"http:\/\/www.celticexperience.net\/?page_id=905"},"modified":"2015-12-10T14:47:45","modified_gmt":"2015-12-10T14:47:45","slug":"about-celtic-spirit","status":"publish","type":"page","link":"https:\/\/www.celticexperience.net\/en\/about-celtic-spirit\/","title":{"rendered":"About Celtic Spirit"},"content":{"rendered":"<p>[vc_row][vc_column][vc_custom_heading text=&#8221;The Celtic Spirit Project&#8221; google_fonts=&#8221;font_family:Oxygen%3A300%2Cregular%2C700|font_style:700%20bold%20regular%3A700%3Anormal&#8221;][vc_column_text]<a href=\"http:\/\/www.celticexperience.net\/wp-content\/uploads\/2015\/07\/eliz3.jpg\"><img loading=\"lazy\" class=\"alignright wp-image-861 size-full\" src=\"https:\/\/www.celticexperience.net\/en\/wp-content\/uploads\/2015\/07\/eliz3.jpg\" alt=\"eliz3\" width=\"150\" height=\"150\" \/><\/a>In 1974 the artist Elizabeth Zollinger moved from Switzerland to Inishmore. She has developed an intimate relationship with the Island, its people and its culture. It is this intimacy and her excellent relations with the local islanders that inspired her to develop the Celtic Spirit Project in 1996, a series of Cultural Weeks which aim to preserve and retain the true culture and heritage of Inishmore while developing and promoting a sustainable tourism for the Island.[\/vc_column_text][vc_row_inner][vc_column_inner width=&#8221;5\/6&#8243;][vc_column_text]<\/p>\n<blockquote><p><em>Full of warmth, with a great love for life, these were the people who welcomed me to the island of Inis M\u00f3r. They are a proud people too, proud of their old culture and keen to retain it.\u00a0<\/em><\/p><\/blockquote>\n<blockquote><p><em>As a painter, I was equally enthralled by the landscape\u2019s primal beauty, by the wild Atlantic and above all by the fabulous light and the intensity of the local colours. I was truly enchanted and so I returned year after year.<\/em><\/p><\/blockquote>\n<p>[\/vc_column_text][vc_column_text]<\/p>\n<blockquote><p><em>Inis M\u00f3r is an ancient place. The past seems to pulse from its Celtic and prehistoric sites and it lives on in the local legends, language, dance and song. These rich cultural features form the natural ingredients for our Celtic Weeks and through them you will be able to experience an unforgettable holiday on this magic island.<\/em><\/p><\/blockquote>\n<p><em>So F\u00e1ilte go h\u00c1rainn!<\/em><\/p>\n<p>Elizabeth Zollinger[\/vc_column_text][\/vc_column_inner][vc_column_inner width=&#8221;1\/6&#8243;][\/vc_column_inner][\/vc_row_inner][\/vc_column][\/vc_row][vc_row][vc_column][vc_custom_heading text=&#8221;Organisation Team&#8221; google_fonts=&#8221;font_family:Oxygen%3A300%2Cregular%2C700|font_style:400%20regular%3A400%3Anormal&#8221;][vc_row_inner][vc_column_inner width=&#8221;1\/3&#8243;][vc_column_text]Elizabeth Zollinger, artist (organisation)<\/p>\n<p>Treasa N\u00ed Mhioll\u00e1in, sean n\u00f3s singer<\/p>\n<p>Tony Ryan, dancing teacher<\/p>\n<p>Niall de Burca, storyteller<\/p>\n<p>Liz Weir, storyteller<\/p>\n<p>Dr. Prannie Rhatigan, seaweed specialist<\/p>\n<p>Dominic Monaghan, archaeologist[\/vc_column_text][\/vc_column_inner][vc_column_inner width=&#8221;1\/3&#8243;][vc_column_text]Dara \u00d3 Mhaoidhia, expert on celtic heritage<\/p>\n<p>Vincent Mac Cer\u00e1in, basketmaker<\/p>\n<p>Treasa Joyce, hostess, Kilmurveyhouse<\/p>\n<p>and many more young and old islanders[\/vc_column_text][\/vc_column_inner][vc_column_inner width=&#8221;1\/3&#8243;][vc_single_image image=&#8221;1219&#8243; add_caption=&#8221;yes&#8221; alignment=&#8221;center&#8221; style=&#8221;vc_box_rounded&#8221;][\/vc_column_inner][\/vc_row_inner][\/vc_column][\/vc_row][vc_row][vc_column][vc_column_text]<\/p>\n<h3 style=\"text-align: center;\">THE PROJECT CONSISTS OF TWO PILLARS<\/h3>\n<p>[\/vc_column_text][\/vc_column][\/vc_row][vc_row][vc_column width=&#8221;1\/2&#8243;][ultimate_info_table design_style=&#8221;design06&#8243; color_scheme=&#8221;blue&#8221; package_heading=&#8221;Culture Weeks on Inishmore, Aran Islands&#8221; package_sub_heading=&#8221;For groups of 14-18 people (special programmes for private groups can be organised)&#8221; icon_type=&#8221;selector&#8221; icon=&#8221;Defaults-suitcase&#8221; icon_color=&#8221;#efcf37&#8243; use_cta_btn=&#8221;true&#8221; package_btn_text=&#8221;Read More&#8230;&#8221; package_link=&#8221;url:http%3A%2F%2Fwww.celticexperience.net%2Fen%2Ftours%2F||&#8221; heading_font_color=&#8221;#efcf37&#8243; subheading_font_color=&#8221;#efcf37&#8243; button_font_color=&#8221;#efcf37&#8243; heading_font_style=&#8221;font-weight:bold;&#8221; heading_font_size=&#8221;18&#8243; subheading_font_style=&#8221;font-style:italic;&#8221; subheading_font_size=&#8221;12&#8243;][\/ultimate_info_table][\/vc_column][vc_column width=&#8221;1\/2&#8243;][ultimate_info_table design_style=&#8221;design06&#8243; color_scheme=&#8221;blue&#8221; package_heading=&#8221;Concerts and Workshops in Switzerland&#8221; package_sub_heading=&#8221;With the best performers and teachers from Ireland&#8221; icon_type=&#8221;selector&#8221; icon=&#8221;Defaults-music&#8221; icon_color=&#8221;#efcf37&#8243; use_cta_btn=&#8221;true&#8221; package_btn_text=&#8221;Read More&#8230;&#8221; package_link=&#8221;url:http%3A%2F%2Fwww.celticexperience.net%2Fen%2Factivities-in-switzerland%2F||&#8221; heading_font_color=&#8221;#efcf37&#8243; subheading_font_color=&#8221;#efcf37&#8243; button_font_color=&#8221;#efcf37&#8243; heading_font_style=&#8221;font-weight:bold;&#8221; heading_font_size=&#8221;18&#8243; subheading_font_style=&#8221;font-style:italic;&#8221; subheading_font_size=&#8221;12&#8243;][\/ultimate_info_table][\/vc_column][\/vc_row][vc_row][vc_column width=&#8221;2\/3&#8243;][vc_custom_heading text=&#8221;The Culture Weeks&#8221; google_fonts=&#8221;font_family:Oxygen%3A300%2Cregular%2C700|font_style:400%20regular%3A400%3Anormal&#8221;][vc_column_text]The culture weeks are designed with sensitivity and offer an authentic experience of the rich irish heritage of the Aran Islands.<\/p>\n<p>The programmes are developed in conjunction with the local islanders to ensure the highest quality. They are also on hand during the week to meet with you and lead the different acitvities.<\/p>\n<p>A strong command of English is not essential. German translation can be provided , and the energy, humour, enthusiasm and the colourful personalities of the islanders speak an international language.<\/p>\n<p>&nbsp;<\/p>\n<p>The programmes with 8-14 participants focus on:<\/p>\n<p><i class=\"fa fa-check icon-tick icon-tick--on\"><\/i>Setdancing<br \/>\n<i class=\"fa fa-check icon-tick icon-tick--on\"><\/i>Gaelic Singing (sean-n\u00f3s)<br \/>\n<i class=\"fa fa-check icon-tick icon-tick--on\"><\/i>Storytelling<br \/>\n<i class=\"fa fa-check icon-tick icon-tick--on\"><\/i>Celtic Heritage<br \/>\n<i class=\"fa fa-check icon-tick icon-tick--on\"><\/i>Archaelogy and Geology of the Island<br \/>\n<i class=\"fa fa-check icon-tick icon-tick--on\"><\/i>Irish Language<br \/>\n<i class=\"fa fa-check icon-tick icon-tick--on\"><\/i>Guided Walks<br \/>\n<i class=\"fa fa-check icon-tick icon-tick--on\"><\/i>Traditional Basket Weaving[\/vc_column_text][\/vc_column][vc_column width=&#8221;1\/3&#8243;][vc_custom_heading text=&#8221;Accomodation&#8221; google_fonts=&#8221;font_family:Oxygen%3A300%2Cregular%2C700|font_style:400%20regular%3A400%3Anormal&#8221;][vc_row_inner][vc_column_inner][vc_single_image image=&#8221;1010&#8243; alignment=&#8221;center&#8221; style=&#8221;vc_box_rounded&#8221;][vc_column_text]A warm and friendly welcome from Treasa awaits you at Kilmurvey House, a refurbished mansion , conveniently located near a beautiful beach and a pub.<\/p>\n<p>It offers delicious home cooking. All rooms feature private bath and direct-dial phone.[\/vc_column_text][\/vc_column_inner][\/vc_row_inner][vc_separator][vc_row_inner][vc_column_inner][vc_single_image image=&#8221;947&#8243; alignment=&#8221;center&#8221; style=&#8221;vc_box_rounded&#8221;][vc_column_text]Activities take place in the Creig-an-Ch\u00e9ir\u00edn Centre, with its spectacular view over the sea and the Connemara mountains.<\/p>\n<p>Transport from the guesthouse to the centre will be provided.[\/vc_column_text][\/vc_column_inner][\/vc_row_inner][\/vc_column][\/vc_row]<\/p>\n","protected":false},"excerpt":{"rendered":"<p>[vc_row][vc_column][vc_custom_heading text=&#8221;The Celtic Spirit Project&#8221; google_fonts=&#8221;font_family:Oxygen%3A300%2Cregular%2C700|font_style:700%20bold%20regular%3A700%3Anormal&#8221;][vc_column_text]In 1974 the artist Elizabeth Zollinger moved from Switzerland to Inishmore. She has developed an intimate relationship with the Island, its people and its culture. It is this intimacy and her excellent relations with the local islanders that inspired her to develop the Celtic Spirit Project in 1996, a series<\/p>\n<div class=\"padding-top text-center\"><a href=\"https:\/\/www.celticexperience.net\/en\/about-celtic-spirit\/\" class=\"atbtn atbtn--medium atbtn--rounded atbtn--transparent\">Read more<i class=\"atbtn__icon atbtn__icon--right fa fa-long-arrow-right\"><\/i><\/a><\/div>\n","protected":false},"author":3,"featured_media":0,"parent":0,"menu_order":3,"comment_status":"open","ping_status":"open","template":"template-boxed.php","meta":[],"yoast_head":"<!-- This site is optimized with the Yoast SEO plugin v17.5 - https:\/\/yoast.com\/wordpress\/plugins\/seo\/ -->\n<title>The Spirit of Celtic Spirit<\/title>\n<meta name=\"description\" content=\"The culture weeks are designed with sensitivity in conjunction with the local islanders to ensure the highest quality. They offer an authentic experience of the rich irish heritage of the Aran Islands.\" \/>\n<meta name=\"robots\" content=\"index, follow, max-snippet:-1, max-image-preview:large, max-video-preview:-1\" \/>\n<link rel=\"canonical\" href=\"https:\/\/www.celticexperience.net\/en\/about-celtic-spirit\/\" \/>\n<meta property=\"og:locale\" content=\"en_GB\" \/>\n<meta property=\"og:type\" content=\"article\" \/>\n<meta property=\"og:title\" content=\"The Spirit of Celtic Spirit\" \/>\n<meta property=\"og:description\" content=\"The culture weeks are designed with sensitivity in conjunction with the local islanders to ensure the highest quality. They offer an authentic experience of the rich irish heritage of the Aran Islands.\" \/>\n<meta property=\"og:url\" content=\"https:\/\/www.celticexperience.net\/en\/about-celtic-spirit\/\" \/>\n<meta property=\"og:site_name\" content=\"Celtic Spirit\" \/>\n<meta property=\"article:modified_time\" content=\"2015-12-10T14:47:45+00:00\" \/>\n<meta property=\"og:image\" content=\"https:\/\/www.celticexperience.net\/en\/wp-content\/uploads\/2015\/07\/eliz3.jpg\" \/>\n<meta name=\"twitter:card\" content=\"summary\" \/>\n<meta name=\"twitter:label1\" content=\"Estimated reading time\" \/>\n\t<meta name=\"twitter:data1\" content=\"5 minutes\" \/>\n<script type=\"application\/ld+json\" class=\"yoast-schema-graph\">{\"@context\":\"https:\/\/schema.org\",\"@graph\":[{\"@type\":\"WebSite\",\"@id\":\"https:\/\/www.celticexperience.net\/en\/#website\",\"url\":\"https:\/\/www.celticexperience.net\/en\/\",\"name\":\"Celtic Spirit\",\"description\":\"Irish Cultural Holidays\",\"potentialAction\":[{\"@type\":\"SearchAction\",\"target\":{\"@type\":\"EntryPoint\",\"urlTemplate\":\"https:\/\/www.celticexperience.net\/en\/?s={search_term_string}\"},\"query-input\":\"required name=search_term_string\"}],\"inLanguage\":\"en-GB\"},{\"@type\":\"ImageObject\",\"@id\":\"https:\/\/www.celticexperience.net\/en\/about-celtic-spirit\/#primaryimage\",\"inLanguage\":\"en-GB\",\"url\":\"https:\/\/www.celticexperience.net\/en\/wp-content\/uploads\/2015\/07\/eliz3.jpg\",\"contentUrl\":\"https:\/\/www.celticexperience.net\/en\/wp-content\/uploads\/2015\/07\/eliz3.jpg\",\"width\":150,\"height\":150},{\"@type\":\"WebPage\",\"@id\":\"https:\/\/www.celticexperience.net\/en\/about-celtic-spirit\/#webpage\",\"url\":\"https:\/\/www.celticexperience.net\/en\/about-celtic-spirit\/\",\"name\":\"The Spirit of Celtic Spirit\",\"isPartOf\":{\"@id\":\"https:\/\/www.celticexperience.net\/en\/#website\"},\"primaryImageOfPage\":{\"@id\":\"https:\/\/www.celticexperience.net\/en\/about-celtic-spirit\/#primaryimage\"},\"datePublished\":\"2015-11-13T15:51:05+00:00\",\"dateModified\":\"2015-12-10T14:47:45+00:00\",\"description\":\"The culture weeks are designed with sensitivity in conjunction with the local islanders to ensure the highest quality. They offer an authentic experience of the rich irish heritage of the Aran Islands.\",\"breadcrumb\":{\"@id\":\"https:\/\/www.celticexperience.net\/en\/about-celtic-spirit\/#breadcrumb\"},\"inLanguage\":\"en-GB\",\"potentialAction\":[{\"@type\":\"ReadAction\",\"target\":[\"https:\/\/www.celticexperience.net\/en\/about-celtic-spirit\/\"]}]},{\"@type\":\"BreadcrumbList\",\"@id\":\"https:\/\/www.celticexperience.net\/en\/about-celtic-spirit\/#breadcrumb\",\"itemListElement\":[{\"@type\":\"ListItem\",\"position\":1,\"name\":\"Home\",\"item\":\"https:\/\/www.celticexperience.net\/en\/\"},{\"@type\":\"ListItem\",\"position\":2,\"name\":\"About Celtic Spirit\"}]}]}<\/script>\n<!-- \/ Yoast SEO plugin. -->","yoast_head_json":{"title":"The Spirit of Celtic Spirit","description":"The culture weeks are designed with sensitivity in conjunction with the local islanders to ensure the highest quality. They offer an authentic experience of the rich irish heritage of the Aran Islands.","robots":{"index":"index","follow":"follow","max-snippet":"max-snippet:-1","max-image-preview":"max-image-preview:large","max-video-preview":"max-video-preview:-1"},"canonical":"https:\/\/www.celticexperience.net\/en\/about-celtic-spirit\/","og_locale":"en_GB","og_type":"article","og_title":"The Spirit of Celtic Spirit","og_description":"The culture weeks are designed with sensitivity in conjunction with the local islanders to ensure the highest quality. They offer an authentic experience of the rich irish heritage of the Aran Islands.","og_url":"https:\/\/www.celticexperience.net\/en\/about-celtic-spirit\/","og_site_name":"Celtic Spirit","article_modified_time":"2015-12-10T14:47:45+00:00","og_image":[{"url":"https:\/\/www.celticexperience.net\/en\/wp-content\/uploads\/2015\/07\/eliz3.jpg"}],"twitter_card":"summary","twitter_misc":{"Estimated reading time":"5 minutes"},"schema":{"@context":"https:\/\/schema.org","@graph":[{"@type":"WebSite","@id":"https:\/\/www.celticexperience.net\/en\/#website","url":"https:\/\/www.celticexperience.net\/en\/","name":"Celtic Spirit","description":"Irish Cultural Holidays","potentialAction":[{"@type":"SearchAction","target":{"@type":"EntryPoint","urlTemplate":"https:\/\/www.celticexperience.net\/en\/?s={search_term_string}"},"query-input":"required name=search_term_string"}],"inLanguage":"en-GB"},{"@type":"ImageObject","@id":"https:\/\/www.celticexperience.net\/en\/about-celtic-spirit\/#primaryimage","inLanguage":"en-GB","url":"https:\/\/www.celticexperience.net\/en\/wp-content\/uploads\/2015\/07\/eliz3.jpg","contentUrl":"https:\/\/www.celticexperience.net\/en\/wp-content\/uploads\/2015\/07\/eliz3.jpg","width":150,"height":150},{"@type":"WebPage","@id":"https:\/\/www.celticexperience.net\/en\/about-celtic-spirit\/#webpage","url":"https:\/\/www.celticexperience.net\/en\/about-celtic-spirit\/","name":"The Spirit of Celtic Spirit","isPartOf":{"@id":"https:\/\/www.celticexperience.net\/en\/#website"},"primaryImageOfPage":{"@id":"https:\/\/www.celticexperience.net\/en\/about-celtic-spirit\/#primaryimage"},"datePublished":"2015-11-13T15:51:05+00:00","dateModified":"2015-12-10T14:47:45+00:00","description":"The culture weeks are designed with sensitivity in conjunction with the local islanders to ensure the highest quality. They offer an authentic experience of the rich irish heritage of the Aran Islands.","breadcrumb":{"@id":"https:\/\/www.celticexperience.net\/en\/about-celtic-spirit\/#breadcrumb"},"inLanguage":"en-GB","potentialAction":[{"@type":"ReadAction","target":["https:\/\/www.celticexperience.net\/en\/about-celtic-spirit\/"]}]},{"@type":"BreadcrumbList","@id":"https:\/\/www.celticexperience.net\/en\/about-celtic-spirit\/#breadcrumb","itemListElement":[{"@type":"ListItem","position":1,"name":"Home","item":"https:\/\/www.celticexperience.net\/en\/"},{"@type":"ListItem","position":2,"name":"About Celtic Spirit"}]}]}},"_links":{"self":[{"href":"https:\/\/www.celticexperience.net\/en\/wp-json\/wp\/v2\/pages\/905"}],"collection":[{"href":"https:\/\/www.celticexperience.net\/en\/wp-json\/wp\/v2\/pages"}],"about":[{"href":"https:\/\/www.celticexperience.net\/en\/wp-json\/wp\/v2\/types\/page"}],"author":[{"embeddable":true,"href":"https:\/\/www.celticexperience.net\/en\/wp-json\/wp\/v2\/users\/3"}],"replies":[{"embeddable":true,"href":"https:\/\/www.celticexperience.net\/en\/wp-json\/wp\/v2\/comments?post=905"}],"version-history":[{"count":20,"href":"https:\/\/www.celticexperience.net\/en\/wp-json\/wp\/v2\/pages\/905\/revisions"}],"predecessor-version":[{"id":1230,"href":"https:\/\/www.celticexperience.net\/en\/wp-json\/wp\/v2\/pages\/905\/revisions\/1230"}],"wp:attachment":[{"href":"https:\/\/www.celticexperience.net\/en\/wp-json\/wp\/v2\/media?parent=905"}],"curies":[{"name":"wp","href":"https:\/\/api.w.org\/{rel}","templated":true}]}}