{"id":2228,"date":"2025-11-16T14:45:56","date_gmt":"2025-11-16T14:45:56","guid":{"rendered":"https:\/\/www.celticexperience.net\/de\/?post_type=product&#038;p=2228"},"modified":"2025-11-20T11:04:54","modified_gmt":"2025-11-20T11:04:54","slug":"achill-island-experience-kopie","status":"publish","type":"product","link":"https:\/\/www.celticexperience.net\/de\/tours\/achill-island-experience-kopie\/","title":{"rendered":"Achill Island Experience"},"content":{"rendered":"<p>[vc_row][vc_column][vc_column_text]<\/p>\n<h3><\/h3>\n<p><em>\u00a0<\/em><\/p>\n<p>Wir wohnen beim wundersch\u00f6nen Keel Strand und erkunden Achill auf leichten Wanderungen und mit dem E-Bike, Bootsfahrt nach Clare Island und Cruise durch die\u00a0zahlreichen Inseln der Clew Bay, Lesung aus B\u00f6ll\u2019s \u00abIrischem Tagebuch\u00bb, begleitet von \u00a0Catherine Rhatigan\u2019s Harfenspiel, traditionelle Musiksessions in den Pubs und viel Zeit f\u00fcr eigene Entdeckungen.<\/p>\n<p>[\/vc_column_text][vc_row_inner][vc_column_inner][vc_separator][\/vc_column_inner][\/vc_row_inner][vc_row_inner][vc_column_inner width=&#8220;1\/4&#8243;][vc_column_text]<b>PROGRAMMDATUM<\/b>[\/vc_column_text][\/vc_column_inner][vc_column_inner width=&#8220;3\/4&#8243;][vc_column_text]<\/p>\n<h3><strong>13. &#8211; 20. Juli 2026<\/strong><\/h3>\n<p>[\/vc_column_text][\/vc_column_inner][\/vc_row_inner][vc_row_inner][vc_column_inner][vc_separator][\/vc_column_inner][\/vc_row_inner][vc_row_inner][vc_column_inner width=&#8220;1\/4&#8243;][vc_column_text]<b>BUCHUNG<\/b>[\/vc_column_text][\/vc_column_inner][vc_column_inner width=&#8220;3\/4&#8243;][vc_column_text]<strong>Info und Anmeldung:<\/strong><\/p>\n<p>Elizabeth Zollinger<br \/>\nTelefon und Fax +41 (0)44 252 09 18\/077 5200136<br \/>\nEmail: <a href=\"mailto:info@irish-culture.ch\">info@irish-culture.ch<\/a>[\/vc_column_text][\/vc_column_inner][\/vc_row_inner][vc_row_inner][vc_column_inner][vc_separator][\/vc_column_inner][\/vc_row_inner][vc_row_inner][vc_column_inner width=&#8220;1\/4&#8243;][vc_column_text]<b>FLUG<\/b>[\/vc_column_text][\/vc_column_inner][vc_column_inner width=&#8220;3\/4&#8243;][vc_column_text]<\/p>\n<p>Fr\u00fch buchen lohnt sich: Platzzahl beschr\u00e4nkt und die Fl\u00fcge sind g\u00fcnstiger, je fr\u00fcher man sie buchen kann. Die Fl\u00fcge erst buchen, wenn wir die Reise best\u00e4tigen k\u00f6nnen mit mindestens 10 TeilnehmerInnen.<\/p>\n<p>[\/vc_column_text][\/vc_column_inner][\/vc_row_inner][vc_row_inner][vc_column_inner][vc_separator][\/vc_column_inner][\/vc_row_inner][vc_row_inner][vc_column_inner width=&#8220;1\/3&#8243;][vc_column_text]<b>INBEGRIFFEN<\/b>[\/vc_column_text][\/vc_column_inner][vc_column_inner width=&#8220;2\/3&#8243;][vc_column_text]<i class=\"fa fa-check icon-tick icon-tick--on\"><\/i>6 Uebernachtungen im DZ mit irischem Fr\u00fchst\u00fcck in zwei sch\u00f6nen B+B&#8217;s in Keel, Achill Island, 1 \u00dcbernachtung im ****Castle Hotel in Westport.<\/p>\n<p><i class=\"fa fa-check icon-tick icon-tick--on\"><\/i>4 Nachtessen.<\/p>\n<p><i class=\"fa fa-check icon-tick icon-tick--on\"><\/i>Alle\u00a0gemeinsamen Transporte.<\/p>\n<p><i class=\"fa fa-check icon-tick icon-tick--on\"><\/i>F\u00fchrungen, und andere Aktivit\u00e4ten gem\u00e4ss Programm.[\/vc_column_text][\/vc_column_inner][\/vc_row_inner][vc_row_inner][vc_column_inner][vc_separator][\/vc_column_inner][\/vc_row_inner][vc_row_inner][vc_column_inner width=&#8220;1\/3&#8243;][vc_column_text]<b>NICHT INBEGRIFFEN<\/b>[\/vc_column_text][\/vc_column_inner][vc_column_inner width=&#8220;2\/3&#8243;][vc_column_text]<i class=\"fa fa-times icon-tick icon-tick--off\"><\/i>Flug und Zug bis und ab Westport<\/p>\n<p><i class=\"fa fa-times icon-tick icon-tick--off\"><\/i>restliche Abendessen<\/p>\n<p><i class=\"fa fa-times icon-tick icon-tick--off\"><\/i>Lunch<\/p>\n<p><i class=\"fa fa-times icon-tick icon-tick--off\"><\/i>Getr\u00e4nke und Trinkgelder, Unfall- und Annullationsversicherung[\/vc_column_text][\/vc_column_inner][\/vc_row_inner][vc_row_inner][vc_column_inner][vc_separator][\/vc_column_inner][\/vc_row_inner][vc_row_inner][vc_column_inner width=&#8220;1\/4&#8243;][vc_column_text]<b>UNTERK\u00dcNFTE<\/b>[\/vc_column_text][\/vc_column_inner][vc_column_inner width=&#8220;3\/4&#8243;][vc_column_text]6 N\u00e4chte in DZ in zwei sch\u00f6nen B+B&#8217;s in Keel (Achill), 1 Nacht im **** Castle Hotel in Westport.[\/vc_column_text][\/vc_column_inner][\/vc_row_inner][vc_row_inner][vc_column_inner][vc_separator][\/vc_column_inner][\/vc_row_inner][vc_row_inner][vc_column_inner width=&#8220;1\/4&#8243;][vc_column_text]<b>KOSTEN<\/b>[\/vc_column_text][\/vc_column_inner][vc_column_inner width=&#8220;3\/4&#8243;][vc_column_text]<\/p>\n<p><strong>CHF 1350.-, DZ im Achill Isle House\/ CHF 1540.- im Stella Maris B+B<\/strong> bei 14 &#8211; 16\u00a0 TeilnehmerInnen (Kleingruppenzuschlag bei weniger als 14 T.)<\/p>\n<p>Bei gr\u00f6sseren Wechselkursschwankungen wird der Preis nach unten oder oben angepasst.<\/p>\n<p>Beginn und Ende der Reise in Westport<\/p>\n<p>[\/vc_column_text][\/vc_column_inner][\/vc_row_inner][vc_row_inner][vc_column_inner][vc_separator][\/vc_column_inner][\/vc_row_inner][vc_row_inner][vc_column_inner width=&#8220;1\/4&#8243;][vc_column_text]<b>ZUSCHL\u00c4GE<\/b>[\/vc_column_text][\/vc_column_inner][vc_column_inner width=&#8220;3\/4&#8243;][vc_column_text]<strong>EZ: 6 N\u00e4chte in Keel: CHF 140.- im Achill Isle House\/ CHF 250.- im Stella Maris, CHF 70.- letzte Nacht in Westport. Es stehen nur wenig EZ zur Verf\u00fcgung: fr\u00fch buchen! <\/strong>\u00a0Wir sind froh, wenn auch T. die sich nicht kennen bereit sind ein Zimmer zu teilen. Die Einzelzimmer und Zimmer mit Meersicht werden nach der Reihenfolge der Anmeldungen vergeben.<\/p>\n<p>Bei einer wesentlichen \u00c4nderung des Wechselkurses wird der Preis angepasst.<\/p>\n<p>[\/vc_column_text][\/vc_column_inner][\/vc_row_inner][\/vc_column][\/vc_row][vc_row][vc_column][vc_text_separator title=&#8220;Reiseleitung&#8220;][\/vc_column][\/vc_row][vc_row][vc_column width=&#8220;2\/3&#8243;][vc_column_text]<strong>Elizabeth Zollinger,<\/strong> Malerin aus Z\u00fcrich, lebt seit 1974 teilzeitlich\u00a0auf der Insel Inishmore und ist stark mit der Insel, den Menschen und ihrer Kultur verbunden. So gr\u00fcndete sie 1996 in Zusammenarbeit\u00a0mit InsulanerInnen das Projekt \u201eCeltic Spirit\u201c mit dem Ziel, irisch-keltische Kultur zu vermitteln und einen sinnvollen Tourismus\u00a0auf der Insel aufzubauen.<\/p>\n<p><strong>Catherine Rhatigan, Harfenistin, <\/strong>\u00a0wuchs in Nord-Sligo auf, studierte am University College Galway und unterrichtete 14 Jahre lang in Donegal, bevor sie nach Z\u00fcrich zog. Sie ist die Gr\u00fcnderin der Gruppe Tale of the Gael und organisiert spannende Konzerte in der ganzen Schweiz und im Ausland, immer verbunden mit der Geschichte und der Kultur Irlands. In den letzten zehn Jahren haben sie und Elizabeth bei mehreren Kulturprojekten zusammengearbeitet. <a href=\"http:\/\/www.irelandharp.net\">www.irelandharp.net<\/a>[\/vc_column_text][\/vc_column][vc_column width=&#8220;1\/3&#8243;][vc_single_image image=&#8220;1620&#8243;][vc_single_image image=&#8220;1906&#8243;][\/vc_column][\/vc_row][vc_row][vc_column][vc_column_text][\/vc_column_text][\/vc_column][\/vc_row][vc_row][vc_column][vc_separator][\/vc_column][\/vc_row][vc_row][vc_column width=&#8220;1\/2&#8243;][vc_column_text]<\/p>\n<h4>Laden Sie das Detailprogramm <a href=\"https:\/\/www.celticexperience.net\/de\/wp-content\/uploads\/2025\/11\/Achill-Experience-1.pdf\">hier &gt;&gt;<\/a><\/h4>\n<p>[\/vc_column_text][\/vc_column][vc_column width=&#8220;1\/2&#8243;][vc_btn title=&#8220;Achill Experience&#8220; color=&#8220;primary&#8220; i_icon_fontawesome=&#8220;&#8220; add_icon=&#8220;true&#8220; link=&#8220;url:https%3A%2F%2Fwww.celticexperience.net%2Fde%2Fwp-content%2Fuploads%2F2025%2F11%2FAchill-Experience-1.pdf|target:_blank&#8220;][\/vc_column][\/vc_row]<\/p>\n","protected":false},"excerpt":{"rendered":"<p>[vc_row][vc_column][vc_column_text] \u00a0 Wir wohnen beim wundersch\u00f6nen Keel Strand und erkunden Achill auf leichten Wanderungen und mit dem E-Bike, Bootsfahrt nach Clare Island und Cruise durch die\u00a0zahlreichen Inseln der Clew Bay, Lesung aus B\u00f6ll\u2019s \u00abIrischem Tagebuch\u00bb, begleitet von \u00a0Catherine Rhatigan\u2019s Harfenspiel, traditionelle Musiksessions in den Pubs und viel Zeit f\u00fcr eigene Entdeckungen. [\/vc_column_text][vc_row_inner][vc_column_inner][vc_separator][\/vc_column_inner][\/vc_row_inner][vc_row_inner][vc_column_inner width=&#8220;1\/4&#8243;][vc_column_text]PROGRAMMDATUM[\/vc_column_text][\/vc_column_inner][vc_column_inner width=&#8220;3\/4&#8243;][vc_column_text] 13.<\/p>\n<div class=\"padding-top text-center\"><a href=\"https:\/\/www.celticexperience.net\/de\/tours\/achill-island-experience-kopie\/\" class=\"atbtn atbtn--medium atbtn--rounded atbtn--transparent\">Read more<i class=\"atbtn__icon atbtn__icon--right fa fa-long-arrow-right\"><\/i><\/a><\/div>\n","protected":false},"featured_media":2247,"comment_status":"open","ping_status":"closed","template":"","meta":[],"product_cat":[179],"product_tag":[296,404,454,432,453,294,452],"yoast_head":"<!-- This site is optimized with the Yoast SEO plugin v17.5 - https:\/\/yoast.com\/wordpress\/plugins\/seo\/ -->\n<title>Achill Island erleben auf den Spuren von Heinrich B\u00f6ll<\/title>\n<meta name=\"description\" content=\"Wir entdecken die magische Landschaft von Achill Island und wandern auf Heinrich B\u00f6ll&#039;s Spuren: Meer, Musik, Lesungen und vieles mehr.\" \/>\n<meta name=\"robots\" content=\"index, follow, max-snippet:-1, max-image-preview:large, max-video-preview:-1\" \/>\n<link rel=\"canonical\" href=\"https:\/\/www.celticexperience.net\/de\/tours\/achill-island-experience-kopie\/\" \/>\n<meta property=\"og:locale\" content=\"de_DE\" \/>\n<meta property=\"og:type\" content=\"article\" \/>\n<meta property=\"og:title\" content=\"Achill Island erleben auf den Spuren von Heinrich B\u00f6ll\" \/>\n<meta property=\"og:description\" content=\"Wir entdecken die magische Landschaft von Achill Island und wandern auf Heinrich B\u00f6ll&#039;s Spuren: Meer, Musik, Lesungen und vieles mehr.\" \/>\n<meta property=\"og:url\" content=\"https:\/\/www.celticexperience.net\/de\/tours\/achill-island-experience-kopie\/\" \/>\n<meta property=\"og:site_name\" content=\"Celtic Spirit\" \/>\n<meta property=\"article:modified_time\" content=\"2025-11-20T11:04:54+00:00\" \/>\n<meta property=\"og:image\" content=\"https:\/\/www.celticexperience.net\/de\/wp-content\/uploads\/2021\/11\/Achill1.jpg\" \/>\n\t<meta property=\"og:image:width\" content=\"612\" \/>\n\t<meta property=\"og:image:height\" content=\"397\" \/>\n<meta name=\"twitter:card\" content=\"summary\" \/>\n<meta name=\"twitter:label1\" content=\"Gesch\u00e4tzte Lesezeit\" \/>\n\t<meta name=\"twitter:data1\" content=\"3\u00a0Minuten\" \/>\n<script type=\"application\/ld+json\" class=\"yoast-schema-graph\">{\"@context\":\"https:\/\/schema.org\",\"@graph\":[{\"@type\":\"WebSite\",\"@id\":\"https:\/\/www.celticexperience.net\/de\/#website\",\"url\":\"https:\/\/www.celticexperience.net\/de\/\",\"name\":\"Celtic Spirit\",\"description\":\"Irish Cultural Holidays\",\"potentialAction\":[{\"@type\":\"SearchAction\",\"target\":{\"@type\":\"EntryPoint\",\"urlTemplate\":\"https:\/\/www.celticexperience.net\/de\/?s={search_term_string}\"},\"query-input\":\"required name=search_term_string\"}],\"inLanguage\":\"de\"},{\"@type\":\"ImageObject\",\"@id\":\"https:\/\/www.celticexperience.net\/de\/tours\/achill-island-experience-kopie\/#primaryimage\",\"inLanguage\":\"de\",\"url\":\"https:\/\/www.celticexperience.net\/de\/wp-content\/uploads\/2021\/11\/Achill1.jpg\",\"contentUrl\":\"https:\/\/www.celticexperience.net\/de\/wp-content\/uploads\/2021\/11\/Achill1.jpg\",\"width\":612,\"height\":397,\"caption\":\"A man walking on the Keel Beach in Achill island, County Mayo, Ireland\"},{\"@type\":\"WebPage\",\"@id\":\"https:\/\/www.celticexperience.net\/de\/tours\/achill-island-experience-kopie\/#webpage\",\"url\":\"https:\/\/www.celticexperience.net\/de\/tours\/achill-island-experience-kopie\/\",\"name\":\"Achill Island erleben auf den Spuren von Heinrich B\\u00f6ll\",\"isPartOf\":{\"@id\":\"https:\/\/www.celticexperience.net\/de\/#website\"},\"primaryImageOfPage\":{\"@id\":\"https:\/\/www.celticexperience.net\/de\/tours\/achill-island-experience-kopie\/#primaryimage\"},\"datePublished\":\"2025-11-16T14:45:56+00:00\",\"dateModified\":\"2025-11-20T11:04:54+00:00\",\"description\":\"Wir entdecken die magische Landschaft von Achill Island und wandern auf Heinrich B\\u00f6ll's Spuren: Meer, Musik, Lesungen und vieles mehr.\",\"breadcrumb\":{\"@id\":\"https:\/\/www.celticexperience.net\/de\/tours\/achill-island-experience-kopie\/#breadcrumb\"},\"inLanguage\":\"de\",\"potentialAction\":[{\"@type\":\"ReadAction\",\"target\":[\"https:\/\/www.celticexperience.net\/de\/tours\/achill-island-experience-kopie\/\"]}]},{\"@type\":\"BreadcrumbList\",\"@id\":\"https:\/\/www.celticexperience.net\/de\/tours\/achill-island-experience-kopie\/#breadcrumb\",\"itemListElement\":[{\"@type\":\"ListItem\",\"position\":1,\"name\":\"Home\",\"item\":\"https:\/\/www.celticexperience.net\/de\/\"},{\"@type\":\"ListItem\",\"position\":2,\"name\":\"Produkte\",\"item\":\"https:\/\/www.celticexperience.net\/de\/shop\/\"},{\"@type\":\"ListItem\",\"position\":3,\"name\":\"Achill Island Experience\"}]}]}<\/script>\n<!-- \/ Yoast SEO plugin. -->","yoast_head_json":{"title":"Achill Island erleben auf den Spuren von Heinrich B\u00f6ll","description":"Wir entdecken die magische Landschaft von Achill Island und wandern auf Heinrich B\u00f6ll's Spuren: Meer, Musik, Lesungen und vieles mehr.","robots":{"index":"index","follow":"follow","max-snippet":"max-snippet:-1","max-image-preview":"max-image-preview:large","max-video-preview":"max-video-preview:-1"},"canonical":"https:\/\/www.celticexperience.net\/de\/tours\/achill-island-experience-kopie\/","og_locale":"de_DE","og_type":"article","og_title":"Achill Island erleben auf den Spuren von Heinrich B\u00f6ll","og_description":"Wir entdecken die magische Landschaft von Achill Island und wandern auf Heinrich B\u00f6ll's Spuren: Meer, Musik, Lesungen und vieles mehr.","og_url":"https:\/\/www.celticexperience.net\/de\/tours\/achill-island-experience-kopie\/","og_site_name":"Celtic Spirit","article_modified_time":"2025-11-20T11:04:54+00:00","og_image":[{"width":612,"height":397,"url":"https:\/\/www.celticexperience.net\/de\/wp-content\/uploads\/2021\/11\/Achill1.jpg","type":"image\/jpeg"}],"twitter_card":"summary","twitter_misc":{"Gesch\u00e4tzte Lesezeit":"3\u00a0Minuten"},"schema":{"@context":"https:\/\/schema.org","@graph":[{"@type":"WebSite","@id":"https:\/\/www.celticexperience.net\/de\/#website","url":"https:\/\/www.celticexperience.net\/de\/","name":"Celtic Spirit","description":"Irish Cultural Holidays","potentialAction":[{"@type":"SearchAction","target":{"@type":"EntryPoint","urlTemplate":"https:\/\/www.celticexperience.net\/de\/?s={search_term_string}"},"query-input":"required name=search_term_string"}],"inLanguage":"de"},{"@type":"ImageObject","@id":"https:\/\/www.celticexperience.net\/de\/tours\/achill-island-experience-kopie\/#primaryimage","inLanguage":"de","url":"https:\/\/www.celticexperience.net\/de\/wp-content\/uploads\/2021\/11\/Achill1.jpg","contentUrl":"https:\/\/www.celticexperience.net\/de\/wp-content\/uploads\/2021\/11\/Achill1.jpg","width":612,"height":397,"caption":"A man walking on the Keel Beach in Achill island, County Mayo, Ireland"},{"@type":"WebPage","@id":"https:\/\/www.celticexperience.net\/de\/tours\/achill-island-experience-kopie\/#webpage","url":"https:\/\/www.celticexperience.net\/de\/tours\/achill-island-experience-kopie\/","name":"Achill Island erleben auf den Spuren von Heinrich B\u00f6ll","isPartOf":{"@id":"https:\/\/www.celticexperience.net\/de\/#website"},"primaryImageOfPage":{"@id":"https:\/\/www.celticexperience.net\/de\/tours\/achill-island-experience-kopie\/#primaryimage"},"datePublished":"2025-11-16T14:45:56+00:00","dateModified":"2025-11-20T11:04:54+00:00","description":"Wir entdecken die magische Landschaft von Achill Island und wandern auf Heinrich B\u00f6ll's Spuren: Meer, Musik, Lesungen und vieles mehr.","breadcrumb":{"@id":"https:\/\/www.celticexperience.net\/de\/tours\/achill-island-experience-kopie\/#breadcrumb"},"inLanguage":"de","potentialAction":[{"@type":"ReadAction","target":["https:\/\/www.celticexperience.net\/de\/tours\/achill-island-experience-kopie\/"]}]},{"@type":"BreadcrumbList","@id":"https:\/\/www.celticexperience.net\/de\/tours\/achill-island-experience-kopie\/#breadcrumb","itemListElement":[{"@type":"ListItem","position":1,"name":"Home","item":"https:\/\/www.celticexperience.net\/de\/"},{"@type":"ListItem","position":2,"name":"Produkte","item":"https:\/\/www.celticexperience.net\/de\/shop\/"},{"@type":"ListItem","position":3,"name":"Achill Island Experience"}]}]}},"_links":{"self":[{"href":"https:\/\/www.celticexperience.net\/de\/wp-json\/wp\/v2\/product\/2228"}],"collection":[{"href":"https:\/\/www.celticexperience.net\/de\/wp-json\/wp\/v2\/product"}],"about":[{"href":"https:\/\/www.celticexperience.net\/de\/wp-json\/wp\/v2\/types\/product"}],"replies":[{"embeddable":true,"href":"https:\/\/www.celticexperience.net\/de\/wp-json\/wp\/v2\/comments?post=2228"}],"wp:featuredmedia":[{"embeddable":true,"href":"https:\/\/www.celticexperience.net\/de\/wp-json\/wp\/v2\/media\/2247"}],"wp:attachment":[{"href":"https:\/\/www.celticexperience.net\/de\/wp-json\/wp\/v2\/media?parent=2228"}],"wp:term":[{"taxonomy":"product_cat","embeddable":true,"href":"https:\/\/www.celticexperience.net\/de\/wp-json\/wp\/v2\/product_cat?post=2228"},{"taxonomy":"product_tag","embeddable":true,"href":"https:\/\/www.celticexperience.net\/de\/wp-json\/wp\/v2\/product_tag?post=2228"}],"curies":[{"name":"wp","href":"https:\/\/api.w.org\/{rel}","templated":true}]}}