{"id":1949,"date":"2022-11-10T10:29:45","date_gmt":"2022-11-10T10:29:45","guid":{"rendered":"https:\/\/www.celticexperience.net\/de\/?post_type=product&#038;p=1949"},"modified":"2025-11-18T20:11:53","modified_gmt":"2025-11-18T20:11:53","slug":"du-und-deine-stimme-im-einklang-mit-der-natur","status":"publish","type":"product","link":"https:\/\/www.celticexperience.net\/de\/tours\/du-und-deine-stimme-im-einklang-mit-der-natur\/","title":{"rendered":"Du und deine Stimme im Einklang mit der Natur"},"content":{"rendered":"<p>[vc_row][vc_column][vc_column_text]<\/p>\n<h2 style=\"text-align: center;\">Du und deine Stimme im Einklang mit der Natur<\/h2>\n<p style=\"text-align: center;\"><strong><span style=\"color: #ff0000;\">\u00a0<\/span><\/strong><\/p>\n<h3 style=\"text-align: center;\"><strong>Stimmimprovisation, Circlesongs und Wandern<br \/>\n<\/strong><strong>auf der irischen <\/strong><strong>Insel Inis M\u00f3r, Aran Islands<\/strong><\/h3>\n<h3 style=\"text-align: center;\"><strong>\u00a0 \u00a0 \u00a0 \u00a0 \u00a0 \u00a0<\/strong><strong>20. &#8211; 27. Juli 2025<\/strong><\/h3>\n<p>&nbsp;<\/p>\n<p><strong>Inhalt<\/strong>:<\/p>\n<p><strong><em>\u00abCanticorpi \u00bb:<\/em><\/strong><em> Spielen mit der Stimme und K\u00f6rper, Improvisation und <\/em><em>Circlesongs mit <\/em><strong><em>Costanza Sansoni<\/em><\/strong><em>, drinnen und <\/em><em>draussen, an magischen Pl\u00e4tzen am Meer und and den hohen Klippen, verbunden mit einfachen Wanderungen in\u00a0 unverdorbener Natur.\u00a0 <strong>Singen f\u00fcr das Meer, f\u00fcr die Steine, f\u00fcr den Himmel, f\u00fcr Mutter Erde.<\/strong> \u00a0 \u00a0 \u00a0 \u00a0 \u00a0 \u00a0 \u00a0 \u00a0 \u00a0 \u00a0 \u00a0 \u00a0 \u00a0 \u00a0 \u00a0 \u00a0 \u00a0 \u00a0 \u00a0 \u00a0 \u00a0 \u00a0 \u00a0 \u00a0<\/em><em>\u00a0 \u00a0 \u00a0 \u00a0 \u00a0 \u00a0 \u00a0 \u00a0 \u00a0 \u00a0 \u00a0 \u00a0 \u00a0 \u00a0 \u00a0 \u00a0 \u00a0 \u00a0 \u00a0 \u00a0 \u00a0\u00a0<\/em><\/p>\n<p><em><strong>Costanza Sansoni <\/strong>arbeitet mit Stimme und K\u00f6rper, inspiriert von der Methode <strong>\u00abGiocando la Voce\u00bb, <\/strong>die <strong>Oskar<\/strong> <strong>Boldre<\/strong> im Laufe der Jahre entwickelt . Costanza hat zahlreiche Workshops mit ihm geleitet und lernte auch von <strong>Rhiannon&#8217;s Methode<\/strong><\/em><strong><em>&#8222;Vocal River and All the Way i<\/em><\/strong><em><strong>n&#8220;. <\/strong>In den vergangenen Jahren hat sie viele eigene Seminare und Kurse geleitet und hat ihre eigene Methode &#8222;<strong>Canticorpi&#8220; <\/strong>entwickelt, die auch die K\u00f6rperarbeit miteinbezieht.Verschiedene K\u00f6rper- und Atem\u00fcbungen zu ausgew\u00e4hlter Musik helfen, K\u00f6rper und Stimme zu verbinden und in einen Flow zu kommen. <\/em><em>Mit spielerischen \u00dcbungen f\u00fchrt sie uns in die Kunst der Gesangsimprovisation ein um zu <\/em><em>einem spontanen, nat\u00fcrlichen Ausdruck und zu einem Gleichgewicht zwischen Kontrolle und Loslassen zu finden<strong>.<\/strong><\/em><em>\u00a0 \u00a0 \u00a0 \u00a0 \u00a0 \u00a0 \u00a0 \u00a0 \u00a0 \u00a0 \u00a0 \u00a0 \u00a0 \u00a0 \u00a0 \u00a0 \u00a0 \u00a0<\/em><\/p>\n<p><em> <strong>Circlesongs<\/strong> sind gef\u00fchrte Improvisationen, inspiriert von Bobby McFerrrins Arbeit. Sie erinnern an das Weitergeben von alten Stammesges\u00e4ngen. Die Energien der verschiedenen wundersch\u00f6nen Pl\u00e4tze, die wir besuchen wird in unsere Arbeit einfliessen. <\/em><\/p>\n<p><strong><em>Ausser Freude .am Singen braucht es keine besonderen Voraussetzungen f\u00fcr diesen Kurs<\/em><\/strong><em>. Er ist f\u00fcr Menschen mit und ohne Erfahrung im Singen und in der Improvisation geeignet.<\/em><\/p>\n<p><strong><em>Elizabeth<\/em><\/strong><em> wird uns auf wundersch\u00f6nen Wegen zu versteckten, magischen Pl\u00e4tzen bringen wo wir nach Lust und Laune weitert\u00f6nen k\u00f6nnen<\/em><\/p>\n<p><!--more-->[\/vc_column_text][vc_row_inner][vc_column_inner][vc_separator][\/vc_column_inner][\/vc_row_inner][vc_row_inner][vc_column_inner width=&#8220;1\/4&#8243;][vc_column_text]<b>PROGRAMMDATUM<\/b>[\/vc_column_text][\/vc_column_inner][vc_column_inner width=&#8220;3\/4&#8243;][vc_column_text]20. &#8211; 27. Juli 2025[\/vc_column_text][\/vc_column_inner][\/vc_row_inner][vc_row_inner][vc_column_inner][vc_separator][\/vc_column_inner][\/vc_row_inner][vc_row_inner][vc_column_inner width=&#8220;1\/4&#8243;][vc_column_text]<b>BUCHUNG<\/b>[\/vc_column_text][\/vc_column_inner][vc_column_inner width=&#8220;3\/4&#8243;][vc_column_text]<strong>Anmeldung sp\u00e4testens bis 1. Mai 2025<\/strong><\/p>\n<p>(fr\u00fchzeitige Anmeldung empfohlen; die Platzzahl ist\u00a0beschr\u00e4nkt!)<\/p>\n<p><strong>Anmeldung und Information:<\/strong><br \/>\nElizabeth Zollinger wenden: +41 44 2520918\/77 5200136 <a href=\"mailto:info@irish-culture.ch\">info@irish-culture.ch<\/a>[\/vc_column_text][\/vc_column_inner][\/vc_row_inner][vc_row_inner][vc_column_inner][vc_separator][\/vc_column_inner][\/vc_row_inner][vc_row_inner][vc_column_inner width=&#8220;1\/4&#8243;][vc_column_text]<b>FLUG<\/b>[\/vc_column_text][\/vc_column_inner][vc_column_inner width=&#8220;3\/4&#8243;][vc_column_text]Die Teilnehmenden buchen ihren Hin- und R\u00fcckflug selber. Die Flugtermine k\u00f6nnen so den individuellen W\u00fcnschen angepasst werden. Die Flugpreise ca. CHF 350.- nur Handgep\u00e4ck (Stand November 2024). Sobald wir 10 Anmeldungen haben, werden wir die Reise best\u00e4tigen und dann k\u00f6nnen die Fl\u00fcge gebucht werden.[\/vc_column_text][\/vc_column_inner][\/vc_row_inner][vc_row_inner][vc_column_inner][vc_separator][\/vc_column_inner][\/vc_row_inner][vc_row_inner][vc_column_inner width=&#8220;1\/3&#8243;][vc_column_text]<b>INBEGRIFFEN<\/b>[\/vc_column_text][\/vc_column_inner][vc_column_inner width=&#8220;2\/3&#8243;][vc_column_text]<i class=\"fa fa-check icon-tick icon-tick--on\"><\/i>6 Uebernachtungen im\u00a0 *** Kilmurvey Guesthouse auf Inis M\u00f3r im Doppelzimmer.<\/p>\n<p><i class=\"fa fa-check icon-tick icon-tick--on\"><\/i>1 Uebernachtung in sch\u00f6nen B+B&#8217;s in Galway<\/p>\n<p><i class=\"fa fa-check icon-tick icon-tick--on\"><\/i> 4 Abendessen<\/p>\n<p><i class=\"fa fa-check icon-tick icon-tick--on\"><\/i>Alle Bustransporte<\/p>\n<p><i class=\"fa fa-check icon-tick icon-tick--on\"><\/i>Alle F\u00fchrungen, Workshops und anderen Aktivit\u00e4ten gem\u00e4ss Programm[\/vc_column_text][\/vc_column_inner][\/vc_row_inner][vc_row_inner][vc_column_inner][vc_separator][\/vc_column_inner][\/vc_row_inner][vc_row_inner][vc_column_inner width=&#8220;1\/3&#8243;][vc_column_text]<b>NICHT INBEGRIFFEN<\/b>[\/vc_column_text][\/vc_column_inner][vc_column_inner width=&#8220;2\/3&#8243;][vc_column_text]<i class=\"fa fa-times icon-tick icon-tick--off\"><\/i>Getr\u00e4nke<\/p>\n<p><i class=\"fa fa-times icon-tick icon-tick--off\"><\/i>Trinkgelder<\/p>\n<p><i class=\"fa fa-times icon-tick icon-tick--off\"><\/i>Restliche Verpflegung<\/p>\n<p><i class=\"fa fa-times icon-tick icon-tick--off\"><\/i>Annullations- und Unfallversicherung[\/vc_column_text][\/vc_column_inner][\/vc_row_inner][vc_row_inner][vc_column_inner][vc_separator][\/vc_column_inner][\/vc_row_inner][vc_row_inner][vc_column_inner width=&#8220;1\/4&#8243;][vc_column_text]<b>UNTERKUNFT<\/b>[\/vc_column_text][\/vc_column_inner][vc_column_inner width=&#8220;3\/4&#8243;][vc_column_text]<\/p>\n<ul>\n<li>***Kilmurvey Guesthouse, Inishmore und B+B in Galway<\/li>\n<\/ul>\n<p>[\/vc_column_text][\/vc_column_inner][\/vc_row_inner][vc_row_inner][vc_column_inner][vc_separator][\/vc_column_inner][\/vc_row_inner][vc_row_inner][vc_column_inner width=&#8220;1\/4&#8243;][vc_column_text]<b>KOSTEN<\/b>[\/vc_column_text][\/vc_column_inner][vc_column_inner width=&#8220;3\/4&#8243;][vc_column_text 1=&#8220;1790.-&#8220; 2=&#8220;Bei&#8220; 3=&#8220;einer&#8220; 4=&#8220;TeilnehmerInnenzahl&#8220; 5=&#8220;unter&#8220; 6=&#8220;17&#8243; 7=&#8220;muss&#8220; 8=&#8220;ein&#8220; 9=&#8220;Kleingruppenzuschlag&#8220; 10=&#8220;erhoben&#8220; 11=&#8220;werden.&#8220; 12=&#8220;Die&#8220; 13=&#8220;gemeinsamen&#8220; 14=&#8220;Kosten&#8220; 15=&#8220;sind&#8220; 16=&#8220;sehr&#8220; 17=&#8220;hoch.&#8220; 18=&#8220;Bei&#8220; 19=&#8220;grossen&#8220; 20=&#8220;Wechselkursschwankungen&#8220; 21=&#8220;(\u00a3)&#8220; 22=&#8220;wird&#8220; 23=&#8220;der&#8220; 24=&#8220;Preis&#8220; 25=&#8220;nach&#8220; 26=&#8220;unten&#8220; 27=&#8220;oder&#8220; 28=&#8220;oben&#8220; 29=&#8220;angepasst&#8220; 30=&#8220;30=&#8222;`{`\/vc_column_text&#8220; 31=&#8220;CHF&#8220; 32=&#8220;1310&#8243; 33=&#8220;-&#8220; 34=&#8220;1530.-&#8220; 35=&#8220;je&#8220; 36=&#8220;nach&#8220; 37=&#8220;Wechselkurs&#8220; 38=&#8220;und&#8220; 39=&#8220;TeilnehmerInnenzahl,&#8220; 40=&#8220;DZ&#8220; 41=&#8220;im&#8220; 42=&#8220;***&#8220; 43=&#8220;Kilmurvey&#8220; 44=&#8220;Guesthouse&#8220; 45=&#8220;mit&#8220; 46=&#8220;Service&#8220; 47=&#8220;und&#8220; 48=&#8220;grossem&#8220; 49=&#8220;irischen&#8220; 50=&#8220;Fr\u00fchst\u00fccksbuffet&#8220; 51=&#8220;`{`\/vc_column_text&#8220;]<strong>CHF 1280 &#8211; 1510<\/strong>\u00a0 je nach Eurowechselkurs und TeilnehmerInnenzahl (10-16)[\/vc_column_text][\/vc_column_inner][\/vc_row_inner][vc_row_inner][vc_column_inner][vc_separator][\/vc_column_inner][\/vc_row_inner][vc_row_inner][vc_column_inner width=&#8220;1\/4&#8243;][vc_column_text]<b>ZUSCHL\u00c4GE<\/b>[\/vc_column_text][\/vc_column_inner][vc_column_inner width=&#8220;3\/4&#8243;][vc_column_text]Einzelzimmerzuschlag:<\/p>\n<p>Einzelzimmer: 6 N\u00e4chte Inis M\u00f3r: Kilmurveyhouse: CHF 210<\/p>\n<p>in Galway: CHF\u00a0 40.-<\/p>\n<p>Zusatzn\u00e4chte in Galway, Dublin und auf Inis M\u00f3r werden auf Wunsch gerne reserviert.<\/p>\n<p>(die Anzahl der Einzelzimmer ist beschr\u00e4nkt, vor allem in Galway.)[\/vc_column_text][\/vc_column_inner][\/vc_row_inner][\/vc_column][\/vc_row][vc_row][vc_column][vc_text_separator title=&#8220;Leitung&#8220;][\/vc_column][\/vc_row][vc_row][vc_column width=&#8220;1\/3&#8243;][vc_single_image image=&#8220;2217&#8243;][vc_single_image image=&#8220;2218&#8243;][\/vc_column][vc_column width=&#8220;2\/3&#8243;][vc_column_text]<strong><em>Costanza Sansoni Baratella<\/em><\/strong><em> (S\u00e4ngerin, Musiktherapeutin) erforscht das Potenzial ihrer Stimme in verschiedenen T\u00e4tigkeitsbereichen. Seit \u00fcber 20 Jahren besch\u00e4ftigt sie sich professionell mit Vokalimprovisation und Circlesongs. Als ausgebildete Musiktherapeutin und leidenschaftliche Zuh\u00f6rerin des Anderen f\u00f6rdert sie die Entfaltng des grenzenlosen Ausdruckspotentials. Sie leitet Gesangs- Bewegungskurse und Seminare (z.Bsp. Canticorpi), auch im therapeutischen Kontext. Sie ist Mitbegr\u00fcnderin des italienischen Kollektivs &#8222;Canti in Cerchio&#8220; und von &#8222;The Well&#8220;, einem globalen Netzwerk f\u00fcr Gesangsimprovisaton. Zurzeit singt sie in zwei Gruppen &#8222;Cocoband&#8220; (italienische Lieder mit einem Hauch von Swing) und &#8222;Vocalia&#8220;, Vokalensemble unter der Leitung von Oskar Boldre, dessen Ziel es ist, das Stimmspektrum durch Improvisation innerhalb eines Repertoires von alter bis zeitgen\u00f6ssischer Musik zu erforschen<\/em><\/p>\n<p><strong><em>Elizabeth Zollinger<\/em><\/strong><strong><em> (Organisation und Wanderungen):<\/em><\/strong><em> Malerin <\/em><em>aus Z\u00fcrich, lebt seit 1974 teilzeitlich auf der Insel Inis M\u00f3r und ist stark mit der Insel, den Menschen und ihrer Kultur verbunden. <\/em><em>So gr\u00fcndete sie 1996 in Zusammenarbeit mit InselbewohnerInnen das Projekt \u201eCeltic Spirit\u201c mit dem Ziel, irisch-keltische Kultur zu vermitteln und einen sinnvollen Tourismus auf der Insel aufzubauen. Sie organisiert seit 28 Jahren Kulturwochen auf der Insel und auf dem Festland und hat viel Erfahrung im Leiten von Gruppen.<\/em>[\/vc_column_text][\/vc_column][\/vc_row][vc_row][vc_column][vc_row_inner][vc_column_inner][vc_separator][\/vc_column_inner][\/vc_row_inner][\/vc_column][\/vc_row][vc_row][vc_column width=&#8220;1\/2&#8243;][vc_column_text][vc_row][vc_column width=&#8220;1\/1&#8243;][vc_column_text]<\/p>\n<h4>Laden Sie das Detailprogramm <a href=\"https:\/\/www.celticexperience.net\/de\/wp-content\/uploads\/2024\/11\/Improwoche-2025..doc-deutsch-pdf.pdf\">hier<\/a> herunter.<\/h4>\n<p>[\/vc_column_text][\/vc_column][\/vc_row]<\/p>\n","protected":false},"excerpt":{"rendered":"<p>[vc_row][vc_column][vc_column_text] Du und deine Stimme im Einklang mit der Natur \u00a0 Stimmimprovisation, Circlesongs und Wandern auf der irischen Insel Inis M\u00f3r, Aran Islands \u00a0 \u00a0 \u00a0 \u00a0 \u00a0 \u00a020. &#8211; 27. Juli 2025 &nbsp; Inhalt: \u00abCanticorpi \u00bb: Spielen mit der Stimme und K\u00f6rper, Improvisation und Circlesongs mit Costanza Sansoni, drinnen und draussen, an magischen Pl\u00e4tzen<\/p>\n<div class=\"padding-top text-center\"><a href=\"https:\/\/www.celticexperience.net\/de\/tours\/du-und-deine-stimme-im-einklang-mit-der-natur\/\" class=\"atbtn atbtn--medium atbtn--rounded atbtn--transparent\">Read more<i class=\"atbtn__icon atbtn__icon--right fa fa-long-arrow-right\"><\/i><\/a><\/div>\n","protected":false},"featured_media":2108,"comment_status":"open","ping_status":"closed","template":"","meta":[],"product_cat":[178],"product_tag":[260,434,436,435,257,433,437],"yoast_head":"<!-- This site is optimized with the Yoast SEO plugin v17.5 - https:\/\/yoast.com\/wordpress\/plugins\/seo\/ -->\n<title>Du und deine Stimme im Eingklang mit der Natur<\/title>\n<meta name=\"description\" content=\"Stimmimprovisation, Circlesongs und Wandern auf der irischen Insel Inishmore, Aran Islands mit Costanza Sansoni\" \/>\n<meta name=\"robots\" content=\"index, follow, max-snippet:-1, max-image-preview:large, max-video-preview:-1\" \/>\n<link rel=\"canonical\" href=\"https:\/\/www.celticexperience.net\/de\/tours\/du-und-deine-stimme-im-einklang-mit-der-natur\/\" \/>\n<meta property=\"og:locale\" content=\"de_DE\" \/>\n<meta property=\"og:type\" content=\"article\" \/>\n<meta property=\"og:title\" content=\"Du und deine Stimme im Eingklang mit der Natur\" \/>\n<meta property=\"og:description\" content=\"Stimmimprovisation, Circlesongs und Wandern auf der irischen Insel Inishmore, Aran Islands mit Costanza Sansoni\" \/>\n<meta property=\"og:url\" content=\"https:\/\/www.celticexperience.net\/de\/tours\/du-und-deine-stimme-im-einklang-mit-der-natur\/\" \/>\n<meta property=\"og:site_name\" content=\"Celtic Spirit\" \/>\n<meta property=\"article:modified_time\" content=\"2025-11-18T20:11:53+00:00\" \/>\n<meta property=\"og:image\" content=\"https:\/\/www.celticexperience.net\/de\/wp-content\/uploads\/2022\/11\/2011-07-19T14-47-27-1.jpeg\" \/>\n\t<meta property=\"og:image:width\" content=\"1942\" \/>\n\t<meta property=\"og:image:height\" content=\"1384\" \/>\n<meta name=\"twitter:card\" content=\"summary\" \/>\n<meta name=\"twitter:label1\" content=\"Gesch\u00e4tzte Lesezeit\" \/>\n\t<meta name=\"twitter:data1\" content=\"4\u00a0Minuten\" \/>\n<script type=\"application\/ld+json\" class=\"yoast-schema-graph\">{\"@context\":\"https:\/\/schema.org\",\"@graph\":[{\"@type\":\"WebSite\",\"@id\":\"https:\/\/www.celticexperience.net\/de\/#website\",\"url\":\"https:\/\/www.celticexperience.net\/de\/\",\"name\":\"Celtic Spirit\",\"description\":\"Irish Cultural Holidays\",\"potentialAction\":[{\"@type\":\"SearchAction\",\"target\":{\"@type\":\"EntryPoint\",\"urlTemplate\":\"https:\/\/www.celticexperience.net\/de\/?s={search_term_string}\"},\"query-input\":\"required name=search_term_string\"}],\"inLanguage\":\"de\"},{\"@type\":\"ImageObject\",\"@id\":\"https:\/\/www.celticexperience.net\/de\/tours\/du-und-deine-stimme-im-einklang-mit-der-natur\/#primaryimage\",\"inLanguage\":\"de\",\"url\":\"https:\/\/www.celticexperience.net\/de\/wp-content\/uploads\/2022\/11\/2011-07-19T14-47-27-1.jpeg\",\"contentUrl\":\"https:\/\/www.celticexperience.net\/de\/wp-content\/uploads\/2022\/11\/2011-07-19T14-47-27-1.jpeg\",\"width\":1942,\"height\":1384},{\"@type\":\"WebPage\",\"@id\":\"https:\/\/www.celticexperience.net\/de\/tours\/du-und-deine-stimme-im-einklang-mit-der-natur\/#webpage\",\"url\":\"https:\/\/www.celticexperience.net\/de\/tours\/du-und-deine-stimme-im-einklang-mit-der-natur\/\",\"name\":\"Du und deine Stimme im Eingklang mit der Natur\",\"isPartOf\":{\"@id\":\"https:\/\/www.celticexperience.net\/de\/#website\"},\"primaryImageOfPage\":{\"@id\":\"https:\/\/www.celticexperience.net\/de\/tours\/du-und-deine-stimme-im-einklang-mit-der-natur\/#primaryimage\"},\"datePublished\":\"2022-11-10T10:29:45+00:00\",\"dateModified\":\"2025-11-18T20:11:53+00:00\",\"description\":\"Stimmimprovisation, Circlesongs und Wandern auf der irischen Insel Inishmore, Aran Islands mit Costanza Sansoni\",\"breadcrumb\":{\"@id\":\"https:\/\/www.celticexperience.net\/de\/tours\/du-und-deine-stimme-im-einklang-mit-der-natur\/#breadcrumb\"},\"inLanguage\":\"de\",\"potentialAction\":[{\"@type\":\"ReadAction\",\"target\":[\"https:\/\/www.celticexperience.net\/de\/tours\/du-und-deine-stimme-im-einklang-mit-der-natur\/\"]}]},{\"@type\":\"BreadcrumbList\",\"@id\":\"https:\/\/www.celticexperience.net\/de\/tours\/du-und-deine-stimme-im-einklang-mit-der-natur\/#breadcrumb\",\"itemListElement\":[{\"@type\":\"ListItem\",\"position\":1,\"name\":\"Home\",\"item\":\"https:\/\/www.celticexperience.net\/de\/\"},{\"@type\":\"ListItem\",\"position\":2,\"name\":\"Produkte\",\"item\":\"https:\/\/www.celticexperience.net\/de\/shop\/\"},{\"@type\":\"ListItem\",\"position\":3,\"name\":\"Du und deine Stimme im Einklang mit der Natur\"}]}]}<\/script>\n<!-- \/ Yoast SEO plugin. -->","yoast_head_json":{"title":"Du und deine Stimme im Eingklang mit der Natur","description":"Stimmimprovisation, Circlesongs und Wandern auf der irischen Insel Inishmore, Aran Islands mit Costanza Sansoni","robots":{"index":"index","follow":"follow","max-snippet":"max-snippet:-1","max-image-preview":"max-image-preview:large","max-video-preview":"max-video-preview:-1"},"canonical":"https:\/\/www.celticexperience.net\/de\/tours\/du-und-deine-stimme-im-einklang-mit-der-natur\/","og_locale":"de_DE","og_type":"article","og_title":"Du und deine Stimme im Eingklang mit der Natur","og_description":"Stimmimprovisation, Circlesongs und Wandern auf der irischen Insel Inishmore, Aran Islands mit Costanza Sansoni","og_url":"https:\/\/www.celticexperience.net\/de\/tours\/du-und-deine-stimme-im-einklang-mit-der-natur\/","og_site_name":"Celtic Spirit","article_modified_time":"2025-11-18T20:11:53+00:00","og_image":[{"width":1942,"height":1384,"url":"https:\/\/www.celticexperience.net\/de\/wp-content\/uploads\/2022\/11\/2011-07-19T14-47-27-1.jpeg","type":"image\/jpeg"}],"twitter_card":"summary","twitter_misc":{"Gesch\u00e4tzte Lesezeit":"4\u00a0Minuten"},"schema":{"@context":"https:\/\/schema.org","@graph":[{"@type":"WebSite","@id":"https:\/\/www.celticexperience.net\/de\/#website","url":"https:\/\/www.celticexperience.net\/de\/","name":"Celtic Spirit","description":"Irish Cultural Holidays","potentialAction":[{"@type":"SearchAction","target":{"@type":"EntryPoint","urlTemplate":"https:\/\/www.celticexperience.net\/de\/?s={search_term_string}"},"query-input":"required name=search_term_string"}],"inLanguage":"de"},{"@type":"ImageObject","@id":"https:\/\/www.celticexperience.net\/de\/tours\/du-und-deine-stimme-im-einklang-mit-der-natur\/#primaryimage","inLanguage":"de","url":"https:\/\/www.celticexperience.net\/de\/wp-content\/uploads\/2022\/11\/2011-07-19T14-47-27-1.jpeg","contentUrl":"https:\/\/www.celticexperience.net\/de\/wp-content\/uploads\/2022\/11\/2011-07-19T14-47-27-1.jpeg","width":1942,"height":1384},{"@type":"WebPage","@id":"https:\/\/www.celticexperience.net\/de\/tours\/du-und-deine-stimme-im-einklang-mit-der-natur\/#webpage","url":"https:\/\/www.celticexperience.net\/de\/tours\/du-und-deine-stimme-im-einklang-mit-der-natur\/","name":"Du und deine Stimme im Eingklang mit der Natur","isPartOf":{"@id":"https:\/\/www.celticexperience.net\/de\/#website"},"primaryImageOfPage":{"@id":"https:\/\/www.celticexperience.net\/de\/tours\/du-und-deine-stimme-im-einklang-mit-der-natur\/#primaryimage"},"datePublished":"2022-11-10T10:29:45+00:00","dateModified":"2025-11-18T20:11:53+00:00","description":"Stimmimprovisation, Circlesongs und Wandern auf der irischen Insel Inishmore, Aran Islands mit Costanza Sansoni","breadcrumb":{"@id":"https:\/\/www.celticexperience.net\/de\/tours\/du-und-deine-stimme-im-einklang-mit-der-natur\/#breadcrumb"},"inLanguage":"de","potentialAction":[{"@type":"ReadAction","target":["https:\/\/www.celticexperience.net\/de\/tours\/du-und-deine-stimme-im-einklang-mit-der-natur\/"]}]},{"@type":"BreadcrumbList","@id":"https:\/\/www.celticexperience.net\/de\/tours\/du-und-deine-stimme-im-einklang-mit-der-natur\/#breadcrumb","itemListElement":[{"@type":"ListItem","position":1,"name":"Home","item":"https:\/\/www.celticexperience.net\/de\/"},{"@type":"ListItem","position":2,"name":"Produkte","item":"https:\/\/www.celticexperience.net\/de\/shop\/"},{"@type":"ListItem","position":3,"name":"Du und deine Stimme im Einklang mit der Natur"}]}]}},"_links":{"self":[{"href":"https:\/\/www.celticexperience.net\/de\/wp-json\/wp\/v2\/product\/1949"}],"collection":[{"href":"https:\/\/www.celticexperience.net\/de\/wp-json\/wp\/v2\/product"}],"about":[{"href":"https:\/\/www.celticexperience.net\/de\/wp-json\/wp\/v2\/types\/product"}],"replies":[{"embeddable":true,"href":"https:\/\/www.celticexperience.net\/de\/wp-json\/wp\/v2\/comments?post=1949"}],"wp:featuredmedia":[{"embeddable":true,"href":"https:\/\/www.celticexperience.net\/de\/wp-json\/wp\/v2\/media\/2108"}],"wp:attachment":[{"href":"https:\/\/www.celticexperience.net\/de\/wp-json\/wp\/v2\/media?parent=1949"}],"wp:term":[{"taxonomy":"product_cat","embeddable":true,"href":"https:\/\/www.celticexperience.net\/de\/wp-json\/wp\/v2\/product_cat?post=1949"},{"taxonomy":"product_tag","embeddable":true,"href":"https:\/\/www.celticexperience.net\/de\/wp-json\/wp\/v2\/product_tag?post=1949"}],"curies":[{"name":"wp","href":"https:\/\/api.w.org\/{rel}","templated":true}]}}