{"id":1948,"date":"2022-11-10T08:57:11","date_gmt":"2022-11-10T08:57:11","guid":{"rendered":"https:\/\/www.celticexperience.net\/de\/?post_type=product&#038;p=1948"},"modified":"2023-10-26T19:24:21","modified_gmt":"2023-10-26T19:24:21","slug":"traditionelles-korbflechten-eine-reise-in-die-vergangenheit","status":"publish","type":"product","link":"https:\/\/www.celticexperience.net\/de\/tours\/traditionelles-korbflechten-eine-reise-in-die-vergangenheit\/","title":{"rendered":"Traditionelles Korbflechten &#8211; eine Reise in die Vergangenheit"},"content":{"rendered":"<p>[vc_row][vc_column][vc_column_text]<\/p>\n<h2 style=\"text-align: center;\">Traditionelles Korbflechten &#8211; eine Reise in die Vergangenheit<\/h2>\n<h2 style=\"text-align: center;\"><strong><span class=\"top2\">auf der irischen Insel Inis M\u00f3r, Aran Islands<\/span><\/strong><\/h2>\n<p>Ein Workshop mit dem Korbflechter Vincent McCarran: Flechten von traditionellen K\u00f6rben, die seit hunderten von Jahren auf der Insel angefertigt und verwendet wurden. Gef\u00fchrte Wanderungen in unverdorbener Natur, entlang hohen Klippen zu verschiedenen versteckten, magischen Orten und viel Zeit, um eigene Wege zu gehen. (f\u00fcr Anf\u00e4ngerInnen und Fortgeschrittene geeignet)<\/p>\n<p><strong>Flechten: : Vincent McCarran<\/strong><br \/>\n<strong>Organisation, F\u00fchrungen und Wanderungen: <\/strong>Elizabeth Zollinger (<a href=\"http:\/\/www.irish-culture.ch\/about_celtic_spirit.htm\">www.irish-culture.ch<\/a>)<em>\u00a0<\/em><br \/>\n<!--more--><\/p>\n<p>Detaillierte Programminformationen weiter unten.[\/vc_column_text][vc_row_inner][vc_column_inner][vc_separator][\/vc_column_inner][\/vc_row_inner][vc_row_inner][vc_column_inner width=&#8220;1\/4&#8243;][vc_column_text]<b>PROGRAMMDATUM<\/b>[\/vc_column_text][\/vc_column_inner][vc_column_inner width=&#8220;3\/4&#8243;][vc_column_text]<\/p>\n<h4>7. &#8211; 14. Oktober 2023<\/h4>\n<p>[\/vc_column_text][\/vc_column_inner][\/vc_row_inner][vc_row_inner][vc_column_inner][vc_separator][\/vc_column_inner][\/vc_row_inner][vc_row_inner][vc_column_inner width=&#8220;1\/4&#8243;][vc_column_text]<b>BUCHUNG<\/b>[\/vc_column_text][\/vc_column_inner][vc_column_inner width=&#8220;3\/4&#8243;][vc_column_text]bis sp\u00e4testens 15. Juli 2023[\/vc_column_text][\/vc_column_inner][\/vc_row_inner][vc_row_inner][vc_column_inner][vc_separator][\/vc_column_inner][\/vc_row_inner][vc_row_inner][vc_column_inner width=&#8220;1\/4&#8243;][vc_column_text]<b>FLUG<\/b>[\/vc_column_text][\/vc_column_inner][vc_column_inner width=&#8220;3\/4&#8243;][vc_column_text]ZCH &#8211; Dublin mit Swiss oder Aer Lingus ab Fr. 280.-, Stand Nov. 2022 (fr\u00fch buchen lohnt sich. Ich berate Sie gerne)[\/vc_column_text][\/vc_column_inner][\/vc_row_inner][vc_row_inner][vc_column_inner][vc_separator][\/vc_column_inner][\/vc_row_inner][vc_row_inner][vc_column_inner width=&#8220;1\/3&#8243;][vc_column_text]<b>INBEGRIFFEN<\/b>[\/vc_column_text][\/vc_column_inner][vc_column_inner width=&#8220;2\/3&#8243;][vc_column_text]<i class=\"fa fa-check icon-tick icon-tick--on\"><\/i>6 Uebernachtungen in komfortablen Ferienh\u00e4usern im.-.- DZ<\/p>\n<p><i class=\"fa fa-check icon-tick icon-tick--on\"><\/i>1 Uebernachtung in Galway in B+B&#8217;s im DZ<\/p>\n<p><i class=\"fa fa-check icon-tick icon-tick--on\"><\/i>14 Stunden Workshop und Material<\/p>\n<p><i class=\"fa fa-check icon-tick icon-tick--on\"><\/i>alle F\u00fchrungen und Wanderungen und gemeinsamen Transporte von und ab Galway[\/vc_column_text][\/vc_column_inner][\/vc_row_inner][vc_row_inner][vc_column_inner][vc_separator][\/vc_column_inner][\/vc_row_inner][vc_row_inner][vc_column_inner width=&#8220;1\/4&#8243;][vc_column_text]<b>UNTERK\u00dcNFTE<\/b>[\/vc_column_text][\/vc_column_inner][vc_column_inner width=&#8220;3\/4&#8243;][vc_column_text]in komfortablen Ferienh\u00e4usern mit Selbstersorgung (Abendessen in Restaurants k\u00f6nnen organisiert werden)[\/vc_column_text][\/vc_column_inner][\/vc_row_inner][vc_row_inner][vc_column_inner][vc_separator][\/vc_column_inner][\/vc_row_inner][vc_row_inner][vc_column_inner width=&#8220;1\/4&#8243;][vc_column_text]<b>KOSTEN<\/b>[\/vc_column_text][\/vc_column_inner][vc_column_inner width=&#8220;3\/4&#8243;][vc_column_text]<strong>CHF 920 &#8211; 1120.-<\/strong>, je nach Wechselkurs und TeilnehmerInnenzahl im DZ[\/vc_column_text][\/vc_column_inner][\/vc_row_inner][vc_row_inner][vc_column_inner][vc_separator][\/vc_column_inner][\/vc_row_inner][vc_row_inner][vc_column_inner width=&#8220;1\/4&#8243;][vc_column_text]<b>ZUSCHL\u00c4GE<\/b>[\/vc_column_text][\/vc_column_inner][vc_column_inner width=&#8220;3\/4&#8243;][vc_column_text]6 N\u00e4chte auf der Insel in den Ferienh\u00e4usern: standard: DZ mit Dusche\/WC: CHF 75.-\/ EZ mit Dusche\/WC:CHF 150.- ohne Dusche\/WC: CHF 120.-,\u00a0 EZ in Galway: CHF.30.-.[\/vc_column_text][\/vc_column_inner][\/vc_row_inner][\/vc_column][\/vc_row][vc_row][vc_column][vc_text_separator][\/vc_column][\/vc_row][vc_row][vc_column width=&#8220;1\/3&#8243;][vc_single_image image=&#8220;1951&#8243; img_size=&#8220;full&#8220;][vc_single_image image=&#8220;2083&#8243;][\/vc_column][vc_column width=&#8220;2\/3&#8243;][vc_column_text]<\/p>\n<h3>Leitung:<\/h3>\n<p><strong>Vincent Mac Cear\u00e1n<\/strong> ist einer der wenigen verbliebenen traditionellen Korbflechter Irlands. Er hat sich spezialisiert auf die\u00a0 Anfertigung von K\u00f6rben und anderen Gegenst\u00e4nden, wie sie seit Jahrhunderten auf der Insel gebraucht und hergestellt wurden. Er hat ein Diplom in \u201eTraining and Education\u201c, ist ein sehr geduldiger Lehrer und w\u00fcrzt seine Stunden mit Witz und Geschichten von der Insel. Es ist ein Vergn\u00fcgen mit ihm zu arbeiten und ein paar eigene\u00a0 archaische K\u00f6rbe nach Hause zu bringen.[\/vc_column_text][\/vc_column][\/vc_row][vc_row][vc_column width=&#8220;2\/3&#8243;][vc_column_text]<strong>Elizabeth Zollinger, <\/strong>Z\u00fcrich und Inis M\u00f3r: Ich bin urspr\u00fcnglich Malerin und habe 1974 die inspirierende Insel Inis M\u00f3r entdeckt, wo ich seither teilzeitlich lebe. Ich bin stark mit der Insel, den Menschen und ihrer Kultur verbunden. So gr\u00fcndete ich 1996 in Zusammenarbeit mit InsulanerInnen das Projekt \u201eCeltic Spirit\u201c mit dem Ziel, irisch-keltische Kultur zu vermitteln und einen sinnvollen Tourismus auf der Insel aufzubauen. Seither habe ich zahlreiche Kulturwochen mit verschiedenen Schwerpunkten auf der Insel, auf dem Festland und auch in Schottland durchgef\u00fchrt.[\/vc_column_text][\/vc_column][vc_column width=&#8220;1\/3&#8243;][vc_single_image image=&#8220;1587&#8243;][vc_single_image image=&#8220;1750&#8243;][\/vc_column][\/vc_row][vc_row][vc_column][vc_column_text]Laden Sie das Detailprogramm <a href=\"https:\/\/www.celticexperience.net\/de\/wp-content\/uploads\/2022\/11\/Korben-Oktober-23-deutsch-1.pdf\">hier:<\/a>[\/vc_column_text][\/vc_column][\/vc_row]<\/p>\n","protected":false},"excerpt":{"rendered":"<p>[vc_row][vc_column][vc_column_text] Traditionelles Korbflechten &#8211; eine Reise in die Vergangenheit auf der irischen Insel Inis M\u00f3r, Aran Islands Ein Workshop mit dem Korbflechter Vincent McCarran: Flechten von traditionellen K\u00f6rben, die seit hunderten von Jahren auf der Insel angefertigt und verwendet wurden. Gef\u00fchrte Wanderungen in unverdorbener Natur, entlang hohen Klippen zu verschiedenen versteckten, magischen Orten und viel<\/p>\n<div class=\"padding-top text-center\"><a href=\"https:\/\/www.celticexperience.net\/de\/tours\/traditionelles-korbflechten-eine-reise-in-die-vergangenheit\/\" class=\"atbtn atbtn--medium atbtn--rounded atbtn--transparent\">Read more<i class=\"atbtn__icon atbtn__icon--right fa fa-long-arrow-right\"><\/i><\/a><\/div>\n","protected":false},"featured_media":1201,"comment_status":"closed","ping_status":"closed","template":"","meta":[],"product_cat":[178],"product_tag":[277,432,430,431,323],"yoast_head":"<!-- This site is optimized with the Yoast SEO plugin v17.5 - https:\/\/yoast.com\/wordpress\/plugins\/seo\/ -->\n<title>Traditionelles Korbflechten auf der Insel Inis M\u00f3r, Aran Islands<\/title>\n<meta name=\"description\" content=\"Flechten von traditionellen Weidek\u00f6rben mit Vincent McCarran und einfache gef\u00fchrte Wanderungen entlang hohen Klippen und weiten Sandstr\u00e4nden.\" \/>\n<meta name=\"robots\" content=\"index, follow, max-snippet:-1, max-image-preview:large, max-video-preview:-1\" \/>\n<link rel=\"canonical\" href=\"https:\/\/www.celticexperience.net\/de\/tours\/traditionelles-korbflechten-eine-reise-in-die-vergangenheit\/\" \/>\n<meta property=\"og:locale\" content=\"de_DE\" \/>\n<meta property=\"og:type\" content=\"article\" \/>\n<meta property=\"og:title\" content=\"Traditionelles Korbflechten auf der Insel Inis M\u00f3r, Aran Islands\" \/>\n<meta property=\"og:description\" content=\"Flechten von traditionellen Weidek\u00f6rben mit Vincent McCarran und einfache gef\u00fchrte Wanderungen entlang hohen Klippen und weiten Sandstr\u00e4nden.\" \/>\n<meta property=\"og:url\" content=\"https:\/\/www.celticexperience.net\/de\/tours\/traditionelles-korbflechten-eine-reise-in-die-vergangenheit\/\" \/>\n<meta property=\"og:site_name\" content=\"Celtic Spirit\" \/>\n<meta property=\"article:modified_time\" content=\"2023-10-26T19:24:21+00:00\" \/>\n<meta property=\"og:image\" content=\"https:\/\/www.celticexperience.net\/de\/wp-content\/uploads\/2015\/05\/Feldenkrais-und-Wandern.jpg\" \/>\n\t<meta property=\"og:image:width\" content=\"852\" \/>\n\t<meta property=\"og:image:height\" content=\"568\" \/>\n<meta name=\"twitter:card\" content=\"summary\" \/>\n<meta name=\"twitter:label1\" content=\"Gesch\u00e4tzte Lesezeit\" \/>\n\t<meta name=\"twitter:data1\" content=\"2\u00a0Minuten\" \/>\n<script type=\"application\/ld+json\" class=\"yoast-schema-graph\">{\"@context\":\"https:\/\/schema.org\",\"@graph\":[{\"@type\":\"WebSite\",\"@id\":\"https:\/\/www.celticexperience.net\/de\/#website\",\"url\":\"https:\/\/www.celticexperience.net\/de\/\",\"name\":\"Celtic Spirit\",\"description\":\"Irish Cultural Holidays\",\"potentialAction\":[{\"@type\":\"SearchAction\",\"target\":{\"@type\":\"EntryPoint\",\"urlTemplate\":\"https:\/\/www.celticexperience.net\/de\/?s={search_term_string}\"},\"query-input\":\"required name=search_term_string\"}],\"inLanguage\":\"de\"},{\"@type\":\"ImageObject\",\"@id\":\"https:\/\/www.celticexperience.net\/de\/tours\/traditionelles-korbflechten-eine-reise-in-die-vergangenheit\/#primaryimage\",\"inLanguage\":\"de\",\"url\":\"https:\/\/www.celticexperience.net\/de\/wp-content\/uploads\/2015\/05\/Feldenkrais-und-Wandern.jpg\",\"contentUrl\":\"https:\/\/www.celticexperience.net\/de\/wp-content\/uploads\/2015\/05\/Feldenkrais-und-Wandern.jpg\",\"width\":852,\"height\":568,\"caption\":\"Feldenkrais und Wandern Inishmore\"},{\"@type\":\"WebPage\",\"@id\":\"https:\/\/www.celticexperience.net\/de\/tours\/traditionelles-korbflechten-eine-reise-in-die-vergangenheit\/#webpage\",\"url\":\"https:\/\/www.celticexperience.net\/de\/tours\/traditionelles-korbflechten-eine-reise-in-die-vergangenheit\/\",\"name\":\"Traditionelles Korbflechten auf der Insel Inis M\\u00f3r, Aran Islands\",\"isPartOf\":{\"@id\":\"https:\/\/www.celticexperience.net\/de\/#website\"},\"primaryImageOfPage\":{\"@id\":\"https:\/\/www.celticexperience.net\/de\/tours\/traditionelles-korbflechten-eine-reise-in-die-vergangenheit\/#primaryimage\"},\"datePublished\":\"2022-11-10T08:57:11+00:00\",\"dateModified\":\"2023-10-26T19:24:21+00:00\",\"description\":\"Flechten von traditionellen Weidek\\u00f6rben mit Vincent McCarran und einfache gef\\u00fchrte Wanderungen entlang hohen Klippen und weiten Sandstr\\u00e4nden.\",\"breadcrumb\":{\"@id\":\"https:\/\/www.celticexperience.net\/de\/tours\/traditionelles-korbflechten-eine-reise-in-die-vergangenheit\/#breadcrumb\"},\"inLanguage\":\"de\",\"potentialAction\":[{\"@type\":\"ReadAction\",\"target\":[\"https:\/\/www.celticexperience.net\/de\/tours\/traditionelles-korbflechten-eine-reise-in-die-vergangenheit\/\"]}]},{\"@type\":\"BreadcrumbList\",\"@id\":\"https:\/\/www.celticexperience.net\/de\/tours\/traditionelles-korbflechten-eine-reise-in-die-vergangenheit\/#breadcrumb\",\"itemListElement\":[{\"@type\":\"ListItem\",\"position\":1,\"name\":\"Home\",\"item\":\"https:\/\/www.celticexperience.net\/de\/\"},{\"@type\":\"ListItem\",\"position\":2,\"name\":\"Produkte\",\"item\":\"https:\/\/www.celticexperience.net\/de\/shop\/\"},{\"@type\":\"ListItem\",\"position\":3,\"name\":\"Traditionelles Korbflechten &#8211; eine Reise in die Vergangenheit\"}]}]}<\/script>\n<!-- \/ Yoast SEO plugin. -->","yoast_head_json":{"title":"Traditionelles Korbflechten auf der Insel Inis M\u00f3r, Aran Islands","description":"Flechten von traditionellen Weidek\u00f6rben mit Vincent McCarran und einfache gef\u00fchrte Wanderungen entlang hohen Klippen und weiten Sandstr\u00e4nden.","robots":{"index":"index","follow":"follow","max-snippet":"max-snippet:-1","max-image-preview":"max-image-preview:large","max-video-preview":"max-video-preview:-1"},"canonical":"https:\/\/www.celticexperience.net\/de\/tours\/traditionelles-korbflechten-eine-reise-in-die-vergangenheit\/","og_locale":"de_DE","og_type":"article","og_title":"Traditionelles Korbflechten auf der Insel Inis M\u00f3r, Aran Islands","og_description":"Flechten von traditionellen Weidek\u00f6rben mit Vincent McCarran und einfache gef\u00fchrte Wanderungen entlang hohen Klippen und weiten Sandstr\u00e4nden.","og_url":"https:\/\/www.celticexperience.net\/de\/tours\/traditionelles-korbflechten-eine-reise-in-die-vergangenheit\/","og_site_name":"Celtic Spirit","article_modified_time":"2023-10-26T19:24:21+00:00","og_image":[{"width":852,"height":568,"url":"https:\/\/www.celticexperience.net\/de\/wp-content\/uploads\/2015\/05\/Feldenkrais-und-Wandern.jpg","type":"image\/jpeg"}],"twitter_card":"summary","twitter_misc":{"Gesch\u00e4tzte Lesezeit":"2\u00a0Minuten"},"schema":{"@context":"https:\/\/schema.org","@graph":[{"@type":"WebSite","@id":"https:\/\/www.celticexperience.net\/de\/#website","url":"https:\/\/www.celticexperience.net\/de\/","name":"Celtic Spirit","description":"Irish Cultural Holidays","potentialAction":[{"@type":"SearchAction","target":{"@type":"EntryPoint","urlTemplate":"https:\/\/www.celticexperience.net\/de\/?s={search_term_string}"},"query-input":"required name=search_term_string"}],"inLanguage":"de"},{"@type":"ImageObject","@id":"https:\/\/www.celticexperience.net\/de\/tours\/traditionelles-korbflechten-eine-reise-in-die-vergangenheit\/#primaryimage","inLanguage":"de","url":"https:\/\/www.celticexperience.net\/de\/wp-content\/uploads\/2015\/05\/Feldenkrais-und-Wandern.jpg","contentUrl":"https:\/\/www.celticexperience.net\/de\/wp-content\/uploads\/2015\/05\/Feldenkrais-und-Wandern.jpg","width":852,"height":568,"caption":"Feldenkrais und Wandern Inishmore"},{"@type":"WebPage","@id":"https:\/\/www.celticexperience.net\/de\/tours\/traditionelles-korbflechten-eine-reise-in-die-vergangenheit\/#webpage","url":"https:\/\/www.celticexperience.net\/de\/tours\/traditionelles-korbflechten-eine-reise-in-die-vergangenheit\/","name":"Traditionelles Korbflechten auf der Insel Inis M\u00f3r, Aran Islands","isPartOf":{"@id":"https:\/\/www.celticexperience.net\/de\/#website"},"primaryImageOfPage":{"@id":"https:\/\/www.celticexperience.net\/de\/tours\/traditionelles-korbflechten-eine-reise-in-die-vergangenheit\/#primaryimage"},"datePublished":"2022-11-10T08:57:11+00:00","dateModified":"2023-10-26T19:24:21+00:00","description":"Flechten von traditionellen Weidek\u00f6rben mit Vincent McCarran und einfache gef\u00fchrte Wanderungen entlang hohen Klippen und weiten Sandstr\u00e4nden.","breadcrumb":{"@id":"https:\/\/www.celticexperience.net\/de\/tours\/traditionelles-korbflechten-eine-reise-in-die-vergangenheit\/#breadcrumb"},"inLanguage":"de","potentialAction":[{"@type":"ReadAction","target":["https:\/\/www.celticexperience.net\/de\/tours\/traditionelles-korbflechten-eine-reise-in-die-vergangenheit\/"]}]},{"@type":"BreadcrumbList","@id":"https:\/\/www.celticexperience.net\/de\/tours\/traditionelles-korbflechten-eine-reise-in-die-vergangenheit\/#breadcrumb","itemListElement":[{"@type":"ListItem","position":1,"name":"Home","item":"https:\/\/www.celticexperience.net\/de\/"},{"@type":"ListItem","position":2,"name":"Produkte","item":"https:\/\/www.celticexperience.net\/de\/shop\/"},{"@type":"ListItem","position":3,"name":"Traditionelles Korbflechten &#8211; eine Reise in die Vergangenheit"}]}]}},"_links":{"self":[{"href":"https:\/\/www.celticexperience.net\/de\/wp-json\/wp\/v2\/product\/1948"}],"collection":[{"href":"https:\/\/www.celticexperience.net\/de\/wp-json\/wp\/v2\/product"}],"about":[{"href":"https:\/\/www.celticexperience.net\/de\/wp-json\/wp\/v2\/types\/product"}],"replies":[{"embeddable":true,"href":"https:\/\/www.celticexperience.net\/de\/wp-json\/wp\/v2\/comments?post=1948"}],"wp:featuredmedia":[{"embeddable":true,"href":"https:\/\/www.celticexperience.net\/de\/wp-json\/wp\/v2\/media\/1201"}],"wp:attachment":[{"href":"https:\/\/www.celticexperience.net\/de\/wp-json\/wp\/v2\/media?parent=1948"}],"wp:term":[{"taxonomy":"product_cat","embeddable":true,"href":"https:\/\/www.celticexperience.net\/de\/wp-json\/wp\/v2\/product_cat?post=1948"},{"taxonomy":"product_tag","embeddable":true,"href":"https:\/\/www.celticexperience.net\/de\/wp-json\/wp\/v2\/product_tag?post=1948"}],"curies":[{"name":"wp","href":"https:\/\/api.w.org\/{rel}","templated":true}]}}