{"id":1865,"date":"2021-11-01T19:55:52","date_gmt":"2021-11-01T19:55:52","guid":{"rendered":"https:\/\/www.celticexperience.net\/de\/tours\/sligo-experience\/"},"modified":"2024-11-24T16:03:17","modified_gmt":"2024-11-24T16:03:17","slug":"sligo-experience-co-sligo-erleben-mit-menschen-die-dort-leben","status":"publish","type":"product","link":"https:\/\/www.celticexperience.net\/de\/tours\/sligo-experience-co-sligo-erleben-mit-menschen-die-dort-leben\/","title":{"rendered":"Sligo Experience"},"content":{"rendered":"<p>[vc_row][vc_column][vc_column_text]<\/p>\n<h3><strong>SLIGO EXPERIENCE: Sligo erleben mit Menschen die dort leben<\/strong><\/h3>\n<ul>\n<li>Catherine Rhatigan, Harfenistin, geboren in Co. Sligo, l\u00e4dt Sie ein, die magische Landschaft und den Lebensstil von North Sligo zu erkunden: atemberaubende Strandspazierg\u00e4nge, Carrowmore Megalithic Cemetery, WB Yeats, Knocknarea, Seaweed und Hawk walks, lokale Geschichte und Geschichten und vieles mehr.<\/li>\n<\/ul>\n<p>[\/vc_column_text][vc_row_inner][vc_column_inner][vc_separator][\/vc_column_inner][\/vc_row_inner][vc_row_inner][vc_column_inner width=&#8220;1\/4&#8243;][vc_column_text]<b>PROGRAMMDATUM<\/b>[\/vc_column_text][\/vc_column_inner][vc_column_inner width=&#8220;3\/4&#8243;][vc_column_text]<\/p>\n<h3><strong>6 &#8211; 13. August 2024<\/strong><\/h3>\n<p>[\/vc_column_text][\/vc_column_inner][\/vc_row_inner][vc_row_inner][vc_column_inner][vc_separator][\/vc_column_inner][\/vc_row_inner][vc_row_inner][vc_column_inner width=&#8220;1\/4&#8243;][vc_column_text]<b>BUCHUNG<\/b>[\/vc_column_text][\/vc_column_inner][vc_column_inner width=&#8220;3\/4&#8243;][vc_column_text]<strong>Info und Anmeldung:<\/strong><\/p>\n<p>Elizabeth Zollinger<br \/>\nTelefon und Fax +41 (0)44 252 09 18\/077 5200136<br \/>\nEmail: <a href=\"mailto:info@irish-culture.ch\">info@irish-culture.ch<\/a>[\/vc_column_text][\/vc_column_inner][\/vc_row_inner][vc_row_inner][vc_column_inner][vc_separator][\/vc_column_inner][\/vc_row_inner][vc_row_inner][vc_column_inner width=&#8220;1\/4&#8243;][vc_column_text]<b>FLUG<\/b>[\/vc_column_text][\/vc_column_inner][vc_column_inner width=&#8220;3\/4&#8243;][vc_column_text]Fr\u00fch buchen lohnt sich: Platzzahl beschr\u00e4nkt und die Fl\u00fcge sind g\u00fcnstiger, je fr\u00fcher man sie buchen kann.[\/vc_column_text][\/vc_column_inner][\/vc_row_inner][vc_row_inner][vc_column_inner][vc_separator][\/vc_column_inner][\/vc_row_inner][vc_row_inner][vc_column_inner width=&#8220;1\/3&#8243;][vc_column_text]<b>INBEGRIFFEN<\/b>[\/vc_column_text][\/vc_column_inner][vc_column_inner width=&#8220;2\/3&#8243;][vc_column_text]<i class=\"fa fa-check icon-tick icon-tick--on\"><\/i>7 Uebernachtungen mit irischem Fr\u00fchst\u00fcck im Pier Head Hotel, Leisure Centre und Spa in Mullaghmore<\/p>\n<p><i class=\"fa fa-check icon-tick icon-tick--on\"><\/i>4 Nachtessen, 2 x Lunch<\/p>\n<p><i class=\"fa fa-check icon-tick icon-tick--on\"><\/i>Alle\u00a0gemeinsamen Transporte.<\/p>\n<p><i class=\"fa fa-check icon-tick icon-tick--on\"><\/i>F\u00fchrungen, und andere Aktivit\u00e4ten gem\u00e4ss Programm.[\/vc_column_text][\/vc_column_inner][\/vc_row_inner][vc_row_inner][vc_column_inner][vc_separator][\/vc_column_inner][\/vc_row_inner][vc_row_inner][vc_column_inner width=&#8220;1\/3&#8243;][vc_column_text]<b>NICHT INBEGRIFFEN<\/b>[\/vc_column_text][\/vc_column_inner][vc_column_inner width=&#8220;2\/3&#8243;][vc_column_text]<i class=\"fa fa-times icon-tick icon-tick--off\"><\/i>Flug und Bus bis und ab Sligo Town<\/p>\n<p><i class=\"fa fa-times icon-tick icon-tick--off\"><\/i>3 Nachtessen<\/p>\n<p><i class=\"fa fa-times icon-tick icon-tick--off\"><\/i>5 x Lunch<\/p>\n<p><i class=\"fa fa-times icon-tick icon-tick--off\"><\/i>Getr\u00e4nke und Trinkgelder, Unfall- und Annullationsversicherung[\/vc_column_text][\/vc_column_inner][\/vc_row_inner][vc_row_inner][vc_column_inner][vc_separator][\/vc_column_inner][\/vc_row_inner][vc_row_inner][vc_column_inner width=&#8220;1\/4&#8243;][vc_column_text]<b>UNTERK\u00dcNFTE<\/b>[\/vc_column_text][\/vc_column_inner][vc_column_inner width=&#8220;3\/4&#8243;][vc_column_text]7 N\u00e4chte in DZ im *** Pier Head Hotel (Leisure Center und Spa) in Mullaghmore[\/vc_column_text][\/vc_column_inner][\/vc_row_inner][vc_row_inner][vc_column_inner][vc_separator][\/vc_column_inner][\/vc_row_inner][vc_row_inner][vc_column_inner width=&#8220;1\/4&#8243;][vc_column_text]<b>KOSTEN<\/b>[\/vc_column_text][\/vc_column_inner][vc_column_inner width=&#8220;3\/4&#8243;][vc_column_text]<strong>CHF 1490.- (ca Euro 1490.-)<\/strong> bei 14 &#8211; 16\u00a0 TeilnehmerInnen<\/p>\n<p>Bei gr\u00f6sseren Wechselkursschwankungen wird der Preis nach unten oder oben angepasst.<\/p>\n<p>Beginn und Ende der Reise in Sligo Town[\/vc_column_text][\/vc_column_inner][\/vc_row_inner][vc_row_inner][vc_column_inner][vc_separator][\/vc_column_inner][\/vc_row_inner][vc_row_inner][vc_column_inner width=&#8220;1\/4&#8243;][vc_column_text]<b>ZUSCHL\u00c4GE<\/b>[\/vc_column_text][\/vc_column_inner][vc_column_inner width=&#8220;3\/4&#8243;][vc_column_text]<strong>EZ: CHF 220.- (Euro 220.-) Es stehen nur wenig EZ zur Verf\u00fcgung: fr\u00fch buchen! <\/strong>\u00a0Wir sind froh, wenn auch T. die sich nicht kennen bereit sind ein Zimmer zu teilen.<\/p>\n<p><strong>Kleingruppenzuschlag:<\/strong> <strong>12\/13 T.:CHF 140.- (Euro 140.-)\/10\/11 T.: 250.-<\/strong><\/p>\n<p>Bei einer wesentlichen \u00c4nderung des Wechselkurses wird der Preis angepasst.<\/p>\n<p><strong>Zusatzn\u00e4chte<\/strong> in Mulloghmore: ab CHF: 75-\/Euro 75.- \/Nacht im DZ[\/vc_column_text][\/vc_column_inner][\/vc_row_inner][\/vc_column][\/vc_row][vc_row][vc_column][vc_text_separator title=&#8220;Reiseleitung&#8220;][\/vc_column][\/vc_row][vc_row][vc_column width=&#8220;2\/3&#8243;][vc_column_text]<strong>Catherine Rhatigan<\/strong> wuchs in Nord-Sligo auf, studierte am University College Galway und unterrichtete 14 Jahre lang in Donegal, bevor sie nach Z\u00fcrich zog. Sie hat grosses Interesse an der Region, in der sie aufgewachsen ist, und hat in den letzten Jahren an mehreren k\u00fcnstlerischen Projekten gearbeitet, die sich mit der Kultur, der Landschaft und der Geschichte der Region befassen. Die Konzerte wurden in der Tschechischen Republik, in Frankreich, Deutschland, \u00d6sterreich, den USA, der Slowakei und der Schweiz sowie in Irland ausgestrahlt. In den letzten zehn Jahren haben sie und Elizabeth bei mehreren Kulturprojekten zusammengearbeitet. <a href=\"http:\/\/www.irelandharp.net\">www.irelandharp.net<\/a><\/p>\n<p><strong>Elizabeth Zollinger,<\/strong> Malerin aus Z\u00fcrich, lebt seit 1974 teilzeitlich\u00a0auf der Insel Inishmore und ist stark mit der Insel, den Menschen<br \/>\nund ihrer Kultur verbunden. So gr\u00fcndete sie 1996 in Zusammenarbeit\u00a0mit InsulanerInnen das Projekt \u201eCeltic Spirit\u201c mit dem Ziel,<br \/>\nirisch-keltische Kultur zu vermitteln und einen sinnvollen Tourismus\u00a0auf der Insel aufzubauen.[\/vc_column_text][\/vc_column][vc_column width=&#8220;1\/3&#8243;][vc_single_image image=&#8220;1906&#8243;][vc_single_image image=&#8220;1620&#8243;][\/vc_column][\/vc_row][vc_row][vc_column][vc_column_text][\/vc_column_text][\/vc_column][\/vc_row][vc_row][vc_column][vc_separator][\/vc_column][\/vc_row][vc_row][vc_column width=&#8220;1\/2&#8243;][vc_column_text]<\/p>\n<h4>Laden Sie das Detailprogramm <a href=\"https:\/\/www.celticexperience.net\/de\/wp-content\/uploads\/2023\/10\/Sligo-Experience-deutsch-4.10..pdf\">hier &gt;&gt;<\/a><\/h4>\n<p>[\/vc_column_text][\/vc_column][vc_column width=&#8220;1\/2&#8243;][vc_btn title=&#8220;Sligo Experience&#8220; color=&#8220;primary&#8220; i_icon_fontawesome=&#8220;&#8220; add_icon=&#8220;true&#8220; link=&#8220;url:https%3A%2F%2Fwww.celticexperience.net%2Fde%2Fwp-content%2Fuploads%2F2023%2F10%2FSligo-Experience-deutsch-4.10..pdf|target:_blank&#8220;][\/vc_column][\/vc_row]<\/p>\n","protected":false},"excerpt":{"rendered":"<p>[vc_row][vc_column][vc_column_text] SLIGO EXPERIENCE: Sligo erleben mit Menschen die dort leben Catherine Rhatigan, Harfenistin, geboren in Co. Sligo, l\u00e4dt Sie ein, die magische Landschaft und den Lebensstil von North Sligo zu erkunden: atemberaubende Strandspazierg\u00e4nge, Carrowmore Megalithic Cemetery, WB Yeats, Knocknarea, Seaweed und Hawk walks, lokale Geschichte und Geschichten und vieles mehr. [\/vc_column_text][vc_row_inner][vc_column_inner][vc_separator][\/vc_column_inner][\/vc_row_inner][vc_row_inner][vc_column_inner width=&#8220;1\/4&#8243;][vc_column_text]PROGRAMMDATUM[\/vc_column_text][\/vc_column_inner][vc_column_inner width=&#8220;3\/4&#8243;][vc_column_text] 6 &#8211;<\/p>\n<div class=\"padding-top text-center\"><a href=\"https:\/\/www.celticexperience.net\/de\/tours\/sligo-experience-co-sligo-erleben-mit-menschen-die-dort-leben\/\" class=\"atbtn atbtn--medium atbtn--rounded atbtn--transparent\">Read more<i class=\"atbtn__icon atbtn__icon--right fa fa-long-arrow-right\"><\/i><\/a><\/div>\n","protected":false},"featured_media":1966,"comment_status":"open","ping_status":"closed","template":"","meta":[],"product_cat":[178],"product_tag":[407,398,404,397,401,399,406,400,403,402,405],"yoast_head":"<!-- This site is optimized with the Yoast SEO plugin v17.5 - https:\/\/yoast.com\/wordpress\/plugins\/seo\/ -->\n<title>Sligo Experience: Co. Sligo erleben mit Menschen, die dort leben<\/title>\n<meta name=\"description\" content=\"Catherine Rhatigan, Harfenistin, geboren in Co. Sligo, l\u00e4dt Sie ein, die magische Landschaft und den Lebensstil von North Sligo zu erkunden.\" \/>\n<meta name=\"robots\" content=\"index, follow, max-snippet:-1, max-image-preview:large, max-video-preview:-1\" \/>\n<link rel=\"canonical\" href=\"https:\/\/www.celticexperience.net\/de\/tours\/sligo-experience-co-sligo-erleben-mit-menschen-die-dort-leben\/\" \/>\n<meta property=\"og:locale\" content=\"de_DE\" \/>\n<meta property=\"og:type\" content=\"article\" \/>\n<meta property=\"og:title\" content=\"Sligo Experience: Co. Sligo erleben mit Menschen, die dort leben\" \/>\n<meta property=\"og:description\" content=\"Catherine Rhatigan, Harfenistin, geboren in Co. Sligo, l\u00e4dt Sie ein, die magische Landschaft und den Lebensstil von North Sligo zu erkunden.\" \/>\n<meta property=\"og:url\" content=\"https:\/\/www.celticexperience.net\/de\/tours\/sligo-experience-co-sligo-erleben-mit-menschen-die-dort-leben\/\" \/>\n<meta property=\"og:site_name\" content=\"Celtic Spirit\" \/>\n<meta property=\"article:modified_time\" content=\"2024-11-24T16:03:17+00:00\" \/>\n<meta property=\"og:image\" content=\"https:\/\/www.celticexperience.net\/de\/wp-content\/uploads\/2022\/11\/6Sly6xuQ.jpeg-Sligo-scaled.jpeg\" \/>\n\t<meta property=\"og:image:width\" content=\"2560\" \/>\n\t<meta property=\"og:image:height\" content=\"1920\" \/>\n<meta name=\"twitter:card\" content=\"summary\" \/>\n<meta name=\"twitter:label1\" content=\"Gesch\u00e4tzte Lesezeit\" \/>\n\t<meta name=\"twitter:data1\" content=\"2\u00a0Minuten\" \/>\n<script type=\"application\/ld+json\" class=\"yoast-schema-graph\">{\"@context\":\"https:\/\/schema.org\",\"@graph\":[{\"@type\":\"WebSite\",\"@id\":\"https:\/\/www.celticexperience.net\/de\/#website\",\"url\":\"https:\/\/www.celticexperience.net\/de\/\",\"name\":\"Celtic Spirit\",\"description\":\"Irish Cultural Holidays\",\"potentialAction\":[{\"@type\":\"SearchAction\",\"target\":{\"@type\":\"EntryPoint\",\"urlTemplate\":\"https:\/\/www.celticexperience.net\/de\/?s={search_term_string}\"},\"query-input\":\"required name=search_term_string\"}],\"inLanguage\":\"de\"},{\"@type\":\"ImageObject\",\"@id\":\"https:\/\/www.celticexperience.net\/de\/tours\/sligo-experience-co-sligo-erleben-mit-menschen-die-dort-leben\/#primaryimage\",\"inLanguage\":\"de\",\"url\":\"https:\/\/www.celticexperience.net\/de\/wp-content\/uploads\/2022\/11\/6Sly6xuQ.jpeg-Sligo-scaled.jpeg\",\"contentUrl\":\"https:\/\/www.celticexperience.net\/de\/wp-content\/uploads\/2022\/11\/6Sly6xuQ.jpeg-Sligo-scaled.jpeg\",\"width\":2560,\"height\":1920,\"caption\":\"Mulloghmore\"},{\"@type\":\"WebPage\",\"@id\":\"https:\/\/www.celticexperience.net\/de\/tours\/sligo-experience-co-sligo-erleben-mit-menschen-die-dort-leben\/#webpage\",\"url\":\"https:\/\/www.celticexperience.net\/de\/tours\/sligo-experience-co-sligo-erleben-mit-menschen-die-dort-leben\/\",\"name\":\"Sligo Experience: Co. Sligo erleben mit Menschen, die dort leben\",\"isPartOf\":{\"@id\":\"https:\/\/www.celticexperience.net\/de\/#website\"},\"primaryImageOfPage\":{\"@id\":\"https:\/\/www.celticexperience.net\/de\/tours\/sligo-experience-co-sligo-erleben-mit-menschen-die-dort-leben\/#primaryimage\"},\"datePublished\":\"2021-11-01T19:55:52+00:00\",\"dateModified\":\"2024-11-24T16:03:17+00:00\",\"description\":\"Catherine Rhatigan, Harfenistin, geboren in Co. Sligo, l\\u00e4dt Sie ein, die magische Landschaft und den Lebensstil von North Sligo zu erkunden.\",\"breadcrumb\":{\"@id\":\"https:\/\/www.celticexperience.net\/de\/tours\/sligo-experience-co-sligo-erleben-mit-menschen-die-dort-leben\/#breadcrumb\"},\"inLanguage\":\"de\",\"potentialAction\":[{\"@type\":\"ReadAction\",\"target\":[\"https:\/\/www.celticexperience.net\/de\/tours\/sligo-experience-co-sligo-erleben-mit-menschen-die-dort-leben\/\"]}]},{\"@type\":\"BreadcrumbList\",\"@id\":\"https:\/\/www.celticexperience.net\/de\/tours\/sligo-experience-co-sligo-erleben-mit-menschen-die-dort-leben\/#breadcrumb\",\"itemListElement\":[{\"@type\":\"ListItem\",\"position\":1,\"name\":\"Home\",\"item\":\"https:\/\/www.celticexperience.net\/de\/\"},{\"@type\":\"ListItem\",\"position\":2,\"name\":\"Produkte\",\"item\":\"https:\/\/www.celticexperience.net\/de\/shop\/\"},{\"@type\":\"ListItem\",\"position\":3,\"name\":\"Sligo Experience\"}]}]}<\/script>\n<!-- \/ Yoast SEO plugin. -->","yoast_head_json":{"title":"Sligo Experience: Co. Sligo erleben mit Menschen, die dort leben","description":"Catherine Rhatigan, Harfenistin, geboren in Co. Sligo, l\u00e4dt Sie ein, die magische Landschaft und den Lebensstil von North Sligo zu erkunden.","robots":{"index":"index","follow":"follow","max-snippet":"max-snippet:-1","max-image-preview":"max-image-preview:large","max-video-preview":"max-video-preview:-1"},"canonical":"https:\/\/www.celticexperience.net\/de\/tours\/sligo-experience-co-sligo-erleben-mit-menschen-die-dort-leben\/","og_locale":"de_DE","og_type":"article","og_title":"Sligo Experience: Co. Sligo erleben mit Menschen, die dort leben","og_description":"Catherine Rhatigan, Harfenistin, geboren in Co. Sligo, l\u00e4dt Sie ein, die magische Landschaft und den Lebensstil von North Sligo zu erkunden.","og_url":"https:\/\/www.celticexperience.net\/de\/tours\/sligo-experience-co-sligo-erleben-mit-menschen-die-dort-leben\/","og_site_name":"Celtic Spirit","article_modified_time":"2024-11-24T16:03:17+00:00","og_image":[{"width":2560,"height":1920,"url":"https:\/\/www.celticexperience.net\/de\/wp-content\/uploads\/2022\/11\/6Sly6xuQ.jpeg-Sligo-scaled.jpeg","type":"image\/jpeg"}],"twitter_card":"summary","twitter_misc":{"Gesch\u00e4tzte Lesezeit":"2\u00a0Minuten"},"schema":{"@context":"https:\/\/schema.org","@graph":[{"@type":"WebSite","@id":"https:\/\/www.celticexperience.net\/de\/#website","url":"https:\/\/www.celticexperience.net\/de\/","name":"Celtic Spirit","description":"Irish Cultural Holidays","potentialAction":[{"@type":"SearchAction","target":{"@type":"EntryPoint","urlTemplate":"https:\/\/www.celticexperience.net\/de\/?s={search_term_string}"},"query-input":"required name=search_term_string"}],"inLanguage":"de"},{"@type":"ImageObject","@id":"https:\/\/www.celticexperience.net\/de\/tours\/sligo-experience-co-sligo-erleben-mit-menschen-die-dort-leben\/#primaryimage","inLanguage":"de","url":"https:\/\/www.celticexperience.net\/de\/wp-content\/uploads\/2022\/11\/6Sly6xuQ.jpeg-Sligo-scaled.jpeg","contentUrl":"https:\/\/www.celticexperience.net\/de\/wp-content\/uploads\/2022\/11\/6Sly6xuQ.jpeg-Sligo-scaled.jpeg","width":2560,"height":1920,"caption":"Mulloghmore"},{"@type":"WebPage","@id":"https:\/\/www.celticexperience.net\/de\/tours\/sligo-experience-co-sligo-erleben-mit-menschen-die-dort-leben\/#webpage","url":"https:\/\/www.celticexperience.net\/de\/tours\/sligo-experience-co-sligo-erleben-mit-menschen-die-dort-leben\/","name":"Sligo Experience: Co. Sligo erleben mit Menschen, die dort leben","isPartOf":{"@id":"https:\/\/www.celticexperience.net\/de\/#website"},"primaryImageOfPage":{"@id":"https:\/\/www.celticexperience.net\/de\/tours\/sligo-experience-co-sligo-erleben-mit-menschen-die-dort-leben\/#primaryimage"},"datePublished":"2021-11-01T19:55:52+00:00","dateModified":"2024-11-24T16:03:17+00:00","description":"Catherine Rhatigan, Harfenistin, geboren in Co. Sligo, l\u00e4dt Sie ein, die magische Landschaft und den Lebensstil von North Sligo zu erkunden.","breadcrumb":{"@id":"https:\/\/www.celticexperience.net\/de\/tours\/sligo-experience-co-sligo-erleben-mit-menschen-die-dort-leben\/#breadcrumb"},"inLanguage":"de","potentialAction":[{"@type":"ReadAction","target":["https:\/\/www.celticexperience.net\/de\/tours\/sligo-experience-co-sligo-erleben-mit-menschen-die-dort-leben\/"]}]},{"@type":"BreadcrumbList","@id":"https:\/\/www.celticexperience.net\/de\/tours\/sligo-experience-co-sligo-erleben-mit-menschen-die-dort-leben\/#breadcrumb","itemListElement":[{"@type":"ListItem","position":1,"name":"Home","item":"https:\/\/www.celticexperience.net\/de\/"},{"@type":"ListItem","position":2,"name":"Produkte","item":"https:\/\/www.celticexperience.net\/de\/shop\/"},{"@type":"ListItem","position":3,"name":"Sligo Experience"}]}]}},"_links":{"self":[{"href":"https:\/\/www.celticexperience.net\/de\/wp-json\/wp\/v2\/product\/1865"}],"collection":[{"href":"https:\/\/www.celticexperience.net\/de\/wp-json\/wp\/v2\/product"}],"about":[{"href":"https:\/\/www.celticexperience.net\/de\/wp-json\/wp\/v2\/types\/product"}],"replies":[{"embeddable":true,"href":"https:\/\/www.celticexperience.net\/de\/wp-json\/wp\/v2\/comments?post=1865"}],"wp:featuredmedia":[{"embeddable":true,"href":"https:\/\/www.celticexperience.net\/de\/wp-json\/wp\/v2\/media\/1966"}],"wp:attachment":[{"href":"https:\/\/www.celticexperience.net\/de\/wp-json\/wp\/v2\/media?parent=1865"}],"wp:term":[{"taxonomy":"product_cat","embeddable":true,"href":"https:\/\/www.celticexperience.net\/de\/wp-json\/wp\/v2\/product_cat?post=1865"},{"taxonomy":"product_tag","embeddable":true,"href":"https:\/\/www.celticexperience.net\/de\/wp-json\/wp\/v2\/product_tag?post=1865"}],"curies":[{"name":"wp","href":"https:\/\/api.w.org\/{rel}","templated":true}]}}