{"id":1861,"date":"2021-11-01T16:03:38","date_gmt":"2021-11-01T16:03:38","guid":{"rendered":"https:\/\/www.celticexperience.net\/de\/tours\/sagenhafte-wanderungen-auf-der-irischen-insel-inis-mor\/"},"modified":"2025-11-19T10:25:28","modified_gmt":"2025-11-19T10:25:28","slug":"sagenhafte-wanderungen-auf-der-irischen-insel-inis-mor","status":"publish","type":"product","link":"https:\/\/www.celticexperience.net\/de\/tours\/sagenhafte-wanderungen-auf-der-irischen-insel-inis-mor\/","title":{"rendered":"Sagenhafte Wanderungen auf der irischen Insel Inis M\u00f3r"},"content":{"rendered":"<p>[vc_row][vc_column][vc_column_text]<\/p>\n<h3 style=\"text-align: center;\">Sagenhafte Wanderungen: Geschichten in der Landschaft der Insel Inis M\u00f3r<\/h3>\n<p style=\"text-align: center;\"><strong><span style=\"color: #ff0000;\">\u00a0<\/span><\/strong><\/p>\n<p style=\"text-align: center;\">Begleitet von frei erz\u00e4hlten \u00fcberlieferten Mythen und M\u00e4rchen (in deutscher Sprache) wandern wir zu versteckten, verzauberten Pl\u00e4tzen auf der Insel. Wir tauchen ein in die Welt des keltischen Jahreskreises und erfahren, wie die vier grossen Feste auf der Insel gefeiert wurden.<\/p>\n<p>&nbsp;<\/p>\n<p><strong>Inhalt<\/strong>:<\/p>\n<p>Das freie Geschichtenerz\u00e4hlen (Storytelling) ist tief verankert in der keltischen Kultur \u2013 kein Wunder, denn die irische Landschaft ist voller inspirierender, mythischer Orte! Diese Reise verbindet das Erlebnis dieser alten Kunst mit Wanderungen an geheimnisvolle Orte auf der magischen Insel Inis M\u00f3r. Nach der Einf\u00fchrung in den keltischen Jahreskreis steht jeder Tag unter dem Thema eines der vier grossen Jahresfeste. Dazu gibt es viel Zeit zum individuellen Seele-Baumeln-Lassen. Isabelle Hauser durchwebt die Woche mit dem Storytelling-Goldfaden f\u00fcr Erwachsene; kraftvoll, weise und so vielf\u00e4ltig wie das Leben selbst. Elizabeth Zollinger teilt den<br \/>\nSchatz ihres Wissens \u00fcber die Landschaft und keltische Kultur auf der Insel<\/p>\n<p><!--more-->[\/vc_column_text][vc_row_inner][vc_column_inner][vc_separator][\/vc_column_inner][\/vc_row_inner][vc_row_inner][vc_column_inner width=&#8220;1\/4&#8243;][vc_column_text]<b>PROGRAMMDATUM<\/b>[\/vc_column_text][\/vc_column_inner][vc_column_inner width=&#8220;3\/4&#8243;][vc_column_text]<\/p>\n<h3><strong>27. Juli &#8211; 3. August 2026<\/strong><\/h3>\n<p>[\/vc_column_text][\/vc_column_inner][\/vc_row_inner][vc_row_inner][vc_column_inner][vc_separator][\/vc_column_inner][\/vc_row_inner][vc_row_inner][vc_column_inner width=&#8220;1\/4&#8243;][vc_column_text]<b>BUCHUNG<\/b>[\/vc_column_text][\/vc_column_inner][vc_column_inner width=&#8220;3\/4&#8243;][vc_column_text]<strong>Anmeldung sp\u00e4testens 1. Mai 2026<\/strong><\/p>\n<p>(fr\u00fchzeitige Anmeldung empfohlen; die Platzzahl ist\u00a0beschr\u00e4nkt!)<\/p>\n<p><strong>Anmeldung und Information:<\/strong><br \/>\nElizabeth Zollinger wenden: 044 2520918 oder 077 7200136\u00a0 <a href=\"mailto:info@irish-culture.ch\">info@irish-culture.ch<\/a>[\/vc_column_text][\/vc_column_inner][\/vc_row_inner][vc_row_inner][vc_column_inner][vc_separator][\/vc_column_inner][\/vc_row_inner][vc_row_inner][vc_column_inner width=&#8220;1\/4&#8243;][vc_column_text]<b>FLUG<\/b>[\/vc_column_text][\/vc_column_inner][vc_column_inner width=&#8220;3\/4&#8243;][vc_column_text]<\/p>\n<p>Die Teilnehmenden buchen ihren Hin- und R\u00fcckflug selber. Die Flugtermine k\u00f6nnen so den individuellen W\u00fcnschen angepasst werden. Die Flugpreise ca. CHF 350 (Stand November 2025). Sobald wir 12 Anmeldungen haben, werden wir die Reise best\u00e4tigen und dann k\u00f6nnen die Fl\u00fcge gebucht werden.<\/p>\n<p>[\/vc_column_text][\/vc_column_inner][\/vc_row_inner][vc_row_inner][vc_column_inner][vc_separator][\/vc_column_inner][\/vc_row_inner][vc_row_inner][vc_column_inner width=&#8220;1\/3&#8243;][vc_column_text]<b>INBEGRIFFEN<\/b>[\/vc_column_text][\/vc_column_inner][vc_column_inner width=&#8220;2\/3&#8243;][vc_column_text]<i class=\"fa fa-check icon-tick icon-tick--on\"><\/i>6 Uebernachtungen auf Inis M\u00f3r im *** Kilmurvey Guesthouse)<\/p>\n<p><i class=\"fa fa-check icon-tick icon-tick--on\"><\/i>1 Uebernachtung in sch\u00f6nem B+B in Galway<\/p>\n<p><i class=\"fa fa-check icon-tick icon-tick--on\"><\/i>3 Abendessen<\/p>\n<p><i class=\"fa fa-check icon-tick icon-tick--on\"><\/i>Alle Bustransporte<\/p>\n<p><i class=\"fa fa-check icon-tick icon-tick--on\"><\/i>Alle F\u00fchrungen, Workshops und andere Aktivit\u00e4ten gem\u00e4ss Programm[\/vc_column_text][\/vc_column_inner][\/vc_row_inner][vc_row_inner][vc_column_inner][vc_separator][\/vc_column_inner][\/vc_row_inner][vc_row_inner][vc_column_inner width=&#8220;1\/3&#8243;][vc_column_text]<b>NICHT INBEGRIFFEN<\/b>[\/vc_column_text][\/vc_column_inner][vc_column_inner width=&#8220;2\/3&#8243;][vc_column_text]<i class=\"fa fa-times icon-tick icon-tick--off\"><\/i>Reise bis und von Galway<\/p>\n<p><i class=\"fa fa-times icon-tick icon-tick--off\"><\/i>Getr\u00e4nke<\/p>\n<p><i class=\"fa fa-times icon-tick icon-tick--off\"><\/i>Trinkgelder<\/p>\n<p><i class=\"fa fa-times icon-tick icon-tick--off\"><\/i>Restliche Verpflegung<\/p>\n<p><i class=\"fa fa-times icon-tick icon-tick--off\"><\/i>Annullationsversicherung[\/vc_column_text][\/vc_column_inner][\/vc_row_inner][vc_row_inner][vc_column_inner][vc_separator][\/vc_column_inner][\/vc_row_inner][vc_row_inner][vc_column_inner width=&#8220;1\/4&#8243;][vc_column_text]<b>UNTERKUNFT<\/b>[\/vc_column_text][\/vc_column_inner][vc_column_inner width=&#8220;3\/4&#8243;][vc_column_text]<\/p>\n<ul>\n<li>Kilmurvey Guesthouse und B+B in Galway<\/li>\n<\/ul>\n<p>[\/vc_column_text][\/vc_column_inner][\/vc_row_inner][vc_row_inner][vc_column_inner][vc_separator][\/vc_column_inner][\/vc_row_inner][vc_row_inner][vc_column_inner width=&#8220;1\/4&#8243;][vc_column_text]<b>KOSTEN<\/b>[\/vc_column_text][\/vc_column_inner][vc_column_inner width=&#8220;3\/4&#8243;][vc_column_text 1=&#8220;1790.-&#8220; 2=&#8220;Bei&#8220; 3=&#8220;einer&#8220; 4=&#8220;TeilnehmerInnenzahl&#8220; 5=&#8220;unter&#8220; 6=&#8220;17&#8243; 7=&#8220;muss&#8220; 8=&#8220;ein&#8220; 9=&#8220;Kleingruppenzuschlag&#8220; 10=&#8220;erhoben&#8220; 11=&#8220;werden.&#8220; 12=&#8220;Die&#8220; 13=&#8220;gemeinsamen&#8220; 14=&#8220;Kosten&#8220; 15=&#8220;sind&#8220; 16=&#8220;sehr&#8220; 17=&#8220;hoch.&#8220; 18=&#8220;Bei&#8220; 19=&#8220;grossen&#8220; 20=&#8220;Wechselkursschwankungen&#8220; 21=&#8220;(\u00a3)&#8220; 22=&#8220;wird&#8220; 23=&#8220;der&#8220; 24=&#8220;Preis&#8220; 25=&#8220;nach&#8220; 26=&#8220;unten&#8220; 27=&#8220;oder&#8220; 28=&#8220;oben&#8220; 29=&#8220;angepasst&#8220; 30=&#8220;`{`\/vc_column_text&#8220;]<\/p>\n<p><strong>CHF 1430.<\/strong>&#8211; im *** Kilmurvey Guesthouse mit Service und grossem irischen Fr\u00fchst\u00fccksbuffet bei 14 &#8211; 16 TeilnehmerInnen<\/p>\n<p><strong>Kleingruppenzuschlag bei 12-13 T.: CHF 100.- \/10-11 T.: CHF 150.-<\/strong>. Bei grossen Wechselkursschwankungen \u00a0wird der Preis nach unten oder oben angepasst<\/p>\n<p>[\/vc_column_text][\/vc_column_inner][\/vc_row_inner][vc_row_inner][vc_column_inner][vc_separator][\/vc_column_inner][\/vc_row_inner][vc_row_inner][vc_column_inner width=&#8220;1\/4&#8243;][vc_column_text]<b>ZUSCHL\u00c4GE<\/b>[\/vc_column_text][\/vc_column_inner][vc_column_inner width=&#8220;3\/4&#8243;][vc_column_text]<\/p>\n<p><strong>Einzelzimmerzuschlag:<\/strong><\/p>\n<p>Einzelzimmer: 6 N\u00e4chte Inis M\u00f3r: Kilmurveyhouse: <strong>CHF 210.-<\/strong><\/p>\n<p>letzte Nacht in Galway: <strong>CHF \u00a050.-<\/strong><\/p>\n<p>Zusatzn\u00e4chte in Galway und auf Inis M\u00f3r werden auf Wunsch gerne reserviert.<\/p>\n<p>(die Anzahl der Einzelzimmer ist beschr\u00e4nkt, vor allem in Galway, fr\u00fch buchen lohnt sich)<\/p>\n<p>[\/vc_column_text][\/vc_column_inner][\/vc_row_inner][\/vc_column][\/vc_row][vc_row][vc_column][vc_text_separator title=&#8220;Leitung&#8220;][\/vc_column][\/vc_row][vc_row][vc_column width=&#8220;1\/3&#8243;][vc_single_image image=&#8220;1863&#8243;][vc_single_image image=&#8220;1750&#8243;][\/vc_column][vc_column width=&#8220;2\/3&#8243;][vc_column_text]<strong><em>Isabelle Hauser: <\/em><\/strong><strong><em>(Geschichtenerz\u00e4hlerin)<\/em><\/strong> <em>Erz\u00e4hlerin und Harfenistin aus Zug, hat die Kunst des freien Erz\u00e4hlens (Storytelling) in Irland gelernt. Seither ist sie mit der Harfe und Geschichten auf B\u00fchnen in der Schweiz und im Ausland unterwegs, als Solo-K\u00fcnstlerin und in Forma-tionen. Es ist ihre gr\u00f6sste Leidenschaft, Menschen mit M\u00e4rchen und Musik in eine Welt zu entf\u00fchren, in der alles m\u00f6glich ist.<\/em><\/p>\n<p>www.isabellehauser.com<\/p>\n<p><strong><em>Elizabeth Zollinger<\/em><\/strong><strong><em> (Organisation und Wanderungen):<\/em><\/strong><em> Malerin <\/em><em>aus Z\u00fcrich, lebt seit 1974 teilzeitlich auf der Insel Inis M\u00f3r und ist stark mit der Insel, den Menschen und ihrer Kultur verbunden. <\/em><em>So gr\u00fcndete sie 1996 in Zusammenarbeit mit InselbewohnerInnen das Projekt \u201eCeltic Spirit\u201c mit dem Ziel, irisch-keltische Kultur zu vermitteln und einen sinnvollen Tourismus auf der Insel aufzubauen.<\/em>[\/vc_column_text][\/vc_column][\/vc_row][vc_row][vc_column][vc_row_inner][vc_column_inner][vc_separator][\/vc_column_inner][\/vc_row_inner][\/vc_column][\/vc_row][vc_row][vc_column width=&#8220;1\/2&#8243;][vc_column_text]<\/p>\n<h4>Laden Sie das Detailprogramm <a href=\"https:\/\/www.celticexperience.net\/de\/wp-content\/uploads\/2025\/11\/Sagenhafte-Wanderungen-26-pdf.pdf\">hier<\/a> &gt;&gt;<\/h4>\n<p>[\/vc_column_text][\/vc_column][vc_column width=&#8220;1\/2&#8243;][vc_btn title=&#8220;Sagenhafte Wanderungen auf der Insel Inis M\u00f3r&#8220; color=&#8220;primary&#8220; i_icon_fontawesome=&#8220;&#8220; add_icon=&#8220;true&#8220; link=&#8220;url:https%3A%2F%2Fwww.celticexperience.net%2Fde%2Fwp-content%2Fuploads%2F2025%2F11%2FSagenhafte-Wanderungen-26-pdf.pdf|target:_blank&#8220;][\/vc_column][\/vc_row]<\/p>\n","protected":false},"excerpt":{"rendered":"<p>[vc_row][vc_column][vc_column_text] Sagenhafte Wanderungen: Geschichten in der Landschaft der Insel Inis M\u00f3r \u00a0 Begleitet von frei erz\u00e4hlten \u00fcberlieferten Mythen und M\u00e4rchen (in deutscher Sprache) wandern wir zu versteckten, verzauberten Pl\u00e4tzen auf der Insel. Wir tauchen ein in die Welt des keltischen Jahreskreises und erfahren, wie die vier grossen Feste auf der Insel gefeiert wurden. &nbsp; Inhalt:<\/p>\n<div class=\"padding-top text-center\"><a href=\"https:\/\/www.celticexperience.net\/de\/tours\/sagenhafte-wanderungen-auf-der-irischen-insel-inis-mor\/\" class=\"atbtn atbtn--medium atbtn--rounded atbtn--transparent\">Read more<i class=\"atbtn__icon atbtn__icon--right fa fa-long-arrow-right\"><\/i><\/a><\/div>\n","protected":false},"featured_media":2068,"comment_status":"open","ping_status":"closed","template":"","meta":[],"product_cat":[179],"product_tag":[260],"yoast_head":"<!-- This site is optimized with the Yoast SEO plugin v17.5 - https:\/\/yoast.com\/wordpress\/plugins\/seo\/ -->\n<title>Sagenhafte Wanderungen auf der Insel Inis M\u00f3r, Geschichten vor Ort<\/title>\n<meta name=\"description\" content=\"Sagenhafte Wanderungen, Geschichten in der Landschaft der Insel Inis M\u00f3r, begleitet von frei erz\u00e4hlten Mythen und M\u00e0rchen wandern wir zu versteckten Pl\u00e4tzen und tauchen ein in die Welt des Keltischen Jahreskreises.\" \/>\n<meta name=\"robots\" content=\"index, follow, max-snippet:-1, max-image-preview:large, max-video-preview:-1\" \/>\n<link rel=\"canonical\" href=\"https:\/\/www.celticexperience.net\/de\/tours\/sagenhafte-wanderungen-auf-der-irischen-insel-inis-mor\/\" \/>\n<meta property=\"og:locale\" content=\"de_DE\" \/>\n<meta property=\"og:type\" content=\"article\" \/>\n<meta property=\"og:title\" content=\"Sagenhafte Wanderungen auf der Insel Inis M\u00f3r, Geschichten vor Ort\" \/>\n<meta property=\"og:description\" content=\"Sagenhafte Wanderungen, Geschichten in der Landschaft der Insel Inis M\u00f3r, begleitet von frei erz\u00e4hlten Mythen und M\u00e0rchen wandern wir zu versteckten Pl\u00e4tzen und tauchen ein in die Welt des Keltischen Jahreskreises.\" \/>\n<meta property=\"og:url\" content=\"https:\/\/www.celticexperience.net\/de\/tours\/sagenhafte-wanderungen-auf-der-irischen-insel-inis-mor\/\" \/>\n<meta property=\"og:site_name\" content=\"Celtic Spirit\" \/>\n<meta property=\"article:modified_time\" content=\"2025-11-19T10:25:28+00:00\" \/>\n<meta property=\"og:image\" content=\"https:\/\/www.celticexperience.net\/de\/wp-content\/uploads\/2022\/11\/P1020707-scaled.jpg\" \/>\n\t<meta property=\"og:image:width\" content=\"2560\" \/>\n\t<meta property=\"og:image:height\" content=\"1920\" \/>\n<meta name=\"twitter:card\" content=\"summary\" \/>\n<meta name=\"twitter:label1\" content=\"Gesch\u00e4tzte Lesezeit\" \/>\n\t<meta name=\"twitter:data1\" content=\"3\u00a0Minuten\" \/>\n<script type=\"application\/ld+json\" class=\"yoast-schema-graph\">{\"@context\":\"https:\/\/schema.org\",\"@graph\":[{\"@type\":\"WebSite\",\"@id\":\"https:\/\/www.celticexperience.net\/de\/#website\",\"url\":\"https:\/\/www.celticexperience.net\/de\/\",\"name\":\"Celtic Spirit\",\"description\":\"Irish Cultural Holidays\",\"potentialAction\":[{\"@type\":\"SearchAction\",\"target\":{\"@type\":\"EntryPoint\",\"urlTemplate\":\"https:\/\/www.celticexperience.net\/de\/?s={search_term_string}\"},\"query-input\":\"required name=search_term_string\"}],\"inLanguage\":\"de\"},{\"@type\":\"ImageObject\",\"@id\":\"https:\/\/www.celticexperience.net\/de\/tours\/sagenhafte-wanderungen-auf-der-irischen-insel-inis-mor\/#primaryimage\",\"inLanguage\":\"de\",\"url\":\"https:\/\/www.celticexperience.net\/de\/wp-content\/uploads\/2022\/11\/P1020707-scaled.jpg\",\"contentUrl\":\"https:\/\/www.celticexperience.net\/de\/wp-content\/uploads\/2022\/11\/P1020707-scaled.jpg\",\"width\":2560,\"height\":1920,\"caption\":\"Inihmore Klippen\"},{\"@type\":\"WebPage\",\"@id\":\"https:\/\/www.celticexperience.net\/de\/tours\/sagenhafte-wanderungen-auf-der-irischen-insel-inis-mor\/#webpage\",\"url\":\"https:\/\/www.celticexperience.net\/de\/tours\/sagenhafte-wanderungen-auf-der-irischen-insel-inis-mor\/\",\"name\":\"Sagenhafte Wanderungen auf der Insel Inis M\\u00f3r, Geschichten vor Ort\",\"isPartOf\":{\"@id\":\"https:\/\/www.celticexperience.net\/de\/#website\"},\"primaryImageOfPage\":{\"@id\":\"https:\/\/www.celticexperience.net\/de\/tours\/sagenhafte-wanderungen-auf-der-irischen-insel-inis-mor\/#primaryimage\"},\"datePublished\":\"2021-11-01T16:03:38+00:00\",\"dateModified\":\"2025-11-19T10:25:28+00:00\",\"description\":\"Sagenhafte Wanderungen, Geschichten in der Landschaft der Insel Inis M\\u00f3r, begleitet von frei erz\\u00e4hlten Mythen und M\\u00e0rchen wandern wir zu versteckten Pl\\u00e4tzen und tauchen ein in die Welt des Keltischen Jahreskreises.\",\"breadcrumb\":{\"@id\":\"https:\/\/www.celticexperience.net\/de\/tours\/sagenhafte-wanderungen-auf-der-irischen-insel-inis-mor\/#breadcrumb\"},\"inLanguage\":\"de\",\"potentialAction\":[{\"@type\":\"ReadAction\",\"target\":[\"https:\/\/www.celticexperience.net\/de\/tours\/sagenhafte-wanderungen-auf-der-irischen-insel-inis-mor\/\"]}]},{\"@type\":\"BreadcrumbList\",\"@id\":\"https:\/\/www.celticexperience.net\/de\/tours\/sagenhafte-wanderungen-auf-der-irischen-insel-inis-mor\/#breadcrumb\",\"itemListElement\":[{\"@type\":\"ListItem\",\"position\":1,\"name\":\"Home\",\"item\":\"https:\/\/www.celticexperience.net\/de\/\"},{\"@type\":\"ListItem\",\"position\":2,\"name\":\"Produkte\",\"item\":\"https:\/\/www.celticexperience.net\/de\/shop\/\"},{\"@type\":\"ListItem\",\"position\":3,\"name\":\"Sagenhafte Wanderungen auf der irischen Insel Inis M\\u00f3r\"}]}]}<\/script>\n<!-- \/ Yoast SEO plugin. -->","yoast_head_json":{"title":"Sagenhafte Wanderungen auf der Insel Inis M\u00f3r, Geschichten vor Ort","description":"Sagenhafte Wanderungen, Geschichten in der Landschaft der Insel Inis M\u00f3r, begleitet von frei erz\u00e4hlten Mythen und M\u00e0rchen wandern wir zu versteckten Pl\u00e4tzen und tauchen ein in die Welt des Keltischen Jahreskreises.","robots":{"index":"index","follow":"follow","max-snippet":"max-snippet:-1","max-image-preview":"max-image-preview:large","max-video-preview":"max-video-preview:-1"},"canonical":"https:\/\/www.celticexperience.net\/de\/tours\/sagenhafte-wanderungen-auf-der-irischen-insel-inis-mor\/","og_locale":"de_DE","og_type":"article","og_title":"Sagenhafte Wanderungen auf der Insel Inis M\u00f3r, Geschichten vor Ort","og_description":"Sagenhafte Wanderungen, Geschichten in der Landschaft der Insel Inis M\u00f3r, begleitet von frei erz\u00e4hlten Mythen und M\u00e0rchen wandern wir zu versteckten Pl\u00e4tzen und tauchen ein in die Welt des Keltischen Jahreskreises.","og_url":"https:\/\/www.celticexperience.net\/de\/tours\/sagenhafte-wanderungen-auf-der-irischen-insel-inis-mor\/","og_site_name":"Celtic Spirit","article_modified_time":"2025-11-19T10:25:28+00:00","og_image":[{"width":2560,"height":1920,"url":"https:\/\/www.celticexperience.net\/de\/wp-content\/uploads\/2022\/11\/P1020707-scaled.jpg","type":"image\/jpeg"}],"twitter_card":"summary","twitter_misc":{"Gesch\u00e4tzte Lesezeit":"3\u00a0Minuten"},"schema":{"@context":"https:\/\/schema.org","@graph":[{"@type":"WebSite","@id":"https:\/\/www.celticexperience.net\/de\/#website","url":"https:\/\/www.celticexperience.net\/de\/","name":"Celtic Spirit","description":"Irish Cultural Holidays","potentialAction":[{"@type":"SearchAction","target":{"@type":"EntryPoint","urlTemplate":"https:\/\/www.celticexperience.net\/de\/?s={search_term_string}"},"query-input":"required name=search_term_string"}],"inLanguage":"de"},{"@type":"ImageObject","@id":"https:\/\/www.celticexperience.net\/de\/tours\/sagenhafte-wanderungen-auf-der-irischen-insel-inis-mor\/#primaryimage","inLanguage":"de","url":"https:\/\/www.celticexperience.net\/de\/wp-content\/uploads\/2022\/11\/P1020707-scaled.jpg","contentUrl":"https:\/\/www.celticexperience.net\/de\/wp-content\/uploads\/2022\/11\/P1020707-scaled.jpg","width":2560,"height":1920,"caption":"Inihmore Klippen"},{"@type":"WebPage","@id":"https:\/\/www.celticexperience.net\/de\/tours\/sagenhafte-wanderungen-auf-der-irischen-insel-inis-mor\/#webpage","url":"https:\/\/www.celticexperience.net\/de\/tours\/sagenhafte-wanderungen-auf-der-irischen-insel-inis-mor\/","name":"Sagenhafte Wanderungen auf der Insel Inis M\u00f3r, Geschichten vor Ort","isPartOf":{"@id":"https:\/\/www.celticexperience.net\/de\/#website"},"primaryImageOfPage":{"@id":"https:\/\/www.celticexperience.net\/de\/tours\/sagenhafte-wanderungen-auf-der-irischen-insel-inis-mor\/#primaryimage"},"datePublished":"2021-11-01T16:03:38+00:00","dateModified":"2025-11-19T10:25:28+00:00","description":"Sagenhafte Wanderungen, Geschichten in der Landschaft der Insel Inis M\u00f3r, begleitet von frei erz\u00e4hlten Mythen und M\u00e0rchen wandern wir zu versteckten Pl\u00e4tzen und tauchen ein in die Welt des Keltischen Jahreskreises.","breadcrumb":{"@id":"https:\/\/www.celticexperience.net\/de\/tours\/sagenhafte-wanderungen-auf-der-irischen-insel-inis-mor\/#breadcrumb"},"inLanguage":"de","potentialAction":[{"@type":"ReadAction","target":["https:\/\/www.celticexperience.net\/de\/tours\/sagenhafte-wanderungen-auf-der-irischen-insel-inis-mor\/"]}]},{"@type":"BreadcrumbList","@id":"https:\/\/www.celticexperience.net\/de\/tours\/sagenhafte-wanderungen-auf-der-irischen-insel-inis-mor\/#breadcrumb","itemListElement":[{"@type":"ListItem","position":1,"name":"Home","item":"https:\/\/www.celticexperience.net\/de\/"},{"@type":"ListItem","position":2,"name":"Produkte","item":"https:\/\/www.celticexperience.net\/de\/shop\/"},{"@type":"ListItem","position":3,"name":"Sagenhafte Wanderungen auf der irischen Insel Inis M\u00f3r"}]}]}},"_links":{"self":[{"href":"https:\/\/www.celticexperience.net\/de\/wp-json\/wp\/v2\/product\/1861"}],"collection":[{"href":"https:\/\/www.celticexperience.net\/de\/wp-json\/wp\/v2\/product"}],"about":[{"href":"https:\/\/www.celticexperience.net\/de\/wp-json\/wp\/v2\/types\/product"}],"replies":[{"embeddable":true,"href":"https:\/\/www.celticexperience.net\/de\/wp-json\/wp\/v2\/comments?post=1861"}],"wp:featuredmedia":[{"embeddable":true,"href":"https:\/\/www.celticexperience.net\/de\/wp-json\/wp\/v2\/media\/2068"}],"wp:attachment":[{"href":"https:\/\/www.celticexperience.net\/de\/wp-json\/wp\/v2\/media?parent=1861"}],"wp:term":[{"taxonomy":"product_cat","embeddable":true,"href":"https:\/\/www.celticexperience.net\/de\/wp-json\/wp\/v2\/product_cat?post=1861"},{"taxonomy":"product_tag","embeddable":true,"href":"https:\/\/www.celticexperience.net\/de\/wp-json\/wp\/v2\/product_tag?post=1861"}],"curies":[{"name":"wp","href":"https:\/\/api.w.org\/{rel}","templated":true}]}}