{"id":1774,"date":"2019-10-10T18:14:21","date_gmt":"2019-10-10T18:14:21","guid":{"rendered":"https:\/\/www.celticexperience.net\/de\/tours\/heilige-bridget-von-kildare-roundstone-connemara-inis-mor-burren-wandern\/"},"modified":"2024-11-24T16:06:56","modified_gmt":"2024-11-24T16:06:56","slug":"heilige-bridget-von-kildare-roundstone-connemara-inishmore-burren-wandern","status":"publish","type":"product","link":"https:\/\/www.celticexperience.net\/de\/tours\/heilige-bridget-von-kildare-roundstone-connemara-inishmore-burren-wandern\/","title":{"rendered":"Wandern und Wundern in Connemara, auf Inishmore und im Burren"},"content":{"rendered":"<p>[vc_row][vc_column][vc_column_text]<\/p>\n<h3><strong>WANDERN UND WUNDERN in Connemara, auf Inishmore und im Burren<\/strong><\/h3>\n<p><em>Eine Reise mit gem\u00fctlichen Wanderungen mit viel Zeit zum Staunen in drei sehr verschiedenen kraftvollen Landschaften, begleitet von Texten <\/em><em>\u00a0zum Gedankengut der keltischen <\/em><em>Weisheit und des keltischen Christentums, Begegnungen mit einheimischen Pes\u00f6nlichkeiten, irische Musik und viel Zeit f\u00fcr eigene Unterhehmungen,<\/em>[\/vc_column_text][vc_row_inner][vc_column_inner][vc_separator][\/vc_column_inner][\/vc_row_inner][vc_row_inner][vc_column_inner width=&#8220;1\/4&#8243;][vc_column_text]<b>PROGRAMMDATUM<\/b>[\/vc_column_text][\/vc_column_inner][vc_column_inner width=&#8220;3\/4&#8243;][vc_column_text]<\/p>\n<h3><strong>15. &#8211; 24. April 2024<\/strong><\/h3>\n<p>[\/vc_column_text][\/vc_column_inner][\/vc_row_inner][vc_row_inner][vc_column_inner][vc_separator][\/vc_column_inner][\/vc_row_inner][vc_row_inner][vc_column_inner width=&#8220;1\/4&#8243;][vc_column_text]<b>BUCHUNG<\/b>[\/vc_column_text][\/vc_column_inner][vc_column_inner width=&#8220;3\/4&#8243;][vc_column_text]<strong>Info und Anmeldung:<\/strong><\/p>\n<p>Elizabeth Zollinger<br \/>\nTelefon und Fax +41 (0)44 252 09 18<br \/>\nEmail: <a href=\"mailto:info@irish-culture.ch\">info@irish-culture.ch<\/a>[\/vc_column_text][\/vc_column_inner][\/vc_row_inner][vc_row_inner][vc_column_inner][vc_separator][\/vc_column_inner][\/vc_row_inner][vc_row_inner][vc_column_inner width=&#8220;1\/4&#8243;][vc_column_text]<b>FLUG<\/b>[\/vc_column_text][\/vc_column_inner][vc_column_inner width=&#8220;3\/4&#8243;][vc_column_text]Fr\u00fch buchen lohnt sich: Platzzahl beschr\u00e4nkt und die Fl\u00fcge sind g\u00fcnstiger, je fr\u00fcher man sie buchen kann.[\/vc_column_text][\/vc_column_inner][\/vc_row_inner][vc_row_inner][vc_column_inner][vc_separator][\/vc_column_inner][\/vc_row_inner][vc_row_inner][vc_column_inner width=&#8220;1\/3&#8243;][vc_column_text]<b>INBEGRIFFEN<\/b>[\/vc_column_text][\/vc_column_inner][vc_column_inner width=&#8220;2\/3&#8243;][vc_column_text]<i class=\"fa fa-check icon-tick icon-tick--on\"><\/i>9 N\u00e4chte in komfortablen B+B&#8217;s, Gasth\u00e4usern und Ferienhaus, Basis DZ \/ 7 mal inkl. irischem Fr\u00fchst\u00fcck<\/p>\n<p><i class=\"fa fa-check icon-tick icon-tick--on\"><\/i>4\u00a0 Nachtessen<\/p>\n<p><i class=\"fa fa-check icon-tick icon-tick--on\"><\/i>Alle gemeinsamen Transporte<\/p>\n<p><i class=\"fa fa-check icon-tick icon-tick--on\"><\/i>F\u00fchrungen und andere Aktivit\u00e4ten gem\u00e4ss Programm<\/p>\n<p><i class=\"fa fa-check icon-tick icon-tick--on\"><\/i>Organisation und Reiseleitung durch die Theologin Brigitte Fuchs und die Irlandkennerin Elizabeth Zollinger[\/vc_column_text][\/vc_column_inner][\/vc_row_inner][vc_row_inner][vc_column_inner][vc_separator][\/vc_column_inner][\/vc_row_inner][vc_row_inner][vc_column_inner width=&#8220;1\/3&#8243;][vc_column_text]<b>NICHT INBEGRIFFEN<\/b>[\/vc_column_text][\/vc_column_inner][vc_column_inner width=&#8220;2\/3&#8243;][vc_column_text]<i class=\"fa fa-times icon-tick icon-tick--off\"><\/i>Flug nach und ab Dublin, Bus nach Galway<\/p>\n<p><i class=\"fa fa-times icon-tick icon-tick--off\"><\/i>5 Nachtessen<\/p>\n<p><i class=\"fa fa-times icon-tick icon-tick--off\"><\/i>3 Morgenessen<\/p>\n<p><i class=\"fa fa-times icon-tick icon-tick--off\"><\/i>Lunch (meistens Picknick).<\/p>\n<p><i class=\"fa fa-times icon-tick icon-tick--off\"><\/i>Getr\u00e4nke und Trinkgelder, Unfall- und Annullationsversicherung[\/vc_column_text][\/vc_column_inner][\/vc_row_inner][vc_row_inner][vc_column_inner][vc_separator][\/vc_column_inner][\/vc_row_inner][vc_row_inner][vc_column_inner width=&#8220;1\/4&#8243;][vc_column_text]<b>UNTERK\u00dcNFTE<\/b>[\/vc_column_text][\/vc_column_inner][vc_column_inner width=&#8220;3\/4&#8243;][vc_column_text]1 Nacht in sch\u00f6nen B+B&#8217;s in Galway<\/p>\n<p>3 N\u00e4chte in sehr sch\u00f6nen und freundlichen B+B&#8217;s in Roundstone<\/p>\n<p>3 N\u00e4chte im komfortablen Kilmurveyhouse (***Guesthouse) auf Inis M\u00f3r<\/p>\n<p>3 N\u00e4chte im gem\u00fctlichen O&#8217;Connors Guesthouse in Doolin[\/vc_column_text][\/vc_column_inner][\/vc_row_inner][vc_row_inner][vc_column_inner][vc_separator][\/vc_column_inner][\/vc_row_inner][vc_row_inner][vc_column_inner width=&#8220;1\/4&#8243;][vc_column_text]<b>KOSTEN<\/b>[\/vc_column_text][\/vc_column_inner][vc_column_inner width=&#8220;3\/4&#8243;][vc_column_text]<strong>CHF 1860.- (ca Euro 1860.-) bei 12 &#8211; 14 T.<\/strong>, bei grossen Wechselkursschwankungen wird der Preis nach unten oder oben angepasst.<\/p>\n<p>Beginn der Reise in Galway, Ende der Reise in Dublin, Kleingruppenzuschlag 10\/11 T.: CHF 140.- (ca. Euro 140.-), sollte der Wechselkurs stark schwanken, wird der Preis nach unten oder oben angepasst.[\/vc_column_text][\/vc_column_inner][\/vc_row_inner][vc_row_inner][vc_column_inner][vc_separator][\/vc_column_inner][\/vc_row_inner][vc_row_inner][vc_column_inner width=&#8220;1\/4&#8243;][vc_column_text]<b>ZUSCHL\u00c4GE<\/b>[\/vc_column_text][\/vc_column_inner][vc_column_inner width=&#8220;3\/4&#8243;][vc_column_text]<strong>EZ: CHF 290.- (ca. Euro 290.-)<\/strong>, da die meisten Unterk\u00fcnfte klein sind und nur wenige EZ haben sind wir dankbar, wenn auch T. die sich nicht kennen bereit sind ein Zimmer zu teilen, ev. auch nur teilweise.<\/p>\n<p><strong>Kleingruppenzuschlag:<\/strong> 10\/11 T.: CHF 120.- (ca. Euro 120.-)<\/p>\n<p><strong>Zusatzn\u00e4chte<\/strong> kann ich in Dublin, Doolin oder Galway buchen : ab CHF: 50.- \/Nacht im DZ[\/vc_column_text][\/vc_column_inner][\/vc_row_inner][\/vc_column][\/vc_row][vc_row][vc_column][vc_text_separator title=&#8220;Reiseleitung&#8220;][\/vc_column][\/vc_row][vc_row][vc_column width=&#8220;2\/3&#8243;][vc_column_text]Elizabeth Zollinger, Malerin aus Z\u00fcrich, lebt seit 1974 teilzeitlich\u00a0auf der Insel Inishmore und ist stark mit der Insel, den Menschen und ihrer Kultur verbunden. So gr\u00fcndete sie 1996 in Zusammenarbeit\u00a0mit InsulanerInnen das Projekt \u201eCeltic Spirit\u201c mit dem Ziel, irisch-keltische Kultur zu vermitteln und einen sinnvollen Tourismus\u00a0auf der Insel aufzubauen.<\/p>\n<p>Brigitte Fuchs stammt aus Bayern und lebt seit 1990 in der Schweiz. Seit 2005 reist sie nach Irland und ist fasziniert von der urspr\u00fcnglichen Natur, der keltischen Spiritualit\u00e4t und den Menschen. Von 1996 bis 2015 war sie Pfarrerin in verschiedenen Gemeinden. Seit 2017 hat sie sich selbst\u00e4ndig gemacht und bietet freie Trauerfeiern und andere Rituale sowie Begleitung in schwierigen Lebensabschnitten an; sie ist Mit-Leitende eines Trauercaf\u00e9s in Bern. Daneben macht sie Stellvertretungen als Pfarrerin im Kanton Bern. Mehr Infos: <a href=\"https:\/\/www.corpore-et-anima.ch\">https:\/\/www.corpore-et-anima.ch<\/a>[\/vc_column_text][\/vc_column][vc_column width=&#8220;1\/3&#8243;][vc_single_image image=&#8220;861&#8243;][vc_single_image image=&#8220;1717&#8243;][\/vc_column][\/vc_row][vc_row][vc_column][vc_column_text]<br \/>\n[\/vc_column_text][\/vc_column][\/vc_row][vc_row][vc_column][vc_separator][\/vc_column][\/vc_row][vc_row][vc_column width=&#8220;1\/2&#8243;][vc_column_text]<\/p>\n<h4>Laden Sie das Detailprogramm <a href=\"https:\/\/www.celticexperience.net\/de\/wp-content\/uploads\/2023\/10\/WANDERN-UND-WUNDERN.pdf\">hier<\/a>\u00a0&gt;&gt;<\/h4>\n<p>[\/vc_column_text][\/vc_column][vc_column width=&#8220;1\/2&#8243;][vc_btn title=&#8220;Wandern und Wundern&#8220; color=&#8220;primary&#8220; i_icon_fontawesome=&#8220;&#8220; add_icon=&#8220;true&#8220; link=&#8220;url:https%3A%2F%2Fwww.celticexperience.net%2Fde%2Fwp-content%2Fuploads%2F2023%2F10%2FWANDERN-UND-WUNDERN.pdf|target:_blank&#8220;][\/vc_column][\/vc_row]<\/p>\n","protected":false},"excerpt":{"rendered":"<p>[vc_row][vc_column][vc_column_text] WANDERN UND WUNDERN in Connemara, auf Inishmore und im Burren Eine Reise mit gem\u00fctlichen Wanderungen mit viel Zeit zum Staunen in drei sehr verschiedenen kraftvollen Landschaften, begleitet von Texten \u00a0zum Gedankengut der keltischen Weisheit und des keltischen Christentums, Begegnungen mit einheimischen Pes\u00f6nlichkeiten, irische Musik und viel Zeit f\u00fcr eigene Unterhehmungen,[\/vc_column_text][vc_row_inner][vc_column_inner][vc_separator][\/vc_column_inner][\/vc_row_inner][vc_row_inner][vc_column_inner width=&#8220;1\/4&#8243;][vc_column_text]PROGRAMMDATUM[\/vc_column_text][\/vc_column_inner][vc_column_inner width=&#8220;3\/4&#8243;][vc_column_text] 15. &#8211;<\/p>\n<div class=\"padding-top text-center\"><a href=\"https:\/\/www.celticexperience.net\/de\/tours\/heilige-bridget-von-kildare-roundstone-connemara-inishmore-burren-wandern\/\" class=\"atbtn atbtn--medium atbtn--rounded atbtn--transparent\">Read more<i class=\"atbtn__icon atbtn__icon--right fa fa-long-arrow-right\"><\/i><\/a><\/div>\n","protected":false},"featured_media":1997,"comment_status":"open","ping_status":"closed","template":"","meta":[],"product_cat":[178],"product_tag":[326,320,358,275,354,357,355],"yoast_head":"<!-- This site is optimized with the Yoast SEO plugin v17.5 - https:\/\/yoast.com\/wordpress\/plugins\/seo\/ -->\n<title>Wandern und Wundern in Connemara, auf Inishmore und im Burren<\/title>\n<meta name=\"description\" content=\"Wandern und Wundern in Connemara, auf der Insel Inishmore und im Burren: leichte Wanderungen begleitet von philosophischen Texten.\" \/>\n<meta name=\"robots\" content=\"index, follow, max-snippet:-1, max-image-preview:large, max-video-preview:-1\" \/>\n<link rel=\"canonical\" href=\"https:\/\/www.celticexperience.net\/de\/tours\/heilige-bridget-von-kildare-roundstone-connemara-inishmore-burren-wandern\/\" \/>\n<meta property=\"og:locale\" content=\"de_DE\" \/>\n<meta property=\"og:type\" content=\"article\" \/>\n<meta property=\"og:title\" content=\"Wandern und Wundern in Connemara, auf Inishmore und im Burren\" \/>\n<meta property=\"og:description\" content=\"Wandern und Wundern in Connemara, auf der Insel Inishmore und im Burren: leichte Wanderungen begleitet von philosophischen Texten.\" \/>\n<meta property=\"og:url\" content=\"https:\/\/www.celticexperience.net\/de\/tours\/heilige-bridget-von-kildare-roundstone-connemara-inishmore-burren-wandern\/\" \/>\n<meta property=\"og:site_name\" content=\"Celtic Spirit\" \/>\n<meta property=\"article:modified_time\" content=\"2024-11-24T16:06:56+00:00\" \/>\n<meta property=\"og:image\" content=\"https:\/\/www.celticexperience.net\/de\/wp-content\/uploads\/2022\/11\/Cliffs-of-Moher-1-unsplash.jpg\" \/>\n\t<meta property=\"og:image:width\" content=\"1920\" \/>\n\t<meta property=\"og:image:height\" content=\"1440\" \/>\n<meta name=\"twitter:card\" content=\"summary\" \/>\n<meta name=\"twitter:label1\" content=\"Gesch\u00e4tzte Lesezeit\" \/>\n\t<meta name=\"twitter:data1\" content=\"3\u00a0Minuten\" \/>\n<script type=\"application\/ld+json\" class=\"yoast-schema-graph\">{\"@context\":\"https:\/\/schema.org\",\"@graph\":[{\"@type\":\"WebSite\",\"@id\":\"https:\/\/www.celticexperience.net\/de\/#website\",\"url\":\"https:\/\/www.celticexperience.net\/de\/\",\"name\":\"Celtic Spirit\",\"description\":\"Irish Cultural Holidays\",\"potentialAction\":[{\"@type\":\"SearchAction\",\"target\":{\"@type\":\"EntryPoint\",\"urlTemplate\":\"https:\/\/www.celticexperience.net\/de\/?s={search_term_string}\"},\"query-input\":\"required name=search_term_string\"}],\"inLanguage\":\"de\"},{\"@type\":\"ImageObject\",\"@id\":\"https:\/\/www.celticexperience.net\/de\/tours\/heilige-bridget-von-kildare-roundstone-connemara-inishmore-burren-wandern\/#primaryimage\",\"inLanguage\":\"de\",\"url\":\"https:\/\/www.celticexperience.net\/de\/wp-content\/uploads\/2022\/11\/Cliffs-of-Moher-1-unsplash.jpg\",\"contentUrl\":\"https:\/\/www.celticexperience.net\/de\/wp-content\/uploads\/2022\/11\/Cliffs-of-Moher-1-unsplash.jpg\",\"width\":1920,\"height\":1440,\"caption\":\"Cliffs of Mohair\"},{\"@type\":\"WebPage\",\"@id\":\"https:\/\/www.celticexperience.net\/de\/tours\/heilige-bridget-von-kildare-roundstone-connemara-inishmore-burren-wandern\/#webpage\",\"url\":\"https:\/\/www.celticexperience.net\/de\/tours\/heilige-bridget-von-kildare-roundstone-connemara-inishmore-burren-wandern\/\",\"name\":\"Wandern und Wundern in Connemara, auf Inishmore und im Burren\",\"isPartOf\":{\"@id\":\"https:\/\/www.celticexperience.net\/de\/#website\"},\"primaryImageOfPage\":{\"@id\":\"https:\/\/www.celticexperience.net\/de\/tours\/heilige-bridget-von-kildare-roundstone-connemara-inishmore-burren-wandern\/#primaryimage\"},\"datePublished\":\"2019-10-10T18:14:21+00:00\",\"dateModified\":\"2024-11-24T16:06:56+00:00\",\"description\":\"Wandern und Wundern in Connemara, auf der Insel Inishmore und im Burren: leichte Wanderungen begleitet von philosophischen Texten.\",\"breadcrumb\":{\"@id\":\"https:\/\/www.celticexperience.net\/de\/tours\/heilige-bridget-von-kildare-roundstone-connemara-inishmore-burren-wandern\/#breadcrumb\"},\"inLanguage\":\"de\",\"potentialAction\":[{\"@type\":\"ReadAction\",\"target\":[\"https:\/\/www.celticexperience.net\/de\/tours\/heilige-bridget-von-kildare-roundstone-connemara-inishmore-burren-wandern\/\"]}]},{\"@type\":\"BreadcrumbList\",\"@id\":\"https:\/\/www.celticexperience.net\/de\/tours\/heilige-bridget-von-kildare-roundstone-connemara-inishmore-burren-wandern\/#breadcrumb\",\"itemListElement\":[{\"@type\":\"ListItem\",\"position\":1,\"name\":\"Home\",\"item\":\"https:\/\/www.celticexperience.net\/de\/\"},{\"@type\":\"ListItem\",\"position\":2,\"name\":\"Produkte\",\"item\":\"https:\/\/www.celticexperience.net\/de\/shop\/\"},{\"@type\":\"ListItem\",\"position\":3,\"name\":\"Wandern und Wundern in Connemara, auf Inishmore und im Burren\"}]}]}<\/script>\n<!-- \/ Yoast SEO plugin. -->","yoast_head_json":{"title":"Wandern und Wundern in Connemara, auf Inishmore und im Burren","description":"Wandern und Wundern in Connemara, auf der Insel Inishmore und im Burren: leichte Wanderungen begleitet von philosophischen Texten.","robots":{"index":"index","follow":"follow","max-snippet":"max-snippet:-1","max-image-preview":"max-image-preview:large","max-video-preview":"max-video-preview:-1"},"canonical":"https:\/\/www.celticexperience.net\/de\/tours\/heilige-bridget-von-kildare-roundstone-connemara-inishmore-burren-wandern\/","og_locale":"de_DE","og_type":"article","og_title":"Wandern und Wundern in Connemara, auf Inishmore und im Burren","og_description":"Wandern und Wundern in Connemara, auf der Insel Inishmore und im Burren: leichte Wanderungen begleitet von philosophischen Texten.","og_url":"https:\/\/www.celticexperience.net\/de\/tours\/heilige-bridget-von-kildare-roundstone-connemara-inishmore-burren-wandern\/","og_site_name":"Celtic Spirit","article_modified_time":"2024-11-24T16:06:56+00:00","og_image":[{"width":1920,"height":1440,"url":"https:\/\/www.celticexperience.net\/de\/wp-content\/uploads\/2022\/11\/Cliffs-of-Moher-1-unsplash.jpg","type":"image\/jpeg"}],"twitter_card":"summary","twitter_misc":{"Gesch\u00e4tzte Lesezeit":"3\u00a0Minuten"},"schema":{"@context":"https:\/\/schema.org","@graph":[{"@type":"WebSite","@id":"https:\/\/www.celticexperience.net\/de\/#website","url":"https:\/\/www.celticexperience.net\/de\/","name":"Celtic Spirit","description":"Irish Cultural Holidays","potentialAction":[{"@type":"SearchAction","target":{"@type":"EntryPoint","urlTemplate":"https:\/\/www.celticexperience.net\/de\/?s={search_term_string}"},"query-input":"required name=search_term_string"}],"inLanguage":"de"},{"@type":"ImageObject","@id":"https:\/\/www.celticexperience.net\/de\/tours\/heilige-bridget-von-kildare-roundstone-connemara-inishmore-burren-wandern\/#primaryimage","inLanguage":"de","url":"https:\/\/www.celticexperience.net\/de\/wp-content\/uploads\/2022\/11\/Cliffs-of-Moher-1-unsplash.jpg","contentUrl":"https:\/\/www.celticexperience.net\/de\/wp-content\/uploads\/2022\/11\/Cliffs-of-Moher-1-unsplash.jpg","width":1920,"height":1440,"caption":"Cliffs of Mohair"},{"@type":"WebPage","@id":"https:\/\/www.celticexperience.net\/de\/tours\/heilige-bridget-von-kildare-roundstone-connemara-inishmore-burren-wandern\/#webpage","url":"https:\/\/www.celticexperience.net\/de\/tours\/heilige-bridget-von-kildare-roundstone-connemara-inishmore-burren-wandern\/","name":"Wandern und Wundern in Connemara, auf Inishmore und im Burren","isPartOf":{"@id":"https:\/\/www.celticexperience.net\/de\/#website"},"primaryImageOfPage":{"@id":"https:\/\/www.celticexperience.net\/de\/tours\/heilige-bridget-von-kildare-roundstone-connemara-inishmore-burren-wandern\/#primaryimage"},"datePublished":"2019-10-10T18:14:21+00:00","dateModified":"2024-11-24T16:06:56+00:00","description":"Wandern und Wundern in Connemara, auf der Insel Inishmore und im Burren: leichte Wanderungen begleitet von philosophischen Texten.","breadcrumb":{"@id":"https:\/\/www.celticexperience.net\/de\/tours\/heilige-bridget-von-kildare-roundstone-connemara-inishmore-burren-wandern\/#breadcrumb"},"inLanguage":"de","potentialAction":[{"@type":"ReadAction","target":["https:\/\/www.celticexperience.net\/de\/tours\/heilige-bridget-von-kildare-roundstone-connemara-inishmore-burren-wandern\/"]}]},{"@type":"BreadcrumbList","@id":"https:\/\/www.celticexperience.net\/de\/tours\/heilige-bridget-von-kildare-roundstone-connemara-inishmore-burren-wandern\/#breadcrumb","itemListElement":[{"@type":"ListItem","position":1,"name":"Home","item":"https:\/\/www.celticexperience.net\/de\/"},{"@type":"ListItem","position":2,"name":"Produkte","item":"https:\/\/www.celticexperience.net\/de\/shop\/"},{"@type":"ListItem","position":3,"name":"Wandern und Wundern in Connemara, auf Inishmore und im Burren"}]}]}},"_links":{"self":[{"href":"https:\/\/www.celticexperience.net\/de\/wp-json\/wp\/v2\/product\/1774"}],"collection":[{"href":"https:\/\/www.celticexperience.net\/de\/wp-json\/wp\/v2\/product"}],"about":[{"href":"https:\/\/www.celticexperience.net\/de\/wp-json\/wp\/v2\/types\/product"}],"replies":[{"embeddable":true,"href":"https:\/\/www.celticexperience.net\/de\/wp-json\/wp\/v2\/comments?post=1774"}],"wp:featuredmedia":[{"embeddable":true,"href":"https:\/\/www.celticexperience.net\/de\/wp-json\/wp\/v2\/media\/1997"}],"wp:attachment":[{"href":"https:\/\/www.celticexperience.net\/de\/wp-json\/wp\/v2\/media?parent=1774"}],"wp:term":[{"taxonomy":"product_cat","embeddable":true,"href":"https:\/\/www.celticexperience.net\/de\/wp-json\/wp\/v2\/product_cat?post=1774"},{"taxonomy":"product_tag","embeddable":true,"href":"https:\/\/www.celticexperience.net\/de\/wp-json\/wp\/v2\/product_tag?post=1774"}],"curies":[{"name":"wp","href":"https:\/\/api.w.org\/{rel}","templated":true}]}}