{"id":1765,"date":"2019-10-10T16:19:38","date_gmt":"2019-10-10T16:19:38","guid":{"rendered":"https:\/\/www.celticexperience.net\/de\/tours\/sagenhaftes-stonehenge-jersey-und-guernsey\/"},"modified":"2021-11-02T21:16:57","modified_gmt":"2021-11-02T21:16:57","slug":"sagenhaftes-stonehenge-jersey-und-guernsey","status":"publish","type":"product","link":"https:\/\/www.celticexperience.net\/de\/tours\/sagenhaftes-stonehenge-jersey-und-guernsey\/","title":{"rendered":"Sagenhaftes Stonehenge, Jersey and Guernsey"},"content":{"rendered":"<p>[vc_row][vc_column][vc_column_text]<\/p>\n<h3 class=\"top2\" style=\"text-align: center;\"><\/h3>\n<p style=\"text-align: center;\"><b>Sagenhaftes Stonehenge, Jersey and Guernsey<\/b><\/p>\n<p>Einmalige Kultur- und Studienreise zu den arch\u00e4ologischen und landschaftsmythologischen St\u00e4tten Avebury, Silbury Hill, Stonehenge, White Horse, Maiden Castle sowie zur Inselwelt von Jersey und Guernsey, gef\u00fchrt vom Ethnologen Dr. Kurt Derungs und der Kulturvermittlerin Elizabeth Zollinger.<\/p>\n<p>&nbsp;<\/p>\n<p><!--more--><\/p>\n<p>More detailed tour information is given in the Itinerary Section.[\/vc_column_text][vc_row_inner][vc_column_inner][vc_separator][\/vc_column_inner][\/vc_row_inner][vc_row_inner][vc_column_inner width=&#8220;1\/4&#8243;][vc_column_text]<b>PROGRAMMDATUM<\/b>[\/vc_column_text][\/vc_column_inner][vc_column_inner width=&#8220;3\/4&#8243;][vc_column_text][\/vc_column_text][vc_column_text]<strong>23. September &#8211; 3. Oktober 2021<\/strong>[\/vc_column_text][\/vc_column_inner][\/vc_row_inner][vc_row_inner][vc_column_inner][vc_separator][\/vc_column_inner][\/vc_row_inner][vc_row_inner][vc_column_inner width=&#8220;1\/4&#8243;][vc_column_text]<b>BUCHUNG<\/b>[\/vc_column_text][\/vc_column_inner][vc_column_inner width=&#8220;3\/4&#8243;][vc_column_text]Andmeldung: wenn m\u00f6glich bis\u00a0 Ende M\u00e4rz 2021 (TeillnehmerInnenzahl beschr\u00e4nkt)[\/vc_column_text][\/vc_column_inner][\/vc_row_inner][vc_row_inner][vc_column_inner][vc_separator][\/vc_column_inner][\/vc_row_inner][vc_row_inner][vc_column_inner width=&#8220;1\/3&#8243;][vc_column_text]<b>INBEGRIFFEN<\/b>[\/vc_column_text][\/vc_column_inner][vc_column_inner width=&#8220;2\/3&#8243;][vc_column_text]11-t\u00e4gige Kulturreise und Ausfl\u00fcge mit Reisebus laut Reiseverlauf ab Salisbury und bis Bournemouth sowie Besichtigungen und Eintritte laut Programm inkl. Schiffsfahrt. 10 \u00dcbernachtungen im Doppelzimmer in guten Hotels inkl. Fr\u00fchst\u00fcck sowie 6 Abendessen. Reiseleitung durch professionelle Fachpersonen.<\/p>\n<p>[\/vc_column_text][\/vc_column_inner][\/vc_row_inner][vc_row_inner][vc_column_inner][vc_separator][\/vc_column_inner][\/vc_row_inner][\/vc_column][\/vc_row][vc_row][vc_column][vc_row_inner][vc_column_inner width=&#8220;1\/3&#8243;][vc_column_text]<b>NICHT INBEGRIFFEN<\/b>[\/vc_column_text][\/vc_column_inner][vc_column_inner width=&#8220;2\/3&#8243;][vc_column_text]Nicht inbegriffen sind: An- und Abreise, 4 Abendessen, Lunch\/Picknick, Getr\u00e4nke und Trinkgelder) *Je nach Teilnehmerzahl und Wechselkurs ist ein kleiner Zuschlag m\u00f6glich: bei 18 Teiln. CHF 0.\u2013; bei 17\/18 Teiln. CHF 110.\u2013\/Euro 100.-; bei 15\/16 Teiln. CHF 190.\u2013\/Euro 175.-[\/vc_column_text][\/vc_column_inner][\/vc_row_inner][\/vc_column][\/vc_row][vc_row][vc_column][vc_row_inner][vc_column_inner][vc_separator][\/vc_column_inner][\/vc_row_inner][vc_row_inner][vc_column_inner width=&#8220;1\/4&#8243;][vc_column_text]<b>UNTERK\u00dcNFTE<\/b>[\/vc_column_text][\/vc_column_inner][vc_column_inner width=&#8220;3\/4&#8243;][vc_column_text]10 \u00dcbernachtungen im Zweibettzimmer in guten Mittelklassehotels inkl. grossem Fr\u00fchst\u00fcck[\/vc_column_text][\/vc_column_inner][\/vc_row_inner][\/vc_column][\/vc_row][vc_row][vc_column][vc_row_inner][vc_column_inner][vc_separator][\/vc_column_inner][\/vc_row_inner][vc_row_inner][vc_column_inner width=&#8220;1\/4&#8243;][vc_column_text]<b>KOSTEN<\/b>[\/vc_column_text][\/vc_column_inner][vc_column_inner width=&#8220;3\/4&#8243;][vc_column_text]Reisepreis* pro Person CHF 2850.\u2013 \/ \u20ac 2590.-[\/vc_column_text][\/vc_column_inner][\/vc_row_inner][\/vc_column][\/vc_row][vc_row][vc_column][vc_row_inner][vc_column_inner][vc_separator][\/vc_column_inner][\/vc_row_inner][\/vc_column][\/vc_row][vc_row][vc_column][vc_row_inner][vc_column_inner width=&#8220;1\/4&#8243;][vc_column_text]<b>ZUSCHL\u00c4GE<\/b>[\/vc_column_text][\/vc_column_inner][vc_column_inner width=&#8220;3\/4&#8243;][vc_column_text]EZ-Zuschlag CHF 390.\u2013 \/ \u20ac 360.\u2013<\/p>\n<p>Kleingruppenzuschlag: 17\/18 T: CHF 110\/Euro 100, 15\/16 T: CHF 190\/Euro 175, bei grossen Wechselkursschwankungen wird der Preis nach oben oder nach unten angepasst.[\/vc_column_text][\/vc_column_inner][\/vc_row_inner][\/vc_column][\/vc_row][vc_row][vc_column][vc_text_separator][\/vc_column][\/vc_row][vc_row][vc_column width=&#8220;1\/3&#8243;][vc_single_image image=&#8220;1619&#8243; img_size=&#8220;full&#8220;][vc_single_image image=&#8220;1750&#8243;][\/vc_column][vc_column width=&#8220;2\/3&#8243;][vc_column_text]<strong>Reiseleitung: <\/strong><\/p>\n<p><strong>Kurt Derungs:<\/strong> Ethnologe in der Schweiz, Begr\u00fcnder der Landschaftsmythologie und Leiter der Akademie der Landschaft. Er f\u00fchrt seit 15 Jahren Studienreisen im In- und Ausland durch und ist Autor zahlreicher B\u00fc- cher zum Thema Kulturlandschaften und Altes Wissen. (<a href=\"http:\/\/www.derungs.org\/\" target=\"_blank\" rel=\"noopener\">www.derungs.org<\/a>)<\/p>\n<p>[\/vc_column_text][\/vc_column][\/vc_row][vc_row][vc_column width=&#8220;2\/3&#8243;][vc_column_text]<strong>Elizabeth Zollinger<\/strong>, K\u00fcnstlerin und Erwachsenenbildnerin, lebt seit 1974 sowohl in der Schweiz wie auch in Irland (Aran-Inseln). Sie gr\u00fcndete 1996 zusammen mit Einheimischen der Insel das Projekt \u201eCeltic Spirit\u201c mit dem Ziel, irisch-keltische Kultur zu vermitteln und organisiert seit 16 Jahren Kulturreisen in Irland mit verschiedenen Schwerpunkten.[\/vc_column_text][\/vc_column][vc_column width=&#8220;1\/3&#8243;][vc_single_image image=&#8220;1587&#8243; img_size=&#8220;full&#8220;][\/vc_column][\/vc_row][vc_row][vc_column][vc_column_text]<\/p>\n<div class=\"vc_row wpb_row vc_row-fluid\">\n<div class=\"wpb_column vc_column_container vc_col-sm-6\">\n<div class=\"vc_column-inner \">\n<div class=\"wpb_wrapper\">\n<div class=\"wpb_text_column wpb_content_element \">\n<div class=\"wpb_wrapper\">\n<h4>Laden Sie das Detailprogramm\u00a0<a href=\"https:\/\/www.celticexperience.net\/de\/wp-content\/uploads\/2020\/11\/Reise_Stonehenge_Jersey.doc-letztes.pdf\">hier<\/a>.<\/h4>\n<\/div>\n<\/div>\n<\/div>\n<\/div>\n<\/div>\n<\/div>\n<div class=\"margin-top\"><\/div>\n<p>[\/vc_column_text][\/vc_column][\/vc_row]<\/p>\n","protected":false},"excerpt":{"rendered":"<p>[vc_row][vc_column][vc_column_text] Sagenhaftes Stonehenge, Jersey and Guernsey Einmalige Kultur- und Studienreise zu den arch\u00e4ologischen und landschaftsmythologischen St\u00e4tten Avebury, Silbury Hill, Stonehenge, White Horse, Maiden Castle sowie zur Inselwelt von Jersey und Guernsey, gef\u00fchrt vom Ethnologen Dr. Kurt Derungs und der Kulturvermittlerin Elizabeth Zollinger. &nbsp;<\/p>\n","protected":false},"featured_media":0,"comment_status":"closed","ping_status":"closed","template":"","meta":[],"product_cat":[178],"product_tag":[348,349,286,304,347,346,350],"yoast_head":"<!-- This site is optimized with the Yoast SEO plugin v17.5 - https:\/\/yoast.com\/wordpress\/plugins\/seo\/ -->\n<title>Sagenhaftes Stonehenge, Jersey und Guernsey<\/title>\n<meta name=\"description\" content=\"Sagenhaftes Stonehenge, Jersey und Guernsey, Steinkreis von Avebury, Felskreidebild the White Horse, Dragon Hill, Altstadt von Salisbury\" \/>\n<meta name=\"robots\" content=\"index, follow, max-snippet:-1, max-image-preview:large, max-video-preview:-1\" \/>\n<link rel=\"canonical\" href=\"https:\/\/www.celticexperience.net\/de\/produkt\/sagenhaftes-stonehenge-jersey-und-guernsey\/\" \/>\n<meta property=\"og:locale\" content=\"de_DE\" \/>\n<meta property=\"og:type\" content=\"article\" \/>\n<meta property=\"og:title\" content=\"Sagenhaftes Stonehenge, Jersey und Guernsey\" \/>\n<meta property=\"og:description\" content=\"Sagenhaftes Stonehenge, Jersey und Guernsey, Steinkreis von Avebury, Felskreidebild the White Horse, Dragon Hill, Altstadt von Salisbury\" \/>\n<meta property=\"og:url\" content=\"https:\/\/www.celticexperience.net\/de\/produkt\/sagenhaftes-stonehenge-jersey-und-guernsey\/\" \/>\n<meta property=\"og:site_name\" content=\"Celtic Spirit\" \/>\n<meta property=\"article:modified_time\" content=\"2021-11-02T21:16:57+00:00\" \/>\n<meta property=\"og:image\" content=\"https:\/\/www.celticexperience.net\/de\/wp-content\/uploads\/2019\/10\/stonehenge-1590047_1920-e1570724830981.jpg\" \/>\n\t<meta property=\"og:image:width\" content=\"1259\" \/>\n\t<meta property=\"og:image:height\" content=\"600\" \/>\n<meta name=\"twitter:card\" content=\"summary\" \/>\n<meta name=\"twitter:label1\" content=\"Gesch\u00e4tzte Lesezeit\" \/>\n\t<meta name=\"twitter:data1\" content=\"4\u00a0Minuten\" \/>\n<script type=\"application\/ld+json\" class=\"yoast-schema-graph\">{\"@context\":\"https:\/\/schema.org\",\"@graph\":[{\"@type\":\"WebSite\",\"@id\":\"https:\/\/www.celticexperience.net\/de\/#website\",\"url\":\"https:\/\/www.celticexperience.net\/de\/\",\"name\":\"Celtic Spirit\",\"description\":\"Irish Cultural Holidays\",\"potentialAction\":[{\"@type\":\"SearchAction\",\"target\":{\"@type\":\"EntryPoint\",\"urlTemplate\":\"https:\/\/www.celticexperience.net\/de\/?s={search_term_string}\"},\"query-input\":\"required name=search_term_string\"}],\"inLanguage\":\"de\"},{\"@type\":\"WebPage\",\"@id\":\"https:\/\/www.celticexperience.net\/de\/produkt\/sagenhaftes-stonehenge-jersey-und-guernsey\/#webpage\",\"url\":\"https:\/\/www.celticexperience.net\/de\/produkt\/sagenhaftes-stonehenge-jersey-und-guernsey\/\",\"name\":\"Sagenhaftes Stonehenge, Jersey und Guernsey\",\"isPartOf\":{\"@id\":\"https:\/\/www.celticexperience.net\/de\/#website\"},\"datePublished\":\"2019-10-10T16:19:38+00:00\",\"dateModified\":\"2021-11-02T21:16:57+00:00\",\"description\":\"Sagenhaftes Stonehenge, Jersey und Guernsey, Steinkreis von Avebury, Felskreidebild the White Horse, Dragon Hill, Altstadt von Salisbury\",\"breadcrumb\":{\"@id\":\"https:\/\/www.celticexperience.net\/de\/produkt\/sagenhaftes-stonehenge-jersey-und-guernsey\/#breadcrumb\"},\"inLanguage\":\"de\",\"potentialAction\":[{\"@type\":\"ReadAction\",\"target\":[\"https:\/\/www.celticexperience.net\/de\/produkt\/sagenhaftes-stonehenge-jersey-und-guernsey\/\"]}]},{\"@type\":\"BreadcrumbList\",\"@id\":\"https:\/\/www.celticexperience.net\/de\/produkt\/sagenhaftes-stonehenge-jersey-und-guernsey\/#breadcrumb\",\"itemListElement\":[{\"@type\":\"ListItem\",\"position\":1,\"name\":\"Home\",\"item\":\"https:\/\/www.celticexperience.net\/de\/\"},{\"@type\":\"ListItem\",\"position\":2,\"name\":\"Produkte\",\"item\":\"https:\/\/www.celticexperience.net\/de\/shop\/\"},{\"@type\":\"ListItem\",\"position\":3,\"name\":\"Sagenhaftes Stonehenge, Jersey and Guernsey\"}]}]}<\/script>\n<!-- \/ Yoast SEO plugin. -->","yoast_head_json":{"title":"Sagenhaftes Stonehenge, Jersey und Guernsey","description":"Sagenhaftes Stonehenge, Jersey und Guernsey, Steinkreis von Avebury, Felskreidebild the White Horse, Dragon Hill, Altstadt von Salisbury","robots":{"index":"index","follow":"follow","max-snippet":"max-snippet:-1","max-image-preview":"max-image-preview:large","max-video-preview":"max-video-preview:-1"},"canonical":"https:\/\/www.celticexperience.net\/de\/produkt\/sagenhaftes-stonehenge-jersey-und-guernsey\/","og_locale":"de_DE","og_type":"article","og_title":"Sagenhaftes Stonehenge, Jersey und Guernsey","og_description":"Sagenhaftes Stonehenge, Jersey und Guernsey, Steinkreis von Avebury, Felskreidebild the White Horse, Dragon Hill, Altstadt von Salisbury","og_url":"https:\/\/www.celticexperience.net\/de\/produkt\/sagenhaftes-stonehenge-jersey-und-guernsey\/","og_site_name":"Celtic Spirit","article_modified_time":"2021-11-02T21:16:57+00:00","og_image":[{"width":1259,"height":600,"url":"https:\/\/www.celticexperience.net\/de\/wp-content\/uploads\/2019\/10\/stonehenge-1590047_1920-e1570724830981.jpg","type":"image\/jpeg"}],"twitter_card":"summary","twitter_misc":{"Gesch\u00e4tzte Lesezeit":"4\u00a0Minuten"},"schema":{"@context":"https:\/\/schema.org","@graph":[{"@type":"WebSite","@id":"https:\/\/www.celticexperience.net\/de\/#website","url":"https:\/\/www.celticexperience.net\/de\/","name":"Celtic Spirit","description":"Irish Cultural Holidays","potentialAction":[{"@type":"SearchAction","target":{"@type":"EntryPoint","urlTemplate":"https:\/\/www.celticexperience.net\/de\/?s={search_term_string}"},"query-input":"required name=search_term_string"}],"inLanguage":"de"},{"@type":"WebPage","@id":"https:\/\/www.celticexperience.net\/de\/produkt\/sagenhaftes-stonehenge-jersey-und-guernsey\/#webpage","url":"https:\/\/www.celticexperience.net\/de\/produkt\/sagenhaftes-stonehenge-jersey-und-guernsey\/","name":"Sagenhaftes Stonehenge, Jersey und Guernsey","isPartOf":{"@id":"https:\/\/www.celticexperience.net\/de\/#website"},"datePublished":"2019-10-10T16:19:38+00:00","dateModified":"2021-11-02T21:16:57+00:00","description":"Sagenhaftes Stonehenge, Jersey und Guernsey, Steinkreis von Avebury, Felskreidebild the White Horse, Dragon Hill, Altstadt von Salisbury","breadcrumb":{"@id":"https:\/\/www.celticexperience.net\/de\/produkt\/sagenhaftes-stonehenge-jersey-und-guernsey\/#breadcrumb"},"inLanguage":"de","potentialAction":[{"@type":"ReadAction","target":["https:\/\/www.celticexperience.net\/de\/produkt\/sagenhaftes-stonehenge-jersey-und-guernsey\/"]}]},{"@type":"BreadcrumbList","@id":"https:\/\/www.celticexperience.net\/de\/produkt\/sagenhaftes-stonehenge-jersey-und-guernsey\/#breadcrumb","itemListElement":[{"@type":"ListItem","position":1,"name":"Home","item":"https:\/\/www.celticexperience.net\/de\/"},{"@type":"ListItem","position":2,"name":"Produkte","item":"https:\/\/www.celticexperience.net\/de\/shop\/"},{"@type":"ListItem","position":3,"name":"Sagenhaftes Stonehenge, Jersey and Guernsey"}]}]}},"_links":{"self":[{"href":"https:\/\/www.celticexperience.net\/de\/wp-json\/wp\/v2\/product\/1765"}],"collection":[{"href":"https:\/\/www.celticexperience.net\/de\/wp-json\/wp\/v2\/product"}],"about":[{"href":"https:\/\/www.celticexperience.net\/de\/wp-json\/wp\/v2\/types\/product"}],"replies":[{"embeddable":true,"href":"https:\/\/www.celticexperience.net\/de\/wp-json\/wp\/v2\/comments?post=1765"}],"wp:attachment":[{"href":"https:\/\/www.celticexperience.net\/de\/wp-json\/wp\/v2\/media?parent=1765"}],"wp:term":[{"taxonomy":"product_cat","embeddable":true,"href":"https:\/\/www.celticexperience.net\/de\/wp-json\/wp\/v2\/product_cat?post=1765"},{"taxonomy":"product_tag","embeddable":true,"href":"https:\/\/www.celticexperience.net\/de\/wp-json\/wp\/v2\/product_tag?post=1765"}],"curies":[{"name":"wp","href":"https:\/\/api.w.org\/{rel}","templated":true}]}}