{"id":1593,"date":"2017-10-13T12:40:26","date_gmt":"2017-10-13T12:40:26","guid":{"rendered":"http:\/\/www.celticexperience.net\/de\/tours\/kopieren\/"},"modified":"2026-04-08T16:28:42","modified_gmt":"2026-04-08T16:28:42","slug":"magische-inseln-im-westen-von-irland","status":"publish","type":"product","link":"https:\/\/www.celticexperience.net\/de\/tours\/magische-inseln-im-westen-von-irland\/","title":{"rendered":"Magische Inseln im Atlantik im Westen von Irland: Inis M\u00f3r, Inishbofin, Inishark, Insishturk und Clare Island"},"content":{"rendered":"<p>[vc_row][vc_column][vc_column_text]<\/p>\n<h3><strong>Magische Inseln im Westen von Irland: Inis M\u00f3r, Inishbofin, Inishark, Inishturk und Clare Island<\/strong><\/h3>\n<p>In den ganz unterschiedlichen Landschaften werden wir auf jeder Insel\u00a0 leichte Wanderungen mit einem\/einer lokalen F\u00fchrer\/in machen. Von ihnen und anderen Insel-bewohner\/innen werden wir auch viele Informationen \u00fcber das Inselleben und den Ueberlebenskampf heute und in fr\u00fcheren Zeiten erfahren. Auf dem Weg zu den Inseln fahren wir durch die wundersch\u00f6ne Landschaft von Connemara, wo wir einen Schafz\u00fcchter kennen lernen werden und in Westport erleben wir eine traditionelle Musiksession im ber\u00fchmten Matt Molloy Pub. Eine Reise mit viel Zeit f\u00fcr eigene Entdeckungen. (.[\/vc_column_text][vc_row_inner][vc_column_inner][vc_separator][\/vc_column_inner][\/vc_row_inner][vc_row_inner][vc_column_inner width=&#8220;1\/4&#8243;][vc_column_text]<b>PROGRAMMDATUM<\/b>[\/vc_column_text][\/vc_column_inner][vc_column_inner width=&#8220;3\/4&#8243;][vc_column_text]5. &#8211; 15. August 2025 (11 Tage)[\/vc_column_text][\/vc_column_inner][\/vc_row_inner][vc_row_inner][vc_column_inner][vc_separator][\/vc_column_inner][\/vc_row_inner][vc_row_inner][vc_column_inner width=&#8220;1\/4&#8243;][vc_column_text]<b>BUCHUNG<\/b>[\/vc_column_text][\/vc_column_inner][vc_column_inner width=&#8220;3\/4&#8243;][vc_column_text]<strong>Info und Anmeldung:<\/strong><\/p>\n<p>Elizabeth Zollinger<br \/>\nTelefon und Fax +41 (0)44 252 09 18\/77 5200136<br \/>\nEmail: <a href=\"mailto:info@irish-culture.ch\">info@irish-culture.ch<\/a>[\/vc_column_text][\/vc_column_inner][\/vc_row_inner][vc_row_inner][vc_column_inner][vc_separator][\/vc_column_inner][\/vc_row_inner][vc_row_inner][vc_column_inner width=&#8220;1\/4&#8243;][vc_column_text]<b>FLUG<\/b>[\/vc_column_text][\/vc_column_inner][vc_column_inner width=&#8220;3\/4&#8243;][vc_column_text]Fr\u00fch buchen lohnt sich: Platzzahl beschr\u00e4nkt und die Fl\u00fcge sind g\u00fcnstiger, je fr\u00fcher man sie buchen kann.[\/vc_column_text][\/vc_column_inner][\/vc_row_inner][vc_row_inner][vc_column_inner][vc_separator][\/vc_column_inner][\/vc_row_inner][vc_row_inner][vc_column_inner width=&#8220;1\/3&#8243;][vc_column_text]<b>INBEGRIFFEN<\/b>[\/vc_column_text][\/vc_column_inner][vc_column_inner width=&#8220;2\/3&#8243;][vc_column_text]<i class=\"fa fa-check icon-tick icon-tick--on\"><\/i>10 N\u00e4chte in Hotels oder B+B&#8217;s, Basis DZ<\/p>\n<p><i class=\"fa fa-check icon-tick icon-tick--on\"><\/i>5\u00a0 Nachtessen, 1 Lunch<\/p>\n<p><i class=\"fa fa-check icon-tick icon-tick--on\"><\/i>Alle\u00a0gemeinsamen Transporte.<\/p>\n<p><i class=\"fa fa-check icon-tick icon-tick--on\"><\/i>F\u00fchrungen, und andere Aktivit\u00e4ten gem\u00e4ss Programm.[\/vc_column_text][\/vc_column_inner][\/vc_row_inner][vc_row_inner][vc_column_inner][vc_separator][\/vc_column_inner][\/vc_row_inner][vc_row_inner][vc_column_inner width=&#8220;1\/3&#8243;][vc_column_text]<b>NICHT INBEGRIFFEN<\/b>[\/vc_column_text][\/vc_column_inner][vc_column_inner width=&#8220;2\/3&#8243;][vc_column_text]<i class=\"fa fa-times icon-tick icon-tick--off\"><\/i>Flug und Bus bis Galway und ab Westport<\/p>\n<p><i class=\"fa fa-times icon-tick icon-tick--off\"><\/i>5 Nachtessen<\/p>\n<p><i class=\"fa fa-times icon-tick icon-tick--off\"><\/i>Lunch (meistens Picknick).<\/p>\n<p><i class=\"fa fa-times icon-tick icon-tick--off\"><\/i>Getr\u00e4nke und Trinkgelder, Unfall- und Annullationsversicherung[\/vc_column_text][\/vc_column_inner][\/vc_row_inner][vc_row_inner][vc_column_inner][vc_separator][\/vc_column_inner][\/vc_row_inner][vc_row_inner][vc_column_inner width=&#8220;1\/4&#8243;][vc_column_text]<b>UNTERK\u00dcNFTE<\/b>[\/vc_column_text][\/vc_column_inner][vc_column_inner width=&#8220;3\/4&#8243;][vc_column_text]3 N\u00e4chte im <a href=\"http:\/\/www.aranislands.ie\/accommodation\/inis-mor\/Kilmurvey-House\" target=\"_blank\" rel=\"noopener\">Kilmurvey House<\/a>, Inis M\u00f3r:\u00a0Kleines, sehr komfortables *** guesthouse mit freundlicher Landlady und gutem Essen<\/p>\n<p>3 N\u00e4chte im Inishbofin House Hotel, Inishbofin<\/p>\n<p>3 N\u00e4chte in sch\u00f6nen B+B&#8217;s auf Inishturk Island<\/p>\n<p>1 Nacht im Mariner Boutique Hotel in Westport[\/vc_column_text][\/vc_column_inner][\/vc_row_inner][vc_row_inner][vc_column_inner][vc_separator][\/vc_column_inner][\/vc_row_inner][vc_row_inner][vc_column_inner width=&#8220;1\/4&#8243;][vc_column_text]<b>KOSTEN<\/b>[\/vc_column_text][\/vc_column_inner][vc_column_inner width=&#8220;3\/4&#8243;][vc_column_text]CHF 1610 &#8211; 1790.- je nach Wechselkurs und TeilnehmerInnenzahl (12 &#8211; 16 T.)<\/p>\n<p>Beginn der Reise in Galway, Ende der Reise in Westport[\/vc_column_text][\/vc_column_inner][\/vc_row_inner][vc_row_inner][vc_column_inner][vc_separator][\/vc_column_inner][\/vc_row_inner][vc_row_inner][vc_column_inner width=&#8220;1\/4&#8243;][vc_column_text]<b>ZUSCHL\u00c4GE<\/b>[\/vc_column_text][\/vc_column_inner][vc_column_inner width=&#8220;3\/4&#8243;][vc_column_text]EZ<strong>: CHF 290.-<\/strong>, da die meisten Unterk\u00fcnfte klein sind und nur wenige EZ haben bin ich dankbar wenn auch T. die sich nicht kennen bereit sind ein Zimmer zu teilen, ev. auch nur teilweise.<\/p>\n<p><strong>Zusatzn\u00e4chte<\/strong> in Galway, Westport und auf Inishmore: ab CHF: 60.- \/Nacht im DZ[\/vc_column_text][\/vc_column_inner][\/vc_row_inner][\/vc_column][\/vc_row][vc_row][vc_column][vc_text_separator title=&#8220;Reiseleitung&#8220;][\/vc_column][\/vc_row][vc_row][vc_column width=&#8220;2\/3&#8243;][vc_column_text]<strong>Elizabeth Zollinger,<\/strong> Malerin aus Z\u00fcrich, lebt seit 1974 teilzeitlich\u00a0auf der Insel Inishmore und ist stark mit der Insel, den Menschen<br \/>\nund ihrer Kultur verbunden. So gr\u00fcndete sie 1996 in Zusammenarbeit\u00a0mit InsulanerInnen das Projekt \u201eCeltic Spirit\u201c mit dem Ziel,<br \/>\nirisch-keltische Kultur zu vermitteln und einen sinnvollen Tourismus auf der Insel aufzubauen. Sie hat langj\u00e4hrige Erfahrung im Organisieren von Reisen und Leiten von Gruppen.<\/p>\n<p>&nbsp;<\/p>\n<p>&nbsp;<\/p>\n<p>&nbsp;<\/p>\n<p>&nbsp;<\/p>\n<p>&nbsp;<\/p>\n<p>&nbsp;<\/p>\n<p>&nbsp;<\/p>\n<p>&nbsp;<\/p>\n<p>&nbsp;<\/p>\n<p>&nbsp;<\/p>\n<p>[\/vc_column_text][\/vc_column][vc_column width=&#8220;1\/3&#8243;][vc_single_image image=&#8220;861&#8243;][\/vc_column][\/vc_row][vc_row][vc_column][vc_column_text][\/vc_column_text][\/vc_column][\/vc_row][vc_row][vc_column][vc_separator][\/vc_column][\/vc_row][vc_row][vc_column width=&#8220;1\/2&#8243;][vc_column_text]<\/p>\n<h4>Laden Sie das Detailprogramm <a href=\"https:\/\/www.celticexperience.net\/de\/wp-content\/uploads\/2024\/11\/Inselreise-2025.docx-deutsch.pdf\">hier<\/a> herunter.<\/h4>\n<h4><\/h4>\n","protected":false},"excerpt":{"rendered":"<p>[vc_row][vc_column][vc_column_text] Magische Inseln im Westen von Irland: Inis M\u00f3r, Inishbofin, Inishark, Inishturk und Clare Island In den ganz unterschiedlichen Landschaften werden wir auf jeder Insel\u00a0 leichte Wanderungen mit einem\/einer lokalen F\u00fchrer\/in machen. Von ihnen und anderen Insel-bewohner\/innen werden wir auch viele Informationen \u00fcber das Inselleben und den Ueberlebenskampf heute und in fr\u00fcheren Zeiten erfahren. Auf<\/p>\n<div class=\"padding-top text-center\"><a href=\"https:\/\/www.celticexperience.net\/de\/tours\/magische-inseln-im-westen-von-irland\/\" class=\"atbtn atbtn--medium atbtn--rounded atbtn--transparent\">Read more<i class=\"atbtn__icon atbtn__icon--right fa fa-long-arrow-right\"><\/i><\/a><\/div>\n","protected":false},"featured_media":1569,"comment_status":"open","ping_status":"closed","template":"","meta":[],"product_cat":[178],"product_tag":[279,320,329,278,275,449,317,302,330,280],"yoast_head":"<!-- This site is optimized with the Yoast SEO plugin v17.5 - https:\/\/yoast.com\/wordpress\/plugins\/seo\/ -->\n<title>Magische Inseln im Atlantik im Westen von Irland: 4 Inseln entdecken<\/title>\n<meta name=\"description\" content=\"Inselreise: Wanderungen mit lokalen F\u00fchrern auf jeder Insel: Aran Inseln, Inishbofin, Clare Island, Achill Island, Westport\" \/>\n<meta name=\"robots\" content=\"index, follow, max-snippet:-1, max-image-preview:large, max-video-preview:-1\" \/>\n<link rel=\"canonical\" href=\"https:\/\/www.celticexperience.net\/de\/tours\/magische-inseln-im-westen-von-irland\/\" \/>\n<meta property=\"og:locale\" content=\"de_DE\" \/>\n<meta property=\"og:type\" content=\"article\" \/>\n<meta property=\"og:title\" content=\"Magische Inseln im Atlantik im Westen von Irland: 4 Inseln entdecken\" \/>\n<meta property=\"og:description\" content=\"Inselreise: Wanderungen mit lokalen F\u00fchrern auf jeder Insel: Aran Inseln, Inishbofin, Clare Island, Achill Island, Westport\" \/>\n<meta property=\"og:url\" content=\"https:\/\/www.celticexperience.net\/de\/tours\/magische-inseln-im-westen-von-irland\/\" \/>\n<meta property=\"og:site_name\" content=\"Celtic Spirit\" \/>\n<meta property=\"article:modified_time\" content=\"2026-04-08T16:28:42+00:00\" \/>\n<meta property=\"og:image\" content=\"https:\/\/www.celticexperience.net\/de\/wp-content\/uploads\/2017\/10\/Clare-Island-5-e1507902275349.jpg\" \/>\n\t<meta property=\"og:image:width\" content=\"1500\" \/>\n\t<meta property=\"og:image:height\" content=\"600\" \/>\n<meta name=\"twitter:card\" content=\"summary\" \/>\n<meta name=\"twitter:label1\" content=\"Gesch\u00e4tzte Lesezeit\" \/>\n\t<meta name=\"twitter:data1\" content=\"2\u00a0Minuten\" \/>\n<script type=\"application\/ld+json\" class=\"yoast-schema-graph\">{\"@context\":\"https:\/\/schema.org\",\"@graph\":[{\"@type\":\"WebSite\",\"@id\":\"https:\/\/www.celticexperience.net\/de\/#website\",\"url\":\"https:\/\/www.celticexperience.net\/de\/\",\"name\":\"Celtic Spirit\",\"description\":\"Irish Cultural Holidays\",\"potentialAction\":[{\"@type\":\"SearchAction\",\"target\":{\"@type\":\"EntryPoint\",\"urlTemplate\":\"https:\/\/www.celticexperience.net\/de\/?s={search_term_string}\"},\"query-input\":\"required name=search_term_string\"}],\"inLanguage\":\"de\"},{\"@type\":\"ImageObject\",\"@id\":\"https:\/\/www.celticexperience.net\/de\/tours\/magische-inseln-im-westen-von-irland\/#primaryimage\",\"inLanguage\":\"de\",\"url\":\"https:\/\/www.celticexperience.net\/de\/wp-content\/uploads\/2017\/10\/Clare-Island-5-e1507902275349.jpg\",\"contentUrl\":\"https:\/\/www.celticexperience.net\/de\/wp-content\/uploads\/2017\/10\/Clare-Island-5-e1507902275349.jpg\",\"width\":1500,\"height\":600,\"caption\":\"Clare Island, Ireland, Inselferien\"},{\"@type\":\"WebPage\",\"@id\":\"https:\/\/www.celticexperience.net\/de\/tours\/magische-inseln-im-westen-von-irland\/#webpage\",\"url\":\"https:\/\/www.celticexperience.net\/de\/tours\/magische-inseln-im-westen-von-irland\/\",\"name\":\"Magische Inseln im Atlantik im Westen von Irland: 4 Inseln entdecken\",\"isPartOf\":{\"@id\":\"https:\/\/www.celticexperience.net\/de\/#website\"},\"primaryImageOfPage\":{\"@id\":\"https:\/\/www.celticexperience.net\/de\/tours\/magische-inseln-im-westen-von-irland\/#primaryimage\"},\"datePublished\":\"2017-10-13T12:40:26+00:00\",\"dateModified\":\"2026-04-08T16:28:42+00:00\",\"description\":\"Inselreise: Wanderungen mit lokalen F\\u00fchrern auf jeder Insel: Aran Inseln, Inishbofin, Clare Island, Achill Island, Westport\",\"breadcrumb\":{\"@id\":\"https:\/\/www.celticexperience.net\/de\/tours\/magische-inseln-im-westen-von-irland\/#breadcrumb\"},\"inLanguage\":\"de\",\"potentialAction\":[{\"@type\":\"ReadAction\",\"target\":[\"https:\/\/www.celticexperience.net\/de\/tours\/magische-inseln-im-westen-von-irland\/\"]}]},{\"@type\":\"BreadcrumbList\",\"@id\":\"https:\/\/www.celticexperience.net\/de\/tours\/magische-inseln-im-westen-von-irland\/#breadcrumb\",\"itemListElement\":[{\"@type\":\"ListItem\",\"position\":1,\"name\":\"Home\",\"item\":\"https:\/\/www.celticexperience.net\/de\/\"},{\"@type\":\"ListItem\",\"position\":2,\"name\":\"Produkte\",\"item\":\"https:\/\/www.celticexperience.net\/de\/shop\/\"},{\"@type\":\"ListItem\",\"position\":3,\"name\":\"Magische Inseln im Atlantik im Westen von Irland: Inis M\\u00f3r, Inishbofin, Inishark, Insishturk und Clare Island\"}]}]}<\/script>\n<!-- \/ Yoast SEO plugin. -->","yoast_head_json":{"title":"Magische Inseln im Atlantik im Westen von Irland: 4 Inseln entdecken","description":"Inselreise: Wanderungen mit lokalen F\u00fchrern auf jeder Insel: Aran Inseln, Inishbofin, Clare Island, Achill Island, Westport","robots":{"index":"index","follow":"follow","max-snippet":"max-snippet:-1","max-image-preview":"max-image-preview:large","max-video-preview":"max-video-preview:-1"},"canonical":"https:\/\/www.celticexperience.net\/de\/tours\/magische-inseln-im-westen-von-irland\/","og_locale":"de_DE","og_type":"article","og_title":"Magische Inseln im Atlantik im Westen von Irland: 4 Inseln entdecken","og_description":"Inselreise: Wanderungen mit lokalen F\u00fchrern auf jeder Insel: Aran Inseln, Inishbofin, Clare Island, Achill Island, Westport","og_url":"https:\/\/www.celticexperience.net\/de\/tours\/magische-inseln-im-westen-von-irland\/","og_site_name":"Celtic Spirit","article_modified_time":"2026-04-08T16:28:42+00:00","og_image":[{"width":1500,"height":600,"url":"https:\/\/www.celticexperience.net\/de\/wp-content\/uploads\/2017\/10\/Clare-Island-5-e1507902275349.jpg","type":"image\/jpeg"}],"twitter_card":"summary","twitter_misc":{"Gesch\u00e4tzte Lesezeit":"2\u00a0Minuten"},"schema":{"@context":"https:\/\/schema.org","@graph":[{"@type":"WebSite","@id":"https:\/\/www.celticexperience.net\/de\/#website","url":"https:\/\/www.celticexperience.net\/de\/","name":"Celtic Spirit","description":"Irish Cultural Holidays","potentialAction":[{"@type":"SearchAction","target":{"@type":"EntryPoint","urlTemplate":"https:\/\/www.celticexperience.net\/de\/?s={search_term_string}"},"query-input":"required name=search_term_string"}],"inLanguage":"de"},{"@type":"ImageObject","@id":"https:\/\/www.celticexperience.net\/de\/tours\/magische-inseln-im-westen-von-irland\/#primaryimage","inLanguage":"de","url":"https:\/\/www.celticexperience.net\/de\/wp-content\/uploads\/2017\/10\/Clare-Island-5-e1507902275349.jpg","contentUrl":"https:\/\/www.celticexperience.net\/de\/wp-content\/uploads\/2017\/10\/Clare-Island-5-e1507902275349.jpg","width":1500,"height":600,"caption":"Clare Island, Ireland, Inselferien"},{"@type":"WebPage","@id":"https:\/\/www.celticexperience.net\/de\/tours\/magische-inseln-im-westen-von-irland\/#webpage","url":"https:\/\/www.celticexperience.net\/de\/tours\/magische-inseln-im-westen-von-irland\/","name":"Magische Inseln im Atlantik im Westen von Irland: 4 Inseln entdecken","isPartOf":{"@id":"https:\/\/www.celticexperience.net\/de\/#website"},"primaryImageOfPage":{"@id":"https:\/\/www.celticexperience.net\/de\/tours\/magische-inseln-im-westen-von-irland\/#primaryimage"},"datePublished":"2017-10-13T12:40:26+00:00","dateModified":"2026-04-08T16:28:42+00:00","description":"Inselreise: Wanderungen mit lokalen F\u00fchrern auf jeder Insel: Aran Inseln, Inishbofin, Clare Island, Achill Island, Westport","breadcrumb":{"@id":"https:\/\/www.celticexperience.net\/de\/tours\/magische-inseln-im-westen-von-irland\/#breadcrumb"},"inLanguage":"de","potentialAction":[{"@type":"ReadAction","target":["https:\/\/www.celticexperience.net\/de\/tours\/magische-inseln-im-westen-von-irland\/"]}]},{"@type":"BreadcrumbList","@id":"https:\/\/www.celticexperience.net\/de\/tours\/magische-inseln-im-westen-von-irland\/#breadcrumb","itemListElement":[{"@type":"ListItem","position":1,"name":"Home","item":"https:\/\/www.celticexperience.net\/de\/"},{"@type":"ListItem","position":2,"name":"Produkte","item":"https:\/\/www.celticexperience.net\/de\/shop\/"},{"@type":"ListItem","position":3,"name":"Magische Inseln im Atlantik im Westen von Irland: Inis M\u00f3r, Inishbofin, Inishark, Insishturk und Clare Island"}]}]}},"_links":{"self":[{"href":"https:\/\/www.celticexperience.net\/de\/wp-json\/wp\/v2\/product\/1593"}],"collection":[{"href":"https:\/\/www.celticexperience.net\/de\/wp-json\/wp\/v2\/product"}],"about":[{"href":"https:\/\/www.celticexperience.net\/de\/wp-json\/wp\/v2\/types\/product"}],"replies":[{"embeddable":true,"href":"https:\/\/www.celticexperience.net\/de\/wp-json\/wp\/v2\/comments?post=1593"}],"wp:featuredmedia":[{"embeddable":true,"href":"https:\/\/www.celticexperience.net\/de\/wp-json\/wp\/v2\/media\/1569"}],"wp:attachment":[{"href":"https:\/\/www.celticexperience.net\/de\/wp-json\/wp\/v2\/media?parent=1593"}],"wp:term":[{"taxonomy":"product_cat","embeddable":true,"href":"https:\/\/www.celticexperience.net\/de\/wp-json\/wp\/v2\/product_cat?post=1593"},{"taxonomy":"product_tag","embeddable":true,"href":"https:\/\/www.celticexperience.net\/de\/wp-json\/wp\/v2\/product_tag?post=1593"}],"curies":[{"name":"wp","href":"https:\/\/api.w.org\/{rel}","templated":true}]}}