{"id":1591,"date":"2017-10-13T12:00:38","date_gmt":"2017-10-13T12:00:38","guid":{"rendered":"http:\/\/www.celticexperience.net\/de\/tours\/zauberhaftes-cornwall\/"},"modified":"2019-10-10T16:17:43","modified_gmt":"2019-10-10T16:17:43","slug":"zauberhaftes-cornwall-studienreise","status":"publish","type":"product","link":"https:\/\/www.celticexperience.net\/de\/tours\/zauberhaftes-cornwall-studienreise\/","title":{"rendered":"Zauberhaftes Cornwall: Arch\u00e4ologie, Mythologie und Kultpl\u00e4tze"},"content":{"rendered":"<p>[vc_row][vc_column][vc_column_text]<\/p>\n<h3 class=\"top2\" style=\"text-align: center;\"><\/h3>\n<p style=\"text-align: center;\"><b>Zauberhaftes Cornwall <\/b><\/p>\n<p style=\"text-align: center;\"><b>Goldener Herbst, Meeresk\u00fcsten und wundervolle Scilly-Inseln\u00a0<\/b><\/p>\n<p>Einmalige Kultur- und Studienreise zu den arch\u00e4ologischen und landschaftsmythologischen St\u00e4tten zwischen Land\u2019s End, Michael\u2019s Mount, Merry Maidens und Artus-Legende. Reiches Kulturerbe der Megalithkultur sowie keltische Sagen eines bekannten Geschichtenerz\u00e4hlers. Gef\u00fchrt vom Ethnologen Dr. Kurt Derungs und der Kulturvermittlerin Elizabeth Zollinger.<br \/>\n<!--more--><\/p>\n<p>More detailed tour information is given in the Itinerary Section.[\/vc_column_text][vc_row_inner][vc_column_inner][vc_separator][\/vc_column_inner][\/vc_row_inner][vc_row_inner][vc_column_inner width=&#8220;1\/4&#8243;][vc_column_text]<b>PROGRAMMDATUM<\/b>[\/vc_column_text][\/vc_column_inner][vc_column_inner width=&#8220;3\/4&#8243;][vc_column_text]Oktober 2018[\/vc_column_text][\/vc_column_inner][\/vc_row_inner][vc_row_inner][vc_column_inner][vc_separator][\/vc_column_inner][\/vc_row_inner][vc_row_inner][vc_column_inner width=&#8220;1\/4&#8243;][vc_column_text]<b>BUCHUNG<\/b>[\/vc_column_text][\/vc_column_inner][vc_column_inner width=&#8220;3\/4&#8243;][vc_column_text]offen[\/vc_column_text][\/vc_column_inner][\/vc_row_inner][vc_row_inner][vc_column_inner][vc_separator][\/vc_column_inner][\/vc_row_inner][vc_row_inner][vc_column_inner width=&#8220;1\/3&#8243;][vc_column_text]<b>INBEGRIFFEN<\/b>[\/vc_column_text][\/vc_column_inner][vc_column_inner width=&#8220;2\/3&#8243;][vc_column_text]9-t\u00e4gige Kulturreise und Ausfl\u00fcge mit Reisebus laut Reiseverlauf ab und bis Bristol sowie Besichtigungen und Eintritte laut Programm inkl. Inselflug und Schiffsfahrt. 8 \u00dcbernachtungen im Doppelzimmer in guten Hotels inkl. Fr\u00fchst\u00fcck sowie 1 Lunch und 6 Abendessen. Reiseleitung und Betreuung durch eine erfahrene Kulturvermittlerin und eine professionelle Fachperson[\/vc_column_text][\/vc_column_inner][\/vc_row_inner][vc_row_inner][vc_column_inner][vc_separator][\/vc_column_inner][\/vc_row_inner][\/vc_column][\/vc_row][vc_row][vc_column][vc_row_inner][vc_column_inner width=&#8220;1\/3&#8243;][vc_column_text]<b>NICHT INBEGRIFFEN<\/b>[\/vc_column_text][\/vc_column_inner][vc_column_inner width=&#8220;2\/3&#8243;][vc_column_text]Nicht inbegriffen sind: An- und Abreise, 2 Abendessen, Lunch\/Picknick, Getr\u00e4nke und Trinkgelder) *Je nach Teilnehmerzahl und Wechselkurs ist ein kleiner Zuschlag m\u00f6glich: bei 18 Teiln. CHF 0.\u2013; bei 16\/17 Teiln. CHF 100.\u2013; bei 14\/15 Teiln. CHF 170.\u2013[\/vc_column_text][\/vc_column_inner][\/vc_row_inner][\/vc_column][\/vc_row][vc_row][vc_column][vc_row_inner][vc_column_inner][vc_separator][\/vc_column_inner][\/vc_row_inner][vc_row_inner][vc_column_inner width=&#8220;1\/4&#8243;][vc_column_text]<b>UNTERK\u00dcNFTE<\/b>[\/vc_column_text][\/vc_column_inner][vc_column_inner width=&#8220;3\/4&#8243;][vc_column_text]8 \u00dcbernachtungen im Zweibettzimmer in guten Mittelklassehotels inkl. grossem Fr\u00fchst\u00fcck[\/vc_column_text][\/vc_column_inner][\/vc_row_inner][\/vc_column][\/vc_row][vc_row][vc_column][vc_row_inner][vc_column_inner][vc_separator][\/vc_column_inner][\/vc_row_inner][vc_row_inner][vc_column_inner width=&#8220;1\/4&#8243;][vc_column_text]<b>KOSTEN<\/b>[\/vc_column_text][\/vc_column_inner][vc_column_inner width=&#8220;3\/4&#8243;][vc_column_text]Reisepreis* p. Person CHF 2390.\u2013 \/ \u20ac 2120.-[\/vc_column_text][\/vc_column_inner][\/vc_row_inner][\/vc_column][\/vc_row][vc_row][vc_column][vc_row_inner][vc_column_inner][vc_separator][\/vc_column_inner][\/vc_row_inner][\/vc_column][\/vc_row][vc_row][vc_column][vc_row_inner][vc_column_inner width=&#8220;1\/4&#8243;][vc_column_text]<b>ZUSCHL\u00c4GE<\/b>[\/vc_column_text][\/vc_column_inner][vc_column_inner width=&#8220;3\/4&#8243;][vc_column_text]EZ-Zuschlag CHF 320.\u2013 \/ \u20ac 280.\u2013[\/vc_column_text][\/vc_column_inner][\/vc_row_inner][\/vc_column][\/vc_row][vc_row][vc_column][vc_text_separator][\/vc_column][\/vc_row][vc_row][vc_column width=&#8220;1\/3&#8243;][vc_single_image image=&#8220;1619&#8243; img_size=&#8220;full&#8220;][\/vc_column][vc_column width=&#8220;2\/3&#8243;][vc_column_text]<strong>Reiseleitung: <\/strong><\/p>\n<p><strong>Kurt Derungs:<\/strong> Ethnologe in der Schweiz, Begr\u00fcnder der Landschaftsmythologie und Leiter der Akademie der Landschaft. Er f\u00fchrt seit 15 Jahren Studienreisen im In- und Ausland durch und ist Autor zahlreicher B\u00fc- cher zum Thema Kulturlandschaften und Altes Wissen. (<a href=\"http:\/\/www.derungs.org\/\" target=\"_blank\">www.derungs.org<\/a>)[\/vc_column_text][\/vc_column][\/vc_row][vc_row][vc_column width=&#8220;2\/3&#8243;][vc_column_text]<strong>Elizabeth Zollinger<\/strong>, K\u00fcnstlerin und Erwachsenenbildnerin, lebt seit 1974 sowohl in der Schweiz wie auch in Irland (Aran-Inseln). Sie gr\u00fcndete 1996 zusammen mit Einheimischen der Insel das Projekt \u201eCeltic Spirit\u201c mit dem Ziel, irisch-keltische Kultur zu vermitteln und organisiert seit 16 Jahren Kulturreisen in Irland mit verschiedenen Schwerpunkten.[\/vc_column_text][\/vc_column][vc_column width=&#8220;1\/3&#8243;][vc_single_image image=&#8220;1587&#8243; img_size=&#8220;full&#8220;][\/vc_column][\/vc_row][vc_row][vc_column][vc_column_text]<\/p>\n<div class=\"vc_row wpb_row vc_row-fluid\">\n<div class=\"wpb_column vc_column_container vc_col-sm-6\">\n<div class=\"vc_column-inner \">\n<div class=\"wpb_wrapper\">\n<div class=\"wpb_text_column wpb_content_element \">\n<div class=\"wpb_wrapper\">\n<h4>Laden Sie das Detailprogramm\u00a0<a href=\"https:\/\/www.celticexperience.net\/de\/wp-content\/uploads\/2017\/10\/Derungs-Reise_Zauberhaftes_Cornwall_print.pdf\">hier<\/a>.<\/h4>\n<\/div>\n<\/div>\n<\/div>\n<\/div>\n<\/div>\n<\/div>\n<div class=\"margin-top\"><\/div>\n<p>[\/vc_column_text][\/vc_column][\/vc_row]<\/p>\n","protected":false},"excerpt":{"rendered":"<p>[vc_row][vc_column][vc_column_text] Zauberhaftes Cornwall Goldener Herbst, Meeresk\u00fcsten und wundervolle Scilly-Inseln\u00a0 Einmalige Kultur- und Studienreise zu den arch\u00e4ologischen und landschaftsmythologischen St\u00e4tten zwischen Land\u2019s End, Michael\u2019s Mount, Merry Maidens und Artus-Legende. Reiches Kulturerbe der Megalithkultur sowie keltische Sagen eines bekannten Geschichtenerz\u00e4hlers. Gef\u00fchrt vom Ethnologen Dr. Kurt Derungs und der Kulturvermittlerin Elizabeth Zollinger.<\/p>\n","protected":false},"featured_media":1549,"comment_status":"closed","ping_status":"closed","template":"","meta":[],"product_cat":[178],"product_tag":[304,303],"yoast_head":"<!-- This site is optimized with the Yoast SEO plugin v17.5 - https:\/\/yoast.com\/wordpress\/plugins\/seo\/ -->\n<title>Zauberhaftes Cornwall: Arch\u00e4ologie, Mythologie, Kultpl\u00e4tze<\/title>\n<meta name=\"description\" content=\"Zauberhaftes Cornwall: Kultur- und Studienreise mit Kurt Derungs: Arch\u00e4ologie, Mythologie Kultpl\u00e4tze: Scilly Inseln, Penzance,, Michaels Mount, Men an Tol,\" \/>\n<meta name=\"robots\" content=\"index, follow, max-snippet:-1, max-image-preview:large, max-video-preview:-1\" \/>\n<link rel=\"canonical\" href=\"https:\/\/www.celticexperience.net\/de\/produkt\/zauberhaftes-cornwall-studienreise\/\" \/>\n<meta property=\"og:locale\" content=\"de_DE\" \/>\n<meta property=\"og:type\" content=\"article\" \/>\n<meta property=\"og:title\" content=\"Zauberhaftes Cornwall: Arch\u00e4ologie, Mythologie, Kultpl\u00e4tze\" \/>\n<meta property=\"og:description\" content=\"Zauberhaftes Cornwall: Kultur- und Studienreise mit Kurt Derungs: Arch\u00e4ologie, Mythologie Kultpl\u00e4tze: Scilly Inseln, Penzance,, Michaels Mount, Men an Tol,\" \/>\n<meta property=\"og:url\" content=\"https:\/\/www.celticexperience.net\/de\/produkt\/zauberhaftes-cornwall-studienreise\/\" \/>\n<meta property=\"og:site_name\" content=\"Celtic Spirit\" \/>\n<meta property=\"article:modified_time\" content=\"2019-10-10T16:17:43+00:00\" \/>\n<meta property=\"og:image\" content=\"https:\/\/www.celticexperience.net\/de\/wp-content\/uploads\/2017\/10\/Cornwall-St_Michaels_Mount_II5302_x_2982.jpg\" \/>\n\t<meta property=\"og:image:width\" content=\"2000\" \/>\n\t<meta property=\"og:image:height\" content=\"1125\" \/>\n<meta name=\"twitter:card\" content=\"summary\" \/>\n<meta name=\"twitter:label1\" content=\"Gesch\u00e4tzte Lesezeit\" \/>\n\t<meta name=\"twitter:data1\" content=\"4\u00a0Minuten\" \/>\n<script type=\"application\/ld+json\" class=\"yoast-schema-graph\">{\"@context\":\"https:\/\/schema.org\",\"@graph\":[{\"@type\":\"WebSite\",\"@id\":\"https:\/\/www.celticexperience.net\/de\/#website\",\"url\":\"https:\/\/www.celticexperience.net\/de\/\",\"name\":\"Celtic Spirit\",\"description\":\"Irish Cultural Holidays\",\"potentialAction\":[{\"@type\":\"SearchAction\",\"target\":{\"@type\":\"EntryPoint\",\"urlTemplate\":\"https:\/\/www.celticexperience.net\/de\/?s={search_term_string}\"},\"query-input\":\"required name=search_term_string\"}],\"inLanguage\":\"de\"},{\"@type\":\"ImageObject\",\"@id\":\"https:\/\/www.celticexperience.net\/de\/produkt\/zauberhaftes-cornwall-studienreise\/#primaryimage\",\"inLanguage\":\"de\",\"url\":\"https:\/\/www.celticexperience.net\/de\/wp-content\/uploads\/2017\/10\/Cornwall-St_Michaels_Mount_II5302_x_2982.jpg\",\"contentUrl\":\"https:\/\/www.celticexperience.net\/de\/wp-content\/uploads\/2017\/10\/Cornwall-St_Michaels_Mount_II5302_x_2982.jpg\",\"width\":2000,\"height\":1125,\"caption\":\"St Michael's Mount, Cornwall Reise\"},{\"@type\":\"WebPage\",\"@id\":\"https:\/\/www.celticexperience.net\/de\/produkt\/zauberhaftes-cornwall-studienreise\/#webpage\",\"url\":\"https:\/\/www.celticexperience.net\/de\/produkt\/zauberhaftes-cornwall-studienreise\/\",\"name\":\"Zauberhaftes Cornwall: Arch\\u00e4ologie, Mythologie, Kultpl\\u00e4tze\",\"isPartOf\":{\"@id\":\"https:\/\/www.celticexperience.net\/de\/#website\"},\"primaryImageOfPage\":{\"@id\":\"https:\/\/www.celticexperience.net\/de\/produkt\/zauberhaftes-cornwall-studienreise\/#primaryimage\"},\"datePublished\":\"2017-10-13T12:00:38+00:00\",\"dateModified\":\"2019-10-10T16:17:43+00:00\",\"description\":\"Zauberhaftes Cornwall: Kultur- und Studienreise mit Kurt Derungs: Arch\\u00e4ologie, Mythologie Kultpl\\u00e4tze: Scilly Inseln, Penzance,, Michaels Mount, Men an Tol,\",\"breadcrumb\":{\"@id\":\"https:\/\/www.celticexperience.net\/de\/produkt\/zauberhaftes-cornwall-studienreise\/#breadcrumb\"},\"inLanguage\":\"de\",\"potentialAction\":[{\"@type\":\"ReadAction\",\"target\":[\"https:\/\/www.celticexperience.net\/de\/produkt\/zauberhaftes-cornwall-studienreise\/\"]}]},{\"@type\":\"BreadcrumbList\",\"@id\":\"https:\/\/www.celticexperience.net\/de\/produkt\/zauberhaftes-cornwall-studienreise\/#breadcrumb\",\"itemListElement\":[{\"@type\":\"ListItem\",\"position\":1,\"name\":\"Home\",\"item\":\"https:\/\/www.celticexperience.net\/de\/\"},{\"@type\":\"ListItem\",\"position\":2,\"name\":\"Produkte\",\"item\":\"https:\/\/www.celticexperience.net\/de\/shop\/\"},{\"@type\":\"ListItem\",\"position\":3,\"name\":\"Zauberhaftes Cornwall: Arch\\u00e4ologie, Mythologie und Kultpl\\u00e4tze\"}]}]}<\/script>\n<!-- \/ Yoast SEO plugin. -->","yoast_head_json":{"title":"Zauberhaftes Cornwall: Arch\u00e4ologie, Mythologie, Kultpl\u00e4tze","description":"Zauberhaftes Cornwall: Kultur- und Studienreise mit Kurt Derungs: Arch\u00e4ologie, Mythologie Kultpl\u00e4tze: Scilly Inseln, Penzance,, Michaels Mount, Men an Tol,","robots":{"index":"index","follow":"follow","max-snippet":"max-snippet:-1","max-image-preview":"max-image-preview:large","max-video-preview":"max-video-preview:-1"},"canonical":"https:\/\/www.celticexperience.net\/de\/produkt\/zauberhaftes-cornwall-studienreise\/","og_locale":"de_DE","og_type":"article","og_title":"Zauberhaftes Cornwall: Arch\u00e4ologie, Mythologie, Kultpl\u00e4tze","og_description":"Zauberhaftes Cornwall: Kultur- und Studienreise mit Kurt Derungs: Arch\u00e4ologie, Mythologie Kultpl\u00e4tze: Scilly Inseln, Penzance,, Michaels Mount, Men an Tol,","og_url":"https:\/\/www.celticexperience.net\/de\/produkt\/zauberhaftes-cornwall-studienreise\/","og_site_name":"Celtic Spirit","article_modified_time":"2019-10-10T16:17:43+00:00","og_image":[{"width":2000,"height":1125,"url":"https:\/\/www.celticexperience.net\/de\/wp-content\/uploads\/2017\/10\/Cornwall-St_Michaels_Mount_II5302_x_2982.jpg","type":"image\/jpeg"}],"twitter_card":"summary","twitter_misc":{"Gesch\u00e4tzte Lesezeit":"4\u00a0Minuten"},"schema":{"@context":"https:\/\/schema.org","@graph":[{"@type":"WebSite","@id":"https:\/\/www.celticexperience.net\/de\/#website","url":"https:\/\/www.celticexperience.net\/de\/","name":"Celtic Spirit","description":"Irish Cultural Holidays","potentialAction":[{"@type":"SearchAction","target":{"@type":"EntryPoint","urlTemplate":"https:\/\/www.celticexperience.net\/de\/?s={search_term_string}"},"query-input":"required name=search_term_string"}],"inLanguage":"de"},{"@type":"ImageObject","@id":"https:\/\/www.celticexperience.net\/de\/produkt\/zauberhaftes-cornwall-studienreise\/#primaryimage","inLanguage":"de","url":"https:\/\/www.celticexperience.net\/de\/wp-content\/uploads\/2017\/10\/Cornwall-St_Michaels_Mount_II5302_x_2982.jpg","contentUrl":"https:\/\/www.celticexperience.net\/de\/wp-content\/uploads\/2017\/10\/Cornwall-St_Michaels_Mount_II5302_x_2982.jpg","width":2000,"height":1125,"caption":"St Michael's Mount, Cornwall Reise"},{"@type":"WebPage","@id":"https:\/\/www.celticexperience.net\/de\/produkt\/zauberhaftes-cornwall-studienreise\/#webpage","url":"https:\/\/www.celticexperience.net\/de\/produkt\/zauberhaftes-cornwall-studienreise\/","name":"Zauberhaftes Cornwall: Arch\u00e4ologie, Mythologie, Kultpl\u00e4tze","isPartOf":{"@id":"https:\/\/www.celticexperience.net\/de\/#website"},"primaryImageOfPage":{"@id":"https:\/\/www.celticexperience.net\/de\/produkt\/zauberhaftes-cornwall-studienreise\/#primaryimage"},"datePublished":"2017-10-13T12:00:38+00:00","dateModified":"2019-10-10T16:17:43+00:00","description":"Zauberhaftes Cornwall: Kultur- und Studienreise mit Kurt Derungs: Arch\u00e4ologie, Mythologie Kultpl\u00e4tze: Scilly Inseln, Penzance,, Michaels Mount, Men an Tol,","breadcrumb":{"@id":"https:\/\/www.celticexperience.net\/de\/produkt\/zauberhaftes-cornwall-studienreise\/#breadcrumb"},"inLanguage":"de","potentialAction":[{"@type":"ReadAction","target":["https:\/\/www.celticexperience.net\/de\/produkt\/zauberhaftes-cornwall-studienreise\/"]}]},{"@type":"BreadcrumbList","@id":"https:\/\/www.celticexperience.net\/de\/produkt\/zauberhaftes-cornwall-studienreise\/#breadcrumb","itemListElement":[{"@type":"ListItem","position":1,"name":"Home","item":"https:\/\/www.celticexperience.net\/de\/"},{"@type":"ListItem","position":2,"name":"Produkte","item":"https:\/\/www.celticexperience.net\/de\/shop\/"},{"@type":"ListItem","position":3,"name":"Zauberhaftes Cornwall: Arch\u00e4ologie, Mythologie und Kultpl\u00e4tze"}]}]}},"_links":{"self":[{"href":"https:\/\/www.celticexperience.net\/de\/wp-json\/wp\/v2\/product\/1591"}],"collection":[{"href":"https:\/\/www.celticexperience.net\/de\/wp-json\/wp\/v2\/product"}],"about":[{"href":"https:\/\/www.celticexperience.net\/de\/wp-json\/wp\/v2\/types\/product"}],"replies":[{"embeddable":true,"href":"https:\/\/www.celticexperience.net\/de\/wp-json\/wp\/v2\/comments?post=1591"}],"wp:featuredmedia":[{"embeddable":true,"href":"https:\/\/www.celticexperience.net\/de\/wp-json\/wp\/v2\/media\/1549"}],"wp:attachment":[{"href":"https:\/\/www.celticexperience.net\/de\/wp-json\/wp\/v2\/media?parent=1591"}],"wp:term":[{"taxonomy":"product_cat","embeddable":true,"href":"https:\/\/www.celticexperience.net\/de\/wp-json\/wp\/v2\/product_cat?post=1591"},{"taxonomy":"product_tag","embeddable":true,"href":"https:\/\/www.celticexperience.net\/de\/wp-json\/wp\/v2\/product_tag?post=1591"}],"curies":[{"name":"wp","href":"https:\/\/api.w.org\/{rel}","templated":true}]}}