{"id":1589,"date":"2017-10-13T11:19:35","date_gmt":"2017-10-13T11:19:35","guid":{"rendered":"http:\/\/www.celticexperience.net\/de\/tours\/mythisches-irland\/"},"modified":"2018-10-26T12:27:18","modified_gmt":"2018-10-26T12:27:18","slug":"mythisches-irland","status":"publish","type":"product","link":"https:\/\/www.celticexperience.net\/de\/tours\/mythisches-irland\/","title":{"rendered":"Mythisches Irland"},"content":{"rendered":"<p>[vc_row][vc_column][vc_column_text]<\/p>\n<p>[\/vc_column_text][\/vc_column][\/vc_row][vc_row][vc_column][vc_column_text]<\/p>\n<h3 class=\"top2\" style=\"text-align: center;\">Entdeckung der Nordroute<\/h3>\n<p><b>Warrenpoint, Ballycastle, Giant&#8217;s Causeway, Sligo<\/b><\/p>\n<p>Einmalige Kultur- und Studienreise zu den arch\u00e4ologischen und landschaftsmythologischen St\u00e4tten der n\u00f6rdlichen Inselwelt Irlands. Reiches Kulturerbe aus (vor)keltischer Zeit, dazu Geschichten und Musik. Gef\u00fchrt vom Ethnologen Dr. Kurt Derungs und der Kulturvermittlerin Elizabeth Zollinger.<\/p>\n<p><!--more--><\/p>\n<p>More detailed tour information is given in the Itinerary Section.[\/vc_column_text][vc_row_inner][vc_column_inner][vc_separator][\/vc_column_inner][\/vc_row_inner][vc_row_inner][vc_column_inner width=&#8220;1\/4&#8243;][vc_column_text]<b>PROGRAMMDATUM<\/b>[\/vc_column_text][\/vc_column_inner][vc_column_inner width=&#8220;3\/4&#8243;][vc_column_text]11-t\u00e4gige Kulturreise und Ausfl\u00fcge mit Reisebus laut Reiseverlauf ab Dublin-Airport und bis Mullaghmore bei Sligo sowie Besichtigungen und Eintritte laut Programm. 10 \u00dcbernachtungen im Doppelzimmer in guten Hotels inkl. Fr\u00fchst\u00fcck sowie 7 Abendessen. Reiseleitung und Betreuung durch eine erfahrene Kulturvermittlerin und eine professionelle Fachperson.[\/vc_column_text][vc_column_text]Mai 2018[\/vc_column_text][\/vc_column_inner][\/vc_row_inner][vc_row_inner][vc_column_inner][vc_separator][\/vc_column_inner][\/vc_row_inner][vc_row_inner][vc_column_inner width=&#8220;1\/4&#8243;][vc_column_text]<b>BUCHUNG<\/b>[\/vc_column_text][\/vc_column_inner][vc_column_inner width=&#8220;3\/4&#8243;][vc_column_text]offen[\/vc_column_text][\/vc_column_inner][\/vc_row_inner][vc_row_inner][vc_column_inner][vc_separator][\/vc_column_inner][\/vc_row_inner][vc_row_inner][vc_column_inner width=&#8220;1\/3&#8243;][vc_column_text]<b>INBEGRIFFEN<\/b>[\/vc_column_text][\/vc_column_inner][vc_column_inner width=&#8220;2\/3&#8243;][\/vc_column_inner][\/vc_row_inner][vc_row_inner][vc_column_inner][vc_separator][\/vc_column_inner][\/vc_row_inner][\/vc_column][\/vc_row][vc_row][vc_column][vc_row_inner][vc_column_inner width=&#8220;1\/3&#8243;][vc_column_text]<b>NICHT INBEGRIFFEN<\/b>[\/vc_column_text][\/vc_column_inner][vc_column_inner width=&#8220;2\/3&#8243;][vc_column_text]An- und Abreise, 3 Abendessen, Lunch\/Picknick, Getr\u00e4nke und Trinkgelder *Je nach Teilnehmerzahl und Wechselkurs ist ein kleiner Zuschlag m\u00f6glich: bei 18 Teiln. CHF 0.\u2013; bei 16\/17 Teiln. CHF 110.\u2013; bei 14\/15 Teiln. CHF 180.\u2013[\/vc_column_text][\/vc_column_inner][\/vc_row_inner][\/vc_column][\/vc_row][vc_row][vc_column][vc_row_inner][vc_column_inner][vc_separator][\/vc_column_inner][\/vc_row_inner][vc_row_inner][vc_column_inner width=&#8220;1\/4&#8243;][vc_column_text]<b>UNTERK\u00dcNFTE<\/b>[\/vc_column_text][\/vc_column_inner][vc_column_inner width=&#8220;3\/4&#8243;][vc_column_text]10 \u00dcbernachtungen im Zweibettzimmer in guten Mittelklassehotels inkl. irischem Fr\u00fchst\u00fcck[\/vc_column_text][\/vc_column_inner][\/vc_row_inner][\/vc_column][\/vc_row][vc_row][vc_column][vc_row_inner][vc_column_inner][vc_separator][\/vc_column_inner][\/vc_row_inner][vc_row_inner][vc_column_inner width=&#8220;1\/4&#8243;][vc_column_text]<b>KOSTEN<\/b>[\/vc_column_text][\/vc_column_inner][vc_column_inner width=&#8220;3\/4&#8243;][vc_column_text]Reisepreis p. Person CHF 2490.\u2013 \/ \u20ac 2190.\u2013 (je nach Wechselkurs)[\/vc_column_text][\/vc_column_inner][\/vc_row_inner][\/vc_column][\/vc_row][vc_row][vc_column][vc_row_inner][vc_column_inner][vc_separator][\/vc_column_inner][\/vc_row_inner][\/vc_column][\/vc_row][vc_row][vc_column][vc_row_inner][vc_column_inner width=&#8220;1\/4&#8243;][vc_column_text]<b>ZUSCHL\u00c4GE<\/b>[\/vc_column_text][\/vc_column_inner][vc_column_inner width=&#8220;3\/4&#8243;][vc_column_text]Einzel-Zimmer-Zuschlag CHF 360.\u2013 \/ \u20ac 320.\u2013[\/vc_column_text][\/vc_column_inner][\/vc_row_inner][\/vc_column][\/vc_row][vc_row][vc_column][vc_text_separator][\/vc_column][\/vc_row][vc_row][vc_column][vc_column_text]Laden Sie das Detailprogramm <a href=\"https:\/\/www.celticexperience.net\/de\/wp-content\/uploads\/2017\/10\/Derungs-Reise_Mythisches_Irland_print.pdf\">hier:<\/a>[\/vc_column_text][\/vc_column][\/vc_row][vc_row][vc_column width=&#8220;1\/3&#8243;][vc_single_image image=&#8220;1619&#8243; img_size=&#8220;full&#8220;][\/vc_column][vc_column width=&#8220;2\/3&#8243;][vc_column_text]<strong>Reiseleitung: <\/strong><\/p>\n<p><strong>Kurt Derungs:<\/strong> Ethnologe in der Schweiz, Begr\u00fcnder der Landschaftsmythologie und Leiter der Akademie der Landschaft. Er f\u00fchrt seit 15 Jahren Studienreisen im In- und Ausland durch und ist Autor zahlreicher B\u00fc- cher zum Thema Kulturlandschaften und Altes Wissen. (<a href=\"http:\/\/www.derungs.org\/\" target=\"_blank\">www.derungs.org<\/a>)[\/vc_column_text][\/vc_column][\/vc_row][vc_row][vc_column width=&#8220;2\/3&#8243;][vc_column_text]<strong>Elizabeth Zollinger<\/strong>, K\u00fcnstlerin und Erwachsenenbildnerin, lebt seit 1974 sowohl in der Schweiz wie auch in Irland (Aran-Inseln). Sie gr\u00fcndete 1996 zusammen mit Einheimischen der Insel das Projekt \u201eCeltic Spirit\u201c mit dem Ziel, irisch-keltische Kultur zu vermitteln und organisiert seit 16 Jahren Kulturreisen in Irland mit verschiedenen Schwerpunkten.[\/vc_column_text][\/vc_column][vc_column width=&#8220;1\/3&#8243;][vc_single_image image=&#8220;1587&#8243; img_size=&#8220;full&#8220;][\/vc_column][\/vc_row]<\/p>\n","protected":false},"excerpt":{"rendered":"<p>[vc_row][vc_column][vc_column_text] [\/vc_column_text][\/vc_column][\/vc_row][vc_row][vc_column][vc_column_text] Entdeckung der Nordroute Warrenpoint, Ballycastle, Giant&#8217;s Causeway, Sligo Einmalige Kultur- und Studienreise zu den arch\u00e4ologischen und landschaftsmythologischen St\u00e4tten der n\u00f6rdlichen Inselwelt Irlands. Reiches Kulturerbe aus (vor)keltischer Zeit, dazu Geschichten und Musik. Gef\u00fchrt vom Ethnologen Dr. Kurt Derungs und der Kulturvermittlerin Elizabeth Zollinger.<\/p>\n","protected":false},"featured_media":1554,"comment_status":"closed","ping_status":"closed","template":"","meta":[],"product_cat":[178],"product_tag":[290,292,289,286,288,291,287],"yoast_head":"<!-- This site is optimized with the Yoast SEO plugin v17.5 - https:\/\/yoast.com\/wordpress\/plugins\/seo\/ -->\n<title>Mythisches Irland, Entdeckung der Nordroute<\/title>\n<meta name=\"description\" content=\"Kultst\u00e4tten: Navan Fort, Slieve Gullion, Giants Causeway, Boa Island, Carrowmore, Carrowkeel, Knocknarea, Lough Gill, Sligo, Kulturreise mit Kurt Derungs\" \/>\n<meta name=\"robots\" content=\"index, follow, max-snippet:-1, max-image-preview:large, max-video-preview:-1\" \/>\n<link rel=\"canonical\" href=\"https:\/\/www.celticexperience.net\/de\/produkt\/mythisches-irland\/\" \/>\n<meta property=\"og:locale\" content=\"de_DE\" \/>\n<meta property=\"og:type\" content=\"article\" \/>\n<meta property=\"og:title\" content=\"Mythisches Irland, Entdeckung der Nordroute\" \/>\n<meta property=\"og:description\" content=\"Kultst\u00e4tten: Navan Fort, Slieve Gullion, Giants Causeway, Boa Island, Carrowmore, Carrowkeel, Knocknarea, Lough Gill, Sligo, Kulturreise mit Kurt Derungs\" \/>\n<meta property=\"og:url\" content=\"https:\/\/www.celticexperience.net\/de\/produkt\/mythisches-irland\/\" \/>\n<meta property=\"og:site_name\" content=\"Celtic Spirit\" \/>\n<meta property=\"article:modified_time\" content=\"2018-10-26T12:27:18+00:00\" \/>\n<meta property=\"og:image\" content=\"https:\/\/www.celticexperience.net\/de\/wp-content\/uploads\/2017\/10\/N-ireland-JanusFigureBoaIsland.jpg\" \/>\n\t<meta property=\"og:image:width\" content=\"1024\" \/>\n\t<meta property=\"og:image:height\" content=\"768\" \/>\n<meta name=\"twitter:card\" content=\"summary\" \/>\n<meta name=\"twitter:label1\" content=\"Gesch\u00e4tzte Lesezeit\" \/>\n\t<meta name=\"twitter:data1\" content=\"4\u00a0Minuten\" \/>\n<script type=\"application\/ld+json\" class=\"yoast-schema-graph\">{\"@context\":\"https:\/\/schema.org\",\"@graph\":[{\"@type\":\"WebSite\",\"@id\":\"https:\/\/www.celticexperience.net\/de\/#website\",\"url\":\"https:\/\/www.celticexperience.net\/de\/\",\"name\":\"Celtic Spirit\",\"description\":\"Irish Cultural Holidays\",\"potentialAction\":[{\"@type\":\"SearchAction\",\"target\":{\"@type\":\"EntryPoint\",\"urlTemplate\":\"https:\/\/www.celticexperience.net\/de\/?s={search_term_string}\"},\"query-input\":\"required name=search_term_string\"}],\"inLanguage\":\"de\"},{\"@type\":\"ImageObject\",\"@id\":\"https:\/\/www.celticexperience.net\/de\/produkt\/mythisches-irland\/#primaryimage\",\"inLanguage\":\"de\",\"url\":\"https:\/\/www.celticexperience.net\/de\/wp-content\/uploads\/2017\/10\/N-ireland-JanusFigureBoaIsland.jpg\",\"contentUrl\":\"https:\/\/www.celticexperience.net\/de\/wp-content\/uploads\/2017\/10\/N-ireland-JanusFigureBoaIsland.jpg\",\"width\":1024,\"height\":768,\"caption\":\"Janus Figur, Boa Island, Mystisches Irland\"},{\"@type\":\"WebPage\",\"@id\":\"https:\/\/www.celticexperience.net\/de\/produkt\/mythisches-irland\/#webpage\",\"url\":\"https:\/\/www.celticexperience.net\/de\/produkt\/mythisches-irland\/\",\"name\":\"Mythisches Irland, Entdeckung der Nordroute\",\"isPartOf\":{\"@id\":\"https:\/\/www.celticexperience.net\/de\/#website\"},\"primaryImageOfPage\":{\"@id\":\"https:\/\/www.celticexperience.net\/de\/produkt\/mythisches-irland\/#primaryimage\"},\"datePublished\":\"2017-10-13T11:19:35+00:00\",\"dateModified\":\"2018-10-26T12:27:18+00:00\",\"description\":\"Kultst\\u00e4tten: Navan Fort, Slieve Gullion, Giants Causeway, Boa Island, Carrowmore, Carrowkeel, Knocknarea, Lough Gill, Sligo, Kulturreise mit Kurt Derungs\",\"breadcrumb\":{\"@id\":\"https:\/\/www.celticexperience.net\/de\/produkt\/mythisches-irland\/#breadcrumb\"},\"inLanguage\":\"de\",\"potentialAction\":[{\"@type\":\"ReadAction\",\"target\":[\"https:\/\/www.celticexperience.net\/de\/produkt\/mythisches-irland\/\"]}]},{\"@type\":\"BreadcrumbList\",\"@id\":\"https:\/\/www.celticexperience.net\/de\/produkt\/mythisches-irland\/#breadcrumb\",\"itemListElement\":[{\"@type\":\"ListItem\",\"position\":1,\"name\":\"Home\",\"item\":\"https:\/\/www.celticexperience.net\/de\/\"},{\"@type\":\"ListItem\",\"position\":2,\"name\":\"Produkte\",\"item\":\"https:\/\/www.celticexperience.net\/de\/shop\/\"},{\"@type\":\"ListItem\",\"position\":3,\"name\":\"Mythisches Irland\"}]}]}<\/script>\n<!-- \/ Yoast SEO plugin. -->","yoast_head_json":{"title":"Mythisches Irland, Entdeckung der Nordroute","description":"Kultst\u00e4tten: Navan Fort, Slieve Gullion, Giants Causeway, Boa Island, Carrowmore, Carrowkeel, Knocknarea, Lough Gill, Sligo, Kulturreise mit Kurt Derungs","robots":{"index":"index","follow":"follow","max-snippet":"max-snippet:-1","max-image-preview":"max-image-preview:large","max-video-preview":"max-video-preview:-1"},"canonical":"https:\/\/www.celticexperience.net\/de\/produkt\/mythisches-irland\/","og_locale":"de_DE","og_type":"article","og_title":"Mythisches Irland, Entdeckung der Nordroute","og_description":"Kultst\u00e4tten: Navan Fort, Slieve Gullion, Giants Causeway, Boa Island, Carrowmore, Carrowkeel, Knocknarea, Lough Gill, Sligo, Kulturreise mit Kurt Derungs","og_url":"https:\/\/www.celticexperience.net\/de\/produkt\/mythisches-irland\/","og_site_name":"Celtic Spirit","article_modified_time":"2018-10-26T12:27:18+00:00","og_image":[{"width":1024,"height":768,"url":"https:\/\/www.celticexperience.net\/de\/wp-content\/uploads\/2017\/10\/N-ireland-JanusFigureBoaIsland.jpg","type":"image\/jpeg"}],"twitter_card":"summary","twitter_misc":{"Gesch\u00e4tzte Lesezeit":"4\u00a0Minuten"},"schema":{"@context":"https:\/\/schema.org","@graph":[{"@type":"WebSite","@id":"https:\/\/www.celticexperience.net\/de\/#website","url":"https:\/\/www.celticexperience.net\/de\/","name":"Celtic Spirit","description":"Irish Cultural Holidays","potentialAction":[{"@type":"SearchAction","target":{"@type":"EntryPoint","urlTemplate":"https:\/\/www.celticexperience.net\/de\/?s={search_term_string}"},"query-input":"required name=search_term_string"}],"inLanguage":"de"},{"@type":"ImageObject","@id":"https:\/\/www.celticexperience.net\/de\/produkt\/mythisches-irland\/#primaryimage","inLanguage":"de","url":"https:\/\/www.celticexperience.net\/de\/wp-content\/uploads\/2017\/10\/N-ireland-JanusFigureBoaIsland.jpg","contentUrl":"https:\/\/www.celticexperience.net\/de\/wp-content\/uploads\/2017\/10\/N-ireland-JanusFigureBoaIsland.jpg","width":1024,"height":768,"caption":"Janus Figur, Boa Island, Mystisches Irland"},{"@type":"WebPage","@id":"https:\/\/www.celticexperience.net\/de\/produkt\/mythisches-irland\/#webpage","url":"https:\/\/www.celticexperience.net\/de\/produkt\/mythisches-irland\/","name":"Mythisches Irland, Entdeckung der Nordroute","isPartOf":{"@id":"https:\/\/www.celticexperience.net\/de\/#website"},"primaryImageOfPage":{"@id":"https:\/\/www.celticexperience.net\/de\/produkt\/mythisches-irland\/#primaryimage"},"datePublished":"2017-10-13T11:19:35+00:00","dateModified":"2018-10-26T12:27:18+00:00","description":"Kultst\u00e4tten: Navan Fort, Slieve Gullion, Giants Causeway, Boa Island, Carrowmore, Carrowkeel, Knocknarea, Lough Gill, Sligo, Kulturreise mit Kurt Derungs","breadcrumb":{"@id":"https:\/\/www.celticexperience.net\/de\/produkt\/mythisches-irland\/#breadcrumb"},"inLanguage":"de","potentialAction":[{"@type":"ReadAction","target":["https:\/\/www.celticexperience.net\/de\/produkt\/mythisches-irland\/"]}]},{"@type":"BreadcrumbList","@id":"https:\/\/www.celticexperience.net\/de\/produkt\/mythisches-irland\/#breadcrumb","itemListElement":[{"@type":"ListItem","position":1,"name":"Home","item":"https:\/\/www.celticexperience.net\/de\/"},{"@type":"ListItem","position":2,"name":"Produkte","item":"https:\/\/www.celticexperience.net\/de\/shop\/"},{"@type":"ListItem","position":3,"name":"Mythisches Irland"}]}]}},"_links":{"self":[{"href":"https:\/\/www.celticexperience.net\/de\/wp-json\/wp\/v2\/product\/1589"}],"collection":[{"href":"https:\/\/www.celticexperience.net\/de\/wp-json\/wp\/v2\/product"}],"about":[{"href":"https:\/\/www.celticexperience.net\/de\/wp-json\/wp\/v2\/types\/product"}],"replies":[{"embeddable":true,"href":"https:\/\/www.celticexperience.net\/de\/wp-json\/wp\/v2\/comments?post=1589"}],"wp:featuredmedia":[{"embeddable":true,"href":"https:\/\/www.celticexperience.net\/de\/wp-json\/wp\/v2\/media\/1554"}],"wp:attachment":[{"href":"https:\/\/www.celticexperience.net\/de\/wp-json\/wp\/v2\/media?parent=1589"}],"wp:term":[{"taxonomy":"product_cat","embeddable":true,"href":"https:\/\/www.celticexperience.net\/de\/wp-json\/wp\/v2\/product_cat?post=1589"},{"taxonomy":"product_tag","embeddable":true,"href":"https:\/\/www.celticexperience.net\/de\/wp-json\/wp\/v2\/product_tag?post=1589"}],"curies":[{"name":"wp","href":"https:\/\/api.w.org\/{rel}","templated":true}]}}