{"id":1447,"date":"2016-11-25T10:31:38","date_gmt":"2016-11-25T10:31:38","guid":{"rendered":"http:\/\/www.celticexperience.net\/de\/?post_type=product&#038;p=1447"},"modified":"2021-11-02T21:17:49","modified_gmt":"2021-11-02T21:17:49","slug":"toene-lieder-meer-und-mehr","status":"publish","type":"product","link":"https:\/\/www.celticexperience.net\/de\/tours\/toene-lieder-meer-und-mehr\/","title":{"rendered":"T\u00f6ne, Lieder, Meer und mehr"},"content":{"rendered":"<p>[vc_row][vc_column][vc_column_text]<\/p>\n<h3 style=\"text-align: center;\">T\u00f6ne, Lieder, Meer und mehr auf der irischen Insel Inis M\u00f3r<\/h3>\n<p style=\"text-align: center;\"><strong><span style=\"color: #ff0000;\">\u00a0<\/span><\/strong><\/p>\n<p style=\"text-align: center;\"><strong>Stimmbildung mit der Lichtenberg Methode, g\u00e4lische Ges\u00e4nge und leichte Wanderungen<br \/>\n<\/strong><strong>auf der <\/strong><strong>Insel Inis M\u00f3r<\/strong><\/p>\n<p>&nbsp;<\/p>\n<p><strong>Inhalt<\/strong>:<br \/>\nAuf spielerische Art und Weise mit der Lichtenberg Methode die eigene Stimme entdecken, die alten irisch-keltischen Ges\u00e4nge h\u00f6ren und selber lernen, leichte Wanderungen zu wundersch\u00f6nen Pl\u00e4tzen in der urspr\u00fcnglichen Natur von Inis M\u00f3r: \u00a0Sein &#8211; Staunen &#8211; T\u00f6nen.<\/p>\n<p>Mit<strong> Christine Lather<\/strong> und der Lichtenberg Methode gehen wir unserer Sehnsucht nach einem ureigenen Stimmklang nach. Auf faszinierenden lustvollen Expeditionen durch unseren K\u00f6rper erforschen wir in uns R\u00e4ume f\u00fcr die Schwingungen des Klanges. Wir erkunden neue Wege, auf denen wir ohne Druck einen nat\u00fcrlichen Klang erzeugen k\u00f6nnen, der uns zu freiem und leichtem Singen f\u00fchrt.<\/p>\n<p><strong>Treasa Ni Mhioll\u00e1in<\/strong> f\u00fchrt uns ein in die alten irisch-keltischen Ges\u00e4nge (Sean-n\u00f3s), die nur noch selten zu h\u00f6ren sind. Nach alter Tradition werden wir diese Lieder ohne Noten nur durch Vor- und Nachsingen lernen. Elizabeth Zollinger wird uns auf leichten Wanderungen zu wundersch\u00f6nen Pl\u00e4tzen f\u00fchren, wo wir am Meer, auf den hohen Klippen und an uralten Kultpl\u00e4tzen weitert\u00f6nen. Ausser Freude am Singen sind keine Vorkenntnisse n\u00f6tig. Wir werden zwei Gruppen zu 5-6 T. bilden, eine f\u00fcr solche die die Methode schon kennen und die andere f\u00fcr NeueinsteigerInnen.<br \/>\n<!--more-->[\/vc_column_text][vc_row_inner][vc_column_inner][vc_separator][\/vc_column_inner][\/vc_row_inner][vc_row_inner][vc_column_inner width=&#8220;1\/4&#8243;][vc_column_text]<b>PROGRAMMDATUM<\/b>[\/vc_column_text][\/vc_column_inner][vc_column_inner width=&#8220;3\/4&#8243;][vc_column_text]Kurs I: 18. &#8211; 25. Juli\/ Kurs II: 25. Juli &#8211; 1. August 2021<\/p>\n<p>&nbsp;<\/p>\n<p>&nbsp;<\/p>\n<p>&nbsp;<\/p>\n<p>&nbsp;<\/p>\n<p>&nbsp;<\/p>\n<p>[\/vc_column_text][\/vc_column_inner][\/vc_row_inner][vc_row_inner][vc_column_inner][vc_separator][\/vc_column_inner][\/vc_row_inner][vc_row_inner][vc_column_inner width=&#8220;1\/4&#8243;][vc_column_text]<b>BUCHUNG<\/b>[\/vc_column_text][\/vc_column_inner][vc_column_inner width=&#8220;3\/4&#8243;][vc_column_text]<\/p>\n<p><strong>Anmeldung sp\u00e4testens 15. April 2021<\/strong><\/p>\n<p>(fr\u00fchzeitige Anmeldung empfohlen; die Platzzahl ist\u00a0beschr\u00e4nkt!)<\/p>\n<p><strong>Anmeldung und Information:<\/strong><br \/>\nElizabeth Zollinger wenden: 044 2520918\u00a0<a href=\"mailto:info@irish-culture.ch\">info@irish-culture.ch<\/a><\/p>\n<p>[\/vc_column_text][\/vc_column_inner][\/vc_row_inner][vc_row_inner][vc_column_inner][vc_separator][\/vc_column_inner][\/vc_row_inner][vc_row_inner][vc_column_inner width=&#8220;1\/4&#8243;][vc_column_text]<b>FLUG<\/b>[\/vc_column_text][\/vc_column_inner][vc_column_inner width=&#8220;3\/4&#8243;][vc_column_text]<\/p>\n<p>Die Teilnehmenden buchen ihren Hin- und R\u00fcckflug selber. Die Flugtermine k\u00f6nnen\u00a0so den individuellen W\u00fcnschen angepasst werden. Die Flugpreise ca. CHF 400 (Stand November 2020). Sobald wir 10 Anmeldungen haben, werden wir die Reise best\u00e4tigen und dann k\u00f6nnen die Fl\u00fcge\u00a0gebucht werden.<\/p>\n<p>[\/vc_column_text][\/vc_column_inner][\/vc_row_inner][vc_row_inner][vc_column_inner][vc_separator][\/vc_column_inner][\/vc_row_inner][vc_row_inner][vc_column_inner width=&#8220;1\/3&#8243;][vc_column_text]<b>INBEGRIFFEN<\/b>[\/vc_column_text][\/vc_column_inner][vc_column_inner width=&#8220;2\/3&#8243;][vc_column_text]<\/p>\n<p><i class=\"fa fa-check icon-tick icon-tick--on\"><\/i>6 Uebernachtungen auf Inis M\u00f3r (Ferienhaus oder *** Kilmurvey Guesthouse)<\/p>\n<p><i class=\"fa fa-check icon-tick icon-tick--on\"><\/i>1 Uebernachtung in sch\u00f6nem B+B in Galway<\/p>\n<p><i class=\"fa fa-check icon-tick icon-tick--on\"><\/i> 2 Abendessen<\/p>\n<p><i class=\"fa fa-check icon-tick icon-tick--on\"><\/i>Alle Bustransporte<\/p>\n<p><i class=\"fa fa-check icon-tick icon-tick--on\"><\/i>Alle F\u00fchrungen, Workshops und andere Aktivit\u00e4ten gem\u00e4ss Programm<\/p>\n<p>[\/vc_column_text][\/vc_column_inner][\/vc_row_inner][vc_row_inner][vc_column_inner][vc_separator][\/vc_column_inner][\/vc_row_inner][vc_row_inner][vc_column_inner width=&#8220;1\/3&#8243;][vc_column_text]<b>NICHT INBEGRIFFEN<\/b>[\/vc_column_text][\/vc_column_inner][vc_column_inner width=&#8220;2\/3&#8243;][vc_column_text]<i class=\"fa fa-times icon-tick icon-tick--off\"><\/i>Getr\u00e4nke<\/p>\n<p><i class=\"fa fa-times icon-tick icon-tick--off\"><\/i>Trinkgelder<\/p>\n<p><i class=\"fa fa-times icon-tick icon-tick--off\"><\/i>Restliche Verpflegung<\/p>\n<p><i class=\"fa fa-times icon-tick icon-tick--off\"><\/i>Annullationsversicherung[\/vc_column_text][\/vc_column_inner][\/vc_row_inner][vc_row_inner][vc_column_inner][vc_separator][\/vc_column_inner][\/vc_row_inner][vc_row_inner][vc_column_inner width=&#8220;1\/4&#8243;][vc_column_text]<b>UNTERKUNFT<\/b>[\/vc_column_text][\/vc_column_inner][vc_column_inner width=&#8220;3\/4&#8243;][vc_column_text]<\/p>\n<ul>\n<li>Kilmurvey Guesthouse oder gem\u00fctliches Ferienhaus<\/li>\n<\/ul>\n<p>[\/vc_column_text][\/vc_column_inner][\/vc_row_inner][vc_row_inner][vc_column_inner][vc_separator][\/vc_column_inner][\/vc_row_inner][vc_row_inner][vc_column_inner width=&#8220;1\/4&#8243;][vc_column_text]<b>KOSTEN<\/b>[\/vc_column_text][\/vc_column_inner][vc_column_inner width=&#8220;3\/4&#8243;][vc_column_text 1=&#8220;1790.-&#8220; 2=&#8220;Bei&#8220; 3=&#8220;einer&#8220; 4=&#8220;TeilnehmerInnenzahl&#8220; 5=&#8220;unter&#8220; 6=&#8220;17&#8243; 7=&#8220;muss&#8220; 8=&#8220;ein&#8220; 9=&#8220;Kleingruppenzuschlag&#8220; 10=&#8220;erhoben&#8220; 11=&#8220;werden.&#8220; 12=&#8220;Die&#8220; 13=&#8220;gemeinsamen&#8220; 14=&#8220;Kosten&#8220; 15=&#8220;sind&#8220; 16=&#8220;sehr&#8220; 17=&#8220;hoch.&#8220; 18=&#8220;Bei&#8220; 19=&#8220;grossen&#8220; 20=&#8220;Wechselkursschwankungen&#8220; 21=&#8220;(\u00a3)&#8220; 22=&#8220;wird&#8220; 23=&#8220;der&#8220; 24=&#8220;Preis&#8220; 25=&#8220;nach&#8220; 26=&#8220;unten&#8220; 27=&#8220;oder&#8220; 28=&#8220;oben&#8220; 29=&#8220;angepasst&#8220; 30=&#8220;`{`\/vc_column_text&#8220;]<\/p>\n<p>CHF 1280.- im Ferienhaus mit Selbstverpflegung im DZ<\/p>\n<p>CHF 1490.- im *** Kilmurvey Guesthouse mit Service und grossem irischen Fr\u00fchst\u00fccksbuffet<\/p>\n<p>Bei einer TeilnehmerInnenzahl unter 10 muss ein Kleingruppenzuschlag erhoben werden.Bei grossen Wechselkursschwankungen \u00a0wird der Preis nach unten oder oben angepasst<\/p>\n<p>[\/vc_column_text][\/vc_column_inner][\/vc_row_inner][vc_row_inner][vc_column_inner][vc_separator][\/vc_column_inner][\/vc_row_inner][vc_row_inner][vc_column_inner width=&#8220;1\/4&#8243;][vc_column_text]<b>ZUSCHL\u00c4GE<\/b>[\/vc_column_text][\/vc_column_inner][vc_column_inner width=&#8220;3\/4&#8243;][vc_column_text]<\/p>\n<p>Einzelzimmerzuschlag:<\/p>\n<p>Einzelzimmer: 6 N\u00e4chte Inis M\u00f3r: Kilmurveyhouse: CHF 240<\/p>\n<p>im Ferienhaus: CHF 80\/120 (mit Dusche\/WC), in Galway: CHF \u00a035.-<\/p>\n<p>Zusatzn\u00e4chte in Galway, Dublin und auf Inis M\u00f3r werden auf Wunsch gerne reserviert.<\/p>\n<p>(die Anzahl der Einzelzimmer ist beschr\u00e4nkt, vor allem in Galway.)<\/p>\n<p>[\/vc_column_text][\/vc_column_inner][\/vc_row_inner][\/vc_column][\/vc_row][vc_row][vc_column][vc_text_separator title=&#8220;Leitung&#8220;][\/vc_column][\/vc_row][vc_row][vc_column width=&#8220;1\/3&#8243;][vc_single_image image=&#8220;1749&#8243;][vc_single_image image=&#8220;1710&#8243;][vc_single_image image=&#8220;1750&#8243;][\/vc_column][vc_column width=&#8220;2\/3&#8243;][vc_column_text]<\/p>\n<p><strong><em>Christine Lather: <\/em><\/strong><strong><em>(Lichtenberg)<\/em><\/strong> <em>Das Singen ist meine Leidenschaft. Ich arbeite mit Begeisterung seit 20 Jahren als S\u00e4ngerin und Schauspielerin und stehe mit eigenen Produktionen in der ganzen Schweiz auf der B\u00fchne.\u00a0<\/em><em>Die Begegnung mit der Lichtenberg Methode hat mir in der Auseinandersetzung mit meiner Stimme Welten ge\u00f6ffnet. Warum? Die Methode will einen st\u00e4ndigen wachen Forschergeist, nichts wird zementiert. Mit Neugier werden die Wege der Schwingung erforscht und dadurch wird ein lebendiger Klang erzeugt.\u00a0<\/em><em>Seit 2011 unterrichte ich als diplomierte Stimmp\u00e4dagogin im eigenen Atelier. Schwerpunkt ist die Lichtenberger Methode. (Physiologische Stimmbildung nach Gisela Rohmert)<\/em><\/p>\n<p><strong><em>Treasa N\u00ed Mhioll\u00e1in<\/em><\/strong><em>:<\/em><em> <strong>(Sean-n\u00f3s)<\/strong> geboren auf Inis M\u00f3r, ist eine bekannte, vielfach ausgezeichnete Sean-n\u00f3s S\u00e4ngerin. Sie hat an vielen Konzerten im In- und Ausland, unter anderen am Irish Folk Festival und im Fernsehen und Radio gesungen und zahlreiche Workshops geleitet. <\/em><em>F\u00fcr ihr Singen und f\u00fcr ihre Bem\u00fchungen um das Ueberleben dieser Ge-s\u00e4nge hat sie zahlrieiche Preise und Auszeichnungen erhalten.\u00a0<\/em><em>Auch in der Schweiz hat sie viele Workshops gegeben. <\/em><em>So ist sie gewohnt, diese Lieder auch an Menschen, die nicht g\u00e4lisch sprechen, weiterzugeben<\/em><\/p>\n<p><strong><em>Elizabeth Zollinger<\/em><\/strong><strong><em> (Organisation und Wanderungen):<\/em><\/strong><em> Malerin <\/em><em>aus Z\u00fcrich, lebt seit 1974 teilzeitlich auf der Insel Inis M\u00f3r und ist stark mit der Insel, den Menschen und ihrer Kultur verbunden. <\/em><em>So gr\u00fcndete sie 1996 in Zusammenarbeit mit InselbewohnerInnen das Projekt \u201eCeltic Spirit\u201c mit dem Ziel, irisch-keltische Kultur zu vermitteln und einen sinnvollen Tourismus auf der Insel aufzubauen.<\/em><\/p>\n<p>[\/vc_column_text][\/vc_column][\/vc_row][vc_row][vc_column][vc_row_inner][vc_column_inner][vc_separator][\/vc_column_inner][\/vc_row_inner][\/vc_column][\/vc_row][vc_row][vc_column width=&#8220;1\/2&#8243;][vc_column_text]<\/p>\n<h4>Laden Sie das Detailprogramm <a href=\"https:\/\/www.celticexperience.net\/de\/wp-content\/uploads\/2020\/11\/Singwoche-2021.doc-letzte.pdf\">hier<\/a> &gt;&gt;<\/h4>\n<p>[\/vc_column_text][\/vc_column][vc_column width=&#8220;1\/2&#8243;][vc_btn title=&#8220;T\u00f6ne, Lieder, Meer und mehr&#8220; color=&#8220;primary&#8220; i_icon_fontawesome=&#8220;fa fa-file-pdf-o&#8220; add_icon=&#8220;true&#8220; link=&#8220;url:https%3A%2F%2Fwww.celticexperience.net%2Fde%2Fwp-content%2Fuploads%2F2020%2F11%2FSingwoche-2021.doc-letzte.pdf||target:%20_blank|&#8220;][\/vc_column][\/vc_row]<\/p>\n","protected":false},"excerpt":{"rendered":"<p>[vc_row][vc_column][vc_column_text] T\u00f6ne, Lieder, Meer und mehr auf der irischen Insel Inis M\u00f3r \u00a0 Stimmbildung mit der Lichtenberg Methode, g\u00e4lische Ges\u00e4nge und leichte Wanderungen auf der Insel Inis M\u00f3r &nbsp; Inhalt: Auf spielerische Art und Weise mit der Lichtenberg Methode die eigene Stimme entdecken, die alten irisch-keltischen Ges\u00e4nge h\u00f6ren und selber lernen, leichte Wanderungen zu wundersch\u00f6nen<\/p>\n<div class=\"padding-top text-center\"><a href=\"https:\/\/www.celticexperience.net\/de\/tours\/toene-lieder-meer-und-mehr\/\" class=\"atbtn atbtn--medium atbtn--rounded atbtn--transparent\">Read more<i class=\"atbtn__icon atbtn__icon--right fa fa-long-arrow-right\"><\/i><\/a><\/div>\n","protected":false},"featured_media":1200,"comment_status":"open","ping_status":"closed","template":"","meta":[],"product_cat":[178],"product_tag":[260,256,259,258,257],"yoast_head":"<!-- This site is optimized with the Yoast SEO plugin v17.5 - https:\/\/yoast.com\/wordpress\/plugins\/seo\/ -->\n<title>T\u00f6ne, Lieder, Meer und mehr auf der Insel Inishmore<\/title>\n<meta name=\"description\" content=\"spielerische Stimmbildung nach Lichtenberg mit Christine Lather, irisch-keltische Lieder lernen mit Treasa Ni Mhollain und Wanderungen\" \/>\n<meta name=\"robots\" content=\"index, follow, max-snippet:-1, max-image-preview:large, max-video-preview:-1\" \/>\n<link rel=\"canonical\" href=\"https:\/\/www.celticexperience.net\/de\/produkt\/toene-lieder-meer-und-mehr\/\" \/>\n<meta property=\"og:locale\" content=\"de_DE\" \/>\n<meta property=\"og:type\" content=\"article\" \/>\n<meta property=\"og:title\" content=\"T\u00f6ne, Lieder, Meer und mehr auf der Insel Inishmore\" \/>\n<meta property=\"og:description\" content=\"spielerische Stimmbildung nach Lichtenberg mit Christine Lather, irisch-keltische Lieder lernen mit Treasa Ni Mhollain und Wanderungen\" \/>\n<meta property=\"og:url\" content=\"https:\/\/www.celticexperience.net\/de\/produkt\/toene-lieder-meer-und-mehr\/\" \/>\n<meta property=\"og:site_name\" content=\"Celtic Spirit\" \/>\n<meta property=\"article:modified_time\" content=\"2021-11-02T21:17:49+00:00\" \/>\n<meta property=\"og:image\" content=\"https:\/\/www.celticexperience.net\/de\/wp-content\/uploads\/2015\/05\/Overlooking-Cliff.jpg\" \/>\n\t<meta property=\"og:image:width\" content=\"1349\" \/>\n\t<meta property=\"og:image:height\" content=\"600\" \/>\n<meta name=\"twitter:card\" content=\"summary\" \/>\n<meta name=\"twitter:label1\" content=\"Gesch\u00e4tzte Lesezeit\" \/>\n\t<meta name=\"twitter:data1\" content=\"6\u00a0Minuten\" \/>\n<script type=\"application\/ld+json\" class=\"yoast-schema-graph\">{\"@context\":\"https:\/\/schema.org\",\"@graph\":[{\"@type\":\"WebSite\",\"@id\":\"https:\/\/www.celticexperience.net\/de\/#website\",\"url\":\"https:\/\/www.celticexperience.net\/de\/\",\"name\":\"Celtic Spirit\",\"description\":\"Irish Cultural Holidays\",\"potentialAction\":[{\"@type\":\"SearchAction\",\"target\":{\"@type\":\"EntryPoint\",\"urlTemplate\":\"https:\/\/www.celticexperience.net\/de\/?s={search_term_string}\"},\"query-input\":\"required name=search_term_string\"}],\"inLanguage\":\"de\"},{\"@type\":\"ImageObject\",\"@id\":\"https:\/\/www.celticexperience.net\/de\/produkt\/toene-lieder-meer-und-mehr\/#primaryimage\",\"inLanguage\":\"de\",\"url\":\"https:\/\/www.celticexperience.net\/de\/wp-content\/uploads\/2015\/05\/Overlooking-Cliff.jpg\",\"contentUrl\":\"https:\/\/www.celticexperience.net\/de\/wp-content\/uploads\/2015\/05\/Overlooking-Cliff.jpg\",\"width\":1349,\"height\":600,\"caption\":\"Lichtenberg singen Klippen Inishmore\"},{\"@type\":\"WebPage\",\"@id\":\"https:\/\/www.celticexperience.net\/de\/produkt\/toene-lieder-meer-und-mehr\/#webpage\",\"url\":\"https:\/\/www.celticexperience.net\/de\/produkt\/toene-lieder-meer-und-mehr\/\",\"name\":\"T\\u00f6ne, Lieder, Meer und mehr auf der Insel Inishmore\",\"isPartOf\":{\"@id\":\"https:\/\/www.celticexperience.net\/de\/#website\"},\"primaryImageOfPage\":{\"@id\":\"https:\/\/www.celticexperience.net\/de\/produkt\/toene-lieder-meer-und-mehr\/#primaryimage\"},\"datePublished\":\"2016-11-25T10:31:38+00:00\",\"dateModified\":\"2021-11-02T21:17:49+00:00\",\"description\":\"spielerische Stimmbildung nach Lichtenberg mit Christine Lather, irisch-keltische Lieder lernen mit Treasa Ni Mhollain und Wanderungen\",\"breadcrumb\":{\"@id\":\"https:\/\/www.celticexperience.net\/de\/produkt\/toene-lieder-meer-und-mehr\/#breadcrumb\"},\"inLanguage\":\"de\",\"potentialAction\":[{\"@type\":\"ReadAction\",\"target\":[\"https:\/\/www.celticexperience.net\/de\/produkt\/toene-lieder-meer-und-mehr\/\"]}]},{\"@type\":\"BreadcrumbList\",\"@id\":\"https:\/\/www.celticexperience.net\/de\/produkt\/toene-lieder-meer-und-mehr\/#breadcrumb\",\"itemListElement\":[{\"@type\":\"ListItem\",\"position\":1,\"name\":\"Home\",\"item\":\"https:\/\/www.celticexperience.net\/de\/\"},{\"@type\":\"ListItem\",\"position\":2,\"name\":\"Produkte\",\"item\":\"https:\/\/www.celticexperience.net\/de\/shop\/\"},{\"@type\":\"ListItem\",\"position\":3,\"name\":\"T\\u00f6ne, Lieder, Meer und mehr\"}]}]}<\/script>\n<!-- \/ Yoast SEO plugin. -->","yoast_head_json":{"title":"T\u00f6ne, Lieder, Meer und mehr auf der Insel Inishmore","description":"spielerische Stimmbildung nach Lichtenberg mit Christine Lather, irisch-keltische Lieder lernen mit Treasa Ni Mhollain und Wanderungen","robots":{"index":"index","follow":"follow","max-snippet":"max-snippet:-1","max-image-preview":"max-image-preview:large","max-video-preview":"max-video-preview:-1"},"canonical":"https:\/\/www.celticexperience.net\/de\/produkt\/toene-lieder-meer-und-mehr\/","og_locale":"de_DE","og_type":"article","og_title":"T\u00f6ne, Lieder, Meer und mehr auf der Insel Inishmore","og_description":"spielerische Stimmbildung nach Lichtenberg mit Christine Lather, irisch-keltische Lieder lernen mit Treasa Ni Mhollain und Wanderungen","og_url":"https:\/\/www.celticexperience.net\/de\/produkt\/toene-lieder-meer-und-mehr\/","og_site_name":"Celtic Spirit","article_modified_time":"2021-11-02T21:17:49+00:00","og_image":[{"width":1349,"height":600,"url":"https:\/\/www.celticexperience.net\/de\/wp-content\/uploads\/2015\/05\/Overlooking-Cliff.jpg","type":"image\/jpeg"}],"twitter_card":"summary","twitter_misc":{"Gesch\u00e4tzte Lesezeit":"6\u00a0Minuten"},"schema":{"@context":"https:\/\/schema.org","@graph":[{"@type":"WebSite","@id":"https:\/\/www.celticexperience.net\/de\/#website","url":"https:\/\/www.celticexperience.net\/de\/","name":"Celtic Spirit","description":"Irish Cultural Holidays","potentialAction":[{"@type":"SearchAction","target":{"@type":"EntryPoint","urlTemplate":"https:\/\/www.celticexperience.net\/de\/?s={search_term_string}"},"query-input":"required name=search_term_string"}],"inLanguage":"de"},{"@type":"ImageObject","@id":"https:\/\/www.celticexperience.net\/de\/produkt\/toene-lieder-meer-und-mehr\/#primaryimage","inLanguage":"de","url":"https:\/\/www.celticexperience.net\/de\/wp-content\/uploads\/2015\/05\/Overlooking-Cliff.jpg","contentUrl":"https:\/\/www.celticexperience.net\/de\/wp-content\/uploads\/2015\/05\/Overlooking-Cliff.jpg","width":1349,"height":600,"caption":"Lichtenberg singen Klippen Inishmore"},{"@type":"WebPage","@id":"https:\/\/www.celticexperience.net\/de\/produkt\/toene-lieder-meer-und-mehr\/#webpage","url":"https:\/\/www.celticexperience.net\/de\/produkt\/toene-lieder-meer-und-mehr\/","name":"T\u00f6ne, Lieder, Meer und mehr auf der Insel Inishmore","isPartOf":{"@id":"https:\/\/www.celticexperience.net\/de\/#website"},"primaryImageOfPage":{"@id":"https:\/\/www.celticexperience.net\/de\/produkt\/toene-lieder-meer-und-mehr\/#primaryimage"},"datePublished":"2016-11-25T10:31:38+00:00","dateModified":"2021-11-02T21:17:49+00:00","description":"spielerische Stimmbildung nach Lichtenberg mit Christine Lather, irisch-keltische Lieder lernen mit Treasa Ni Mhollain und Wanderungen","breadcrumb":{"@id":"https:\/\/www.celticexperience.net\/de\/produkt\/toene-lieder-meer-und-mehr\/#breadcrumb"},"inLanguage":"de","potentialAction":[{"@type":"ReadAction","target":["https:\/\/www.celticexperience.net\/de\/produkt\/toene-lieder-meer-und-mehr\/"]}]},{"@type":"BreadcrumbList","@id":"https:\/\/www.celticexperience.net\/de\/produkt\/toene-lieder-meer-und-mehr\/#breadcrumb","itemListElement":[{"@type":"ListItem","position":1,"name":"Home","item":"https:\/\/www.celticexperience.net\/de\/"},{"@type":"ListItem","position":2,"name":"Produkte","item":"https:\/\/www.celticexperience.net\/de\/shop\/"},{"@type":"ListItem","position":3,"name":"T\u00f6ne, Lieder, Meer und mehr"}]}]}},"_links":{"self":[{"href":"https:\/\/www.celticexperience.net\/de\/wp-json\/wp\/v2\/product\/1447"}],"collection":[{"href":"https:\/\/www.celticexperience.net\/de\/wp-json\/wp\/v2\/product"}],"about":[{"href":"https:\/\/www.celticexperience.net\/de\/wp-json\/wp\/v2\/types\/product"}],"replies":[{"embeddable":true,"href":"https:\/\/www.celticexperience.net\/de\/wp-json\/wp\/v2\/comments?post=1447"}],"wp:featuredmedia":[{"embeddable":true,"href":"https:\/\/www.celticexperience.net\/de\/wp-json\/wp\/v2\/media\/1200"}],"wp:attachment":[{"href":"https:\/\/www.celticexperience.net\/de\/wp-json\/wp\/v2\/media?parent=1447"}],"wp:term":[{"taxonomy":"product_cat","embeddable":true,"href":"https:\/\/www.celticexperience.net\/de\/wp-json\/wp\/v2\/product_cat?post=1447"},{"taxonomy":"product_tag","embeddable":true,"href":"https:\/\/www.celticexperience.net\/de\/wp-json\/wp\/v2\/product_tag?post=1447"}],"curies":[{"name":"wp","href":"https:\/\/api.w.org\/{rel}","templated":true}]}}