{"id":1173,"date":"2014-05-04T14:11:48","date_gmt":"2014-05-04T14:11:48","guid":{"rendered":"http:\/\/www.celticexperience.net\/de\/?post_type=product&#038;p=1173"},"modified":"2018-02-18T14:39:07","modified_gmt":"2018-02-18T14:39:07","slug":"irischer-tanz-und-gesang","status":"publish","type":"product","link":"https:\/\/www.celticexperience.net\/de\/tours\/irischer-tanz-und-gesang\/","title":{"rendered":"Irischer Tanz und Gesang"},"content":{"rendered":"<p>[vc_row][vc_column][vc_column_text]<\/p>\n<h3 style=\"text-align: center;\">Irischer Tanz und Gesang<\/h3>\n<h3 style=\"text-align: center;\">Tanzen, Singen, Wandern auf der Insel Inis M\u00f3r, Aran Islands<\/h3>\n<p>Wir vertiefen uns in die Welt des g\u00e4lischen Gesangs mit der S\u00e4ngerin Treasa N\u00ed Mhioll\u00e1in, lernen Set- und C\u00e9ilit\u00e4nze mit dem Tanzlehrer Tony Ryan und besuchen geheimnisvolle mystische Pl\u00e4tze mit dem keltischen Priester Dara \u00d3 Maoildhia. Abends geniessen wir die gem\u00fctliche Stimmung im Pub. Es bleibt viel Zeit f\u00fcr Wanderungen und Ausfl\u00fcge in der urspr\u00fcnglichen Natur, entlang der hohen Klippen und weiten Str\u00e4nde. Am Ende unseres Aufenthaltes feiern wir Abschied mit einer grossen Farewell-Party mit Livemusik, Tanzen und Singen.<br \/>\n<!--more--><\/p>\n<p>[\/vc_column_text][vc_row_inner][vc_column_inner][vc_separator][\/vc_column_inner][\/vc_row_inner][vc_row_inner][vc_column_inner width=&#8220;1\/4&#8243;][vc_column_text]<b>PROGRAMMDATUM<\/b>[\/vc_column_text][\/vc_column_inner][vc_column_inner width=&#8220;3\/4&#8243;][vc_column_text]26. Juli \u2013 4. August 2015[\/vc_column_text][\/vc_column_inner][\/vc_row_inner][vc_row_inner][vc_column_inner][vc_separator][\/vc_column_inner][\/vc_row_inner][vc_row_inner][vc_column_inner width=&#8220;1\/4&#8243;][vc_column_text]<b>BUCHUNG<\/b>[\/vc_column_text][\/vc_column_inner][vc_column_inner width=&#8220;3\/4&#8243;][vc_column_text]geschlossen[\/vc_column_text][\/vc_column_inner][\/vc_row_inner][vc_row_inner][vc_column_inner][vc_separator][\/vc_column_inner][\/vc_row_inner][vc_row_inner][vc_column_inner width=&#8220;1\/3&#8243;][vc_column_text]<b>INBEGRIFFEN<\/b>[\/vc_column_text][\/vc_column_inner][vc_column_inner width=&#8220;2\/3&#8243;][vc_column_text]<i class=\"fa fa-check icon-tick icon-tick--on\"><\/i>8 Uebernachtungen im DZ: im Kilmurvey House: Fr\u00fchst\u00fccksbuffet, 4 Abendessen, im Ferienhaus: 3 Abendessen<\/p>\n<p><i class=\"fa fa-check icon-tick icon-tick--on\"><\/i>alle Workshops<\/p>\n<p><i class=\"fa fa-check icon-tick icon-tick--on\"><\/i>F\u00fchrungen, Eintritte, und gemeinsamen Transporte gem\u00e4ss Programm[\/vc_column_text][\/vc_column_inner][\/vc_row_inner][vc_row_inner][vc_column_inner][vc_separator][\/vc_column_inner][\/vc_row_inner][vc_row_inner][vc_column_inner width=&#8220;1\/3&#8243;][vc_column_text]<b>NICHT INBEGRIFFEN<\/b>[\/vc_column_text][\/vc_column_inner][vc_column_inner width=&#8220;2\/3&#8243;][vc_column_text]<i class=\"fa fa-times icon-tick icon-tick--off\"><\/i>Reise bis und ab Galway, 5 bzw.<\/p>\n<p><i class=\"fa fa-times icon-tick icon-tick--off\"><\/i>6 Abendessen, Lunch, Getr\u00e4nke und Trinkgelder.[\/vc_column_text][\/vc_column_inner][\/vc_row_inner][vc_row_inner][vc_column_inner][vc_separator][\/vc_column_inner][\/vc_row_inner][vc_row_inner][vc_column_inner width=&#8220;1\/4&#8243;][vc_column_text]<b>UNTERK\u00dcNFTE<\/b>[\/vc_column_text][\/vc_column_inner][vc_column_inner width=&#8220;3\/4&#8243;][vc_column_text]im komfortablen *** Kilmurvey Guesthouse oder im gem\u00fctlichen Ferienhaus mit Selbstverpflegung (3 Abendessen ausw\u00e4rts inbegriffen)[\/vc_column_text][\/vc_column_inner][\/vc_row_inner][vc_row_inner][vc_column_inner][vc_separator][\/vc_column_inner][\/vc_row_inner][vc_row_inner][vc_column_inner width=&#8220;1\/4&#8243;][vc_column_text]<b>KOSTEN<\/b>[\/vc_column_text][\/vc_column_inner][vc_column_inner width=&#8220;3\/4&#8243;][vc_column_text]DZ im Kilmurvey House: CHF 1790 (Euro 1440) DZ im Ferienhaus: CHF 1490 (Euro 1220), je nach Wechselkurs und Teilnehmerzahl, exkl. Reise bis\/ab Galway.[\/vc_column_text][\/vc_column_inner][\/vc_row_inner][vc_row_inner][vc_column_inner][vc_separator][\/vc_column_inner][\/vc_row_inner][vc_row_inner][vc_column_inner width=&#8220;1\/4&#8243;][vc_column_text]<b>ZUSCHL\u00c4GE<\/b>[\/vc_column_text][\/vc_column_inner][vc_column_inner width=&#8220;3\/4&#8243;][vc_column_text]\/8 N\u00e4chte\/P.: Einzelzimmer im Kilmurvey House: CHF 260 (Euro 210), EZ im Ferienhaus o. Dusche\/WC: CHF 110 (Euro 90), mit Dusche\/WC: 160 (130), EZ in Galway: CHF 40 (Euro 33. Die Anzahl EZ ist beschr\u00e4nkt, fr\u00fch buchen lohnt sich.<\/p>\n<p><strong>Zusatzn\u00e4chte<\/strong> in Dublin, Galway und Inis M\u00f3r werden auf Wunsch gerne reserviert ( ab Euro:35.- (Sfr.55.-) f\u00fcr B+B im DZ.[\/vc_column_text][\/vc_column_inner][\/vc_row_inner][\/vc_column][\/vc_row][vc_row][vc_column][vc_text_separator][\/vc_column][\/vc_row][vc_row][vc_column width=&#8220;1\/3&#8243;][vc_single_image image=&#8220;861&#8243;][\/vc_column][vc_column width=&#8220;2\/3&#8243;][vc_column_text]<strong>Reise:<\/strong> Ich berate Sie gerne betreffend Fl\u00fcge. Am g\u00fcnstigsten bucht man sie \u00fcber das Internet. Ich habe aber auch einen guten Kontakt zu einem Reiseb\u00fcro. Wenn Sie nicht gerne reisen, ist es m\u00f6glich, sich anderen TeilnehmerInnen anzuschliessen.<\/p>\n<p><strong>Leitung und Organisation:<\/strong> Elizabeth Zollinger, Malerin aus Z\u00fcrich, lebt seit 1974 teilzeitlich auf der Insel Inis M\u00f3r und ist stark mit der Insel, den Menschen und ihrer Kultur verbunden. So gr\u00fcndete sie 1996 in Zusammenarbeit mit InsulanerInnen das Projekt \u201eCeltic Spirit\u201c mit dem Ziel, irisch-keltische Kultur zu vermitteln und einen sinnvollen Tourismus auf der Insel aufzubauen.[\/vc_column_text][\/vc_column][\/vc_row][vc_row][vc_column width=&#8220;2\/3&#8243;][vc_column_text]<strong>Treasa N\u00ed Mhioll\u00e1in:<\/strong> geboren auf Inis M\u00f3r, ist eine bekannte, vielfach ausgezeichnete Sean-n\u00f3s S\u00e4ngerin. Sie hat an vielen Konzerten im In- und Ausland und im Fernsehen und Radio gesungen und zahlreiche Workshops geleitet, unter anderem auch in der Schweiz. So ist sie gewohnt, auch Leuten, die nicht g\u00e4lisch sprechen, ihre Lieder weiterzugeben.<\/p>\n<p><strong>Tony Ryan:<\/strong> von Galway ist einer der bekanntesten Tanzlehrer Iralnds und leitet Workshops in Irland und im Ausland, unter anderem auch am ber\u00fchmten Milwaukee-Festival in Amerika. Auch er hat viele Male in der Schweiz unterrichtet[\/vc_column_text][\/vc_column][vc_column width=&#8220;1\/3&#8243;][vc_single_image image=&#8220;926&#8243;][\/vc_column][\/vc_row]<\/p>\n","protected":false},"excerpt":{"rendered":"<p>[vc_row][vc_column][vc_column_text] Irischer Tanz und Gesang Tanzen, Singen, Wandern auf der Insel Inis M\u00f3r, Aran Islands Wir vertiefen uns in die Welt des g\u00e4lischen Gesangs mit der S\u00e4ngerin Treasa N\u00ed Mhioll\u00e1in, lernen Set- und C\u00e9ilit\u00e4nze mit dem Tanzlehrer Tony Ryan und besuchen geheimnisvolle mystische Pl\u00e4tze mit dem keltischen Priester Dara \u00d3 Maoildhia. Abends geniessen wir die<\/p>\n<div class=\"padding-top text-center\"><a href=\"https:\/\/www.celticexperience.net\/de\/tours\/irischer-tanz-und-gesang\/\" class=\"atbtn atbtn--medium atbtn--rounded atbtn--transparent\">Read more<i class=\"atbtn__icon atbtn__icon--right fa fa-long-arrow-right\"><\/i><\/a><\/div>\n","protected":false},"featured_media":1353,"comment_status":"closed","ping_status":"closed","template":"","meta":[],"product_cat":[178],"product_tag":[],"yoast_head":"<!-- This site is optimized with the Yoast SEO plugin v17.5 - https:\/\/yoast.com\/wordpress\/plugins\/seo\/ -->\n<title>Irischer Tanz und Gesang - von Celtic Spirit<\/title>\n<meta name=\"description\" content=\"Irische\u00a0Kultur\u00a0HautnahTanzen, Singen, Wandern auf der Insel Inis M\u00f3r, Aran Islands\" \/>\n<meta name=\"robots\" content=\"index, follow, max-snippet:-1, max-image-preview:large, max-video-preview:-1\" \/>\n<link rel=\"canonical\" href=\"https:\/\/www.celticexperience.net\/de\/produkt\/irischer-tanz-und-gesang\/\" \/>\n<meta property=\"og:locale\" content=\"de_DE\" \/>\n<meta property=\"og:type\" content=\"article\" \/>\n<meta property=\"og:title\" content=\"Irischer Tanz und Gesang - von Celtic Spirit\" \/>\n<meta property=\"og:description\" content=\"Irische\u00a0Kultur\u00a0HautnahTanzen, Singen, Wandern auf der Insel Inis M\u00f3r, Aran Islands\" \/>\n<meta property=\"og:url\" content=\"https:\/\/www.celticexperience.net\/de\/produkt\/irischer-tanz-und-gesang\/\" \/>\n<meta property=\"og:site_name\" content=\"Celtic Spirit\" \/>\n<meta property=\"article:modified_time\" content=\"2018-02-18T14:39:07+00:00\" \/>\n<meta property=\"og:image\" content=\"https:\/\/www.celticexperience.net\/de\/wp-content\/uploads\/2014\/05\/DSCF0527.jpg\" \/>\n\t<meta property=\"og:image:width\" content=\"1024\" \/>\n\t<meta property=\"og:image:height\" content=\"768\" \/>\n<meta name=\"twitter:card\" content=\"summary\" \/>\n<meta name=\"twitter:label1\" content=\"Gesch\u00e4tzte Lesezeit\" \/>\n\t<meta name=\"twitter:data1\" content=\"4\u00a0Minuten\" \/>\n<script type=\"application\/ld+json\" class=\"yoast-schema-graph\">{\"@context\":\"https:\/\/schema.org\",\"@graph\":[{\"@type\":\"WebSite\",\"@id\":\"https:\/\/www.celticexperience.net\/de\/#website\",\"url\":\"https:\/\/www.celticexperience.net\/de\/\",\"name\":\"Celtic Spirit\",\"description\":\"Irish Cultural Holidays\",\"potentialAction\":[{\"@type\":\"SearchAction\",\"target\":{\"@type\":\"EntryPoint\",\"urlTemplate\":\"https:\/\/www.celticexperience.net\/de\/?s={search_term_string}\"},\"query-input\":\"required name=search_term_string\"}],\"inLanguage\":\"de\"},{\"@type\":\"ImageObject\",\"@id\":\"https:\/\/www.celticexperience.net\/de\/produkt\/irischer-tanz-und-gesang\/#primaryimage\",\"inLanguage\":\"de\",\"url\":\"https:\/\/www.celticexperience.net\/de\/wp-content\/uploads\/2014\/05\/DSCF0527.jpg\",\"contentUrl\":\"https:\/\/www.celticexperience.net\/de\/wp-content\/uploads\/2014\/05\/DSCF0527.jpg\",\"width\":1024,\"height\":768,\"caption\":\"Musicians - Celtic Spirit Session in Galway\"},{\"@type\":\"WebPage\",\"@id\":\"https:\/\/www.celticexperience.net\/de\/produkt\/irischer-tanz-und-gesang\/#webpage\",\"url\":\"https:\/\/www.celticexperience.net\/de\/produkt\/irischer-tanz-und-gesang\/\",\"name\":\"Irischer Tanz und Gesang - von Celtic Spirit\",\"isPartOf\":{\"@id\":\"https:\/\/www.celticexperience.net\/de\/#website\"},\"primaryImageOfPage\":{\"@id\":\"https:\/\/www.celticexperience.net\/de\/produkt\/irischer-tanz-und-gesang\/#primaryimage\"},\"datePublished\":\"2014-05-04T14:11:48+00:00\",\"dateModified\":\"2018-02-18T14:39:07+00:00\",\"description\":\"Irische\\u00a0Kultur\\u00a0HautnahTanzen, Singen, Wandern auf der Insel Inis M\\u00f3r, Aran Islands\",\"breadcrumb\":{\"@id\":\"https:\/\/www.celticexperience.net\/de\/produkt\/irischer-tanz-und-gesang\/#breadcrumb\"},\"inLanguage\":\"de\",\"potentialAction\":[{\"@type\":\"ReadAction\",\"target\":[\"https:\/\/www.celticexperience.net\/de\/produkt\/irischer-tanz-und-gesang\/\"]}]},{\"@type\":\"BreadcrumbList\",\"@id\":\"https:\/\/www.celticexperience.net\/de\/produkt\/irischer-tanz-und-gesang\/#breadcrumb\",\"itemListElement\":[{\"@type\":\"ListItem\",\"position\":1,\"name\":\"Home\",\"item\":\"https:\/\/www.celticexperience.net\/de\/\"},{\"@type\":\"ListItem\",\"position\":2,\"name\":\"Produkte\",\"item\":\"https:\/\/www.celticexperience.net\/de\/shop\/\"},{\"@type\":\"ListItem\",\"position\":3,\"name\":\"Irischer Tanz und Gesang\"}]}]}<\/script>\n<!-- \/ Yoast SEO plugin. -->","yoast_head_json":{"title":"Irischer Tanz und Gesang - von Celtic Spirit","description":"Irische\u00a0Kultur\u00a0HautnahTanzen, Singen, Wandern auf der Insel Inis M\u00f3r, Aran Islands","robots":{"index":"index","follow":"follow","max-snippet":"max-snippet:-1","max-image-preview":"max-image-preview:large","max-video-preview":"max-video-preview:-1"},"canonical":"https:\/\/www.celticexperience.net\/de\/produkt\/irischer-tanz-und-gesang\/","og_locale":"de_DE","og_type":"article","og_title":"Irischer Tanz und Gesang - von Celtic Spirit","og_description":"Irische\u00a0Kultur\u00a0HautnahTanzen, Singen, Wandern auf der Insel Inis M\u00f3r, Aran Islands","og_url":"https:\/\/www.celticexperience.net\/de\/produkt\/irischer-tanz-und-gesang\/","og_site_name":"Celtic Spirit","article_modified_time":"2018-02-18T14:39:07+00:00","og_image":[{"width":1024,"height":768,"url":"https:\/\/www.celticexperience.net\/de\/wp-content\/uploads\/2014\/05\/DSCF0527.jpg","type":"image\/jpeg"}],"twitter_card":"summary","twitter_misc":{"Gesch\u00e4tzte Lesezeit":"4\u00a0Minuten"},"schema":{"@context":"https:\/\/schema.org","@graph":[{"@type":"WebSite","@id":"https:\/\/www.celticexperience.net\/de\/#website","url":"https:\/\/www.celticexperience.net\/de\/","name":"Celtic Spirit","description":"Irish Cultural Holidays","potentialAction":[{"@type":"SearchAction","target":{"@type":"EntryPoint","urlTemplate":"https:\/\/www.celticexperience.net\/de\/?s={search_term_string}"},"query-input":"required name=search_term_string"}],"inLanguage":"de"},{"@type":"ImageObject","@id":"https:\/\/www.celticexperience.net\/de\/produkt\/irischer-tanz-und-gesang\/#primaryimage","inLanguage":"de","url":"https:\/\/www.celticexperience.net\/de\/wp-content\/uploads\/2014\/05\/DSCF0527.jpg","contentUrl":"https:\/\/www.celticexperience.net\/de\/wp-content\/uploads\/2014\/05\/DSCF0527.jpg","width":1024,"height":768,"caption":"Musicians - Celtic Spirit Session in Galway"},{"@type":"WebPage","@id":"https:\/\/www.celticexperience.net\/de\/produkt\/irischer-tanz-und-gesang\/#webpage","url":"https:\/\/www.celticexperience.net\/de\/produkt\/irischer-tanz-und-gesang\/","name":"Irischer Tanz und Gesang - von Celtic Spirit","isPartOf":{"@id":"https:\/\/www.celticexperience.net\/de\/#website"},"primaryImageOfPage":{"@id":"https:\/\/www.celticexperience.net\/de\/produkt\/irischer-tanz-und-gesang\/#primaryimage"},"datePublished":"2014-05-04T14:11:48+00:00","dateModified":"2018-02-18T14:39:07+00:00","description":"Irische\u00a0Kultur\u00a0HautnahTanzen, Singen, Wandern auf der Insel Inis M\u00f3r, Aran Islands","breadcrumb":{"@id":"https:\/\/www.celticexperience.net\/de\/produkt\/irischer-tanz-und-gesang\/#breadcrumb"},"inLanguage":"de","potentialAction":[{"@type":"ReadAction","target":["https:\/\/www.celticexperience.net\/de\/produkt\/irischer-tanz-und-gesang\/"]}]},{"@type":"BreadcrumbList","@id":"https:\/\/www.celticexperience.net\/de\/produkt\/irischer-tanz-und-gesang\/#breadcrumb","itemListElement":[{"@type":"ListItem","position":1,"name":"Home","item":"https:\/\/www.celticexperience.net\/de\/"},{"@type":"ListItem","position":2,"name":"Produkte","item":"https:\/\/www.celticexperience.net\/de\/shop\/"},{"@type":"ListItem","position":3,"name":"Irischer Tanz und Gesang"}]}]}},"_links":{"self":[{"href":"https:\/\/www.celticexperience.net\/de\/wp-json\/wp\/v2\/product\/1173"}],"collection":[{"href":"https:\/\/www.celticexperience.net\/de\/wp-json\/wp\/v2\/product"}],"about":[{"href":"https:\/\/www.celticexperience.net\/de\/wp-json\/wp\/v2\/types\/product"}],"replies":[{"embeddable":true,"href":"https:\/\/www.celticexperience.net\/de\/wp-json\/wp\/v2\/comments?post=1173"}],"wp:featuredmedia":[{"embeddable":true,"href":"https:\/\/www.celticexperience.net\/de\/wp-json\/wp\/v2\/media\/1353"}],"wp:attachment":[{"href":"https:\/\/www.celticexperience.net\/de\/wp-json\/wp\/v2\/media?parent=1173"}],"wp:term":[{"taxonomy":"product_cat","embeddable":true,"href":"https:\/\/www.celticexperience.net\/de\/wp-json\/wp\/v2\/product_cat?post=1173"},{"taxonomy":"product_tag","embeddable":true,"href":"https:\/\/www.celticexperience.net\/de\/wp-json\/wp\/v2\/product_tag?post=1173"}],"curies":[{"name":"wp","href":"https:\/\/api.w.org\/{rel}","templated":true}]}}