{"id":1172,"date":"2014-05-04T13:49:39","date_gmt":"2014-05-04T13:49:39","guid":{"rendered":"http:\/\/www.celticexperience.net\/de\/?post_type=product&#038;p=1172"},"modified":"2018-10-26T12:27:59","modified_gmt":"2018-10-26T12:27:59","slug":"feldenkrais-und-wandern","status":"publish","type":"product","link":"https:\/\/www.celticexperience.net\/de\/tours\/feldenkrais-und-wandern\/","title":{"rendered":"Feldenkrais und Wandern auf der Insel Inishmore, Aran Islands"},"content":{"rendered":"<p>[vc_row][vc_column][vc_column_text]<\/p>\n<h3 style=\"text-align: center;\">Feldenkrais und Wandern<\/h3>\n<h3 style=\"text-align: center;\"><strong><span class=\"top2\">auf der irischen Insel Inis M\u00f3r, Aran Islands<\/span><\/strong><\/h3>\n<p>Eine besondere Woche, in der wir mit Feldenkrais neue Bewegungsm\u00f6glichkeiten entdecken, wandernd diese magische Insel mit ihren alten Ritualpl\u00e4tzen erkunden und Zeit haben f\u00fcr Eigenes: \u00fcber Steine h\u00fcpfen, baden im k\u00fchlen Atlantik oder einfach \u00fcbers Meer schauen. (Es sind keine Vorkenntnisse notwendig).<\/p>\n<p><strong>Feldenkrais: <\/strong>Martine Girardin (<a href=\"http:\/\/www.singenbewegt.ch\/\" target=\"_blank\">www.singenbewegt.ch<\/a>)<br \/>\n<strong>Organisation, F\u00fchrungen und Wanderungen: <\/strong>Elizabeth Zollinger (<a href=\"http:\/\/www.irish-culture.ch\/about_celtic_spirit.htm\">www.irish-culture.ch<\/a>)<em>\u00a0<\/em><br \/>\n<!--more--><\/p>\n<p>More detailed tour information is given in the Itinerary Section.[\/vc_column_text][vc_row_inner][vc_column_inner][vc_separator][\/vc_column_inner][\/vc_row_inner][vc_row_inner][vc_column_inner width=&#8220;1\/4&#8243;][vc_column_text]<b>PROGRAMMDATUM<\/b>[\/vc_column_text][\/vc_column_inner][vc_column_inner width=&#8220;3\/4&#8243;][vc_column_text]<\/p>\n<p>15. &#8211; 22. Juli 2018<\/p>\n<p>[\/vc_column_text][\/vc_column_inner][\/vc_row_inner][vc_row_inner][vc_column_inner][vc_separator][\/vc_column_inner][\/vc_row_inner][vc_row_inner][vc_column_inner width=&#8220;1\/4&#8243;][vc_column_text]<b>BUCHUNG<\/b>[\/vc_column_text][\/vc_column_inner][vc_column_inner width=&#8220;3\/4&#8243;][vc_column_text]offen[\/vc_column_text][\/vc_column_inner][\/vc_row_inner][vc_row_inner][vc_column_inner][vc_separator][\/vc_column_inner][\/vc_row_inner][vc_row_inner][vc_column_inner width=&#8220;1\/4&#8243;][vc_column_text]<b>FLUG<\/b>[\/vc_column_text][\/vc_column_inner][vc_column_inner width=&#8220;3\/4&#8243;][vc_column_text]ZCH &#8211; Dublin mit Swiss oder Aer Lingus ab Fr. 350.- (fr\u00fch buchen lohnt sich. Ich berate Sie gerne)[\/vc_column_text][\/vc_column_inner][\/vc_row_inner][vc_row_inner][vc_column_inner][vc_separator][\/vc_column_inner][\/vc_row_inner][vc_row_inner][vc_column_inner width=&#8220;1\/3&#8243;][vc_column_text]<b>INBEGRIFFEN<\/b>[\/vc_column_text][\/vc_column_inner][vc_column_inner width=&#8220;2\/3&#8243;][vc_column_text]<i class=\"fa fa-check icon-tick icon-tick--on\"><\/i>6 Uebernachtungen auf der Insel (mit Fr\u00fchst\u00fcck im B+B)<\/p>\n<p><i class=\"fa fa-check icon-tick icon-tick--on\"><\/i>1 Uebernachtung in Galway, erstes Abendessen<\/p>\n<p><i class=\"fa fa-check icon-tick icon-tick--on\"><\/i>11 Stunden Feldenkrais<\/p>\n<p><i class=\"fa fa-check icon-tick icon-tick--on\"><\/i>alle F\u00fchrungen und Wanderungen und gemeinsamen Transporte von und ab Galway[\/vc_column_text][\/vc_column_inner][\/vc_row_inner][vc_row_inner][vc_column_inner][vc_separator][\/vc_column_inner][\/vc_row_inner][vc_row_inner][vc_column_inner width=&#8220;1\/4&#8243;][vc_column_text]<b>UNTERK\u00dcNFTE<\/b>[\/vc_column_text][\/vc_column_inner][vc_column_inner width=&#8220;3\/4&#8243;][vc_column_text]in komfortablen Ferienh\u00e4usern,\u00a0 oder im nahen Kilmurvey *** Guesthouse[\/vc_column_text][\/vc_column_inner][\/vc_row_inner][vc_row_inner][vc_column_inner][vc_separator][\/vc_column_inner][\/vc_row_inner][vc_row_inner][vc_column_inner width=&#8220;1\/4&#8243;][vc_column_text]<b>KOSTEN<\/b>[\/vc_column_text][\/vc_column_inner][vc_column_inner width=&#8220;3\/4&#8243;][vc_column_text]In den Ferienh\u00e4usern (Selbstverpflegung): ca Fr. 1250.- (ca Euro 1120.-), im DZ, je nach Wechselkurs\/im Kilmurveyhouse (mit Service und grossem irischen Fr\u00fchst\u00fcck): ca Fr. 1460.- ( ca Euro 1310), im DZ[\/vc_column_text][\/vc_column_inner][\/vc_row_inner][vc_row_inner][vc_column_inner][vc_separator][\/vc_column_inner][\/vc_row_inner][vc_row_inner][vc_column_inner width=&#8220;1\/4&#8243;][vc_column_text]<b>ZUSCHL\u00c4GE<\/b>[\/vc_column_text][\/vc_column_inner][vc_column_inner width=&#8220;3\/4&#8243;][vc_column_text]6 N\u00e4chte auf Insel: Ferienh\u00e4user: standard: Fr.120.- (Euro 108.-), mit Dusche\/WC: Fr. 160.- (Euro 140.-), Kilmurveyhouse: EZ:190.-, (Euro 170.-), EZ in Galway: Fr.40.- (Euro 35.-)[\/vc_column_text][\/vc_column_inner][\/vc_row_inner][\/vc_column][\/vc_row][vc_row][vc_column][vc_text_separator][\/vc_column][\/vc_row][vc_row][vc_column width=&#8220;1\/3&#8243;][vc_single_image image=&#8220;1588&#8243; img_size=&#8220;full&#8220;][\/vc_column][vc_column width=&#8220;2\/3&#8243;][vc_column_text]<\/p>\n<h3>Leitung:<\/h3>\n<p><strong>Martine Girardin:<\/strong> Meine Freude an Musik und Bewegung hat mich zum Rhythmikstudium gef\u00fchrt. Lange Jahre habe ich dann Kinder unterrichtet. Seit 1999 arbeite ich selbst\u00e4ndig in meiner Praxis mit Erwachsenen und Kindern, einzeln und in Gruppen. Mein Angebot umfasst Feldenkrais, TraumaHeilung, Arbeit mit der Stimme und Klang. Sch\u00f6n an meiner Arbeit ist, dass ich jeden Tag Neues entdecken und erforschen kann, selber Lernende bin &#8211; und gerne teile ich dieses Lernen mit anderen Menschen.[\/vc_column_text][\/vc_column][\/vc_row][vc_row][vc_column width=&#8220;2\/3&#8243;][vc_column_text]<strong>\u00a0<\/strong><strong>Elizabeth Zollinger, <\/strong>Z\u00fcrich und Inis M\u00f3r: Ich bin urspr\u00fcnglich Malerin und habe 1974 die inspirierende Insel Inis M\u00f3r entdeckt, wo ich seither teilzeitlich lebe.\u00a0Ich bin stark mit der Insel, den Menschen und ihrer Kultur verbunden. So gr\u00fcndete ich 1996 in Zusammenarbeit mit InsulanerInnen das Projekt \u201eCeltic Spirit\u201c mit dem Ziel, irisch-keltische Kultur zu vermitteln und einen sinnvollen Tourismus auf der Insel aufzubauen.\u00a0Seither habe ich zahlreiche Kulturwochen mit verschiedenen Schwerpunkten auf der Insel, auf dem Festland und auch in Schottland durchgef\u00fchrt. In Z\u00fcrich organisiere ich Veranstaltungen mit irischen K\u00fcnstlern mit Themen zu irischer Kultur.[\/vc_column_text][\/vc_column][vc_column width=&#8220;1\/3&#8243;][vc_single_image image=&#8220;1587&#8243;][\/vc_column][\/vc_row][vc_row][vc_column][vc_column_text]Laden Sie das Detailprogramm <a href=\"https:\/\/www.celticexperience.net\/de\/wp-content\/uploads\/2017\/10\/Feldenkrais-und-Wandern-2018.pdf\">hier:<\/a>[\/vc_column_text][\/vc_column][\/vc_row]<\/p>\n","protected":false},"excerpt":{"rendered":"<p>[vc_row][vc_column][vc_column_text] Feldenkrais und Wandern auf der irischen Insel Inis M\u00f3r, Aran Islands Eine besondere Woche, in der wir mit Feldenkrais neue Bewegungsm\u00f6glichkeiten entdecken, wandernd diese magische Insel mit ihren alten Ritualpl\u00e4tzen erkunden und Zeit haben f\u00fcr Eigenes: \u00fcber Steine h\u00fcpfen, baden im k\u00fchlen Atlantik oder einfach \u00fcbers Meer schauen. (Es sind keine Vorkenntnisse notwendig). Feldenkrais:<\/p>\n<div class=\"padding-top text-center\"><a href=\"https:\/\/www.celticexperience.net\/de\/tours\/feldenkrais-und-wandern\/\" class=\"atbtn atbtn--medium atbtn--rounded atbtn--transparent\">Read more<i class=\"atbtn__icon atbtn__icon--right fa fa-long-arrow-right\"><\/i><\/a><\/div>\n","protected":false},"featured_media":1201,"comment_status":"closed","ping_status":"closed","template":"","meta":[],"product_cat":[178],"product_tag":[277,301],"yoast_head":"<!-- This site is optimized with the Yoast SEO plugin v17.5 - https:\/\/yoast.com\/wordpress\/plugins\/seo\/ -->\n<title>Feldenkrais und Wandern\u00a0auf der Insel Inishmore, Aran Islands<\/title>\n<meta name=\"description\" content=\"Feldenkrais und Wandern auf der irischen Insel Inis M\u00f3r, Aran Islands, Feldenkrais mit Martine Girardin, wandern mit Elizabeth Zollinger\" \/>\n<meta name=\"robots\" content=\"index, follow, max-snippet:-1, max-image-preview:large, max-video-preview:-1\" \/>\n<link rel=\"canonical\" href=\"https:\/\/www.celticexperience.net\/de\/produkt\/feldenkrais-und-wandern\/\" \/>\n<meta property=\"og:locale\" content=\"de_DE\" \/>\n<meta property=\"og:type\" content=\"article\" \/>\n<meta property=\"og:title\" content=\"Feldenkrais und Wandern\u00a0auf der Insel Inishmore, Aran Islands\" \/>\n<meta property=\"og:description\" content=\"Feldenkrais und Wandern auf der irischen Insel Inis M\u00f3r, Aran Islands, Feldenkrais mit Martine Girardin, wandern mit Elizabeth Zollinger\" \/>\n<meta property=\"og:url\" content=\"https:\/\/www.celticexperience.net\/de\/produkt\/feldenkrais-und-wandern\/\" \/>\n<meta property=\"og:site_name\" content=\"Celtic Spirit\" \/>\n<meta property=\"article:modified_time\" content=\"2018-10-26T12:27:59+00:00\" \/>\n<meta property=\"og:image\" content=\"https:\/\/www.celticexperience.net\/de\/wp-content\/uploads\/2015\/05\/Feldenkrais-und-Wandern.jpg\" \/>\n\t<meta property=\"og:image:width\" content=\"852\" \/>\n\t<meta property=\"og:image:height\" content=\"568\" \/>\n<meta name=\"twitter:card\" content=\"summary\" \/>\n<meta name=\"twitter:label1\" content=\"Gesch\u00e4tzte Lesezeit\" \/>\n\t<meta name=\"twitter:data1\" content=\"4\u00a0Minuten\" \/>\n<script type=\"application\/ld+json\" class=\"yoast-schema-graph\">{\"@context\":\"https:\/\/schema.org\",\"@graph\":[{\"@type\":\"WebSite\",\"@id\":\"https:\/\/www.celticexperience.net\/de\/#website\",\"url\":\"https:\/\/www.celticexperience.net\/de\/\",\"name\":\"Celtic Spirit\",\"description\":\"Irish Cultural Holidays\",\"potentialAction\":[{\"@type\":\"SearchAction\",\"target\":{\"@type\":\"EntryPoint\",\"urlTemplate\":\"https:\/\/www.celticexperience.net\/de\/?s={search_term_string}\"},\"query-input\":\"required name=search_term_string\"}],\"inLanguage\":\"de\"},{\"@type\":\"ImageObject\",\"@id\":\"https:\/\/www.celticexperience.net\/de\/produkt\/feldenkrais-und-wandern\/#primaryimage\",\"inLanguage\":\"de\",\"url\":\"https:\/\/www.celticexperience.net\/de\/wp-content\/uploads\/2015\/05\/Feldenkrais-und-Wandern.jpg\",\"contentUrl\":\"https:\/\/www.celticexperience.net\/de\/wp-content\/uploads\/2015\/05\/Feldenkrais-und-Wandern.jpg\",\"width\":852,\"height\":568,\"caption\":\"Feldenkrais und Wandern Inishmore\"},{\"@type\":\"WebPage\",\"@id\":\"https:\/\/www.celticexperience.net\/de\/produkt\/feldenkrais-und-wandern\/#webpage\",\"url\":\"https:\/\/www.celticexperience.net\/de\/produkt\/feldenkrais-und-wandern\/\",\"name\":\"Feldenkrais und Wandern\\u00a0auf der Insel Inishmore, Aran Islands\",\"isPartOf\":{\"@id\":\"https:\/\/www.celticexperience.net\/de\/#website\"},\"primaryImageOfPage\":{\"@id\":\"https:\/\/www.celticexperience.net\/de\/produkt\/feldenkrais-und-wandern\/#primaryimage\"},\"datePublished\":\"2014-05-04T13:49:39+00:00\",\"dateModified\":\"2018-10-26T12:27:59+00:00\",\"description\":\"Feldenkrais und Wandern auf der irischen Insel Inis M\\u00f3r, Aran Islands, Feldenkrais mit Martine Girardin, wandern mit Elizabeth Zollinger\",\"breadcrumb\":{\"@id\":\"https:\/\/www.celticexperience.net\/de\/produkt\/feldenkrais-und-wandern\/#breadcrumb\"},\"inLanguage\":\"de\",\"potentialAction\":[{\"@type\":\"ReadAction\",\"target\":[\"https:\/\/www.celticexperience.net\/de\/produkt\/feldenkrais-und-wandern\/\"]}]},{\"@type\":\"BreadcrumbList\",\"@id\":\"https:\/\/www.celticexperience.net\/de\/produkt\/feldenkrais-und-wandern\/#breadcrumb\",\"itemListElement\":[{\"@type\":\"ListItem\",\"position\":1,\"name\":\"Home\",\"item\":\"https:\/\/www.celticexperience.net\/de\/\"},{\"@type\":\"ListItem\",\"position\":2,\"name\":\"Produkte\",\"item\":\"https:\/\/www.celticexperience.net\/de\/shop\/\"},{\"@type\":\"ListItem\",\"position\":3,\"name\":\"Feldenkrais und Wandern auf der Insel Inishmore, Aran Islands\"}]}]}<\/script>\n<!-- \/ Yoast SEO plugin. -->","yoast_head_json":{"title":"Feldenkrais und Wandern\u00a0auf der Insel Inishmore, Aran Islands","description":"Feldenkrais und Wandern auf der irischen Insel Inis M\u00f3r, Aran Islands, Feldenkrais mit Martine Girardin, wandern mit Elizabeth Zollinger","robots":{"index":"index","follow":"follow","max-snippet":"max-snippet:-1","max-image-preview":"max-image-preview:large","max-video-preview":"max-video-preview:-1"},"canonical":"https:\/\/www.celticexperience.net\/de\/produkt\/feldenkrais-und-wandern\/","og_locale":"de_DE","og_type":"article","og_title":"Feldenkrais und Wandern\u00a0auf der Insel Inishmore, Aran Islands","og_description":"Feldenkrais und Wandern auf der irischen Insel Inis M\u00f3r, Aran Islands, Feldenkrais mit Martine Girardin, wandern mit Elizabeth Zollinger","og_url":"https:\/\/www.celticexperience.net\/de\/produkt\/feldenkrais-und-wandern\/","og_site_name":"Celtic Spirit","article_modified_time":"2018-10-26T12:27:59+00:00","og_image":[{"width":852,"height":568,"url":"https:\/\/www.celticexperience.net\/de\/wp-content\/uploads\/2015\/05\/Feldenkrais-und-Wandern.jpg","type":"image\/jpeg"}],"twitter_card":"summary","twitter_misc":{"Gesch\u00e4tzte Lesezeit":"4\u00a0Minuten"},"schema":{"@context":"https:\/\/schema.org","@graph":[{"@type":"WebSite","@id":"https:\/\/www.celticexperience.net\/de\/#website","url":"https:\/\/www.celticexperience.net\/de\/","name":"Celtic Spirit","description":"Irish Cultural Holidays","potentialAction":[{"@type":"SearchAction","target":{"@type":"EntryPoint","urlTemplate":"https:\/\/www.celticexperience.net\/de\/?s={search_term_string}"},"query-input":"required name=search_term_string"}],"inLanguage":"de"},{"@type":"ImageObject","@id":"https:\/\/www.celticexperience.net\/de\/produkt\/feldenkrais-und-wandern\/#primaryimage","inLanguage":"de","url":"https:\/\/www.celticexperience.net\/de\/wp-content\/uploads\/2015\/05\/Feldenkrais-und-Wandern.jpg","contentUrl":"https:\/\/www.celticexperience.net\/de\/wp-content\/uploads\/2015\/05\/Feldenkrais-und-Wandern.jpg","width":852,"height":568,"caption":"Feldenkrais und Wandern Inishmore"},{"@type":"WebPage","@id":"https:\/\/www.celticexperience.net\/de\/produkt\/feldenkrais-und-wandern\/#webpage","url":"https:\/\/www.celticexperience.net\/de\/produkt\/feldenkrais-und-wandern\/","name":"Feldenkrais und Wandern\u00a0auf der Insel Inishmore, Aran Islands","isPartOf":{"@id":"https:\/\/www.celticexperience.net\/de\/#website"},"primaryImageOfPage":{"@id":"https:\/\/www.celticexperience.net\/de\/produkt\/feldenkrais-und-wandern\/#primaryimage"},"datePublished":"2014-05-04T13:49:39+00:00","dateModified":"2018-10-26T12:27:59+00:00","description":"Feldenkrais und Wandern auf der irischen Insel Inis M\u00f3r, Aran Islands, Feldenkrais mit Martine Girardin, wandern mit Elizabeth Zollinger","breadcrumb":{"@id":"https:\/\/www.celticexperience.net\/de\/produkt\/feldenkrais-und-wandern\/#breadcrumb"},"inLanguage":"de","potentialAction":[{"@type":"ReadAction","target":["https:\/\/www.celticexperience.net\/de\/produkt\/feldenkrais-und-wandern\/"]}]},{"@type":"BreadcrumbList","@id":"https:\/\/www.celticexperience.net\/de\/produkt\/feldenkrais-und-wandern\/#breadcrumb","itemListElement":[{"@type":"ListItem","position":1,"name":"Home","item":"https:\/\/www.celticexperience.net\/de\/"},{"@type":"ListItem","position":2,"name":"Produkte","item":"https:\/\/www.celticexperience.net\/de\/shop\/"},{"@type":"ListItem","position":3,"name":"Feldenkrais und Wandern auf der Insel Inishmore, Aran Islands"}]}]}},"_links":{"self":[{"href":"https:\/\/www.celticexperience.net\/de\/wp-json\/wp\/v2\/product\/1172"}],"collection":[{"href":"https:\/\/www.celticexperience.net\/de\/wp-json\/wp\/v2\/product"}],"about":[{"href":"https:\/\/www.celticexperience.net\/de\/wp-json\/wp\/v2\/types\/product"}],"replies":[{"embeddable":true,"href":"https:\/\/www.celticexperience.net\/de\/wp-json\/wp\/v2\/comments?post=1172"}],"wp:featuredmedia":[{"embeddable":true,"href":"https:\/\/www.celticexperience.net\/de\/wp-json\/wp\/v2\/media\/1201"}],"wp:attachment":[{"href":"https:\/\/www.celticexperience.net\/de\/wp-json\/wp\/v2\/media?parent=1172"}],"wp:term":[{"taxonomy":"product_cat","embeddable":true,"href":"https:\/\/www.celticexperience.net\/de\/wp-json\/wp\/v2\/product_cat?post=1172"},{"taxonomy":"product_tag","embeddable":true,"href":"https:\/\/www.celticexperience.net\/de\/wp-json\/wp\/v2\/product_tag?post=1172"}],"curies":[{"name":"wp","href":"https:\/\/api.w.org\/{rel}","templated":true}]}}