{"id":1154,"date":"2014-04-04T12:27:32","date_gmt":"2014-04-04T12:27:32","guid":{"rendered":"http:\/\/www.celticexperience.net\/de\/?post_type=product&#038;p=1154"},"modified":"2018-02-18T14:38:52","modified_gmt":"2018-02-18T14:38:52","slug":"algen-wunder-woche","status":"publish","type":"product","link":"https:\/\/www.celticexperience.net\/de\/tours\/algen-wunder-woche\/","title":{"rendered":"Algen Wunder Woche"},"content":{"rendered":"<p>[vc_row][vc_column][vc_column_text]<\/p>\n<h3 style=\"text-align: center;\">Algen Wunder Woche<\/h3>\n<p>AUF DER INSEL INIS M\u00d3R, IRLAND<\/p>\n<p>Entdecken Sie mit uns die Wunderwelt der Algen, an den K\u00fcsten der<br \/>\nwundersch\u00f6nen Insel Inis M\u00f3r. Die Aerztin und Algenspezialistin\u00a0Prannie Rhatigan wird uns zeigen, wie man die Pflanzen schonend\u00a0pfl\u00fcckt. Je nach Stand des Wassers werden wir acht bis zehn verschiedene Spezies von essbaren Algen finden und ihre Namen, und die enthaltenen N\u00e4hrstoffe kennen lernen. In der komfortablen K\u00fcche von Joe\u2019s Haus werden wir mit Prannie einfache und schmackhafte Rezepte zubereiten. Mairtin Concannon wird f\u00fcr uns in seiner Anlage weitere gesammelte Algen zum Mitnehmen trocknen. Dazwischen werden wir wandernd die Insel entdecken und es gibt viel freie Zeit, um in der sch\u00f6nen Umgebung zu verweilen und eigene Entdeckungen zu machen.<br \/>\n<!--more--><\/p>\n<p>[\/vc_column_text][vc_row_inner][vc_column_inner][vc_separator][\/vc_column_inner][\/vc_row_inner][vc_row_inner][vc_column_inner width=&#8220;1\/4&#8243;][vc_column_text]<b>PROGRAMMDATUM<\/b>[\/vc_column_text][\/vc_column_inner][vc_column_inner width=&#8220;3\/4&#8243;][vc_column_text]17. \u2013 24. April 2015[\/vc_column_text][\/vc_column_inner][\/vc_row_inner][vc_row_inner][vc_column_inner][vc_separator][\/vc_column_inner][\/vc_row_inner][vc_row_inner][vc_column_inner width=&#8220;1\/4&#8243;][vc_column_text]<b>BUCHUNG<\/b>[\/vc_column_text][\/vc_column_inner][vc_column_inner width=&#8220;3\/4&#8243;][vc_column_text]geschlossen[\/vc_column_text][\/vc_column_inner][\/vc_row_inner][vc_row_inner][vc_column_inner][vc_separator][\/vc_column_inner][\/vc_row_inner][vc_row_inner][vc_column_inner width=&#8220;1\/3&#8243;][vc_column_text]<b>INBEGRIFFEN<\/b>[\/vc_column_text][\/vc_column_inner][vc_column_inner width=&#8220;2\/3&#8243;][vc_column_text]<i class=\"fa fa-check icon-tick icon-tick--on\"><\/i>Kurs mit Prannie Rhatigan und Mairtin Concannon<\/p>\n<p><i class=\"fa fa-check icon-tick icon-tick--on\"><\/i>gef\u00fchrte Wanderungen, alle gemeinsamen Transporte<\/p>\n<p><i class=\"fa fa-check icon-tick icon-tick--on\"><\/i>Trocknen der gefundenen Algen<\/p>\n<p><i class=\"fa fa-check icon-tick icon-tick--on\"><\/i>3 Abendessen ausw\u00e4rts, Zutaten f\u00fcr die gemeinsamen Mahlzeiten<\/p>\n<p><i class=\"fa fa-check icon-tick icon-tick--on\"><\/i>6 Uebernachtungen mit Fr\u00fchst\u00fccksbuffet im Kilmurveyhouse, letzte Nacht im B+B in Galway[\/vc_column_text][\/vc_column_inner][\/vc_row_inner][vc_row_inner][vc_column_inner][vc_separator][\/vc_column_inner][\/vc_row_inner][vc_row_inner][vc_column_inner width=&#8220;1\/3&#8243;][vc_column_text]<b>NICHT INBEGRIFFEN<\/b>[\/vc_column_text][\/vc_column_inner][vc_column_inner width=&#8220;2\/3&#8243;][vc_column_text]<i class=\"fa fa-times icon-tick icon-tick--off\"><\/i>Reise bis und ab Galway<\/p>\n<p><i class=\"fa fa-times icon-tick icon-tick--off\"><\/i>4 Abendessen<\/p>\n<p><i class=\"fa fa-times icon-tick icon-tick--off\"><\/i>Lunch, Getr\u00e4nke, Trinkgelder<\/p>\n<p><i class=\"fa fa-times icon-tick icon-tick--off\"><\/i>zus\u00e4tzliche private Transporte[\/vc_column_text][\/vc_column_inner][\/vc_row_inner][vc_row_inner][vc_column_inner][vc_separator][\/vc_column_inner][\/vc_row_inner][vc_row_inner][vc_column_inner width=&#8220;1\/4&#8243;][vc_column_text]<b>UNTERK\u00dcNFTE<\/b>[\/vc_column_text][\/vc_column_inner][vc_column_inner width=&#8220;3\/4&#8243;][vc_column_text]6 Uebernachtungen mit Fr\u00fchst\u00fccksbuffet im Kilmurveyhouse, letzte Nacht im B+B in Galway[\/vc_column_text][\/vc_column_inner][\/vc_row_inner][vc_row_inner][vc_column_inner][vc_separator][\/vc_column_inner][\/vc_row_inner][vc_row_inner][vc_column_inner width=&#8220;1\/4&#8243;][vc_column_text]<b>KOSTEN<\/b>[\/vc_column_text][\/vc_column_inner][vc_column_inner width=&#8220;3\/4&#8243;][vc_column_text]CHF 1490.- (ca 1220 Euro), Basis DZ mit Dusche\/WC (Preise k\u00f6nnen sich noch etwas ver\u00e4ndern, je nach Eurokurs)[\/vc_column_text][\/vc_column_inner][\/vc_row_inner][vc_row_inner][vc_column_inner][vc_separator][\/vc_column_inner][\/vc_row_inner][vc_row_inner][vc_column_inner width=&#8220;1\/4&#8243;][vc_column_text]<b>ZUSCHL\u00c4GE<\/b>[\/vc_column_text][\/vc_column_inner][vc_column_inner width=&#8220;3\/4&#8243;][vc_column_text]Einzelzimmer: CHF 190\/ Euro 155 ( (6 N\u00e4chte Kilmurveyhouse) CHF 40\/ Euro 33 (letzte Nacht in Galway)[\/vc_column_text][\/vc_column_inner][\/vc_row_inner][\/vc_column][\/vc_row][vc_row][vc_column][vc_text_separator title=&#8220;&#8220;][\/vc_column][\/vc_row][vc_row][vc_column width=&#8220;1\/3&#8243;][vc_single_image image=&#8220;1367&#8243; img_size=&#8220;full&#8220;][\/vc_column][vc_column width=&#8220;2\/3&#8243;][vc_column_text]Algen wurden von unseren Vorfahren ganz selbstverst\u00e4ndlich als gesundes Nahrungsmittel genutzt, so wie heute noch in Japan, China und an den K\u00fcsten Nord-, Mittel und S\u00fcdamerikas. Doch auch in Europa gewinnt das Meeresgem\u00fcse wieder an Bedeutung und nicht nur f\u00fcr die immer beliebter werdenden Sushi-Rollen. Der hohe Gesundheitswert der Speisealgen macht sie auch f\u00fcr verschiedene Bedarfssituationen in der Ern\u00e4hrung immer interessanter. Einige Algen sind zudem auch l\u00e4ngst in den Blickpunkt westlicher pharmazeutischer und medizinischer Forschung ger\u00fcckt.<\/p>\n<p>In der Traditionellen Chinesischen Medizin werden Algen schon sei\u00a05000 Jahren verwendet. Man kann blutdrucksenkende, blutreinigende, magen- und darmsch\u00fctzende, antivirale, antibakterielle und antikanzerogene Wirkungen nachweisen. Sehr bemerkenswert in diesem Zusammenhang ist die sehr niedrige Brustkrebsrate bei Frauen aus Japan, dem Land mit dem gr\u00f6\u00dften Konsum dieses Meeresgem\u00fcses.[\/vc_column_text][\/vc_column][\/vc_row][vc_row][vc_column width=&#8220;1\/3&#8243;][vc_single_image image=&#8220;1368&#8243; img_size=&#8220;full&#8220;][\/vc_column][vc_column width=&#8220;2\/3&#8243;][vc_column_text]Prannie Rhatigan ist Aerztin und hat schon als Kind Algen gesammelt und gelernt, wie man sie zum Kochen verwendet. Geboren im Nordwesten Irlands interessiert sie sich seit langer Zeit f\u00fcr die Zusammenh\u00e4nge von Nahrung und Gesundheit. 2009 ver- \u00f6ffentlichte sie ihr wundersch\u00f6nes Buch \u201eIrish Seaweed Kitchen\u201c mit \u00fcber 150 alten und neuen einfachen, k\u00f6stlichen Rezepten, das ein grosser Erfolg\u00a0wurde. Als Mitglied von \u201eSlow Food\u201c hat sie Irland an verschiedenen Veranstaltungen im Ausland repr\u00e4sentiert. Sie gibt regelm\u00e4\u00dfig Seminare und Vortr\u00e4ge zum Thema Gesundheit und Algen. Seit der Erscheinung ihres Buches wird sie geradezu \u00fcberh\u00e4uft mit Anfragen und wir k\u00f6nnen uns sehr gl\u00fccklich sch\u00e4tzen, dass sie sich f\u00fcr die Teilnahme an\u00a0diesem Kurs zur Verf\u00fcgung stellt. <a href=\"http:\/\/irishseaweedkitchen.ie\/\" target=\"_blank\">www.prannie.com<\/a>[\/vc_column_text][\/vc_column][\/vc_row]<\/p>\n","protected":false},"excerpt":{"rendered":"<p>[vc_row][vc_column][vc_column_text] Algen Wunder Woche AUF DER INSEL INIS M\u00d3R, IRLAND Entdecken Sie mit uns die Wunderwelt der Algen, an den K\u00fcsten der wundersch\u00f6nen Insel Inis M\u00f3r. Die Aerztin und Algenspezialistin\u00a0Prannie Rhatigan wird uns zeigen, wie man die Pflanzen schonend\u00a0pfl\u00fcckt. Je nach Stand des Wassers werden wir acht bis zehn verschiedene Spezies von essbaren Algen finden<\/p>\n<div class=\"padding-top text-center\"><a href=\"https:\/\/www.celticexperience.net\/de\/tours\/algen-wunder-woche\/\" class=\"atbtn atbtn--medium atbtn--rounded atbtn--transparent\">Read more<i class=\"atbtn__icon atbtn__icon--right fa fa-long-arrow-right\"><\/i><\/a><\/div>\n","protected":false},"featured_media":1195,"comment_status":"closed","ping_status":"closed","template":"","meta":[],"product_cat":[178],"product_tag":[],"yoast_head":"<!-- This site is optimized with the Yoast SEO plugin v17.5 - https:\/\/yoast.com\/wordpress\/plugins\/seo\/ -->\n<title>Algen Wunder Woche\u00a0- von Celtic Spirit<\/title>\n<meta name=\"description\" content=\"Entdecken Sie mit uns die Wunderwelt der Algen, an den K\u00fcsten der\u00a0wundersch\u00f6nen Insel Inis M\u00f3r.\" \/>\n<meta name=\"robots\" content=\"index, follow, max-snippet:-1, max-image-preview:large, max-video-preview:-1\" \/>\n<link rel=\"canonical\" href=\"https:\/\/www.celticexperience.net\/de\/produkt\/algen-wunder-woche\/\" \/>\n<meta property=\"og:locale\" content=\"de_DE\" \/>\n<meta property=\"og:type\" content=\"article\" \/>\n<meta property=\"og:title\" content=\"Algen Wunder Woche\u00a0- von Celtic Spirit\" \/>\n<meta property=\"og:description\" content=\"Entdecken Sie mit uns die Wunderwelt der Algen, an den K\u00fcsten der\u00a0wundersch\u00f6nen Insel Inis M\u00f3r.\" \/>\n<meta property=\"og:url\" content=\"https:\/\/www.celticexperience.net\/de\/produkt\/algen-wunder-woche\/\" \/>\n<meta property=\"og:site_name\" content=\"Celtic Spirit\" \/>\n<meta property=\"article:modified_time\" content=\"2018-02-18T14:38:52+00:00\" \/>\n<meta property=\"og:image\" content=\"https:\/\/www.celticexperience.net\/de\/wp-content\/uploads\/2015\/04\/Algen-Wunder-Woche-image.jpg\" \/>\n\t<meta property=\"og:image:width\" content=\"796\" \/>\n\t<meta property=\"og:image:height\" content=\"596\" \/>\n<meta name=\"twitter:card\" content=\"summary\" \/>\n<meta name=\"twitter:label1\" content=\"Gesch\u00e4tzte Lesezeit\" \/>\n\t<meta name=\"twitter:data1\" content=\"5\u00a0Minuten\" \/>\n<script type=\"application\/ld+json\" class=\"yoast-schema-graph\">{\"@context\":\"https:\/\/schema.org\",\"@graph\":[{\"@type\":\"WebSite\",\"@id\":\"https:\/\/www.celticexperience.net\/de\/#website\",\"url\":\"https:\/\/www.celticexperience.net\/de\/\",\"name\":\"Celtic Spirit\",\"description\":\"Irish Cultural Holidays\",\"potentialAction\":[{\"@type\":\"SearchAction\",\"target\":{\"@type\":\"EntryPoint\",\"urlTemplate\":\"https:\/\/www.celticexperience.net\/de\/?s={search_term_string}\"},\"query-input\":\"required name=search_term_string\"}],\"inLanguage\":\"de\"},{\"@type\":\"ImageObject\",\"@id\":\"https:\/\/www.celticexperience.net\/de\/produkt\/algen-wunder-woche\/#primaryimage\",\"inLanguage\":\"de\",\"url\":\"https:\/\/www.celticexperience.net\/de\/wp-content\/uploads\/2015\/04\/Algen-Wunder-Woche-image.jpg\",\"contentUrl\":\"https:\/\/www.celticexperience.net\/de\/wp-content\/uploads\/2015\/04\/Algen-Wunder-Woche-image.jpg\",\"width\":796,\"height\":596,\"caption\":\"Seaweed course Inishmore\"},{\"@type\":\"WebPage\",\"@id\":\"https:\/\/www.celticexperience.net\/de\/produkt\/algen-wunder-woche\/#webpage\",\"url\":\"https:\/\/www.celticexperience.net\/de\/produkt\/algen-wunder-woche\/\",\"name\":\"Algen Wunder Woche\\u00a0- von Celtic Spirit\",\"isPartOf\":{\"@id\":\"https:\/\/www.celticexperience.net\/de\/#website\"},\"primaryImageOfPage\":{\"@id\":\"https:\/\/www.celticexperience.net\/de\/produkt\/algen-wunder-woche\/#primaryimage\"},\"datePublished\":\"2014-04-04T12:27:32+00:00\",\"dateModified\":\"2018-02-18T14:38:52+00:00\",\"description\":\"Entdecken Sie mit uns die Wunderwelt der Algen, an den K\\u00fcsten der\\u00a0wundersch\\u00f6nen Insel Inis M\\u00f3r.\",\"breadcrumb\":{\"@id\":\"https:\/\/www.celticexperience.net\/de\/produkt\/algen-wunder-woche\/#breadcrumb\"},\"inLanguage\":\"de\",\"potentialAction\":[{\"@type\":\"ReadAction\",\"target\":[\"https:\/\/www.celticexperience.net\/de\/produkt\/algen-wunder-woche\/\"]}]},{\"@type\":\"BreadcrumbList\",\"@id\":\"https:\/\/www.celticexperience.net\/de\/produkt\/algen-wunder-woche\/#breadcrumb\",\"itemListElement\":[{\"@type\":\"ListItem\",\"position\":1,\"name\":\"Home\",\"item\":\"https:\/\/www.celticexperience.net\/de\/\"},{\"@type\":\"ListItem\",\"position\":2,\"name\":\"Produkte\",\"item\":\"https:\/\/www.celticexperience.net\/de\/shop\/\"},{\"@type\":\"ListItem\",\"position\":3,\"name\":\"Algen Wunder Woche\"}]}]}<\/script>\n<!-- \/ Yoast SEO plugin. -->","yoast_head_json":{"title":"Algen Wunder Woche\u00a0- von Celtic Spirit","description":"Entdecken Sie mit uns die Wunderwelt der Algen, an den K\u00fcsten der\u00a0wundersch\u00f6nen Insel Inis M\u00f3r.","robots":{"index":"index","follow":"follow","max-snippet":"max-snippet:-1","max-image-preview":"max-image-preview:large","max-video-preview":"max-video-preview:-1"},"canonical":"https:\/\/www.celticexperience.net\/de\/produkt\/algen-wunder-woche\/","og_locale":"de_DE","og_type":"article","og_title":"Algen Wunder Woche\u00a0- von Celtic Spirit","og_description":"Entdecken Sie mit uns die Wunderwelt der Algen, an den K\u00fcsten der\u00a0wundersch\u00f6nen Insel Inis M\u00f3r.","og_url":"https:\/\/www.celticexperience.net\/de\/produkt\/algen-wunder-woche\/","og_site_name":"Celtic Spirit","article_modified_time":"2018-02-18T14:38:52+00:00","og_image":[{"width":796,"height":596,"url":"https:\/\/www.celticexperience.net\/de\/wp-content\/uploads\/2015\/04\/Algen-Wunder-Woche-image.jpg","type":"image\/jpeg"}],"twitter_card":"summary","twitter_misc":{"Gesch\u00e4tzte Lesezeit":"5\u00a0Minuten"},"schema":{"@context":"https:\/\/schema.org","@graph":[{"@type":"WebSite","@id":"https:\/\/www.celticexperience.net\/de\/#website","url":"https:\/\/www.celticexperience.net\/de\/","name":"Celtic Spirit","description":"Irish Cultural Holidays","potentialAction":[{"@type":"SearchAction","target":{"@type":"EntryPoint","urlTemplate":"https:\/\/www.celticexperience.net\/de\/?s={search_term_string}"},"query-input":"required name=search_term_string"}],"inLanguage":"de"},{"@type":"ImageObject","@id":"https:\/\/www.celticexperience.net\/de\/produkt\/algen-wunder-woche\/#primaryimage","inLanguage":"de","url":"https:\/\/www.celticexperience.net\/de\/wp-content\/uploads\/2015\/04\/Algen-Wunder-Woche-image.jpg","contentUrl":"https:\/\/www.celticexperience.net\/de\/wp-content\/uploads\/2015\/04\/Algen-Wunder-Woche-image.jpg","width":796,"height":596,"caption":"Seaweed course Inishmore"},{"@type":"WebPage","@id":"https:\/\/www.celticexperience.net\/de\/produkt\/algen-wunder-woche\/#webpage","url":"https:\/\/www.celticexperience.net\/de\/produkt\/algen-wunder-woche\/","name":"Algen Wunder Woche\u00a0- von Celtic Spirit","isPartOf":{"@id":"https:\/\/www.celticexperience.net\/de\/#website"},"primaryImageOfPage":{"@id":"https:\/\/www.celticexperience.net\/de\/produkt\/algen-wunder-woche\/#primaryimage"},"datePublished":"2014-04-04T12:27:32+00:00","dateModified":"2018-02-18T14:38:52+00:00","description":"Entdecken Sie mit uns die Wunderwelt der Algen, an den K\u00fcsten der\u00a0wundersch\u00f6nen Insel Inis M\u00f3r.","breadcrumb":{"@id":"https:\/\/www.celticexperience.net\/de\/produkt\/algen-wunder-woche\/#breadcrumb"},"inLanguage":"de","potentialAction":[{"@type":"ReadAction","target":["https:\/\/www.celticexperience.net\/de\/produkt\/algen-wunder-woche\/"]}]},{"@type":"BreadcrumbList","@id":"https:\/\/www.celticexperience.net\/de\/produkt\/algen-wunder-woche\/#breadcrumb","itemListElement":[{"@type":"ListItem","position":1,"name":"Home","item":"https:\/\/www.celticexperience.net\/de\/"},{"@type":"ListItem","position":2,"name":"Produkte","item":"https:\/\/www.celticexperience.net\/de\/shop\/"},{"@type":"ListItem","position":3,"name":"Algen Wunder Woche"}]}]}},"_links":{"self":[{"href":"https:\/\/www.celticexperience.net\/de\/wp-json\/wp\/v2\/product\/1154"}],"collection":[{"href":"https:\/\/www.celticexperience.net\/de\/wp-json\/wp\/v2\/product"}],"about":[{"href":"https:\/\/www.celticexperience.net\/de\/wp-json\/wp\/v2\/types\/product"}],"replies":[{"embeddable":true,"href":"https:\/\/www.celticexperience.net\/de\/wp-json\/wp\/v2\/comments?post=1154"}],"wp:featuredmedia":[{"embeddable":true,"href":"https:\/\/www.celticexperience.net\/de\/wp-json\/wp\/v2\/media\/1195"}],"wp:attachment":[{"href":"https:\/\/www.celticexperience.net\/de\/wp-json\/wp\/v2\/media?parent=1154"}],"wp:term":[{"taxonomy":"product_cat","embeddable":true,"href":"https:\/\/www.celticexperience.net\/de\/wp-json\/wp\/v2\/product_cat?post=1154"},{"taxonomy":"product_tag","embeddable":true,"href":"https:\/\/www.celticexperience.net\/de\/wp-json\/wp\/v2\/product_tag?post=1154"}],"curies":[{"name":"wp","href":"https:\/\/api.w.org\/{rel}","templated":true}]}}