{"id":1147,"date":"2013-12-04T12:13:02","date_gmt":"2013-12-04T12:13:02","guid":{"rendered":"http:\/\/www.celticexperience.net\/de\/?post_type=product&#038;p=1147"},"modified":"2018-02-18T14:38:39","modified_gmt":"2018-02-18T14:38:39","slug":"geschichten-von-antrim","status":"publish","type":"product","link":"https:\/\/www.celticexperience.net\/de\/tours\/geschichten-von-antrim\/","title":{"rendered":"Geschichten von Antrim"},"content":{"rendered":"<p>[vc_row][vc_column][vc_column_text]<\/p>\n<h3 style=\"text-align: center;\">Geschichten Antrim<\/h3>\n<p><span class=\"top2\">Zu Gast bei der Geschichtenerez\u00e4hlerin Liz Weir im friedlichen Nordosten Irlands: Glens of Antrim, Antrim Coast und Giant&#8217;s Causeway.<\/span><\/p>\n<p>Erleben Sie Irland&#8217;s farbigen, milden Fr\u00fchling in den lieblichen T\u00e4lern und an den gewaltigen K\u00fcsten von Antrim auf ganz exklusive Weise: ui Gast bei der be-kannten Geschichtenerz\u00e4hlerin Liz Weir. Sie wird uns in die Legenden und Mythen ihrer Heimat einf\u00fchren und uns mit einheimischen Musiker\/Innen, S\u00e4ngerInnen und anderen Pers\u00f6nlichkeiten bekannt machen.<br \/>\n<!--more-->[\/vc_column_text][vc_row_inner][vc_column_inner][vc_separator][\/vc_column_inner][\/vc_row_inner][vc_row_inner][vc_column_inner width=&#8220;1\/4&#8243;][vc_column_text]<b>PROGRAMMDATUM<\/b>[\/vc_column_text][\/vc_column_inner][vc_column_inner width=&#8220;3\/4&#8243;][vc_column_text]2014[\/vc_column_text][\/vc_column_inner][\/vc_row_inner][vc_row_inner][vc_column_inner][vc_separator][\/vc_column_inner][\/vc_row_inner][vc_row_inner][vc_column_inner width=&#8220;1\/4&#8243;][vc_column_text]<b>BUCHUNG<\/b>[\/vc_column_text][\/vc_column_inner][vc_column_inner width=&#8220;3\/4&#8243;][vc_column_text]geschlossen[\/vc_column_text][\/vc_column_inner][\/vc_row_inner][vc_row_inner][vc_column_inner][vc_separator][\/vc_column_inner][\/vc_row_inner][\/vc_column][\/vc_row]<\/p>\n","protected":false},"excerpt":{"rendered":"<p>[vc_row][vc_column][vc_column_text] Geschichten Antrim Zu Gast bei der Geschichtenerez\u00e4hlerin Liz Weir im friedlichen Nordosten Irlands: Glens of Antrim, Antrim Coast und Giant&#8217;s Causeway. Erleben Sie Irland&#8217;s farbigen, milden Fr\u00fchling in den lieblichen T\u00e4lern und an den gewaltigen K\u00fcsten von Antrim auf ganz exklusive Weise: ui Gast bei der be-kannten Geschichtenerz\u00e4hlerin Liz Weir. Sie wird uns in<\/p>\n<div class=\"padding-top text-center\"><a href=\"https:\/\/www.celticexperience.net\/de\/tours\/geschichten-von-antrim\/\" class=\"atbtn atbtn--medium atbtn--rounded atbtn--transparent\">Read more<i class=\"atbtn__icon atbtn__icon--right fa fa-long-arrow-right\"><\/i><\/a><\/div>\n","protected":false},"featured_media":1194,"comment_status":"closed","ping_status":"closed","template":"","meta":[],"product_cat":[178],"product_tag":[],"yoast_head":"<!-- This site is optimized with the Yoast SEO plugin v17.5 - https:\/\/yoast.com\/wordpress\/plugins\/seo\/ -->\n<title>Geschichten von Antrim - von Celtic Spirit<\/title>\n<meta name=\"description\" content=\"Zu Gast bei der Geschichtenerez\u00e4hlerin Liz Weir im friedlichen Nordosten Irlands: Glens of Antrim, Antrim Coast und Giant&#039;s Causeway.\" \/>\n<meta name=\"robots\" content=\"index, follow, max-snippet:-1, max-image-preview:large, max-video-preview:-1\" \/>\n<link rel=\"canonical\" href=\"https:\/\/www.celticexperience.net\/de\/produkt\/geschichten-von-antrim\/\" \/>\n<meta property=\"og:locale\" content=\"de_DE\" \/>\n<meta property=\"og:type\" content=\"article\" \/>\n<meta property=\"og:title\" content=\"Geschichten von Antrim - von Celtic Spirit\" \/>\n<meta property=\"og:description\" content=\"Zu Gast bei der Geschichtenerez\u00e4hlerin Liz Weir im friedlichen Nordosten Irlands: Glens of Antrim, Antrim Coast und Giant&#039;s Causeway.\" \/>\n<meta property=\"og:url\" content=\"https:\/\/www.celticexperience.net\/de\/produkt\/geschichten-von-antrim\/\" \/>\n<meta property=\"og:site_name\" content=\"Celtic Spirit\" \/>\n<meta property=\"article:modified_time\" content=\"2018-02-18T14:38:39+00:00\" \/>\n<meta property=\"og:image\" content=\"https:\/\/www.celticexperience.net\/de\/wp-content\/uploads\/2014\/12\/Giants-Causeway.jpg\" \/>\n\t<meta property=\"og:image:width\" content=\"1000\" \/>\n\t<meta property=\"og:image:height\" content=\"749\" \/>\n<meta name=\"twitter:card\" content=\"summary\" \/>\n<meta name=\"twitter:label1\" content=\"Gesch\u00e4tzte Lesezeit\" \/>\n\t<meta name=\"twitter:data1\" content=\"1\u00a0Minute\" \/>\n<script type=\"application\/ld+json\" class=\"yoast-schema-graph\">{\"@context\":\"https:\/\/schema.org\",\"@graph\":[{\"@type\":\"WebSite\",\"@id\":\"https:\/\/www.celticexperience.net\/de\/#website\",\"url\":\"https:\/\/www.celticexperience.net\/de\/\",\"name\":\"Celtic Spirit\",\"description\":\"Irish Cultural Holidays\",\"potentialAction\":[{\"@type\":\"SearchAction\",\"target\":{\"@type\":\"EntryPoint\",\"urlTemplate\":\"https:\/\/www.celticexperience.net\/de\/?s={search_term_string}\"},\"query-input\":\"required name=search_term_string\"}],\"inLanguage\":\"de\"},{\"@type\":\"ImageObject\",\"@id\":\"https:\/\/www.celticexperience.net\/de\/produkt\/geschichten-von-antrim\/#primaryimage\",\"inLanguage\":\"de\",\"url\":\"https:\/\/www.celticexperience.net\/de\/wp-content\/uploads\/2014\/12\/Giants-Causeway.jpg\",\"contentUrl\":\"https:\/\/www.celticexperience.net\/de\/wp-content\/uploads\/2014\/12\/Giants-Causeway.jpg\",\"width\":1000,\"height\":749,\"caption\":\"Giants Causeway Antrim\"},{\"@type\":\"WebPage\",\"@id\":\"https:\/\/www.celticexperience.net\/de\/produkt\/geschichten-von-antrim\/#webpage\",\"url\":\"https:\/\/www.celticexperience.net\/de\/produkt\/geschichten-von-antrim\/\",\"name\":\"Geschichten von Antrim - von Celtic Spirit\",\"isPartOf\":{\"@id\":\"https:\/\/www.celticexperience.net\/de\/#website\"},\"primaryImageOfPage\":{\"@id\":\"https:\/\/www.celticexperience.net\/de\/produkt\/geschichten-von-antrim\/#primaryimage\"},\"datePublished\":\"2013-12-04T12:13:02+00:00\",\"dateModified\":\"2018-02-18T14:38:39+00:00\",\"description\":\"Zu Gast bei der Geschichtenerez\\u00e4hlerin Liz Weir im friedlichen Nordosten Irlands: Glens of Antrim, Antrim Coast und Giant's Causeway.\",\"breadcrumb\":{\"@id\":\"https:\/\/www.celticexperience.net\/de\/produkt\/geschichten-von-antrim\/#breadcrumb\"},\"inLanguage\":\"de\",\"potentialAction\":[{\"@type\":\"ReadAction\",\"target\":[\"https:\/\/www.celticexperience.net\/de\/produkt\/geschichten-von-antrim\/\"]}]},{\"@type\":\"BreadcrumbList\",\"@id\":\"https:\/\/www.celticexperience.net\/de\/produkt\/geschichten-von-antrim\/#breadcrumb\",\"itemListElement\":[{\"@type\":\"ListItem\",\"position\":1,\"name\":\"Home\",\"item\":\"https:\/\/www.celticexperience.net\/de\/\"},{\"@type\":\"ListItem\",\"position\":2,\"name\":\"Produkte\",\"item\":\"https:\/\/www.celticexperience.net\/de\/shop\/\"},{\"@type\":\"ListItem\",\"position\":3,\"name\":\"Geschichten von Antrim\"}]}]}<\/script>\n<!-- \/ Yoast SEO plugin. -->","yoast_head_json":{"title":"Geschichten von Antrim - von Celtic Spirit","description":"Zu Gast bei der Geschichtenerez\u00e4hlerin Liz Weir im friedlichen Nordosten Irlands: Glens of Antrim, Antrim Coast und Giant's Causeway.","robots":{"index":"index","follow":"follow","max-snippet":"max-snippet:-1","max-image-preview":"max-image-preview:large","max-video-preview":"max-video-preview:-1"},"canonical":"https:\/\/www.celticexperience.net\/de\/produkt\/geschichten-von-antrim\/","og_locale":"de_DE","og_type":"article","og_title":"Geschichten von Antrim - von Celtic Spirit","og_description":"Zu Gast bei der Geschichtenerez\u00e4hlerin Liz Weir im friedlichen Nordosten Irlands: Glens of Antrim, Antrim Coast und Giant's Causeway.","og_url":"https:\/\/www.celticexperience.net\/de\/produkt\/geschichten-von-antrim\/","og_site_name":"Celtic Spirit","article_modified_time":"2018-02-18T14:38:39+00:00","og_image":[{"width":1000,"height":749,"url":"https:\/\/www.celticexperience.net\/de\/wp-content\/uploads\/2014\/12\/Giants-Causeway.jpg","type":"image\/jpeg"}],"twitter_card":"summary","twitter_misc":{"Gesch\u00e4tzte Lesezeit":"1\u00a0Minute"},"schema":{"@context":"https:\/\/schema.org","@graph":[{"@type":"WebSite","@id":"https:\/\/www.celticexperience.net\/de\/#website","url":"https:\/\/www.celticexperience.net\/de\/","name":"Celtic Spirit","description":"Irish Cultural Holidays","potentialAction":[{"@type":"SearchAction","target":{"@type":"EntryPoint","urlTemplate":"https:\/\/www.celticexperience.net\/de\/?s={search_term_string}"},"query-input":"required name=search_term_string"}],"inLanguage":"de"},{"@type":"ImageObject","@id":"https:\/\/www.celticexperience.net\/de\/produkt\/geschichten-von-antrim\/#primaryimage","inLanguage":"de","url":"https:\/\/www.celticexperience.net\/de\/wp-content\/uploads\/2014\/12\/Giants-Causeway.jpg","contentUrl":"https:\/\/www.celticexperience.net\/de\/wp-content\/uploads\/2014\/12\/Giants-Causeway.jpg","width":1000,"height":749,"caption":"Giants Causeway Antrim"},{"@type":"WebPage","@id":"https:\/\/www.celticexperience.net\/de\/produkt\/geschichten-von-antrim\/#webpage","url":"https:\/\/www.celticexperience.net\/de\/produkt\/geschichten-von-antrim\/","name":"Geschichten von Antrim - von Celtic Spirit","isPartOf":{"@id":"https:\/\/www.celticexperience.net\/de\/#website"},"primaryImageOfPage":{"@id":"https:\/\/www.celticexperience.net\/de\/produkt\/geschichten-von-antrim\/#primaryimage"},"datePublished":"2013-12-04T12:13:02+00:00","dateModified":"2018-02-18T14:38:39+00:00","description":"Zu Gast bei der Geschichtenerez\u00e4hlerin Liz Weir im friedlichen Nordosten Irlands: Glens of Antrim, Antrim Coast und Giant's Causeway.","breadcrumb":{"@id":"https:\/\/www.celticexperience.net\/de\/produkt\/geschichten-von-antrim\/#breadcrumb"},"inLanguage":"de","potentialAction":[{"@type":"ReadAction","target":["https:\/\/www.celticexperience.net\/de\/produkt\/geschichten-von-antrim\/"]}]},{"@type":"BreadcrumbList","@id":"https:\/\/www.celticexperience.net\/de\/produkt\/geschichten-von-antrim\/#breadcrumb","itemListElement":[{"@type":"ListItem","position":1,"name":"Home","item":"https:\/\/www.celticexperience.net\/de\/"},{"@type":"ListItem","position":2,"name":"Produkte","item":"https:\/\/www.celticexperience.net\/de\/shop\/"},{"@type":"ListItem","position":3,"name":"Geschichten von Antrim"}]}]}},"_links":{"self":[{"href":"https:\/\/www.celticexperience.net\/de\/wp-json\/wp\/v2\/product\/1147"}],"collection":[{"href":"https:\/\/www.celticexperience.net\/de\/wp-json\/wp\/v2\/product"}],"about":[{"href":"https:\/\/www.celticexperience.net\/de\/wp-json\/wp\/v2\/types\/product"}],"replies":[{"embeddable":true,"href":"https:\/\/www.celticexperience.net\/de\/wp-json\/wp\/v2\/comments?post=1147"}],"wp:featuredmedia":[{"embeddable":true,"href":"https:\/\/www.celticexperience.net\/de\/wp-json\/wp\/v2\/media\/1194"}],"wp:attachment":[{"href":"https:\/\/www.celticexperience.net\/de\/wp-json\/wp\/v2\/media?parent=1147"}],"wp:term":[{"taxonomy":"product_cat","embeddable":true,"href":"https:\/\/www.celticexperience.net\/de\/wp-json\/wp\/v2\/product_cat?post=1147"},{"taxonomy":"product_tag","embeddable":true,"href":"https:\/\/www.celticexperience.net\/de\/wp-json\/wp\/v2\/product_tag?post=1147"}],"curies":[{"name":"wp","href":"https:\/\/api.w.org\/{rel}","templated":true}]}}