{"id":1129,"date":"2011-12-04T12:05:05","date_gmt":"2011-12-04T12:05:05","guid":{"rendered":"http:\/\/www.celticexperience.net\/de\/?post_type=product&#038;p=1129"},"modified":"2018-02-18T14:37:56","modified_gmt":"2018-02-18T14:37:56","slug":"aran-islands-a-la-carte","status":"publish","type":"product","link":"https:\/\/www.celticexperience.net\/de\/tours\/aran-islands-a-la-carte\/","title":{"rendered":"Aran Islands a la carte"},"content":{"rendered":"<p>[vc_row][vc_column][vc_column_text]<\/p>\n<h3 style=\"text-align: center;\">ARAN ISLANDS \u00c0 LA CARTE<\/h3>\n<p><strong>M\u00f6chten Sie die Insel individuell erleben und dennoch nicht auf landeskundliche Tipps verzichten ?<\/strong><\/p>\n<p>&nbsp;<\/p>\n<p><!--more-->[\/vc_column_text][vc_row_inner][vc_column_inner][vc_separator][\/vc_column_inner][\/vc_row_inner][vc_row_inner][vc_column_inner width=&#8220;1\/4&#8243;][vc_column_text]<b>PROGRAMMDATUM<\/b>[\/vc_column_text][\/vc_column_inner][vc_column_inner width=&#8220;3\/4&#8243;][vc_column_text]2013[\/vc_column_text][\/vc_column_inner][\/vc_row_inner][vc_row_inner][vc_column_inner][vc_separator][\/vc_column_inner][\/vc_row_inner][vc_row_inner][vc_column_inner width=&#8220;1\/4&#8243;][vc_column_text]<b>BUCHUNG<\/b>[\/vc_column_text][\/vc_column_inner][vc_column_inner width=&#8220;3\/4&#8243;][vc_column_text]geschlossen[\/vc_column_text][\/vc_column_inner][\/vc_row_inner][vc_row_inner][vc_column_inner][vc_separator][\/vc_column_inner][\/vc_row_inner][\/vc_column][\/vc_row][vc_row][vc_column width=&#8220;2\/3&#8243;][vc_column_text]Dieses Programm erm\u00f6glicht Ihnen beides: Ich organisiere Unterkunft im Kulturzentrum oder B+B, Transfer Hafen Inis M\u00f3r, orientiere \u00fcber Insel, Inselleben, Wanderrouten etc. und auf Wunsch organisiere ich gerne folgende Aktivit\u00e4ten f\u00fcr Sie:[\/vc_column_text][vc_column_text]<i class=\"fa fa-check icon-tick icon-tick--on\"><\/i>Bootsfahrten um die Insel<\/p>\n<p><i class=\"fa fa-check icon-tick icon-tick--on\"><\/i>Hochseefischen und fischen von den Klippen<\/p>\n<p><i class=\"fa fa-check icon-tick icon-tick--on\"><\/i>Velomiete<\/p>\n<p><i class=\"fa fa-check icon-tick icon-tick--on\"><\/i>Ponytrekking<\/p>\n<p><i class=\"fa fa-check icon-tick icon-tick--on\"><\/i>Gef\u00fchrte Wanderungen<\/p>\n<p><i class=\"fa fa-check icon-tick icon-tick--on\"><\/i>F\u00fchrungen mit lokaler Arch\u00e4ologin<\/p>\n<p><i class=\"fa fa-check icon-tick icon-tick--on\"><\/i>&#8222;Der keltische Weg&#8220; (F\u00fchrung)<\/p>\n<p><i class=\"fa fa-check icon-tick icon-tick--on\"><\/i>Korbflechten<\/p>\n<p><i class=\"fa fa-check icon-tick icon-tick--on\"><\/i>Unterricht: g\u00e4lische Sprache<\/p>\n<p><i class=\"fa fa-check icon-tick icon-tick--on\"><\/i>und alte g\u00e4lische Ges\u00e4nge (sean-n\u00f3s) etc.<\/p>\n<p><i class=\"fa fa-check icon-tick icon-tick--on\"><\/i>Tin Whistle Stunden[\/vc_column_text][\/vc_column][vc_column width=&#8220;1\/3&#8243;][vc_single_image image=&#8220;1372&#8243;][\/vc_column][\/vc_row]<\/p>\n","protected":false},"excerpt":{"rendered":"<p>[vc_row][vc_column][vc_column_text] ARAN ISLANDS \u00c0 LA CARTE M\u00f6chten Sie die Insel individuell erleben und dennoch nicht auf landeskundliche Tipps verzichten ? &nbsp;<\/p>\n","protected":false},"featured_media":1186,"comment_status":"closed","ping_status":"closed","template":"","meta":[],"product_cat":[178],"product_tag":[],"yoast_head":"<!-- This site is optimized with the Yoast SEO plugin v17.5 - https:\/\/yoast.com\/wordpress\/plugins\/seo\/ -->\n<title>Aran Islands a la carte\u00a0- von Celtic Spirit<\/title>\n<meta name=\"description\" content=\"M\u00f6chten Sie die Insel individuell erleben und dennoch nicht auf landeskundliche Tipps verzichten ?\" \/>\n<meta name=\"robots\" content=\"index, follow, max-snippet:-1, max-image-preview:large, max-video-preview:-1\" \/>\n<link rel=\"canonical\" href=\"https:\/\/www.celticexperience.net\/de\/tours\/aran-islands-a-la-carte\/\" \/>\n<meta property=\"og:locale\" content=\"de_DE\" \/>\n<meta property=\"og:type\" content=\"article\" \/>\n<meta property=\"og:title\" content=\"Aran Islands a la carte\u00a0- von Celtic Spirit\" \/>\n<meta property=\"og:description\" content=\"M\u00f6chten Sie die Insel individuell erleben und dennoch nicht auf landeskundliche Tipps verzichten ?\" \/>\n<meta property=\"og:url\" content=\"https:\/\/www.celticexperience.net\/de\/tours\/aran-islands-a-la-carte\/\" \/>\n<meta property=\"og:site_name\" content=\"Celtic Spirit\" \/>\n<meta property=\"article:modified_time\" content=\"2018-02-18T14:37:56+00:00\" \/>\n<meta property=\"og:image\" content=\"https:\/\/www.celticexperience.net\/de\/wp-content\/uploads\/2012\/12\/A-La-Carte.jpg\" \/>\n\t<meta property=\"og:image:width\" content=\"919\" \/>\n\t<meta property=\"og:image:height\" content=\"590\" \/>\n<meta name=\"twitter:card\" content=\"summary\" \/>\n<meta name=\"twitter:label1\" content=\"Gesch\u00e4tzte Lesezeit\" \/>\n\t<meta name=\"twitter:data1\" content=\"1\u00a0Minute\" \/>\n<script type=\"application\/ld+json\" class=\"yoast-schema-graph\">{\"@context\":\"https:\/\/schema.org\",\"@graph\":[{\"@type\":\"WebSite\",\"@id\":\"https:\/\/www.celticexperience.net\/de\/#website\",\"url\":\"https:\/\/www.celticexperience.net\/de\/\",\"name\":\"Celtic Spirit\",\"description\":\"Irish Cultural Holidays\",\"potentialAction\":[{\"@type\":\"SearchAction\",\"target\":{\"@type\":\"EntryPoint\",\"urlTemplate\":\"https:\/\/www.celticexperience.net\/de\/?s={search_term_string}\"},\"query-input\":\"required name=search_term_string\"}],\"inLanguage\":\"de\"},{\"@type\":\"ImageObject\",\"@id\":\"https:\/\/www.celticexperience.net\/de\/tours\/aran-islands-a-la-carte\/#primaryimage\",\"inLanguage\":\"de\",\"url\":\"https:\/\/www.celticexperience.net\/de\/wp-content\/uploads\/2012\/12\/A-La-Carte.jpg\",\"contentUrl\":\"https:\/\/www.celticexperience.net\/de\/wp-content\/uploads\/2012\/12\/A-La-Carte.jpg\",\"width\":919,\"height\":590,\"caption\":\"Aran Islands Holiday\"},{\"@type\":\"WebPage\",\"@id\":\"https:\/\/www.celticexperience.net\/de\/tours\/aran-islands-a-la-carte\/#webpage\",\"url\":\"https:\/\/www.celticexperience.net\/de\/tours\/aran-islands-a-la-carte\/\",\"name\":\"Aran Islands a la carte\\u00a0- von Celtic Spirit\",\"isPartOf\":{\"@id\":\"https:\/\/www.celticexperience.net\/de\/#website\"},\"primaryImageOfPage\":{\"@id\":\"https:\/\/www.celticexperience.net\/de\/tours\/aran-islands-a-la-carte\/#primaryimage\"},\"datePublished\":\"2011-12-04T12:05:05+00:00\",\"dateModified\":\"2018-02-18T14:37:56+00:00\",\"description\":\"M\\u00f6chten Sie die Insel individuell erleben und dennoch nicht auf landeskundliche Tipps verzichten ?\",\"breadcrumb\":{\"@id\":\"https:\/\/www.celticexperience.net\/de\/tours\/aran-islands-a-la-carte\/#breadcrumb\"},\"inLanguage\":\"de\",\"potentialAction\":[{\"@type\":\"ReadAction\",\"target\":[\"https:\/\/www.celticexperience.net\/de\/tours\/aran-islands-a-la-carte\/\"]}]},{\"@type\":\"BreadcrumbList\",\"@id\":\"https:\/\/www.celticexperience.net\/de\/tours\/aran-islands-a-la-carte\/#breadcrumb\",\"itemListElement\":[{\"@type\":\"ListItem\",\"position\":1,\"name\":\"Home\",\"item\":\"https:\/\/www.celticexperience.net\/de\/\"},{\"@type\":\"ListItem\",\"position\":2,\"name\":\"Produkte\",\"item\":\"https:\/\/www.celticexperience.net\/de\/shop\/\"},{\"@type\":\"ListItem\",\"position\":3,\"name\":\"Aran Islands a la carte\"}]}]}<\/script>\n<!-- \/ Yoast SEO plugin. -->","yoast_head_json":{"title":"Aran Islands a la carte\u00a0- von Celtic Spirit","description":"M\u00f6chten Sie die Insel individuell erleben und dennoch nicht auf landeskundliche Tipps verzichten ?","robots":{"index":"index","follow":"follow","max-snippet":"max-snippet:-1","max-image-preview":"max-image-preview:large","max-video-preview":"max-video-preview:-1"},"canonical":"https:\/\/www.celticexperience.net\/de\/tours\/aran-islands-a-la-carte\/","og_locale":"de_DE","og_type":"article","og_title":"Aran Islands a la carte\u00a0- von Celtic Spirit","og_description":"M\u00f6chten Sie die Insel individuell erleben und dennoch nicht auf landeskundliche Tipps verzichten ?","og_url":"https:\/\/www.celticexperience.net\/de\/tours\/aran-islands-a-la-carte\/","og_site_name":"Celtic Spirit","article_modified_time":"2018-02-18T14:37:56+00:00","og_image":[{"width":919,"height":590,"url":"https:\/\/www.celticexperience.net\/de\/wp-content\/uploads\/2012\/12\/A-La-Carte.jpg","type":"image\/jpeg"}],"twitter_card":"summary","twitter_misc":{"Gesch\u00e4tzte Lesezeit":"1\u00a0Minute"},"schema":{"@context":"https:\/\/schema.org","@graph":[{"@type":"WebSite","@id":"https:\/\/www.celticexperience.net\/de\/#website","url":"https:\/\/www.celticexperience.net\/de\/","name":"Celtic Spirit","description":"Irish Cultural Holidays","potentialAction":[{"@type":"SearchAction","target":{"@type":"EntryPoint","urlTemplate":"https:\/\/www.celticexperience.net\/de\/?s={search_term_string}"},"query-input":"required name=search_term_string"}],"inLanguage":"de"},{"@type":"ImageObject","@id":"https:\/\/www.celticexperience.net\/de\/tours\/aran-islands-a-la-carte\/#primaryimage","inLanguage":"de","url":"https:\/\/www.celticexperience.net\/de\/wp-content\/uploads\/2012\/12\/A-La-Carte.jpg","contentUrl":"https:\/\/www.celticexperience.net\/de\/wp-content\/uploads\/2012\/12\/A-La-Carte.jpg","width":919,"height":590,"caption":"Aran Islands Holiday"},{"@type":"WebPage","@id":"https:\/\/www.celticexperience.net\/de\/tours\/aran-islands-a-la-carte\/#webpage","url":"https:\/\/www.celticexperience.net\/de\/tours\/aran-islands-a-la-carte\/","name":"Aran Islands a la carte\u00a0- von Celtic Spirit","isPartOf":{"@id":"https:\/\/www.celticexperience.net\/de\/#website"},"primaryImageOfPage":{"@id":"https:\/\/www.celticexperience.net\/de\/tours\/aran-islands-a-la-carte\/#primaryimage"},"datePublished":"2011-12-04T12:05:05+00:00","dateModified":"2018-02-18T14:37:56+00:00","description":"M\u00f6chten Sie die Insel individuell erleben und dennoch nicht auf landeskundliche Tipps verzichten ?","breadcrumb":{"@id":"https:\/\/www.celticexperience.net\/de\/tours\/aran-islands-a-la-carte\/#breadcrumb"},"inLanguage":"de","potentialAction":[{"@type":"ReadAction","target":["https:\/\/www.celticexperience.net\/de\/tours\/aran-islands-a-la-carte\/"]}]},{"@type":"BreadcrumbList","@id":"https:\/\/www.celticexperience.net\/de\/tours\/aran-islands-a-la-carte\/#breadcrumb","itemListElement":[{"@type":"ListItem","position":1,"name":"Home","item":"https:\/\/www.celticexperience.net\/de\/"},{"@type":"ListItem","position":2,"name":"Produkte","item":"https:\/\/www.celticexperience.net\/de\/shop\/"},{"@type":"ListItem","position":3,"name":"Aran Islands a la carte"}]}]}},"_links":{"self":[{"href":"https:\/\/www.celticexperience.net\/de\/wp-json\/wp\/v2\/product\/1129"}],"collection":[{"href":"https:\/\/www.celticexperience.net\/de\/wp-json\/wp\/v2\/product"}],"about":[{"href":"https:\/\/www.celticexperience.net\/de\/wp-json\/wp\/v2\/types\/product"}],"replies":[{"embeddable":true,"href":"https:\/\/www.celticexperience.net\/de\/wp-json\/wp\/v2\/comments?post=1129"}],"wp:featuredmedia":[{"embeddable":true,"href":"https:\/\/www.celticexperience.net\/de\/wp-json\/wp\/v2\/media\/1186"}],"wp:attachment":[{"href":"https:\/\/www.celticexperience.net\/de\/wp-json\/wp\/v2\/media?parent=1129"}],"wp:term":[{"taxonomy":"product_cat","embeddable":true,"href":"https:\/\/www.celticexperience.net\/de\/wp-json\/wp\/v2\/product_cat?post=1129"},{"taxonomy":"product_tag","embeddable":true,"href":"https:\/\/www.celticexperience.net\/de\/wp-json\/wp\/v2\/product_tag?post=1129"}],"curies":[{"name":"wp","href":"https:\/\/api.w.org\/{rel}","templated":true}]}}