{"id":1124,"date":"2012-12-04T11:53:26","date_gmt":"2012-12-04T11:53:26","guid":{"rendered":"http:\/\/www.celticexperience.net\/de\/?post_type=product&#038;p=1124"},"modified":"2018-02-18T14:38:16","modified_gmt":"2018-02-18T14:38:16","slug":"ferien-fuer-singles-2","status":"publish","type":"product","link":"https:\/\/www.celticexperience.net\/de\/tours\/ferien-fuer-singles-2\/","title":{"rendered":"Ferien f\u00fcr Singles"},"content":{"rendered":"<p>[vc_row][vc_column][vc_column_text]<\/p>\n<h3 style=\"text-align: center;\">INSELFERIEN F\u00dcR SINGLES UNDE ANDERE ALLEINREISENDE<\/h3>\n<p>Menschen aus verschiedenen L\u00e4ndern treffen sich auf Inis M\u00f3r. Spannende Aktivit\u00e4ten wie gef\u00fchrte Wanderungen, arch\u00e4ologische F\u00fchrungen, tanzen, singen, Party mit Einheimischen etc. sind in diesem Programm enthalten (keine Partnervermittlung).<\/p>\n<p><!--more-->[\/vc_column_text][vc_row_inner][vc_column_inner][vc_separator][\/vc_column_inner][\/vc_row_inner][\/vc_column][\/vc_row]<\/p>\n","protected":false},"excerpt":{"rendered":"<p>[vc_row][vc_column][vc_column_text] INSELFERIEN F\u00dcR SINGLES UNDE ANDERE ALLEINREISENDE Menschen aus verschiedenen L\u00e4ndern treffen sich auf Inis M\u00f3r. Spannende Aktivit\u00e4ten wie gef\u00fchrte Wanderungen, arch\u00e4ologische F\u00fchrungen, tanzen, singen, Party mit Einheimischen etc. sind in diesem Programm enthalten (keine Partnervermittlung).<\/p>\n","protected":false},"featured_media":1358,"comment_status":"closed","ping_status":"closed","template":"","meta":[],"product_cat":[178],"product_tag":[],"yoast_head":"<!-- This site is optimized with the Yoast SEO plugin v17.5 - https:\/\/yoast.com\/wordpress\/plugins\/seo\/ -->\n<title>Ferien f\u00fcr Singles - von Celtic Spirit<\/title>\n<meta name=\"description\" content=\"INSELFERIEN F\u00dcR SINGLES UNDE ANDERE ALLEINREISENDE\" \/>\n<meta name=\"robots\" content=\"index, follow, max-snippet:-1, max-image-preview:large, max-video-preview:-1\" \/>\n<link rel=\"canonical\" href=\"https:\/\/www.celticexperience.net\/de\/tours\/ferien-fuer-singles-2\/\" \/>\n<meta property=\"og:locale\" content=\"de_DE\" \/>\n<meta property=\"og:type\" content=\"article\" \/>\n<meta property=\"og:title\" content=\"Ferien f\u00fcr Singles - von Celtic Spirit\" \/>\n<meta property=\"og:description\" content=\"INSELFERIEN F\u00dcR SINGLES UNDE ANDERE ALLEINREISENDE\" \/>\n<meta property=\"og:url\" content=\"https:\/\/www.celticexperience.net\/de\/tours\/ferien-fuer-singles-2\/\" \/>\n<meta property=\"og:site_name\" content=\"Celtic Spirit\" \/>\n<meta property=\"article:modified_time\" content=\"2018-02-18T14:38:16+00:00\" \/>\n<meta property=\"og:image\" content=\"https:\/\/www.celticexperience.net\/de\/wp-content\/uploads\/2012\/12\/singles1.jpg\" \/>\n\t<meta property=\"og:image:width\" content=\"1000\" \/>\n\t<meta property=\"og:image:height\" content=\"750\" \/>\n<meta name=\"twitter:card\" content=\"summary\" \/>\n<script type=\"application\/ld+json\" class=\"yoast-schema-graph\">{\"@context\":\"https:\/\/schema.org\",\"@graph\":[{\"@type\":\"WebSite\",\"@id\":\"https:\/\/www.celticexperience.net\/de\/#website\",\"url\":\"https:\/\/www.celticexperience.net\/de\/\",\"name\":\"Celtic Spirit\",\"description\":\"Irish Cultural Holidays\",\"potentialAction\":[{\"@type\":\"SearchAction\",\"target\":{\"@type\":\"EntryPoint\",\"urlTemplate\":\"https:\/\/www.celticexperience.net\/de\/?s={search_term_string}\"},\"query-input\":\"required name=search_term_string\"}],\"inLanguage\":\"de\"},{\"@type\":\"ImageObject\",\"@id\":\"https:\/\/www.celticexperience.net\/de\/tours\/ferien-fuer-singles-2\/#primaryimage\",\"inLanguage\":\"de\",\"url\":\"https:\/\/www.celticexperience.net\/de\/wp-content\/uploads\/2012\/12\/singles1.jpg\",\"contentUrl\":\"https:\/\/www.celticexperience.net\/de\/wp-content\/uploads\/2012\/12\/singles1.jpg\",\"width\":1000,\"height\":750,\"caption\":\"Inis Man Aran Islands\"},{\"@type\":\"WebPage\",\"@id\":\"https:\/\/www.celticexperience.net\/de\/tours\/ferien-fuer-singles-2\/#webpage\",\"url\":\"https:\/\/www.celticexperience.net\/de\/tours\/ferien-fuer-singles-2\/\",\"name\":\"Ferien f\\u00fcr Singles - von Celtic Spirit\",\"isPartOf\":{\"@id\":\"https:\/\/www.celticexperience.net\/de\/#website\"},\"primaryImageOfPage\":{\"@id\":\"https:\/\/www.celticexperience.net\/de\/tours\/ferien-fuer-singles-2\/#primaryimage\"},\"datePublished\":\"2012-12-04T11:53:26+00:00\",\"dateModified\":\"2018-02-18T14:38:16+00:00\",\"description\":\"INSELFERIEN F\\u00dcR SINGLES UNDE ANDERE ALLEINREISENDE\",\"breadcrumb\":{\"@id\":\"https:\/\/www.celticexperience.net\/de\/tours\/ferien-fuer-singles-2\/#breadcrumb\"},\"inLanguage\":\"de\",\"potentialAction\":[{\"@type\":\"ReadAction\",\"target\":[\"https:\/\/www.celticexperience.net\/de\/tours\/ferien-fuer-singles-2\/\"]}]},{\"@type\":\"BreadcrumbList\",\"@id\":\"https:\/\/www.celticexperience.net\/de\/tours\/ferien-fuer-singles-2\/#breadcrumb\",\"itemListElement\":[{\"@type\":\"ListItem\",\"position\":1,\"name\":\"Home\",\"item\":\"https:\/\/www.celticexperience.net\/de\/\"},{\"@type\":\"ListItem\",\"position\":2,\"name\":\"Produkte\",\"item\":\"https:\/\/www.celticexperience.net\/de\/shop\/\"},{\"@type\":\"ListItem\",\"position\":3,\"name\":\"Ferien f\\u00fcr Singles\"}]}]}<\/script>\n<!-- \/ Yoast SEO plugin. -->","yoast_head_json":{"title":"Ferien f\u00fcr Singles - von Celtic Spirit","description":"INSELFERIEN F\u00dcR SINGLES UNDE ANDERE ALLEINREISENDE","robots":{"index":"index","follow":"follow","max-snippet":"max-snippet:-1","max-image-preview":"max-image-preview:large","max-video-preview":"max-video-preview:-1"},"canonical":"https:\/\/www.celticexperience.net\/de\/tours\/ferien-fuer-singles-2\/","og_locale":"de_DE","og_type":"article","og_title":"Ferien f\u00fcr Singles - von Celtic Spirit","og_description":"INSELFERIEN F\u00dcR SINGLES UNDE ANDERE ALLEINREISENDE","og_url":"https:\/\/www.celticexperience.net\/de\/tours\/ferien-fuer-singles-2\/","og_site_name":"Celtic Spirit","article_modified_time":"2018-02-18T14:38:16+00:00","og_image":[{"width":1000,"height":750,"url":"https:\/\/www.celticexperience.net\/de\/wp-content\/uploads\/2012\/12\/singles1.jpg","type":"image\/jpeg"}],"twitter_card":"summary","schema":{"@context":"https:\/\/schema.org","@graph":[{"@type":"WebSite","@id":"https:\/\/www.celticexperience.net\/de\/#website","url":"https:\/\/www.celticexperience.net\/de\/","name":"Celtic Spirit","description":"Irish Cultural Holidays","potentialAction":[{"@type":"SearchAction","target":{"@type":"EntryPoint","urlTemplate":"https:\/\/www.celticexperience.net\/de\/?s={search_term_string}"},"query-input":"required name=search_term_string"}],"inLanguage":"de"},{"@type":"ImageObject","@id":"https:\/\/www.celticexperience.net\/de\/tours\/ferien-fuer-singles-2\/#primaryimage","inLanguage":"de","url":"https:\/\/www.celticexperience.net\/de\/wp-content\/uploads\/2012\/12\/singles1.jpg","contentUrl":"https:\/\/www.celticexperience.net\/de\/wp-content\/uploads\/2012\/12\/singles1.jpg","width":1000,"height":750,"caption":"Inis Man Aran Islands"},{"@type":"WebPage","@id":"https:\/\/www.celticexperience.net\/de\/tours\/ferien-fuer-singles-2\/#webpage","url":"https:\/\/www.celticexperience.net\/de\/tours\/ferien-fuer-singles-2\/","name":"Ferien f\u00fcr Singles - von Celtic Spirit","isPartOf":{"@id":"https:\/\/www.celticexperience.net\/de\/#website"},"primaryImageOfPage":{"@id":"https:\/\/www.celticexperience.net\/de\/tours\/ferien-fuer-singles-2\/#primaryimage"},"datePublished":"2012-12-04T11:53:26+00:00","dateModified":"2018-02-18T14:38:16+00:00","description":"INSELFERIEN F\u00dcR SINGLES UNDE ANDERE ALLEINREISENDE","breadcrumb":{"@id":"https:\/\/www.celticexperience.net\/de\/tours\/ferien-fuer-singles-2\/#breadcrumb"},"inLanguage":"de","potentialAction":[{"@type":"ReadAction","target":["https:\/\/www.celticexperience.net\/de\/tours\/ferien-fuer-singles-2\/"]}]},{"@type":"BreadcrumbList","@id":"https:\/\/www.celticexperience.net\/de\/tours\/ferien-fuer-singles-2\/#breadcrumb","itemListElement":[{"@type":"ListItem","position":1,"name":"Home","item":"https:\/\/www.celticexperience.net\/de\/"},{"@type":"ListItem","position":2,"name":"Produkte","item":"https:\/\/www.celticexperience.net\/de\/shop\/"},{"@type":"ListItem","position":3,"name":"Ferien f\u00fcr Singles"}]}]}},"_links":{"self":[{"href":"https:\/\/www.celticexperience.net\/de\/wp-json\/wp\/v2\/product\/1124"}],"collection":[{"href":"https:\/\/www.celticexperience.net\/de\/wp-json\/wp\/v2\/product"}],"about":[{"href":"https:\/\/www.celticexperience.net\/de\/wp-json\/wp\/v2\/types\/product"}],"replies":[{"embeddable":true,"href":"https:\/\/www.celticexperience.net\/de\/wp-json\/wp\/v2\/comments?post=1124"}],"wp:featuredmedia":[{"embeddable":true,"href":"https:\/\/www.celticexperience.net\/de\/wp-json\/wp\/v2\/media\/1358"}],"wp:attachment":[{"href":"https:\/\/www.celticexperience.net\/de\/wp-json\/wp\/v2\/media?parent=1124"}],"wp:term":[{"taxonomy":"product_cat","embeddable":true,"href":"https:\/\/www.celticexperience.net\/de\/wp-json\/wp\/v2\/product_cat?post=1124"},{"taxonomy":"product_tag","embeddable":true,"href":"https:\/\/www.celticexperience.net\/de\/wp-json\/wp\/v2\/product_tag?post=1124"}],"curies":[{"name":"wp","href":"https:\/\/api.w.org\/{rel}","templated":true}]}}