{"id":1120,"date":"2011-12-04T10:56:25","date_gmt":"2011-12-04T10:56:25","guid":{"rendered":"http:\/\/www.celticexperience.net\/de\/?post_type=product&#038;p=1120"},"modified":"2018-02-18T14:37:42","modified_gmt":"2018-02-18T14:37:42","slug":"korbflechten","status":"publish","type":"product","link":"https:\/\/www.celticexperience.net\/de\/tours\/korbflechten\/","title":{"rendered":"Korbflechten"},"content":{"rendered":"<p>[vc_row][vc_column][vc_column_text]<\/p>\n<h3 style=\"text-align: center;\">Traditionelles Korbflechten<\/h3>\n<p><span class=\"top\"><strong>Eine Reise In Die Vergangenheit<\/strong><\/span><\/p>\n<p><span class=\"top3\">(F\u00dcR ALLE STUFEN)<\/span><\/p>\n<p>Ein Workshop mit dem Korbflechter Vincent Mac Cear\u00e1in, gef\u00fchrte Wanderungen in der grossartigen Natur, entlang hohen Klippen und weiten Sandstr\u00e4nden zu verschiedenen arch\u00e4ologischen Pl\u00e4tzen und viel Zeit, um eigene Wege zu gehen.\u00a0(f\u00fcr Anf\u00e4ngerInnen und Fortgeschrittene geeignet)<br \/>\n<!--more-->[\/vc_column_text][vc_row_inner][vc_column_inner][vc_separator][\/vc_column_inner][\/vc_row_inner][vc_row_inner][vc_column_inner width=&#8220;1\/4&#8243;][vc_column_text]<b>PROGRAMMDATUM<\/b>[\/vc_column_text][\/vc_column_inner][vc_column_inner width=&#8220;3\/4&#8243;][vc_column_text]29. Juli \u2013 5. August 2012[\/vc_column_text][\/vc_column_inner][\/vc_row_inner][vc_row_inner][vc_column_inner][vc_separator][\/vc_column_inner][\/vc_row_inner][vc_row_inner][vc_column_inner width=&#8220;1\/4&#8243;][vc_column_text]<b>BUCHUNG<\/b>[\/vc_column_text][\/vc_column_inner][vc_column_inner width=&#8220;3\/4&#8243;][vc_column_text]geschlossen[\/vc_column_text][\/vc_column_inner][\/vc_row_inner][vc_row_inner][vc_column_inner][vc_separator][\/vc_column_inner][\/vc_row_inner][vc_row_inner][vc_column_inner width=&#8220;1\/4&#8243;][vc_column_text]<b>FLUG<\/b>[\/vc_column_text][\/vc_column_inner][vc_column_inner width=&#8220;3\/4&#8243;][vc_column_text]Individuelle Anreise. Treffpunkt in Galway.[\/vc_column_text][\/vc_column_inner][\/vc_row_inner][vc_row_inner][vc_column_inner][vc_separator][\/vc_column_inner][\/vc_row_inner][vc_row_inner][vc_column_inner width=&#8220;1\/3&#8243;][vc_column_text]<b>INBEGRIFFEN<\/b>[\/vc_column_text][\/vc_column_inner][vc_column_inner width=&#8220;2\/3&#8243;][vc_column_text]<i class=\"fa fa-check icon-tick icon-tick--on\"><\/i>Transfer auf Insel<\/p>\n<p><i class=\"fa fa-check icon-tick icon-tick--on\"><\/i>6 Uebernachtungen (DZ, standard) im Kilmurveyhouse, im Zentrum bei Elizabeth oder in luxuri\u00f6sem Ferienhaus mit wunderbarer Meersicht in der N\u00e4he mit Selbstversorgung<\/p>\n<p><i class=\"fa fa-check icon-tick icon-tick--on\"><\/i>(Abendessen in Restaurants kann organisiert werden), erstes Abendessen f\u00fcr alle, 2 zus\u00e4tzliche Abendessen f\u00fcr Teilnehmerinnen im Kilmurveyhouse<\/p>\n<p><i class=\"fa fa-check icon-tick icon-tick--on\"><\/i>letzte Uebernachtung in Galway (DZ)<\/p>\n<p><i class=\"fa fa-check icon-tick icon-tick--on\"><\/i>Workshop und Material<\/p>\n<p><i class=\"fa fa-check icon-tick icon-tick--on\"><\/i>zwei gef\u00fchrte Wanderungen[\/vc_column_text][\/vc_column_inner][\/vc_row_inner][vc_row_inner][vc_column_inner][vc_separator][\/vc_column_inner][\/vc_row_inner][vc_row_inner][vc_column_inner width=&#8220;1\/3&#8243;][vc_column_text]<b>NICHT INBEGRIFFEN<\/b>[\/vc_column_text][\/vc_column_inner][vc_column_inner width=&#8220;2\/3&#8243;][vc_column_text]<i class=\"fa fa-times icon-tick icon-tick--off\"><\/i>Essen (ausser 1.Abendessen f\u00fcr alle und 2 Abendessen f\u00fcr Teilnehmerinnen im Kilmurvey House)<\/p>\n<p><i class=\"fa fa-times icon-tick icon-tick--off\"><\/i>Trinkgelder[\/vc_column_text][\/vc_column_inner][\/vc_row_inner][vc_row_inner][vc_column_inner][vc_separator][\/vc_column_inner][\/vc_row_inner][vc_row_inner][vc_column_inner width=&#8220;1\/4&#8243;][vc_column_text]<b>UNTERK\u00dcNFTE<\/b>[\/vc_column_text][\/vc_column_inner][vc_column_inner width=&#8220;3\/4&#8243;][vc_column_text]In den Ferienh\u00e4usern;\u00a0im Kilmurveyhouse gausthaus.[\/vc_column_text][\/vc_column_inner][\/vc_row_inner][vc_row_inner][vc_column_inner][vc_separator][\/vc_column_inner][\/vc_row_inner][vc_row_inner][vc_column_inner width=&#8220;1\/4&#8243;][vc_column_text]<b>KOSTEN<\/b>[\/vc_column_text][\/vc_column_inner][vc_column_inner width=&#8220;3\/4&#8243;][vc_column_text]Euro 890.- (ca CHF 1140.-, je nach Eurokurs) in den Ferienh\u00e4usern mit Selbstverpflegung Euro 1080.- (ca 1370.-) im ***Guesthouse Kilmurveyhouse inkl. 2 Abendessen im Haus[\/vc_column_text][\/vc_column_inner][\/vc_row_inner][vc_row_inner][vc_column_inner][vc_separator][\/vc_column_inner][\/vc_row_inner][vc_row_inner][vc_column_inner width=&#8220;1\/4&#8243;][vc_column_text]<b>ZUSCHL\u00c4GE<\/b>[\/vc_column_text][\/vc_column_inner][vc_column_inner width=&#8220;3\/4&#8243;][vc_column_text]DZ mit Dusche\/WC: Euro 60.- (ca. CHF 75.- EZ: o.Dusche\/WC: Euro 110.-(ca.Sfr.150.-), mit Dusche\/WC: Euro 150.- (ca.CHF 190.-), im Kilmurveyhouse: Euro 210.- (ca. CHF 260.-, alle Zimmer mit Dusche\/WC) EZ in Galway: Euro 25.- (Sfr.40.-), Anzahl EZ beschr\u00e4nkt, fr\u00fch buchen.[\/vc_column_text][\/vc_column_inner][\/vc_row_inner][\/vc_column][\/vc_row][vc_row][vc_column][vc_text_separator title=&#8220;Korbflechten&#8220;][\/vc_column][\/vc_row][vc_row][vc_column width=&#8220;2\/3&#8243;][vc_column_text]Mein Nachbar Vincent Mac Cear\u00e1n ist einer der wenigen verbliebenen traditionellen Korbflechter Irlands. Er hat sich spezialisiert auf die Anfertigung von K\u00f6rben und anderen Gegenst\u00e4nden, wie sie seit Jahrhunderten auf der Insel gebraucht und hergestellt wurden. Er hat ein Diplom in \u201eTraining and Education\u201c, ist ein sehr geduldiger Lehrer und w\u00fcrzt seine Stunden mit Witz und Geschichten von der Insel. Es ist ein Vergn\u00fcgen mit ihm zu arbeiten und ein paar eigene archaische K\u00f6rbe nach Hause zu bringen.[\/vc_column_text][\/vc_column][vc_column width=&#8220;1\/3&#8243;][vc_single_image image=&#8220;1372&#8243;][\/vc_column][\/vc_row]<\/p>\n","protected":false},"excerpt":{"rendered":"<p>[vc_row][vc_column][vc_column_text] Traditionelles Korbflechten Eine Reise In Die Vergangenheit (F\u00dcR ALLE STUFEN) Ein Workshop mit dem Korbflechter Vincent Mac Cear\u00e1in, gef\u00fchrte Wanderungen in der grossartigen Natur, entlang hohen Klippen und weiten Sandstr\u00e4nden zu verschiedenen arch\u00e4ologischen Pl\u00e4tzen und viel Zeit, um eigene Wege zu gehen.\u00a0(f\u00fcr Anf\u00e4ngerInnen und Fortgeschrittene geeignet)<\/p>\n","protected":false},"featured_media":1327,"comment_status":"closed","ping_status":"closed","template":"","meta":[],"product_cat":[178],"product_tag":[],"yoast_head":"<!-- This site is optimized with the Yoast SEO plugin v17.5 - https:\/\/yoast.com\/wordpress\/plugins\/seo\/ -->\n<title>KORBFLECHTEN - von Celtic Spirit<\/title>\n<meta name=\"description\" content=\"TRADITIONELLES KORBFLECHTEN,\u00a0EINE REISE IN DIE VERGANGENHEIT\" \/>\n<meta name=\"robots\" content=\"index, follow, max-snippet:-1, max-image-preview:large, max-video-preview:-1\" \/>\n<link rel=\"canonical\" href=\"https:\/\/www.celticexperience.net\/de\/tours\/korbflechten\/\" \/>\n<meta property=\"og:locale\" content=\"de_DE\" \/>\n<meta property=\"og:type\" content=\"article\" \/>\n<meta property=\"og:title\" content=\"KORBFLECHTEN - von Celtic Spirit\" \/>\n<meta property=\"og:description\" content=\"TRADITIONELLES KORBFLECHTEN,\u00a0EINE REISE IN DIE VERGANGENHEIT\" \/>\n<meta property=\"og:url\" content=\"https:\/\/www.celticexperience.net\/de\/tours\/korbflechten\/\" \/>\n<meta property=\"og:site_name\" content=\"Celtic Spirit\" \/>\n<meta property=\"article:modified_time\" content=\"2018-02-18T14:37:42+00:00\" \/>\n<meta property=\"og:image\" content=\"https:\/\/www.celticexperience.net\/de\/wp-content\/uploads\/2011\/12\/Basket-Korben-1__1000.jpg\" \/>\n\t<meta property=\"og:image:width\" content=\"1000\" \/>\n\t<meta property=\"og:image:height\" content=\"750\" \/>\n<meta name=\"twitter:card\" content=\"summary\" \/>\n<meta name=\"twitter:label1\" content=\"Gesch\u00e4tzte Lesezeit\" \/>\n\t<meta name=\"twitter:data1\" content=\"4\u00a0Minuten\" \/>\n<script type=\"application\/ld+json\" class=\"yoast-schema-graph\">{\"@context\":\"https:\/\/schema.org\",\"@graph\":[{\"@type\":\"WebSite\",\"@id\":\"https:\/\/www.celticexperience.net\/de\/#website\",\"url\":\"https:\/\/www.celticexperience.net\/de\/\",\"name\":\"Celtic Spirit\",\"description\":\"Irish Cultural Holidays\",\"potentialAction\":[{\"@type\":\"SearchAction\",\"target\":{\"@type\":\"EntryPoint\",\"urlTemplate\":\"https:\/\/www.celticexperience.net\/de\/?s={search_term_string}\"},\"query-input\":\"required name=search_term_string\"}],\"inLanguage\":\"de\"},{\"@type\":\"ImageObject\",\"@id\":\"https:\/\/www.celticexperience.net\/de\/tours\/korbflechten\/#primaryimage\",\"inLanguage\":\"de\",\"url\":\"https:\/\/www.celticexperience.net\/de\/wp-content\/uploads\/2011\/12\/Basket-Korben-1__1000.jpg\",\"contentUrl\":\"https:\/\/www.celticexperience.net\/de\/wp-content\/uploads\/2011\/12\/Basket-Korben-1__1000.jpg\",\"width\":1000,\"height\":750},{\"@type\":\"WebPage\",\"@id\":\"https:\/\/www.celticexperience.net\/de\/tours\/korbflechten\/#webpage\",\"url\":\"https:\/\/www.celticexperience.net\/de\/tours\/korbflechten\/\",\"name\":\"KORBFLECHTEN - von Celtic Spirit\",\"isPartOf\":{\"@id\":\"https:\/\/www.celticexperience.net\/de\/#website\"},\"primaryImageOfPage\":{\"@id\":\"https:\/\/www.celticexperience.net\/de\/tours\/korbflechten\/#primaryimage\"},\"datePublished\":\"2011-12-04T10:56:25+00:00\",\"dateModified\":\"2018-02-18T14:37:42+00:00\",\"description\":\"TRADITIONELLES KORBFLECHTEN,\\u00a0EINE REISE IN DIE VERGANGENHEIT\",\"breadcrumb\":{\"@id\":\"https:\/\/www.celticexperience.net\/de\/tours\/korbflechten\/#breadcrumb\"},\"inLanguage\":\"de\",\"potentialAction\":[{\"@type\":\"ReadAction\",\"target\":[\"https:\/\/www.celticexperience.net\/de\/tours\/korbflechten\/\"]}]},{\"@type\":\"BreadcrumbList\",\"@id\":\"https:\/\/www.celticexperience.net\/de\/tours\/korbflechten\/#breadcrumb\",\"itemListElement\":[{\"@type\":\"ListItem\",\"position\":1,\"name\":\"Home\",\"item\":\"https:\/\/www.celticexperience.net\/de\/\"},{\"@type\":\"ListItem\",\"position\":2,\"name\":\"Produkte\",\"item\":\"https:\/\/www.celticexperience.net\/de\/shop\/\"},{\"@type\":\"ListItem\",\"position\":3,\"name\":\"Korbflechten\"}]}]}<\/script>\n<!-- \/ Yoast SEO plugin. -->","yoast_head_json":{"title":"KORBFLECHTEN - von Celtic Spirit","description":"TRADITIONELLES KORBFLECHTEN,\u00a0EINE REISE IN DIE VERGANGENHEIT","robots":{"index":"index","follow":"follow","max-snippet":"max-snippet:-1","max-image-preview":"max-image-preview:large","max-video-preview":"max-video-preview:-1"},"canonical":"https:\/\/www.celticexperience.net\/de\/tours\/korbflechten\/","og_locale":"de_DE","og_type":"article","og_title":"KORBFLECHTEN - von Celtic Spirit","og_description":"TRADITIONELLES KORBFLECHTEN,\u00a0EINE REISE IN DIE VERGANGENHEIT","og_url":"https:\/\/www.celticexperience.net\/de\/tours\/korbflechten\/","og_site_name":"Celtic Spirit","article_modified_time":"2018-02-18T14:37:42+00:00","og_image":[{"width":1000,"height":750,"url":"https:\/\/www.celticexperience.net\/de\/wp-content\/uploads\/2011\/12\/Basket-Korben-1__1000.jpg","type":"image\/jpeg"}],"twitter_card":"summary","twitter_misc":{"Gesch\u00e4tzte Lesezeit":"4\u00a0Minuten"},"schema":{"@context":"https:\/\/schema.org","@graph":[{"@type":"WebSite","@id":"https:\/\/www.celticexperience.net\/de\/#website","url":"https:\/\/www.celticexperience.net\/de\/","name":"Celtic Spirit","description":"Irish Cultural Holidays","potentialAction":[{"@type":"SearchAction","target":{"@type":"EntryPoint","urlTemplate":"https:\/\/www.celticexperience.net\/de\/?s={search_term_string}"},"query-input":"required name=search_term_string"}],"inLanguage":"de"},{"@type":"ImageObject","@id":"https:\/\/www.celticexperience.net\/de\/tours\/korbflechten\/#primaryimage","inLanguage":"de","url":"https:\/\/www.celticexperience.net\/de\/wp-content\/uploads\/2011\/12\/Basket-Korben-1__1000.jpg","contentUrl":"https:\/\/www.celticexperience.net\/de\/wp-content\/uploads\/2011\/12\/Basket-Korben-1__1000.jpg","width":1000,"height":750},{"@type":"WebPage","@id":"https:\/\/www.celticexperience.net\/de\/tours\/korbflechten\/#webpage","url":"https:\/\/www.celticexperience.net\/de\/tours\/korbflechten\/","name":"KORBFLECHTEN - von Celtic Spirit","isPartOf":{"@id":"https:\/\/www.celticexperience.net\/de\/#website"},"primaryImageOfPage":{"@id":"https:\/\/www.celticexperience.net\/de\/tours\/korbflechten\/#primaryimage"},"datePublished":"2011-12-04T10:56:25+00:00","dateModified":"2018-02-18T14:37:42+00:00","description":"TRADITIONELLES KORBFLECHTEN,\u00a0EINE REISE IN DIE VERGANGENHEIT","breadcrumb":{"@id":"https:\/\/www.celticexperience.net\/de\/tours\/korbflechten\/#breadcrumb"},"inLanguage":"de","potentialAction":[{"@type":"ReadAction","target":["https:\/\/www.celticexperience.net\/de\/tours\/korbflechten\/"]}]},{"@type":"BreadcrumbList","@id":"https:\/\/www.celticexperience.net\/de\/tours\/korbflechten\/#breadcrumb","itemListElement":[{"@type":"ListItem","position":1,"name":"Home","item":"https:\/\/www.celticexperience.net\/de\/"},{"@type":"ListItem","position":2,"name":"Produkte","item":"https:\/\/www.celticexperience.net\/de\/shop\/"},{"@type":"ListItem","position":3,"name":"Korbflechten"}]}]}},"_links":{"self":[{"href":"https:\/\/www.celticexperience.net\/de\/wp-json\/wp\/v2\/product\/1120"}],"collection":[{"href":"https:\/\/www.celticexperience.net\/de\/wp-json\/wp\/v2\/product"}],"about":[{"href":"https:\/\/www.celticexperience.net\/de\/wp-json\/wp\/v2\/types\/product"}],"replies":[{"embeddable":true,"href":"https:\/\/www.celticexperience.net\/de\/wp-json\/wp\/v2\/comments?post=1120"}],"wp:featuredmedia":[{"embeddable":true,"href":"https:\/\/www.celticexperience.net\/de\/wp-json\/wp\/v2\/media\/1327"}],"wp:attachment":[{"href":"https:\/\/www.celticexperience.net\/de\/wp-json\/wp\/v2\/media?parent=1120"}],"wp:term":[{"taxonomy":"product_cat","embeddable":true,"href":"https:\/\/www.celticexperience.net\/de\/wp-json\/wp\/v2\/product_cat?post=1120"},{"taxonomy":"product_tag","embeddable":true,"href":"https:\/\/www.celticexperience.net\/de\/wp-json\/wp\/v2\/product_tag?post=1120"}],"curies":[{"name":"wp","href":"https:\/\/api.w.org\/{rel}","templated":true}]}}