{"id":1048,"date":"2015-12-02T19:03:51","date_gmt":"2015-12-02T19:03:51","guid":{"rendered":"http:\/\/www.celticexperience.net\/de\/?post_type=product&#038;p=1048"},"modified":"2018-02-18T14:36:33","modified_gmt":"2018-02-18T14:36:33","slug":"der-friedensprozess-in-nordirland","status":"publish","type":"product","link":"https:\/\/www.celticexperience.net\/de\/tours\/der-friedensprozess-in-nordirland\/","title":{"rendered":"Der Friedensprozess in Nordirland"},"content":{"rendered":"<p>[vc_row][vc_column][vc_column_text]<\/p>\n<h3 style=\"text-align: center;\">Der Friedensprozess in\u00a0Nordirland<\/h3>\n<p style=\"text-align: center;\"><strong>Politik \u2013 Religion \u2013 Kultur \u2013 Natur<\/strong><br \/>\n<strong>Belfast, Derry, Giant\u2019s Causeway, Ballycastle\u00a0Glens of Antrim und Rathlin Island<\/strong><\/p>\n<p><strong><em>Inhalt<\/em><\/strong>:<br \/>\nFindet die nordirische Gesellschaft nach rund dreissig Jahren b\u00fcrgerkriegs\u00e4hnlichen\u00a0Verh\u00e4ltnissen wieder zueinander?<br \/>\nSeit 1998 ist das Land daran, einen gemeinsamen gesellschaftlichen Konsens zu finden.\u00a0Aber die Wunden dieser jahrzehntelangen Gewaltt\u00e4tigkeiten sind noch nicht vernarbt.<\/p>\n<p>Die 9-t\u00e4gige interreligi\u00f6se Studienreise f\u00fchrt zun\u00e4chst nach Belfast und dann via Derry\u00a0nach Ballycastle, wo wir direkt am Meer wohnen.\u00a0Im Mittelpunkt steht die Begegnung mit Frauen und M\u00e4nnern, die \u00fcber die Hintergr\u00fcnde\u00a0dieses Konflikts Bescheid wissen, und Menschen, die sich seither f\u00fcr den Frieden\u00a0zwischen den beiden Parteien einsetzen.<\/p>\n<p>Wir treffen den Schweizer Korrespondenten der NZZ und Radio SRF, Martin Alioth.\u00a0Am Centre for studies of peace and conflict an der Universit\u00e4t Ulster erfahren wir, wie\u00a0Konfliktforscher die heutige Situation der nordirischen Gesellschaft beurteilen.\u00a0Die Kulturschaffenden Liz Weir (Geschichtenerz\u00e4hlerin), Raymond Watson (Bildhauer)\u00a0und ein S\u00e4nger und Liedermacher zeigen auf, wie sie sich mit ihren k\u00fcnstlerischen Mitteln\u00a0f\u00fcr mehr Toleranz, Verst\u00e4ndnis und f\u00fcr die Vers\u00f6hnung zwischen den beiden Parteien\u00a0einsetzen.<\/p>\n<p>Im Corrymela Communitiy Centre machen wir uns mit einer Institution vertraut, deren\u00a0Hauptt\u00e4tigkeit in der Friedens- und Vers\u00f6hnungsarbeit liegt. Zwischen den Gespr\u00e4chen\u00a0streifen wir durch protestantische und katholische Quartiere in Belfast.\u00a0Kurze Wanderungen und Ausfl\u00fcge in der wundersch\u00f6nen Natur um Ballycastle entlang\u00a0dem Nordatlantik schaffen Distanz zur Auseinandersetzung mit der tragischen Geschichte\u00a0des Landes.<br \/>\n<!--more-->[\/vc_column_text][vc_row_inner][vc_column_inner][vc_separator][\/vc_column_inner][\/vc_row_inner][vc_row_inner][vc_column_inner width=&#8220;1\/4&#8243;][vc_column_text]<b>PROGRAMMDATUM<\/b>[\/vc_column_text][\/vc_column_inner][vc_column_inner width=&#8220;3\/4&#8243;][vc_column_text]18. April \u2013 26. April 2017[\/vc_column_text][\/vc_column_inner][\/vc_row_inner][vc_row_inner][vc_column_inner][vc_separator][\/vc_column_inner][\/vc_row_inner][vc_row_inner][vc_column_inner width=&#8220;1\/4&#8243;][vc_column_text]<b>BUCHUNG<\/b>[\/vc_column_text][\/vc_column_inner][vc_column_inner width=&#8220;3\/4&#8243;][vc_column_text]<strong>Anmeldung sp\u00e4testens 15. Februar 2017<\/strong><\/p>\n<p>(fr\u00fchzeitige Anmeldung empfohlen; die Platzzahl ist\u00a0beschr\u00e4nkt!)<\/p>\n<p><strong>Anmeldung und Information:<\/strong><br \/>\nElizabeth Zollinger wenden: 044 2520918\u00a0<a href=\"mailto:info@irish-culture.ch\">info@irish-culture.ch<\/a>[\/vc_column_text][\/vc_column_inner][\/vc_row_inner][vc_row_inner][vc_column_inner][vc_separator][\/vc_column_inner][\/vc_row_inner][vc_row_inner][vc_column_inner width=&#8220;1\/4&#8243;][vc_column_text]<b>FLUG<\/b>[\/vc_column_text][\/vc_column_inner][vc_column_inner width=&#8220;3\/4&#8243;][vc_column_text]Die Teilnehmenden buchen ihren Hin- und R\u00fcckflug selber. Die Flugtermine k\u00f6nnen\u00a0so den individuellen W\u00fcnschen angepasst werden. Die Flugpreise ca. CHF 200-300 (Stand November 2016). Sobald wir 17 Anmeldungen haben werden wir die Reise best\u00e4tigen und dann k\u00f6nnen die Fl\u00fcge\u00a0gebucht werden.[\/vc_column_text][\/vc_column_inner][\/vc_row_inner][vc_row_inner][vc_column_inner][vc_separator][\/vc_column_inner][\/vc_row_inner][vc_row_inner][vc_column_inner width=&#8220;1\/3&#8243;][vc_column_text]<b>INBEGRIFFEN<\/b>[\/vc_column_text][\/vc_column_inner][vc_column_inner width=&#8220;2\/3&#8243;][vc_column_text]<i class=\"fa fa-check icon-tick icon-tick--on\"><\/i>8 Uebernachtungen in **** und ***Hotels in Belfast und Ballycastle\u00a0im Doppelzimmer<\/p>\n<p><i class=\"fa fa-check icon-tick icon-tick--on\"><\/i>5 Abendessen und 4 x Lunch<\/p>\n<p><i class=\"fa fa-check icon-tick icon-tick--on\"><\/i>Alle Bustransporte<\/p>\n<p><i class=\"fa fa-check icon-tick icon-tick--on\"><\/i>Eintrittsgelder<\/p>\n<p><i class=\"fa fa-check icon-tick icon-tick--on\"><\/i>Alle F\u00fchrungen, Referate und andere Aktivit\u00e4ten gem\u00e4ss Programm[\/vc_column_text][\/vc_column_inner][\/vc_row_inner][vc_row_inner][vc_column_inner][vc_separator][\/vc_column_inner][\/vc_row_inner][vc_row_inner][vc_column_inner width=&#8220;1\/3&#8243;][vc_column_text]<b>NICHT INBEGRIFFEN<\/b>[\/vc_column_text][\/vc_column_inner][vc_column_inner width=&#8220;2\/3&#8243;][vc_column_text]<i class=\"fa fa-times icon-tick icon-tick--off\"><\/i>Getr\u00e4nke<\/p>\n<p><i class=\"fa fa-times icon-tick icon-tick--off\"><\/i>Trinkgelder<\/p>\n<p><i class=\"fa fa-times icon-tick icon-tick--off\"><\/i>Restliche Verpflegung<\/p>\n<p><i class=\"fa fa-times icon-tick icon-tick--off\"><\/i>Annullationsversicherung[\/vc_column_text][\/vc_column_inner][\/vc_row_inner][vc_row_inner][vc_column_inner][vc_separator][\/vc_column_inner][\/vc_row_inner][vc_row_inner][vc_column_inner width=&#8220;1\/4&#8243;][vc_column_text]<b>UNTERKUNFT<\/b>[\/vc_column_text][\/vc_column_inner][vc_column_inner width=&#8220;3\/4&#8243;][vc_column_text]<\/p>\n<ul>\n<li>Tara Lodge Belfast &#8211;\u00a0<a href=\"https:\/\/www.taralodge.com\/\" target=\"_blank\">https:\/\/www.taralodge.com\/<\/a><\/li>\n<li>Marine Hotel Ballycastle &#8211;\u00a0<a href=\"http:\/\/www.marinehotelballycastle.com\/\" target=\"_blank\">http:\/\/www.marinehotelballycastle.com\/<\/a><\/li>\n<\/ul>\n<p>[\/vc_column_text][\/vc_column_inner][\/vc_row_inner][vc_row_inner][vc_column_inner][vc_separator][\/vc_column_inner][\/vc_row_inner][vc_row_inner][vc_column_inner width=&#8220;1\/4&#8243;][vc_column_text]<b>KOSTEN<\/b>[\/vc_column_text][\/vc_column_inner][vc_column_inner width=&#8220;3\/4&#8243;][vc_column_text 0=&#8220;<strong>Preis:&#8220; 1=&#8220;1790.-<\/strong>&#8220; 2=&#8220;Bei&#8220; 3=&#8220;einer&#8220; 4=&#8220;TeilnehmerInnenzahl&#8220; 5=&#8220;unter&#8220; 6=&#8220;17&#8243; 7=&#8220;muss&#8220; 8=&#8220;ein&#8220; 9=&#8220;Kleingruppenzuschlag&#8220; 10=&#8220;erhoben&#8220; 11=&#8220;werden.&#8220; 12=&#8220;Die&#8220; 13=&#8220;gemeinsamen&#8220; 14=&#8220;Kosten&#8220; 15=&#8220;sind&#8220; 16=&#8220;sehr&#8220; 17=&#8220;hoch.&#8220; 18=&#8220;Bei&#8220; 19=&#8220;grossen&#8220; 20=&#8220;Wechselkursschwankungen&#8220; 21=&#8220;(\u00a3)&#8220; 22=&#8220;wird&#8220; 23=&#8220;der&#8220; 24=&#8220;Preis&#8220; 25=&#8220;nach&#8220; 26=&#8220;unten&#8220; 27=&#8220;oder&#8220; 28=&#8220;oben&#8220; 29=&#8220;angepasst&#8220; 30=&#8220;[\/vc_column_text&#8220;]CHF 1790.-<\/p>\n<p>Bei einer TeilnehmerInnenzahl unter 17 muss ein Kleingruppenzuschlag erhoben werden. Die gemeinsamen Kosten sind\u00a0 sehr hoch. Bei grossen Wechselkursschwankungen (\u00a3) wird der Preis nach unten oder oben angepasst[\/vc_column_text][\/vc_column_inner][\/vc_row_inner][vc_row_inner][vc_column_inner][vc_separator][\/vc_column_inner][\/vc_row_inner][vc_row_inner][vc_column_inner width=&#8220;1\/4&#8243;][vc_column_text]<b>ZUSCHL\u00c4GE<\/b>[\/vc_column_text][\/vc_column_inner][vc_column_inner width=&#8220;3\/4&#8243;][vc_column_text]Einzelzimmerzuschlag: CHF 345.00[\/vc_column_text][\/vc_column_inner][\/vc_row_inner][\/vc_column][\/vc_row][vc_row][vc_column][vc_text_separator title=&#8220;Leitung und Moderation&#8220;][\/vc_column][\/vc_row][vc_row][vc_column width=&#8220;1\/3&#8243;][vc_single_image image=&#8220;1060&#8243;][\/vc_column][vc_column width=&#8220;2\/3&#8243;][vc_column_text]<strong>Elizabeth Zollinger<\/strong>: langj\u00e4hrige Irlandkennerin, leitet das Projekt \u201eCeltic Spirit\u201c und\u00a0organisiert irische Kulturanl\u00e4sse und Reisen; lebt teilweise in Irland.[\/vc_column_text][\/vc_column][\/vc_row][vc_row][vc_column][vc_row_inner][vc_column_inner][vc_separator][\/vc_column_inner][\/vc_row_inner][\/vc_column][\/vc_row][vc_row][vc_column width=&#8220;1\/2&#8243;][vc_column_text]<\/p>\n<h4>Laden Sie das Detailprogramm hier &gt;&gt;<\/h4>\n<p>[\/vc_column_text][\/vc_column][vc_column width=&#8220;1\/2&#8243;][vc_btn title=&#8220;Der Friedensprozess in Nordirland&#8220; color=&#8220;primary&#8220; i_icon_fontawesome=&#8220;fa fa-file-pdf-o&#8220; link=&#8220;url:http%3A%2F%2Fwww.celticexperience.net%2Fen%2Fwp-content%2Fuploads%2F2016%2F11%2FNordirland-17-24.10..pdf||target:%20_blank&#8220; add_icon=&#8220;true&#8220;][\/vc_column][\/vc_row]<\/p>\n","protected":false},"excerpt":{"rendered":"<p>[vc_row][vc_column][vc_column_text] Der Friedensprozess in\u00a0Nordirland Politik \u2013 Religion \u2013 Kultur \u2013 Natur Belfast, Derry, Giant\u2019s Causeway, Ballycastle\u00a0Glens of Antrim und Rathlin Island Inhalt: Findet die nordirische Gesellschaft nach rund dreissig Jahren b\u00fcrgerkriegs\u00e4hnlichen\u00a0Verh\u00e4ltnissen wieder zueinander? Seit 1998 ist das Land daran, einen gemeinsamen gesellschaftlichen Konsens zu finden.\u00a0Aber die Wunden dieser jahrzehntelangen Gewaltt\u00e4tigkeiten sind noch nicht vernarbt. Die<\/p>\n<div class=\"padding-top text-center\"><a href=\"https:\/\/www.celticexperience.net\/de\/tours\/der-friedensprozess-in-nordirland\/\" class=\"atbtn atbtn--medium atbtn--rounded atbtn--transparent\">Read more<i class=\"atbtn__icon atbtn__icon--right fa fa-long-arrow-right\"><\/i><\/a><\/div>\n","protected":false},"featured_media":1054,"comment_status":"closed","ping_status":"closed","template":"","meta":[],"product_cat":[178],"product_tag":[197],"yoast_head":"<!-- This site is optimized with the Yoast SEO plugin v17.5 - https:\/\/yoast.com\/wordpress\/plugins\/seo\/ -->\n<title>Der Friedensprozess In Nordirland - von Celtic Spirit<\/title>\n<meta name=\"description\" content=\"Eine informative Reise nach Nordirland zum Thema Friedensprozess mit vielen Begegnungen mit betroffenen Menschen:\u00a0Politik \u2013 Religion \u2013 Kultur \u2013 Natur\" \/>\n<meta name=\"robots\" content=\"index, follow, max-snippet:-1, max-image-preview:large, max-video-preview:-1\" \/>\n<link rel=\"canonical\" href=\"https:\/\/www.celticexperience.net\/de\/produkt\/der-friedensprozess-in-nordirland\/\" \/>\n<meta property=\"og:locale\" content=\"de_DE\" \/>\n<meta property=\"og:type\" content=\"article\" \/>\n<meta property=\"og:title\" content=\"Der Friedensprozess In Nordirland - von Celtic Spirit\" \/>\n<meta property=\"og:description\" content=\"Eine informative Reise nach Nordirland zum Thema Friedensprozess mit vielen Begegnungen mit betroffenen Menschen:\u00a0Politik \u2013 Religion \u2013 Kultur \u2013 Natur\" \/>\n<meta property=\"og:url\" content=\"https:\/\/www.celticexperience.net\/de\/produkt\/der-friedensprozess-in-nordirland\/\" \/>\n<meta property=\"og:site_name\" content=\"Celtic Spirit\" \/>\n<meta property=\"article:modified_time\" content=\"2018-02-18T14:36:33+00:00\" \/>\n<meta property=\"og:image\" content=\"https:\/\/www.celticexperience.net\/de\/wp-content\/uploads\/2015\/12\/belfast-stadt.jpg\" \/>\n\t<meta property=\"og:image:width\" content=\"807\" \/>\n\t<meta property=\"og:image:height\" content=\"521\" \/>\n<meta name=\"twitter:card\" content=\"summary\" \/>\n<meta name=\"twitter:label1\" content=\"Gesch\u00e4tzte Lesezeit\" \/>\n\t<meta name=\"twitter:data1\" content=\"5\u00a0Minuten\" \/>\n<script type=\"application\/ld+json\" class=\"yoast-schema-graph\">{\"@context\":\"https:\/\/schema.org\",\"@graph\":[{\"@type\":\"WebSite\",\"@id\":\"https:\/\/www.celticexperience.net\/de\/#website\",\"url\":\"https:\/\/www.celticexperience.net\/de\/\",\"name\":\"Celtic Spirit\",\"description\":\"Irish Cultural Holidays\",\"potentialAction\":[{\"@type\":\"SearchAction\",\"target\":{\"@type\":\"EntryPoint\",\"urlTemplate\":\"https:\/\/www.celticexperience.net\/de\/?s={search_term_string}\"},\"query-input\":\"required name=search_term_string\"}],\"inLanguage\":\"de\"},{\"@type\":\"ImageObject\",\"@id\":\"https:\/\/www.celticexperience.net\/de\/produkt\/der-friedensprozess-in-nordirland\/#primaryimage\",\"inLanguage\":\"de\",\"url\":\"https:\/\/www.celticexperience.net\/de\/wp-content\/uploads\/2015\/12\/belfast-stadt.jpg\",\"contentUrl\":\"https:\/\/www.celticexperience.net\/de\/wp-content\/uploads\/2015\/12\/belfast-stadt.jpg\",\"width\":807,\"height\":521,\"caption\":\"belfast stadt Nordirland\"},{\"@type\":\"WebPage\",\"@id\":\"https:\/\/www.celticexperience.net\/de\/produkt\/der-friedensprozess-in-nordirland\/#webpage\",\"url\":\"https:\/\/www.celticexperience.net\/de\/produkt\/der-friedensprozess-in-nordirland\/\",\"name\":\"Der Friedensprozess In Nordirland - von Celtic Spirit\",\"isPartOf\":{\"@id\":\"https:\/\/www.celticexperience.net\/de\/#website\"},\"primaryImageOfPage\":{\"@id\":\"https:\/\/www.celticexperience.net\/de\/produkt\/der-friedensprozess-in-nordirland\/#primaryimage\"},\"datePublished\":\"2015-12-02T19:03:51+00:00\",\"dateModified\":\"2018-02-18T14:36:33+00:00\",\"description\":\"Eine informative Reise nach Nordirland zum Thema Friedensprozess mit vielen Begegnungen mit betroffenen Menschen:\\u00a0Politik \\u2013 Religion \\u2013 Kultur \\u2013 Natur\",\"breadcrumb\":{\"@id\":\"https:\/\/www.celticexperience.net\/de\/produkt\/der-friedensprozess-in-nordirland\/#breadcrumb\"},\"inLanguage\":\"de\",\"potentialAction\":[{\"@type\":\"ReadAction\",\"target\":[\"https:\/\/www.celticexperience.net\/de\/produkt\/der-friedensprozess-in-nordirland\/\"]}]},{\"@type\":\"BreadcrumbList\",\"@id\":\"https:\/\/www.celticexperience.net\/de\/produkt\/der-friedensprozess-in-nordirland\/#breadcrumb\",\"itemListElement\":[{\"@type\":\"ListItem\",\"position\":1,\"name\":\"Home\",\"item\":\"https:\/\/www.celticexperience.net\/de\/\"},{\"@type\":\"ListItem\",\"position\":2,\"name\":\"Produkte\",\"item\":\"https:\/\/www.celticexperience.net\/de\/shop\/\"},{\"@type\":\"ListItem\",\"position\":3,\"name\":\"Der Friedensprozess in Nordirland\"}]}]}<\/script>\n<!-- \/ Yoast SEO plugin. -->","yoast_head_json":{"title":"Der Friedensprozess In Nordirland - von Celtic Spirit","description":"Eine informative Reise nach Nordirland zum Thema Friedensprozess mit vielen Begegnungen mit betroffenen Menschen:\u00a0Politik \u2013 Religion \u2013 Kultur \u2013 Natur","robots":{"index":"index","follow":"follow","max-snippet":"max-snippet:-1","max-image-preview":"max-image-preview:large","max-video-preview":"max-video-preview:-1"},"canonical":"https:\/\/www.celticexperience.net\/de\/produkt\/der-friedensprozess-in-nordirland\/","og_locale":"de_DE","og_type":"article","og_title":"Der Friedensprozess In Nordirland - von Celtic Spirit","og_description":"Eine informative Reise nach Nordirland zum Thema Friedensprozess mit vielen Begegnungen mit betroffenen Menschen:\u00a0Politik \u2013 Religion \u2013 Kultur \u2013 Natur","og_url":"https:\/\/www.celticexperience.net\/de\/produkt\/der-friedensprozess-in-nordirland\/","og_site_name":"Celtic Spirit","article_modified_time":"2018-02-18T14:36:33+00:00","og_image":[{"width":807,"height":521,"url":"https:\/\/www.celticexperience.net\/de\/wp-content\/uploads\/2015\/12\/belfast-stadt.jpg","type":"image\/jpeg"}],"twitter_card":"summary","twitter_misc":{"Gesch\u00e4tzte Lesezeit":"5\u00a0Minuten"},"schema":{"@context":"https:\/\/schema.org","@graph":[{"@type":"WebSite","@id":"https:\/\/www.celticexperience.net\/de\/#website","url":"https:\/\/www.celticexperience.net\/de\/","name":"Celtic Spirit","description":"Irish Cultural Holidays","potentialAction":[{"@type":"SearchAction","target":{"@type":"EntryPoint","urlTemplate":"https:\/\/www.celticexperience.net\/de\/?s={search_term_string}"},"query-input":"required name=search_term_string"}],"inLanguage":"de"},{"@type":"ImageObject","@id":"https:\/\/www.celticexperience.net\/de\/produkt\/der-friedensprozess-in-nordirland\/#primaryimage","inLanguage":"de","url":"https:\/\/www.celticexperience.net\/de\/wp-content\/uploads\/2015\/12\/belfast-stadt.jpg","contentUrl":"https:\/\/www.celticexperience.net\/de\/wp-content\/uploads\/2015\/12\/belfast-stadt.jpg","width":807,"height":521,"caption":"belfast stadt Nordirland"},{"@type":"WebPage","@id":"https:\/\/www.celticexperience.net\/de\/produkt\/der-friedensprozess-in-nordirland\/#webpage","url":"https:\/\/www.celticexperience.net\/de\/produkt\/der-friedensprozess-in-nordirland\/","name":"Der Friedensprozess In Nordirland - von Celtic Spirit","isPartOf":{"@id":"https:\/\/www.celticexperience.net\/de\/#website"},"primaryImageOfPage":{"@id":"https:\/\/www.celticexperience.net\/de\/produkt\/der-friedensprozess-in-nordirland\/#primaryimage"},"datePublished":"2015-12-02T19:03:51+00:00","dateModified":"2018-02-18T14:36:33+00:00","description":"Eine informative Reise nach Nordirland zum Thema Friedensprozess mit vielen Begegnungen mit betroffenen Menschen:\u00a0Politik \u2013 Religion \u2013 Kultur \u2013 Natur","breadcrumb":{"@id":"https:\/\/www.celticexperience.net\/de\/produkt\/der-friedensprozess-in-nordirland\/#breadcrumb"},"inLanguage":"de","potentialAction":[{"@type":"ReadAction","target":["https:\/\/www.celticexperience.net\/de\/produkt\/der-friedensprozess-in-nordirland\/"]}]},{"@type":"BreadcrumbList","@id":"https:\/\/www.celticexperience.net\/de\/produkt\/der-friedensprozess-in-nordirland\/#breadcrumb","itemListElement":[{"@type":"ListItem","position":1,"name":"Home","item":"https:\/\/www.celticexperience.net\/de\/"},{"@type":"ListItem","position":2,"name":"Produkte","item":"https:\/\/www.celticexperience.net\/de\/shop\/"},{"@type":"ListItem","position":3,"name":"Der Friedensprozess in Nordirland"}]}]}},"_links":{"self":[{"href":"https:\/\/www.celticexperience.net\/de\/wp-json\/wp\/v2\/product\/1048"}],"collection":[{"href":"https:\/\/www.celticexperience.net\/de\/wp-json\/wp\/v2\/product"}],"about":[{"href":"https:\/\/www.celticexperience.net\/de\/wp-json\/wp\/v2\/types\/product"}],"replies":[{"embeddable":true,"href":"https:\/\/www.celticexperience.net\/de\/wp-json\/wp\/v2\/comments?post=1048"}],"wp:featuredmedia":[{"embeddable":true,"href":"https:\/\/www.celticexperience.net\/de\/wp-json\/wp\/v2\/media\/1054"}],"wp:attachment":[{"href":"https:\/\/www.celticexperience.net\/de\/wp-json\/wp\/v2\/media?parent=1048"}],"wp:term":[{"taxonomy":"product_cat","embeddable":true,"href":"https:\/\/www.celticexperience.net\/de\/wp-json\/wp\/v2\/product_cat?post=1048"},{"taxonomy":"product_tag","embeddable":true,"href":"https:\/\/www.celticexperience.net\/de\/wp-json\/wp\/v2\/product_tag?post=1048"}],"curies":[{"name":"wp","href":"https:\/\/api.w.org\/{rel}","templated":true}]}}