{"id":1038,"date":"2020-11-02T17:45:57","date_gmt":"2020-11-02T17:45:57","guid":{"rendered":"http:\/\/www.celticexperience.net\/de\/?post_type=product&#038;p=1038"},"modified":"2021-11-02T21:16:16","modified_gmt":"2021-11-02T21:16:16","slug":"spirituelle-forschungs-und-ritualwoche","status":"publish","type":"product","link":"https:\/\/www.celticexperience.net\/de\/tours\/spirituelle-forschungs-und-ritualwoche\/","title":{"rendered":"&#8222;Alter Ort und alte Kraft, Erinnerung Verbindung schafft&#8220;"},"content":{"rendered":"<p>[vc_row][vc_column][vc_column_text]<\/p>\n<h2 style=\"text-align: center;\">&#8222;Alter Ort und alte Kraft, Erinnerung Verbindung schafft&#8220;<\/h2>\n<p style=\"text-align: center;\"><strong><span style=\"color: #ff0000;\">\u00a0<\/span><\/strong><\/p>\n<p style=\"text-align: left;\">Eine spirituelle Forschungs- und Ritualwoche auf der Insel Inis M\u00f3r mit Wanderungen\u00a0zu ausgew\u00e4hlten, magisch-mystischen Pl\u00e4tzen,\u00a0begleitete Rituale und Zeitreisen, alte g\u00e4lische Ges\u00e4nge (Sean n\u00f3s) mit Renate von Ballmoos und Elizabeth Zollinger.<\/p>\n<p>In dieser Woche wollen wir Wege in die anderen Wirklichkeiten suchen und \u00fcber die Energie der alten Orte Kontakt aufnehmen mit den Menschen und Geistwesen die fr\u00fcher hier gewohnt haben und heute noch hier wohnen. Dazu wandern wir zu ausgew\u00e4hlten magisch-mystischen Orten und verbringen dort viel Zeit. Wir lassen unsere Seele durch Zeiten und R\u00e4ume schweifen und tun dies mithilfe des Rhythmus von Rassel oder Trommel und alter ritueller K\u00f6rperhaltungen.<\/p>\n<p>Die Bilder und Botschaften, die wir dabei erhalten tauschen wir miteinander aus und lassen uns von diesen inspirieren. Dabei k\u00f6nnen durchaus pers\u00f6nliche Themen gekl\u00e4rt werden. Unser erstes Interesse gilt aber den besuchten Pl\u00e4tzen, ihren Bewohnern und BewohnerInnen und ihren Geschichten.<\/p>\n<p>Diese Woche ist als spirituelle Forschungsreise konzipiert und setzt die Bereitschaft voraus, sich darauf einzulassen. Vorkenntnisse sind aber nicht notwendig.<\/p>\n<p style=\"text-align: left;\"><!--more--><\/p>\n<p>[\/vc_column_text][vc_row_inner][vc_column_inner][vc_separator][\/vc_column_inner][\/vc_row_inner][vc_row_inner][vc_column_inner width=&#8220;1\/4&#8243;][vc_column_text]<b>PROGRAMMDATUM<\/b>\u00a0<strong>neu 9. -16. Oktober\u00a02021<\/strong>[\/vc_column_text][\/vc_column_inner][vc_column_inner width=&#8220;3\/4&#8243;][vc_column_text][\/vc_column_text][\/vc_column_inner][\/vc_row_inner][vc_row_inner][vc_column_inner][vc_separator][\/vc_column_inner][\/vc_row_inner][vc_row_inner][vc_column_inner width=&#8220;1\/4&#8243;][vc_column_text]<b>BUCHUNG<\/b>[\/vc_column_text][\/vc_column_inner][vc_column_inner width=&#8220;3\/4&#8243;][vc_column_text]<strong>Anmeldung ab sofort unverbindlich m\u00f6glich, sp\u00e4testens 15. August 2021<\/strong><\/p>\n<p>Die Platzzahl ist beschr\u00e4nkt und die Fl\u00fcge sind g\u00fcnstig wenn man sie fr\u00fch bucht. Wir k\u00f6nnen\u00a0die Reise best\u00e4tigen sobald wir 10 Anmeldungen haben. Dann kann man die Fl\u00fcge buchen.<\/p>\n<h4>Info und Anmeldung:<\/h4>\n<p>\u2022 Elizabeth Zollinger, Telefon und Fax +41 (0)44 252 09 18, Email: <a href=\"mailto:info@irish-culture.ch\">info@irish-culture.ch<\/a><br \/>\n\u2022 Renate von Ballmoos, 079 631 35 16, Email: vonballmoos.renate@gmx.ch[\/vc_column_text][\/vc_column_inner][\/vc_row_inner][vc_row_inner][vc_column_inner][vc_separator][\/vc_column_inner][\/vc_row_inner][vc_row_inner][vc_column_inner width=&#8220;1\/4&#8243;][vc_column_text]<b>FLUG<\/b>[\/vc_column_text][\/vc_column_inner][vc_column_inner width=&#8220;3\/4&#8243;][vc_column_text]Flug Z\u00fcrich-Dublin-Z\u00fcrich: ab 380 CHF\/ Bus Dublin-Galway-Dublin: ca CHF 40.-\u00a0(Die Fl\u00fcge k\u00f6nnen individuell gebucht werden, am g\u00fcnstigsten im Internet.)[\/vc_column_text][\/vc_column_inner][\/vc_row_inner][vc_row_inner][vc_column_inner][vc_separator][\/vc_column_inner][\/vc_row_inner][vc_row_inner][vc_column_inner width=&#8220;1\/3&#8243;][vc_column_text]<b>INBEGRIFFEN<\/b>[\/vc_column_text][\/vc_column_inner][vc_column_inner width=&#8220;2\/3&#8243;][vc_column_text]<i class=\"fa fa-check icon-tick icon-tick--on\"><\/i>6 Uebernachtungen (DZ mit Dusche\/WC) mit grossem irischen Fr\u00fchst\u00fcck im\u00a0Kilmurveyhouse<\/p>\n<p><i class=\"fa fa-check icon-tick icon-tick--on\"><\/i>3 Abendessen auf Inis M\u00f3r<\/p>\n<p><i class=\"fa fa-check icon-tick icon-tick--on\"><\/i> 1 Uebernachtung im B+B in Galway (DZ)<\/p>\n<p><i class=\"fa fa-check icon-tick icon-tick--on\"><\/i>Alle gemeinsamen\u00a0Transporte<\/p>\n<p><i class=\"fa fa-check icon-tick icon-tick--on\"><\/i>F\u00fchrungen und anderen Aktivit\u00e4ten gem\u00e4ss Programm[\/vc_column_text][\/vc_column_inner][\/vc_row_inner][vc_row_inner][vc_column_inner][vc_separator][\/vc_column_inner][\/vc_row_inner][vc_row_inner][vc_column_inner width=&#8220;1\/3&#8243;][vc_column_text]<b>NICHT INBEGRIFFEN<\/b>[\/vc_column_text][\/vc_column_inner][vc_column_inner width=&#8220;2\/3&#8243;][vc_column_text]<i class=\"fa fa-times icon-tick icon-tick--off\"><\/i>Reise (Flug und Bus)<\/p>\n<p><i class=\"fa fa-times icon-tick icon-tick--off\"><\/i>Lunch, restliche Abendessen<\/p>\n<p><i class=\"fa fa-times icon-tick icon-tick--off\"><\/i>Getr\u00e4nke, Trinkgelder, Reise- und Annulationsversicherung[\/vc_column_text][\/vc_column_inner][\/vc_row_inner][vc_row_inner][vc_column_inner][vc_separator][\/vc_column_inner][\/vc_row_inner][vc_row_inner][vc_column_inner width=&#8220;1\/4&#8243;][vc_column_text]<b>UNTERK\u00dcNFTE<\/b>[\/vc_column_text][\/vc_column_inner][vc_column_inner width=&#8220;3\/4&#8243;][vc_column_text]***Kilmurvey Guesthouse.[\/vc_column_text][\/vc_column_inner][\/vc_row_inner][vc_row_inner][vc_column_inner][vc_separator][\/vc_column_inner][\/vc_row_inner][vc_row_inner][vc_column_inner width=&#8220;1\/4&#8243;][vc_column_text]<b>KOSTEN<\/b>[\/vc_column_text][\/vc_column_inner][vc_column_inner width=&#8220;3\/4&#8243;][vc_column_text]<\/p>\n<p><strong>Im Kilmurveyhouse<\/strong> (mit Service und grossem irischen Fr\u00fchst\u00fcck): <strong>Fr. 1380<\/strong>.- bei 13 &#8211; 15 T. \/1460.- bei 10 &#8211; 12 T., im DZ<\/p>\n<p>Bei grossen Wechselkursschwankungen wird der Preis nach unten oder oben angepasst[\/vc_column_text][\/vc_column_inner][\/vc_row_inner][vc_row_inner][vc_column_inner][vc_separator][\/vc_column_inner][\/vc_row_inner][vc_row_inner][vc_column_inner width=&#8220;1\/4&#8243;][vc_column_text]<b>ZUSCHL\u00c4GE<\/b>[\/vc_column_text][\/vc_column_inner][vc_column_inner width=&#8220;3\/4&#8243;][vc_column_text]<strong>Einzelzimmer<\/strong>: 6 N\u00e4chte Inis M\u00f3r: Kilmurveyhouse: CHF 210\/in Galway: CHF 35.-<br \/>\nZusatzn\u00e4chte in Galway, Dublin und auf Inis M\u00f3r werden auf Wunsch gerne reserviert.\u00a0(die Anzahl der Einzelzimmer ist beschr\u00e4nkt, vor allem in Galway.)[\/vc_column_text][\/vc_column_inner][\/vc_row_inner][\/vc_column][\/vc_row][vc_row][vc_column][vc_text_separator title=&#8220;Leitung und Organisation&#8220;][\/vc_column][\/vc_row][vc_row][vc_column width=&#8220;1\/3&#8243;][vc_single_image image=&#8220;1039&#8243;][\/vc_column][vc_column width=&#8220;2\/3&#8243;][vc_column_text]<strong>Renate von Ballmoos<\/strong>\u00a0war 15 Jahre Pfarrerin der Predigerkirche und vorher Pfarrerin in Bern mit den Schwerpunkten: Gottesdienst,\u00a0Spiritualit\u00e4t, Erwachsenenbildung, Sie ist ausgebildet in schamanischen Methoden und vision\u00e4ren Trancetechniken und hat viel Erfahrung mit Ritualen, spirituellen Gruppen und\u00a0Begleitung zum Thema pers\u00f6nliche Entwicklung und Spiritualit\u00e4t.[\/vc_column_text][\/vc_column][\/vc_row][vc_row][vc_column width=&#8220;2\/3&#8243;][vc_column_text]<strong>Elizabeth Zollinger (Organisation und Wanderungen<\/strong>: Malerin\u00a0aus Z\u00fcrich, lebt seit 1974 teilzeitlich auf der Insel Inis M\u00f3r und ist\u00a0stark mit der Insel, den Menschen und ihrer Kultur verbunden.<\/p>\n<p>So gr\u00fcndete sie 1996 in Zusammenarbeit mit InsulanerInnen\u00a0das Projekt \u201eCeltic Spirit\u201c mit dem Ziel, irisch-keltische Kultur zu<br \/>\nvermitteln und einen sinnvollen Tourismus auf der Insel\u00a0aufzubauen.[\/vc_column_text][\/vc_column][vc_column width=&#8220;1\/3&#8243;][vc_single_image image=&#8220;1034&#8243;][\/vc_column][\/vc_row][vc_row][vc_column][vc_row_inner][vc_column_inner][vc_separator][\/vc_column_inner][\/vc_row_inner][\/vc_column][\/vc_row][vc_row][vc_column width=&#8220;1\/2&#8243;][vc_column_text]<\/p>\n<h4>Laden Sie das Detailprogramm <a href=\"https:\/\/www.celticexperience.net\/de\/wp-content\/uploads\/2020\/11\/Ritualwoche-21-.pdf\">hier<\/a> &gt;&gt;<\/h4>\n","protected":false},"excerpt":{"rendered":"<p>[vc_row][vc_column][vc_column_text] &#8222;Alter Ort und alte Kraft, Erinnerung Verbindung schafft&#8220; \u00a0 Eine spirituelle Forschungs- und Ritualwoche auf der Insel Inis M\u00f3r mit Wanderungen\u00a0zu ausgew\u00e4hlten, magisch-mystischen Pl\u00e4tzen,\u00a0begleitete Rituale und Zeitreisen, alte g\u00e4lische Ges\u00e4nge (Sean n\u00f3s) mit Renate von Ballmoos und Elizabeth Zollinger. In dieser Woche wollen wir Wege in die anderen Wirklichkeiten suchen und \u00fcber die Energie<\/p>\n<div class=\"padding-top text-center\"><a href=\"https:\/\/www.celticexperience.net\/de\/tours\/spirituelle-forschungs-und-ritualwoche\/\" class=\"atbtn atbtn--medium atbtn--rounded atbtn--transparent\">Read more<i class=\"atbtn__icon atbtn__icon--right fa fa-long-arrow-right\"><\/i><\/a><\/div>\n","protected":false},"featured_media":1044,"comment_status":"closed","ping_status":"closed","template":"","meta":[],"product_cat":[178],"product_tag":[194,193,192],"yoast_head":"<!-- This site is optimized with the Yoast SEO plugin v17.5 - https:\/\/yoast.com\/wordpress\/plugins\/seo\/ -->\n<title>Spirituelle Forschungs und Ritualwoche - von Celtic Spirit<\/title>\n<meta name=\"description\" content=\"Spirituelle Rituale und Zeitreisen mit Renate von Ballmoos und Wanderungen zu magisch-mythischen Orten mit Elizabeth Zollinger auf der Insel Inishmore.\" \/>\n<meta name=\"robots\" content=\"index, follow, max-snippet:-1, max-image-preview:large, max-video-preview:-1\" \/>\n<link rel=\"canonical\" href=\"https:\/\/www.celticexperience.net\/de\/produkt\/spirituelle-forschungs-und-ritualwoche\/\" \/>\n<meta property=\"og:locale\" content=\"de_DE\" \/>\n<meta property=\"og:type\" content=\"article\" \/>\n<meta property=\"og:title\" content=\"Spirituelle Forschungs und Ritualwoche - von Celtic Spirit\" \/>\n<meta property=\"og:description\" content=\"Spirituelle Rituale und Zeitreisen mit Renate von Ballmoos und Wanderungen zu magisch-mythischen Orten mit Elizabeth Zollinger auf der Insel Inishmore.\" \/>\n<meta property=\"og:url\" content=\"https:\/\/www.celticexperience.net\/de\/produkt\/spirituelle-forschungs-und-ritualwoche\/\" \/>\n<meta property=\"og:site_name\" content=\"Celtic Spirit\" \/>\n<meta property=\"article:modified_time\" content=\"2021-11-02T21:16:16+00:00\" \/>\n<meta property=\"og:image\" content=\"https:\/\/www.celticexperience.net\/de\/wp-content\/uploads\/2015\/12\/Eine-spirituelle-Forschungsreise-mit-Wanderungen.jpg\" \/>\n\t<meta property=\"og:image:width\" content=\"800\" \/>\n\t<meta property=\"og:image:height\" content=\"1067\" \/>\n<meta name=\"twitter:card\" content=\"summary\" \/>\n<meta name=\"twitter:label1\" content=\"Gesch\u00e4tzte Lesezeit\" \/>\n\t<meta name=\"twitter:data1\" content=\"5\u00a0Minuten\" \/>\n<script type=\"application\/ld+json\" class=\"yoast-schema-graph\">{\"@context\":\"https:\/\/schema.org\",\"@graph\":[{\"@type\":\"WebSite\",\"@id\":\"https:\/\/www.celticexperience.net\/de\/#website\",\"url\":\"https:\/\/www.celticexperience.net\/de\/\",\"name\":\"Celtic Spirit\",\"description\":\"Irish Cultural Holidays\",\"potentialAction\":[{\"@type\":\"SearchAction\",\"target\":{\"@type\":\"EntryPoint\",\"urlTemplate\":\"https:\/\/www.celticexperience.net\/de\/?s={search_term_string}\"},\"query-input\":\"required name=search_term_string\"}],\"inLanguage\":\"de\"},{\"@type\":\"ImageObject\",\"@id\":\"https:\/\/www.celticexperience.net\/de\/produkt\/spirituelle-forschungs-und-ritualwoche\/#primaryimage\",\"inLanguage\":\"de\",\"url\":\"https:\/\/www.celticexperience.net\/de\/wp-content\/uploads\/2015\/12\/Eine-spirituelle-Forschungsreise-mit-Wanderungen.jpg\",\"contentUrl\":\"https:\/\/www.celticexperience.net\/de\/wp-content\/uploads\/2015\/12\/Eine-spirituelle-Forschungsreise-mit-Wanderungen.jpg\",\"width\":800,\"height\":1067,\"caption\":\"Eine spirituelle Forschungsreise mit Wanderungen\"},{\"@type\":\"WebPage\",\"@id\":\"https:\/\/www.celticexperience.net\/de\/produkt\/spirituelle-forschungs-und-ritualwoche\/#webpage\",\"url\":\"https:\/\/www.celticexperience.net\/de\/produkt\/spirituelle-forschungs-und-ritualwoche\/\",\"name\":\"Spirituelle Forschungs und Ritualwoche - von Celtic Spirit\",\"isPartOf\":{\"@id\":\"https:\/\/www.celticexperience.net\/de\/#website\"},\"primaryImageOfPage\":{\"@id\":\"https:\/\/www.celticexperience.net\/de\/produkt\/spirituelle-forschungs-und-ritualwoche\/#primaryimage\"},\"datePublished\":\"2020-11-02T17:45:57+00:00\",\"dateModified\":\"2021-11-02T21:16:16+00:00\",\"description\":\"Spirituelle Rituale und Zeitreisen mit Renate von Ballmoos und Wanderungen zu magisch-mythischen Orten mit Elizabeth Zollinger auf der Insel Inishmore.\",\"breadcrumb\":{\"@id\":\"https:\/\/www.celticexperience.net\/de\/produkt\/spirituelle-forschungs-und-ritualwoche\/#breadcrumb\"},\"inLanguage\":\"de\",\"potentialAction\":[{\"@type\":\"ReadAction\",\"target\":[\"https:\/\/www.celticexperience.net\/de\/produkt\/spirituelle-forschungs-und-ritualwoche\/\"]}]},{\"@type\":\"BreadcrumbList\",\"@id\":\"https:\/\/www.celticexperience.net\/de\/produkt\/spirituelle-forschungs-und-ritualwoche\/#breadcrumb\",\"itemListElement\":[{\"@type\":\"ListItem\",\"position\":1,\"name\":\"Home\",\"item\":\"https:\/\/www.celticexperience.net\/de\/\"},{\"@type\":\"ListItem\",\"position\":2,\"name\":\"Produkte\",\"item\":\"https:\/\/www.celticexperience.net\/de\/shop\/\"},{\"@type\":\"ListItem\",\"position\":3,\"name\":\"&#8222;Alter Ort und alte Kraft, Erinnerung Verbindung schafft&#8220;\"}]}]}<\/script>\n<!-- \/ Yoast SEO plugin. -->","yoast_head_json":{"title":"Spirituelle Forschungs und Ritualwoche - von Celtic Spirit","description":"Spirituelle Rituale und Zeitreisen mit Renate von Ballmoos und Wanderungen zu magisch-mythischen Orten mit Elizabeth Zollinger auf der Insel Inishmore.","robots":{"index":"index","follow":"follow","max-snippet":"max-snippet:-1","max-image-preview":"max-image-preview:large","max-video-preview":"max-video-preview:-1"},"canonical":"https:\/\/www.celticexperience.net\/de\/produkt\/spirituelle-forschungs-und-ritualwoche\/","og_locale":"de_DE","og_type":"article","og_title":"Spirituelle Forschungs und Ritualwoche - von Celtic Spirit","og_description":"Spirituelle Rituale und Zeitreisen mit Renate von Ballmoos und Wanderungen zu magisch-mythischen Orten mit Elizabeth Zollinger auf der Insel Inishmore.","og_url":"https:\/\/www.celticexperience.net\/de\/produkt\/spirituelle-forschungs-und-ritualwoche\/","og_site_name":"Celtic Spirit","article_modified_time":"2021-11-02T21:16:16+00:00","og_image":[{"width":800,"height":1067,"url":"https:\/\/www.celticexperience.net\/de\/wp-content\/uploads\/2015\/12\/Eine-spirituelle-Forschungsreise-mit-Wanderungen.jpg","type":"image\/jpeg"}],"twitter_card":"summary","twitter_misc":{"Gesch\u00e4tzte Lesezeit":"5\u00a0Minuten"},"schema":{"@context":"https:\/\/schema.org","@graph":[{"@type":"WebSite","@id":"https:\/\/www.celticexperience.net\/de\/#website","url":"https:\/\/www.celticexperience.net\/de\/","name":"Celtic Spirit","description":"Irish Cultural Holidays","potentialAction":[{"@type":"SearchAction","target":{"@type":"EntryPoint","urlTemplate":"https:\/\/www.celticexperience.net\/de\/?s={search_term_string}"},"query-input":"required name=search_term_string"}],"inLanguage":"de"},{"@type":"ImageObject","@id":"https:\/\/www.celticexperience.net\/de\/produkt\/spirituelle-forschungs-und-ritualwoche\/#primaryimage","inLanguage":"de","url":"https:\/\/www.celticexperience.net\/de\/wp-content\/uploads\/2015\/12\/Eine-spirituelle-Forschungsreise-mit-Wanderungen.jpg","contentUrl":"https:\/\/www.celticexperience.net\/de\/wp-content\/uploads\/2015\/12\/Eine-spirituelle-Forschungsreise-mit-Wanderungen.jpg","width":800,"height":1067,"caption":"Eine spirituelle Forschungsreise mit Wanderungen"},{"@type":"WebPage","@id":"https:\/\/www.celticexperience.net\/de\/produkt\/spirituelle-forschungs-und-ritualwoche\/#webpage","url":"https:\/\/www.celticexperience.net\/de\/produkt\/spirituelle-forschungs-und-ritualwoche\/","name":"Spirituelle Forschungs und Ritualwoche - von Celtic Spirit","isPartOf":{"@id":"https:\/\/www.celticexperience.net\/de\/#website"},"primaryImageOfPage":{"@id":"https:\/\/www.celticexperience.net\/de\/produkt\/spirituelle-forschungs-und-ritualwoche\/#primaryimage"},"datePublished":"2020-11-02T17:45:57+00:00","dateModified":"2021-11-02T21:16:16+00:00","description":"Spirituelle Rituale und Zeitreisen mit Renate von Ballmoos und Wanderungen zu magisch-mythischen Orten mit Elizabeth Zollinger auf der Insel Inishmore.","breadcrumb":{"@id":"https:\/\/www.celticexperience.net\/de\/produkt\/spirituelle-forschungs-und-ritualwoche\/#breadcrumb"},"inLanguage":"de","potentialAction":[{"@type":"ReadAction","target":["https:\/\/www.celticexperience.net\/de\/produkt\/spirituelle-forschungs-und-ritualwoche\/"]}]},{"@type":"BreadcrumbList","@id":"https:\/\/www.celticexperience.net\/de\/produkt\/spirituelle-forschungs-und-ritualwoche\/#breadcrumb","itemListElement":[{"@type":"ListItem","position":1,"name":"Home","item":"https:\/\/www.celticexperience.net\/de\/"},{"@type":"ListItem","position":2,"name":"Produkte","item":"https:\/\/www.celticexperience.net\/de\/shop\/"},{"@type":"ListItem","position":3,"name":"&#8222;Alter Ort und alte Kraft, Erinnerung Verbindung schafft&#8220;"}]}]}},"_links":{"self":[{"href":"https:\/\/www.celticexperience.net\/de\/wp-json\/wp\/v2\/product\/1038"}],"collection":[{"href":"https:\/\/www.celticexperience.net\/de\/wp-json\/wp\/v2\/product"}],"about":[{"href":"https:\/\/www.celticexperience.net\/de\/wp-json\/wp\/v2\/types\/product"}],"replies":[{"embeddable":true,"href":"https:\/\/www.celticexperience.net\/de\/wp-json\/wp\/v2\/comments?post=1038"}],"wp:featuredmedia":[{"embeddable":true,"href":"https:\/\/www.celticexperience.net\/de\/wp-json\/wp\/v2\/media\/1044"}],"wp:attachment":[{"href":"https:\/\/www.celticexperience.net\/de\/wp-json\/wp\/v2\/media?parent=1038"}],"wp:term":[{"taxonomy":"product_cat","embeddable":true,"href":"https:\/\/www.celticexperience.net\/de\/wp-json\/wp\/v2\/product_cat?post=1038"},{"taxonomy":"product_tag","embeddable":true,"href":"https:\/\/www.celticexperience.net\/de\/wp-json\/wp\/v2\/product_tag?post=1038"}],"curies":[{"name":"wp","href":"https:\/\/api.w.org\/{rel}","templated":true}]}}