{"id":1031,"date":"2013-07-04T14:43:10","date_gmt":"2013-07-04T14:43:10","guid":{"rendered":"http:\/\/www.celticexperience.net\/de\/?post_type=product&#038;p=1031"},"modified":"2018-02-18T14:38:28","modified_gmt":"2018-02-18T14:38:28","slug":"geheimnisvolles-irland","status":"publish","type":"product","link":"https:\/\/www.celticexperience.net\/de\/tours\/geheimnisvolles-irland\/","title":{"rendered":"Geheimnisvolles Irland"},"content":{"rendered":"<p>[vc_row][vc_column][vc_column_text]<\/p>\n<h3 class=\"top2\" style=\"text-align: center;\"><strong>Mythologie und Kultpl\u00e4tze der Gr\u00fcnen Insel<\/strong><\/h3>\n<p><strong>Hill of Tara, New Grange, Inishmore, Ring of Beara, Glendalough und viele andere<\/strong><\/p>\n<p>Einmalige Kultur- und Studienreise zu den arch\u00e4ologischen und landschaftsmythologischen St\u00e4tten Irlands. Gef\u00fchrt vom Ethnologen Dr. Kurt Derungs und der Irlandkennerin Elizabeth Zollinger.<br \/>\n<!--more--><\/p>\n<p>More detailed tour information is given in the Itinerary Section.[\/vc_column_text][vc_row_inner][vc_column_inner][vc_separator][\/vc_column_inner][\/vc_row_inner][vc_row_inner][vc_column_inner width=&#8220;1\/4&#8243;][vc_column_text]<b>PROGRAMMDATUM<\/b>[\/vc_column_text][\/vc_column_inner][vc_column_inner width=&#8220;3\/4&#8243;][vc_column_text]Juli 2014[\/vc_column_text][\/vc_column_inner][\/vc_row_inner][vc_row_inner][vc_column_inner][vc_separator][\/vc_column_inner][\/vc_row_inner][vc_row_inner][vc_column_inner width=&#8220;1\/4&#8243;][vc_column_text]<b>BUCHUNG<\/b>[\/vc_column_text][\/vc_column_inner][vc_column_inner width=&#8220;3\/4&#8243;][vc_column_text]geschlossen[\/vc_column_text][\/vc_column_inner][\/vc_row_inner][vc_row_inner][vc_column_inner][vc_separator][\/vc_column_inner][\/vc_row_inner][vc_row_inner][vc_column_inner width=&#8220;1\/3&#8243;][vc_column_text]<b>INBEGRIFFEN<\/b>[\/vc_column_text][\/vc_column_inner][vc_column_inner width=&#8220;2\/3&#8243;][vc_column_text]<i class=\"fa fa-check icon-tick icon-tick--on\"><\/i>11-t\u00e4gige Kulturreise und Ausfl\u00fcge mit Reisebus und F\u00e4hre laut Reiseverlauf ab und bis Dublin sowie Besichtigungen und Eintritte laut Programm<\/p>\n<p><i class=\"fa fa-check icon-tick icon-tick--on\"><\/i>10 \u00dcbernachtungen im Zweibettzimmer in guten Mittelklassehotels inkl. irischem Fr\u00fchst\u00fcck,<\/p>\n<p><i class=\"fa fa-check icon-tick icon-tick--on\"><\/i>5 Nachtessen<\/p>\n<p><i class=\"fa fa-check icon-tick icon-tick--on\"><\/i>Reiseleitung und Betreuung durch eine erfahrene Irlandkennerin und eine professionelle Fachperson[\/vc_column_text][\/vc_column_inner][\/vc_row_inner][vc_row_inner][vc_column_inner][vc_separator][\/vc_column_inner][\/vc_row_inner][\/vc_column][\/vc_row][vc_row][vc_column][vc_row_inner][vc_column_inner width=&#8220;1\/3&#8243;][vc_column_text]<b>NICHT INBEGRIFFEN<\/b>[\/vc_column_text][\/vc_column_inner][vc_column_inner width=&#8220;2\/3&#8243;][vc_column_text]<i class=\"fa fa-times icon-tick icon-tick--off\"><\/i>\u00a05 Nachtessen<\/p>\n<p><i class=\"fa fa-times icon-tick icon-tick--off\"><\/i>Lunch\/Picknick, Getr\u00e4nke und Trinkgelder[\/vc_column_text][\/vc_column_inner][\/vc_row_inner][\/vc_column][\/vc_row][vc_row][vc_column][vc_row_inner][vc_column_inner][vc_separator][\/vc_column_inner][\/vc_row_inner][vc_row_inner][vc_column_inner width=&#8220;1\/4&#8243;][vc_column_text]<b>UNTERK\u00dcNFTE<\/b>[\/vc_column_text][\/vc_column_inner][vc_column_inner width=&#8220;3\/4&#8243;][vc_column_text]10 \u00dcbernachtungen im Zweibettzimmer in guten Mittelklassehotels inkl. irischem Fr\u00fchst\u00fcck[\/vc_column_text][\/vc_column_inner][\/vc_row_inner][\/vc_column][\/vc_row][vc_row][vc_column][vc_row_inner][vc_column_inner][vc_separator][\/vc_column_inner][\/vc_row_inner][vc_row_inner][vc_column_inner width=&#8220;1\/4&#8243;][vc_column_text]<b>KOSTEN<\/b>[\/vc_column_text][\/vc_column_inner][vc_column_inner width=&#8220;3\/4&#8243;][vc_column_text]Euro 1990.&#8211; bzw. CHF 2490.&#8211; (je nach Wechselkurs)[\/vc_column_text][\/vc_column_inner][\/vc_row_inner][\/vc_column][\/vc_row][vc_row][vc_column][vc_row_inner][vc_column_inner][vc_separator][\/vc_column_inner][\/vc_row_inner][\/vc_column][\/vc_row][vc_row][vc_column][vc_row_inner][vc_column_inner width=&#8220;1\/4&#8243;][vc_column_text]<b>ZUSCHL\u00c4GE<\/b>[\/vc_column_text][\/vc_column_inner][vc_column_inner width=&#8220;3\/4&#8243;][vc_column_text]EZ-Zuschlag Euro 280.&#8211; bzw. CHF 350.\u2014[\/vc_column_text][\/vc_column_inner][\/vc_row_inner][\/vc_column][\/vc_row][vc_row][vc_column][vc_text_separator][\/vc_column][\/vc_row][vc_row][vc_column width=&#8220;1\/3&#8243;][vc_single_image image=&#8220;1000&#8243; img_size=&#8220;full&#8220;][\/vc_column][vc_column width=&#8220;2\/3&#8243;][vc_column_text]<strong>Reiseleitung: <\/strong><\/p>\n<p><strong>Kurt Derungs:<\/strong> Ethnologe in der Schweiz, Begr\u00fcnder der Landschaftsmythologie und Leiter der Akademie der Landschaft. Er f\u00fchrt seit 15 Jahren Studienreisen im In- und Ausland durch und ist Autor zahlreicher B\u00fc- cher zum Thema Kulturlandschaften und Altes Wissen. (<a href=\"http:\/\/www.derungs.org\/\" target=\"_blank\">www.derungs.org<\/a>)[\/vc_column_text][\/vc_column][\/vc_row][vc_row][vc_column width=&#8220;2\/3&#8243;][vc_column_text]<strong>Elizabeth Zollinger<\/strong>, K\u00fcnstlerin und Erwachsenenbildnerin, lebt seit 1974 sowohl in der Schweiz wie auch in Irland (Aran-Inseln). Sie gr\u00fcndete 1996 zusammen mit Einheimischen der Insel das Projekt \u201eCeltic Spirit\u201c mit dem Ziel, irisch-keltische Kultur zu vermitteln und organisiert seit 16 Jahren Kulturreisen in Irland mit verschiedenen Schwerpunkten.[\/vc_column_text][\/vc_column][vc_column width=&#8220;1\/3&#8243;][vc_single_image image=&#8220;1034&#8243; img_size=&#8220;full&#8220;][\/vc_column][\/vc_row]<\/p>\n","protected":false},"excerpt":{"rendered":"<p>[vc_row][vc_column][vc_column_text] Mythologie und Kultpl\u00e4tze der Gr\u00fcnen Insel Hill of Tara, New Grange, Inishmore, Ring of Beara, Glendalough und viele andere Einmalige Kultur- und Studienreise zu den arch\u00e4ologischen und landschaftsmythologischen St\u00e4tten Irlands. Gef\u00fchrt vom Ethnologen Dr. Kurt Derungs und der Irlandkennerin Elizabeth Zollinger.<\/p>\n","protected":false},"featured_media":1181,"comment_status":"closed","ping_status":"closed","template":"","meta":[],"product_cat":[178],"product_tag":[],"yoast_head":"<!-- This site is optimized with the Yoast SEO plugin v17.5 - https:\/\/yoast.com\/wordpress\/plugins\/seo\/ -->\n<title>Geheimnisvolles Irland - von Celtic Spirit<\/title>\n<meta name=\"description\" content=\"Hill of Tara, New Grange, Inishmore, Ring of Beara, Glendalough und viele andere\" \/>\n<meta name=\"robots\" content=\"index, follow, max-snippet:-1, max-image-preview:large, max-video-preview:-1\" \/>\n<link rel=\"canonical\" href=\"https:\/\/www.celticexperience.net\/de\/produkt\/geheimnisvolles-irland\/\" \/>\n<meta property=\"og:locale\" content=\"de_DE\" \/>\n<meta property=\"og:type\" content=\"article\" \/>\n<meta property=\"og:title\" content=\"Geheimnisvolles Irland - von Celtic Spirit\" \/>\n<meta property=\"og:description\" content=\"Hill of Tara, New Grange, Inishmore, Ring of Beara, Glendalough und viele andere\" \/>\n<meta property=\"og:url\" content=\"https:\/\/www.celticexperience.net\/de\/produkt\/geheimnisvolles-irland\/\" \/>\n<meta property=\"og:site_name\" content=\"Celtic Spirit\" \/>\n<meta property=\"article:modified_time\" content=\"2018-02-18T14:38:28+00:00\" \/>\n<meta property=\"og:image\" content=\"https:\/\/www.celticexperience.net\/de\/wp-content\/uploads\/2013\/07\/Geheimnisvolles-Irland-feature.jpg\" \/>\n\t<meta property=\"og:image:width\" content=\"978\" \/>\n\t<meta property=\"og:image:height\" content=\"735\" \/>\n<meta name=\"twitter:card\" content=\"summary\" \/>\n<meta name=\"twitter:label1\" content=\"Gesch\u00e4tzte Lesezeit\" \/>\n\t<meta name=\"twitter:data1\" content=\"4\u00a0Minuten\" \/>\n<script type=\"application\/ld+json\" class=\"yoast-schema-graph\">{\"@context\":\"https:\/\/schema.org\",\"@graph\":[{\"@type\":\"WebSite\",\"@id\":\"https:\/\/www.celticexperience.net\/de\/#website\",\"url\":\"https:\/\/www.celticexperience.net\/de\/\",\"name\":\"Celtic Spirit\",\"description\":\"Irish Cultural Holidays\",\"potentialAction\":[{\"@type\":\"SearchAction\",\"target\":{\"@type\":\"EntryPoint\",\"urlTemplate\":\"https:\/\/www.celticexperience.net\/de\/?s={search_term_string}\"},\"query-input\":\"required name=search_term_string\"}],\"inLanguage\":\"de\"},{\"@type\":\"ImageObject\",\"@id\":\"https:\/\/www.celticexperience.net\/de\/produkt\/geheimnisvolles-irland\/#primaryimage\",\"inLanguage\":\"de\",\"url\":\"https:\/\/www.celticexperience.net\/de\/wp-content\/uploads\/2013\/07\/Geheimnisvolles-Irland-feature.jpg\",\"contentUrl\":\"https:\/\/www.celticexperience.net\/de\/wp-content\/uploads\/2013\/07\/Geheimnisvolles-Irland-feature.jpg\",\"width\":978,\"height\":735,\"caption\":\"Stonecircle Ireland\"},{\"@type\":\"WebPage\",\"@id\":\"https:\/\/www.celticexperience.net\/de\/produkt\/geheimnisvolles-irland\/#webpage\",\"url\":\"https:\/\/www.celticexperience.net\/de\/produkt\/geheimnisvolles-irland\/\",\"name\":\"Geheimnisvolles Irland - von Celtic Spirit\",\"isPartOf\":{\"@id\":\"https:\/\/www.celticexperience.net\/de\/#website\"},\"primaryImageOfPage\":{\"@id\":\"https:\/\/www.celticexperience.net\/de\/produkt\/geheimnisvolles-irland\/#primaryimage\"},\"datePublished\":\"2013-07-04T14:43:10+00:00\",\"dateModified\":\"2018-02-18T14:38:28+00:00\",\"description\":\"Hill of Tara, New Grange, Inishmore, Ring of Beara, Glendalough und viele andere\",\"breadcrumb\":{\"@id\":\"https:\/\/www.celticexperience.net\/de\/produkt\/geheimnisvolles-irland\/#breadcrumb\"},\"inLanguage\":\"de\",\"potentialAction\":[{\"@type\":\"ReadAction\",\"target\":[\"https:\/\/www.celticexperience.net\/de\/produkt\/geheimnisvolles-irland\/\"]}]},{\"@type\":\"BreadcrumbList\",\"@id\":\"https:\/\/www.celticexperience.net\/de\/produkt\/geheimnisvolles-irland\/#breadcrumb\",\"itemListElement\":[{\"@type\":\"ListItem\",\"position\":1,\"name\":\"Home\",\"item\":\"https:\/\/www.celticexperience.net\/de\/\"},{\"@type\":\"ListItem\",\"position\":2,\"name\":\"Produkte\",\"item\":\"https:\/\/www.celticexperience.net\/de\/shop\/\"},{\"@type\":\"ListItem\",\"position\":3,\"name\":\"Geheimnisvolles Irland\"}]}]}<\/script>\n<!-- \/ Yoast SEO plugin. -->","yoast_head_json":{"title":"Geheimnisvolles Irland - von Celtic Spirit","description":"Hill of Tara, New Grange, Inishmore, Ring of Beara, Glendalough und viele andere","robots":{"index":"index","follow":"follow","max-snippet":"max-snippet:-1","max-image-preview":"max-image-preview:large","max-video-preview":"max-video-preview:-1"},"canonical":"https:\/\/www.celticexperience.net\/de\/produkt\/geheimnisvolles-irland\/","og_locale":"de_DE","og_type":"article","og_title":"Geheimnisvolles Irland - von Celtic Spirit","og_description":"Hill of Tara, New Grange, Inishmore, Ring of Beara, Glendalough und viele andere","og_url":"https:\/\/www.celticexperience.net\/de\/produkt\/geheimnisvolles-irland\/","og_site_name":"Celtic Spirit","article_modified_time":"2018-02-18T14:38:28+00:00","og_image":[{"width":978,"height":735,"url":"https:\/\/www.celticexperience.net\/de\/wp-content\/uploads\/2013\/07\/Geheimnisvolles-Irland-feature.jpg","type":"image\/jpeg"}],"twitter_card":"summary","twitter_misc":{"Gesch\u00e4tzte Lesezeit":"4\u00a0Minuten"},"schema":{"@context":"https:\/\/schema.org","@graph":[{"@type":"WebSite","@id":"https:\/\/www.celticexperience.net\/de\/#website","url":"https:\/\/www.celticexperience.net\/de\/","name":"Celtic Spirit","description":"Irish Cultural Holidays","potentialAction":[{"@type":"SearchAction","target":{"@type":"EntryPoint","urlTemplate":"https:\/\/www.celticexperience.net\/de\/?s={search_term_string}"},"query-input":"required name=search_term_string"}],"inLanguage":"de"},{"@type":"ImageObject","@id":"https:\/\/www.celticexperience.net\/de\/produkt\/geheimnisvolles-irland\/#primaryimage","inLanguage":"de","url":"https:\/\/www.celticexperience.net\/de\/wp-content\/uploads\/2013\/07\/Geheimnisvolles-Irland-feature.jpg","contentUrl":"https:\/\/www.celticexperience.net\/de\/wp-content\/uploads\/2013\/07\/Geheimnisvolles-Irland-feature.jpg","width":978,"height":735,"caption":"Stonecircle Ireland"},{"@type":"WebPage","@id":"https:\/\/www.celticexperience.net\/de\/produkt\/geheimnisvolles-irland\/#webpage","url":"https:\/\/www.celticexperience.net\/de\/produkt\/geheimnisvolles-irland\/","name":"Geheimnisvolles Irland - von Celtic Spirit","isPartOf":{"@id":"https:\/\/www.celticexperience.net\/de\/#website"},"primaryImageOfPage":{"@id":"https:\/\/www.celticexperience.net\/de\/produkt\/geheimnisvolles-irland\/#primaryimage"},"datePublished":"2013-07-04T14:43:10+00:00","dateModified":"2018-02-18T14:38:28+00:00","description":"Hill of Tara, New Grange, Inishmore, Ring of Beara, Glendalough und viele andere","breadcrumb":{"@id":"https:\/\/www.celticexperience.net\/de\/produkt\/geheimnisvolles-irland\/#breadcrumb"},"inLanguage":"de","potentialAction":[{"@type":"ReadAction","target":["https:\/\/www.celticexperience.net\/de\/produkt\/geheimnisvolles-irland\/"]}]},{"@type":"BreadcrumbList","@id":"https:\/\/www.celticexperience.net\/de\/produkt\/geheimnisvolles-irland\/#breadcrumb","itemListElement":[{"@type":"ListItem","position":1,"name":"Home","item":"https:\/\/www.celticexperience.net\/de\/"},{"@type":"ListItem","position":2,"name":"Produkte","item":"https:\/\/www.celticexperience.net\/de\/shop\/"},{"@type":"ListItem","position":3,"name":"Geheimnisvolles Irland"}]}]}},"_links":{"self":[{"href":"https:\/\/www.celticexperience.net\/de\/wp-json\/wp\/v2\/product\/1031"}],"collection":[{"href":"https:\/\/www.celticexperience.net\/de\/wp-json\/wp\/v2\/product"}],"about":[{"href":"https:\/\/www.celticexperience.net\/de\/wp-json\/wp\/v2\/types\/product"}],"replies":[{"embeddable":true,"href":"https:\/\/www.celticexperience.net\/de\/wp-json\/wp\/v2\/comments?post=1031"}],"wp:featuredmedia":[{"embeddable":true,"href":"https:\/\/www.celticexperience.net\/de\/wp-json\/wp\/v2\/media\/1181"}],"wp:attachment":[{"href":"https:\/\/www.celticexperience.net\/de\/wp-json\/wp\/v2\/media?parent=1031"}],"wp:term":[{"taxonomy":"product_cat","embeddable":true,"href":"https:\/\/www.celticexperience.net\/de\/wp-json\/wp\/v2\/product_cat?post=1031"},{"taxonomy":"product_tag","embeddable":true,"href":"https:\/\/www.celticexperience.net\/de\/wp-json\/wp\/v2\/product_tag?post=1031"}],"curies":[{"name":"wp","href":"https:\/\/api.w.org\/{rel}","templated":true}]}}