{"id":1030,"date":"2011-12-02T16:11:52","date_gmt":"2011-12-02T16:11:52","guid":{"rendered":"http:\/\/www.celticexperience.net\/de\/?post_type=product&#038;p=1030"},"modified":"2015-12-15T10:40:07","modified_gmt":"2015-12-15T10:40:07","slug":"musik-tanz-gesang","status":"publish","type":"product","link":"https:\/\/www.celticexperience.net\/de\/tours\/musik-tanz-gesang\/","title":{"rendered":"Musik,Tanz,Gesang"},"content":{"rendered":"<p>[vc_row][vc_column][vc_column_text]<\/p>\n<h3 style=\"text-align: center;\">Musik,Tanz,Gesang<\/h3>\n<p>THE MUSIC OF WHAT HAPPENS<\/p>\n<p><strong class=\"top\">Auf der Insel Inis M\u00f3r und Louisburgh Co. Mayo<\/strong><\/p>\n<p>Sechs Tage Kulturprogramm auf Inis M\u00f3r mit viel Zeit zum Entspannen und f\u00fcr Ihre eigenen Abenteuer, dann auf die kleine, aber <strong>feine Festival zu besuchen: &#8222;F\u00e9ile Chois Cuain&#8220; in Louisburgh<\/strong>: ein Wochenende mit viel Gesang, Tanz, Musik und Wandern.<br \/>\n<!--more--><\/p>\n<p>More detailed tour information is given in the Itinerary Section.[\/vc_column_text][vc_row_inner][vc_column_inner][vc_separator][\/vc_column_inner][\/vc_row_inner][vc_row_inner][vc_column_inner width=&#8220;1\/4&#8243;][vc_column_text]<b>PROGRAMMDATUM<\/b>[\/vc_column_text][\/vc_column_inner][vc_column_inner width=&#8220;3\/4&#8243;][vc_column_text]28. April \u2013 7. (6.)Mai 2012[\/vc_column_text][\/vc_column_inner][\/vc_row_inner][vc_row_inner][vc_column_inner][vc_separator][\/vc_column_inner][\/vc_row_inner][vc_row_inner][vc_column_inner width=&#8220;1\/4&#8243;][vc_column_text]<b>BUCHUNG<\/b>[\/vc_column_text][\/vc_column_inner][vc_column_inner width=&#8220;3\/4&#8243;][vc_column_text]geschlossen[\/vc_column_text][\/vc_column_inner][\/vc_row_inner][vc_row_inner][vc_column_inner][vc_separator][\/vc_column_inner][\/vc_row_inner][vc_row_inner][vc_column_inner width=&#8220;1\/4&#8243;][vc_column_text]<b>FLUG<\/b>[\/vc_column_text][\/vc_column_inner][vc_column_inner width=&#8220;3\/4&#8243;][vc_column_text]Text content describing the heading[\/vc_column_text][\/vc_column_inner][\/vc_row_inner][vc_row_inner][vc_column_inner][vc_separator][\/vc_column_inner][\/vc_row_inner][vc_row_inner][vc_column_inner width=&#8220;1\/3&#8243;][vc_column_text]<b>INBEGRIFFEN<\/b>[\/vc_column_text][\/vc_column_inner][vc_column_inner width=&#8220;2\/3&#8243;][vc_column_text]<i class=\"fa fa-check icon-tick icon-tick--on\"><\/i>Bei Elizabeth im Zentrum oder in luxuri\u00f6sem Ferienhaus: 6 Uebernachtungen (DZ) mit Selbstverpflegung Im Kilmurveyhouse: 6 Uebernachtungen (DZ mit Dusche\/WC), mit Service und irischem Fr\u00fchst\u00fcck.. F\u00fcr alle: 2 Abendessen auf Inis M\u00f3r (Bay View Restaurant, Joel)), 3 Uebernachtungen in der Ocean Lodge in Killadoon (DZ) mit Abendessen am ersten Abend, alle gemeinsamen Transporte, F\u00fchrungen und anderen Aktivit\u00e4ten gem\u00e4ss Programm<\/p>\n<p><i class=\"fa fa-check icon-tick icon-tick--on\"><\/i>Add items to include<\/p>\n<p><i class=\"fa fa-check icon-tick icon-tick--on\"><\/i>Add items to include<\/p>\n<p>[\/vc_column_text][\/vc_column_inner][\/vc_row_inner][vc_row_inner][vc_column_inner][vc_separator][\/vc_column_inner][\/vc_row_inner][vc_row_inner][vc_column_inner width=&#8220;1\/3&#8243;][vc_column_text]<b>NICHT INBEGRIFFEN<\/b>[\/vc_column_text][\/vc_column_inner][vc_column_inner width=&#8220;2\/3&#8243;][vc_column_text]<i class=\"fa fa-times icon-tick icon-tick--off\"><\/i>Lunch, Getr\u00e4nke, Trinkgelder,<\/p>\n<p><i class=\"fa fa-times icon-tick icon-tick--off\"><\/i>Eintritte am Festival und Extratransporte[\/vc_column_text][\/vc_column_inner][\/vc_row_inner][vc_row_inner][vc_column_inner][vc_separator][\/vc_column_inner][\/vc_row_inner][vc_row_inner][vc_column_inner width=&#8220;1\/4&#8243;][vc_column_text]<b>UNTERK\u00dcNFTE<\/b>[\/vc_column_text][\/vc_column_inner][vc_column_inner width=&#8220;3\/4&#8243;][vc_column_text]Text content describing the heading[\/vc_column_text][\/vc_column_inner][\/vc_row_inner][vc_row_inner][vc_column_inner][vc_separator][\/vc_column_inner][\/vc_row_inner][vc_row_inner][vc_column_inner width=&#8220;1\/4&#8243;][vc_column_text]<b>KOSTEN<\/b>[\/vc_column_text][\/vc_column_inner][vc_column_inner width=&#8220;3\/4&#8243;][vc_column_text]im Ferienhaus und bei Elizabeth: CHF ca. 1490.- bis und ab Galway. Kilmurveyhouse: ca. CHF 1690.- (je nach Wechselkurs)[\/vc_column_text][\/vc_column_inner][\/vc_row_inner][vc_row_inner][vc_column_inner][vc_separator][\/vc_column_inner][\/vc_row_inner][vc_row_inner][vc_column_inner width=&#8220;1\/4&#8243;][vc_column_text]<b>ZUSCHL\u00c4GE<\/b>[\/vc_column_text][\/vc_column_inner][vc_column_inner width=&#8220;3\/4&#8243;][vc_column_text]<strong>Einzelzimmer:<\/strong> 6 N\u00e4chte Inis M\u00f3r: Killmurveyhouse: CHF 190, Ferienh\u00e4user: CHF 110\/ 150.- (m. Dusche\/WC), 3 N\u00e4chte in Louisburgh CHF 90 DZ mit Dusche\/WC im Ferienhaus: CHF 70\/P.<\/p>\n<p><strong>Zusatzn\u00e4chte<\/strong> in Galway, Dublin, Louisburgh und auf Inis M\u00f3r werden auf Wunsch gerne reserviert.[\/vc_column_text][\/vc_column_inner][\/vc_row_inner][\/vc_column][\/vc_row][vc_row][vc_column][vc_text_separator][\/vc_column][\/vc_row][vc_row][vc_column width=&#8220;1\/3&#8243;][vc_single_image][\/vc_column][vc_column width=&#8220;2\/3&#8243;][vc_column_text]<strong>Festival \u201eF\u00e9ile Chois Cuain\u201c<\/strong>: A celebration of traditional Irish music and song Ein Geheimtipp: kleines, intimes Festival mit typisch irischer Atmosph\u00e4re und Musik, Gesang und Tanz vom Feinsten, ein ganzes Wochenende lang.\u00a0Informationen zum Festival: <a href=\"http:\/\/www.feilechoiscuain.com\/\" target=\"_blank\">www.feilechoiscuain.com<\/a>[\/vc_column_text][\/vc_column][\/vc_row][vc_row][vc_column width=&#8220;2\/3&#8243;][vc_column_text]<strong>Louisburgh:<\/strong> kleines h\u00fcbsches St\u00e4dtchen in Co. Mayo in spektakul\u00e4rer Landschaft: mit hohen Bergen (Croagh Patrick und Twelve Pins), einsamen Mooren, weiten Str\u00e4nden und zahlreichen arch\u00e4ologischen St\u00e4tten.[\/vc_column_text][\/vc_column][vc_column width=&#8220;1\/3&#8243;][vc_single_image][\/vc_column][\/vc_row]<\/p>\n","protected":false},"excerpt":{"rendered":"<p>[vc_row][vc_column][vc_column_text] Musik,Tanz,Gesang THE MUSIC OF WHAT HAPPENS Auf der Insel Inis M\u00f3r und Louisburgh Co. Mayo Sechs Tage Kulturprogramm auf Inis M\u00f3r mit viel Zeit zum Entspannen und f\u00fcr Ihre eigenen Abenteuer, dann auf die kleine, aber feine Festival zu besuchen: &#8222;F\u00e9ile Chois Cuain&#8220; in Louisburgh: ein Wochenende mit viel Gesang, Tanz, Musik und Wandern.<\/p>\n","protected":false},"featured_media":1346,"comment_status":"open","ping_status":"closed","template":"","meta":[],"product_cat":[178],"product_tag":[],"yoast_head":"<!-- This site is optimized with the Yoast SEO plugin v17.5 - https:\/\/yoast.com\/wordpress\/plugins\/seo\/ -->\n<title>Musik,Tanz,Gesang - von Celtic Spirit<\/title>\n<meta name=\"description\" content=\"Auf der Insel Inis M\u00f3r und Louisburgh Co. Mayo\" \/>\n<meta name=\"robots\" content=\"index, follow, max-snippet:-1, max-image-preview:large, max-video-preview:-1\" \/>\n<link rel=\"canonical\" href=\"https:\/\/www.celticexperience.net\/de\/tours\/musik-tanz-gesang\/\" \/>\n<meta property=\"og:locale\" content=\"de_DE\" \/>\n<meta property=\"og:type\" content=\"article\" \/>\n<meta property=\"og:title\" content=\"Musik,Tanz,Gesang - von Celtic Spirit\" \/>\n<meta property=\"og:description\" content=\"Auf der Insel Inis M\u00f3r und Louisburgh Co. Mayo\" \/>\n<meta property=\"og:url\" content=\"https:\/\/www.celticexperience.net\/de\/tours\/musik-tanz-gesang\/\" \/>\n<meta property=\"og:site_name\" content=\"Celtic Spirit\" \/>\n<meta property=\"article:modified_time\" content=\"2015-12-15T10:40:07+00:00\" \/>\n<meta property=\"og:image\" content=\"https:\/\/www.celticexperience.net\/de\/wp-content\/uploads\/2011\/12\/Irish-Music-Musik-Tanz__1000.jpg\" \/>\n\t<meta property=\"og:image:width\" content=\"1000\" \/>\n\t<meta property=\"og:image:height\" content=\"750\" \/>\n<meta name=\"twitter:card\" content=\"summary\" \/>\n<meta name=\"twitter:label1\" content=\"Gesch\u00e4tzte Lesezeit\" \/>\n\t<meta name=\"twitter:data1\" content=\"4\u00a0Minuten\" \/>\n<script type=\"application\/ld+json\" class=\"yoast-schema-graph\">{\"@context\":\"https:\/\/schema.org\",\"@graph\":[{\"@type\":\"WebSite\",\"@id\":\"https:\/\/www.celticexperience.net\/de\/#website\",\"url\":\"https:\/\/www.celticexperience.net\/de\/\",\"name\":\"Celtic Spirit\",\"description\":\"Irish Cultural Holidays\",\"potentialAction\":[{\"@type\":\"SearchAction\",\"target\":{\"@type\":\"EntryPoint\",\"urlTemplate\":\"https:\/\/www.celticexperience.net\/de\/?s={search_term_string}\"},\"query-input\":\"required name=search_term_string\"}],\"inLanguage\":\"de\"},{\"@type\":\"ImageObject\",\"@id\":\"https:\/\/www.celticexperience.net\/de\/tours\/musik-tanz-gesang\/#primaryimage\",\"inLanguage\":\"de\",\"url\":\"https:\/\/www.celticexperience.net\/de\/wp-content\/uploads\/2011\/12\/Irish-Music-Musik-Tanz__1000.jpg\",\"contentUrl\":\"https:\/\/www.celticexperience.net\/de\/wp-content\/uploads\/2011\/12\/Irish-Music-Musik-Tanz__1000.jpg\",\"width\":1000,\"height\":750,\"caption\":\"Irisch Musik von Celtic Spirit\"},{\"@type\":\"WebPage\",\"@id\":\"https:\/\/www.celticexperience.net\/de\/tours\/musik-tanz-gesang\/#webpage\",\"url\":\"https:\/\/www.celticexperience.net\/de\/tours\/musik-tanz-gesang\/\",\"name\":\"Musik,Tanz,Gesang - von Celtic Spirit\",\"isPartOf\":{\"@id\":\"https:\/\/www.celticexperience.net\/de\/#website\"},\"primaryImageOfPage\":{\"@id\":\"https:\/\/www.celticexperience.net\/de\/tours\/musik-tanz-gesang\/#primaryimage\"},\"datePublished\":\"2011-12-02T16:11:52+00:00\",\"dateModified\":\"2015-12-15T10:40:07+00:00\",\"description\":\"Auf der Insel Inis M\\u00f3r und Louisburgh Co. Mayo\",\"breadcrumb\":{\"@id\":\"https:\/\/www.celticexperience.net\/de\/tours\/musik-tanz-gesang\/#breadcrumb\"},\"inLanguage\":\"de\",\"potentialAction\":[{\"@type\":\"ReadAction\",\"target\":[\"https:\/\/www.celticexperience.net\/de\/tours\/musik-tanz-gesang\/\"]}]},{\"@type\":\"BreadcrumbList\",\"@id\":\"https:\/\/www.celticexperience.net\/de\/tours\/musik-tanz-gesang\/#breadcrumb\",\"itemListElement\":[{\"@type\":\"ListItem\",\"position\":1,\"name\":\"Home\",\"item\":\"https:\/\/www.celticexperience.net\/de\/\"},{\"@type\":\"ListItem\",\"position\":2,\"name\":\"Produkte\",\"item\":\"https:\/\/www.celticexperience.net\/de\/shop\/\"},{\"@type\":\"ListItem\",\"position\":3,\"name\":\"Musik,Tanz,Gesang\"}]}]}<\/script>\n<!-- \/ Yoast SEO plugin. -->","yoast_head_json":{"title":"Musik,Tanz,Gesang - von Celtic Spirit","description":"Auf der Insel Inis M\u00f3r und Louisburgh Co. Mayo","robots":{"index":"index","follow":"follow","max-snippet":"max-snippet:-1","max-image-preview":"max-image-preview:large","max-video-preview":"max-video-preview:-1"},"canonical":"https:\/\/www.celticexperience.net\/de\/tours\/musik-tanz-gesang\/","og_locale":"de_DE","og_type":"article","og_title":"Musik,Tanz,Gesang - von Celtic Spirit","og_description":"Auf der Insel Inis M\u00f3r und Louisburgh Co. Mayo","og_url":"https:\/\/www.celticexperience.net\/de\/tours\/musik-tanz-gesang\/","og_site_name":"Celtic Spirit","article_modified_time":"2015-12-15T10:40:07+00:00","og_image":[{"width":1000,"height":750,"url":"https:\/\/www.celticexperience.net\/de\/wp-content\/uploads\/2011\/12\/Irish-Music-Musik-Tanz__1000.jpg","type":"image\/jpeg"}],"twitter_card":"summary","twitter_misc":{"Gesch\u00e4tzte Lesezeit":"4\u00a0Minuten"},"schema":{"@context":"https:\/\/schema.org","@graph":[{"@type":"WebSite","@id":"https:\/\/www.celticexperience.net\/de\/#website","url":"https:\/\/www.celticexperience.net\/de\/","name":"Celtic Spirit","description":"Irish Cultural Holidays","potentialAction":[{"@type":"SearchAction","target":{"@type":"EntryPoint","urlTemplate":"https:\/\/www.celticexperience.net\/de\/?s={search_term_string}"},"query-input":"required name=search_term_string"}],"inLanguage":"de"},{"@type":"ImageObject","@id":"https:\/\/www.celticexperience.net\/de\/tours\/musik-tanz-gesang\/#primaryimage","inLanguage":"de","url":"https:\/\/www.celticexperience.net\/de\/wp-content\/uploads\/2011\/12\/Irish-Music-Musik-Tanz__1000.jpg","contentUrl":"https:\/\/www.celticexperience.net\/de\/wp-content\/uploads\/2011\/12\/Irish-Music-Musik-Tanz__1000.jpg","width":1000,"height":750,"caption":"Irisch Musik von Celtic Spirit"},{"@type":"WebPage","@id":"https:\/\/www.celticexperience.net\/de\/tours\/musik-tanz-gesang\/#webpage","url":"https:\/\/www.celticexperience.net\/de\/tours\/musik-tanz-gesang\/","name":"Musik,Tanz,Gesang - von Celtic Spirit","isPartOf":{"@id":"https:\/\/www.celticexperience.net\/de\/#website"},"primaryImageOfPage":{"@id":"https:\/\/www.celticexperience.net\/de\/tours\/musik-tanz-gesang\/#primaryimage"},"datePublished":"2011-12-02T16:11:52+00:00","dateModified":"2015-12-15T10:40:07+00:00","description":"Auf der Insel Inis M\u00f3r und Louisburgh Co. Mayo","breadcrumb":{"@id":"https:\/\/www.celticexperience.net\/de\/tours\/musik-tanz-gesang\/#breadcrumb"},"inLanguage":"de","potentialAction":[{"@type":"ReadAction","target":["https:\/\/www.celticexperience.net\/de\/tours\/musik-tanz-gesang\/"]}]},{"@type":"BreadcrumbList","@id":"https:\/\/www.celticexperience.net\/de\/tours\/musik-tanz-gesang\/#breadcrumb","itemListElement":[{"@type":"ListItem","position":1,"name":"Home","item":"https:\/\/www.celticexperience.net\/de\/"},{"@type":"ListItem","position":2,"name":"Produkte","item":"https:\/\/www.celticexperience.net\/de\/shop\/"},{"@type":"ListItem","position":3,"name":"Musik,Tanz,Gesang"}]}]}},"_links":{"self":[{"href":"https:\/\/www.celticexperience.net\/de\/wp-json\/wp\/v2\/product\/1030"}],"collection":[{"href":"https:\/\/www.celticexperience.net\/de\/wp-json\/wp\/v2\/product"}],"about":[{"href":"https:\/\/www.celticexperience.net\/de\/wp-json\/wp\/v2\/types\/product"}],"replies":[{"embeddable":true,"href":"https:\/\/www.celticexperience.net\/de\/wp-json\/wp\/v2\/comments?post=1030"}],"wp:featuredmedia":[{"embeddable":true,"href":"https:\/\/www.celticexperience.net\/de\/wp-json\/wp\/v2\/media\/1346"}],"wp:attachment":[{"href":"https:\/\/www.celticexperience.net\/de\/wp-json\/wp\/v2\/media?parent=1030"}],"wp:term":[{"taxonomy":"product_cat","embeddable":true,"href":"https:\/\/www.celticexperience.net\/de\/wp-json\/wp\/v2\/product_cat?post=1030"},{"taxonomy":"product_tag","embeddable":true,"href":"https:\/\/www.celticexperience.net\/de\/wp-json\/wp\/v2\/product_tag?post=1030"}],"curies":[{"name":"wp","href":"https:\/\/api.w.org\/{rel}","templated":true}]}}