{"id":1029,"date":"2013-12-02T16:28:36","date_gmt":"2013-12-02T16:28:36","guid":{"rendered":"http:\/\/www.celticexperience.net\/de\/?post_type=product&#038;p=1029"},"modified":"2018-02-18T14:37:29","modified_gmt":"2018-02-18T14:37:29","slug":"der-keltische-weg","status":"publish","type":"product","link":"https:\/\/www.celticexperience.net\/de\/tours\/der-keltische-weg\/","title":{"rendered":"Der Keltische Weg"},"content":{"rendered":"<p>[vc_row][vc_column][vc_column_text]<\/p>\n<h3 style=\"text-align: center;\">Der Keltische Weg<\/h3>\n<p style=\"text-align: center;\">Wir wandern auf keltischen Pfaden zu alten Kraft- und Ritualpl\u00e4tzen, zu Pilgerst\u00e4tten, Gr\u00e4bern etc., begleitet von Fachleuten mit fundiertem Wissen \u00fcber diese vielschichtige und bis in die heutige Zeit nachwirkende Kultur, alte Geschichten und Mythen mit dem Geschichtenerz\u00e4hler Niall de B\u00farca und \u201eSession\u201c mit MusikerInnen und S\u00e4ngerInnen der Insel.<\/p>\n<p>[\/vc_column_text][vc_row_inner][vc_column_inner][vc_separator][\/vc_column_inner][\/vc_row_inner][vc_row_inner][vc_column_inner width=&#8220;1\/4&#8243;][vc_column_text]<b>PROGRAMMDATUM<\/b>[\/vc_column_text][\/vc_column_inner][vc_column_inner width=&#8220;3\/4&#8243;][vc_column_text]23. Juli \u2013 30. Juli\u00a02017[\/vc_column_text][\/vc_column_inner][\/vc_row_inner][vc_row_inner][vc_column_inner][vc_separator][\/vc_column_inner][\/vc_row_inner][vc_row_inner][vc_column_inner width=&#8220;1\/4&#8243;][vc_column_text]<b>BUCHUNG<\/b>[\/vc_column_text][\/vc_column_inner][vc_column_inner width=&#8220;3\/4&#8243;][vc_column_text]<\/p>\n<ol>\n<li>Mai 2017<\/li>\n<\/ol>\n<p>[\/vc_column_text][\/vc_column_inner][\/vc_row_inner][vc_row_inner][vc_column_inner][vc_separator][\/vc_column_inner][\/vc_row_inner][vc_row_inner][vc_column_inner width=&#8220;1\/3&#8243;][vc_column_text]<b>INBEGRIFFEN<\/b>[\/vc_column_text][\/vc_column_inner][vc_column_inner width=&#8220;2\/3&#8243;][vc_column_text]<i class=\"fa fa-check icon-tick icon-tick--on\"><\/i>6 N\u00e4chte B+B im Kilmurveyhouse<\/p>\n<p><i class=\"fa fa-check icon-tick icon-tick--on\"><\/i>2 Abendessen auf Inis\u00a0M\u00f3r<\/p>\n<p><i class=\"fa fa-check icon-tick icon-tick--on\"><\/i>letzte Nacht B+B in Galway<\/p>\n<p><i class=\"fa fa-check icon-tick icon-tick--on\"><\/i>alle Transporte, Touren, \u201electures\u201c und\u00a0andere Aktivit\u00e4ten gem\u00e4ss Programm[\/vc_column_text][\/vc_column_inner][\/vc_row_inner][vc_row_inner][vc_column_inner][vc_separator][\/vc_column_inner][\/vc_row_inner][vc_row_inner][vc_column_inner width=&#8220;1\/4&#8243;][vc_column_text]<b>UNTERK\u00dcNFTE<\/b>[\/vc_column_text][\/vc_column_inner][vc_column_inner width=&#8220;3\/4&#8243;][vc_column_text]<strong>Kilmurvey House<\/strong>: sehr sch\u00f6nes familil\u00e4res und komfortables *** Gasthaus\u00a0in ehemaligem englischem Herrschaftshaus mit liebensw\u00fcrdiger Gastgeberin,\u00a0wunderbares Fr\u00fchst\u00fccksmenue.<\/p>\n<p><strong>B+B Galway<\/strong>: Die letzte Nacht sind wir in Galway in einem sehr sch\u00f6nen\u00a0und ruhigen B+B in der N\u00e4he vom Meer untergebracht, ca. 15 Minuten\u00a0Gehzeit vom Zentrum entfernt. Mit dem guten Busservice zwischen Galway\u00a0und Dublin Airport kann man so auch einen fr\u00fchen Flug erreichen (3 Std.\u00a0Fahrzeit, jede \u00bd Std)[\/vc_column_text][\/vc_column_inner][\/vc_row_inner][vc_row_inner][vc_column_inner][vc_separator][\/vc_column_inner][\/vc_row_inner][vc_row_inner][vc_column_inner width=&#8220;1\/4&#8243;][vc_column_text]<b>KOSTEN<\/b>[\/vc_column_text][\/vc_column_inner][vc_column_inner width=&#8220;3\/4&#8243;][vc_column_text]ca. CHF: 1490.- von\/nach Galway<\/p>\n<p>Bei einer TeilnehmerInnenzahl unter 14 muss ein Kleingruppenzuschlag erhoben werden. Die gemeinsamen Kosten sind\u00a0 sehr hoch. Bei grossen Wechselkursschwankungen wird der Preis nach unten oder oben angepasst[\/vc_column_text][\/vc_column_inner][\/vc_row_inner][vc_row_inner][vc_column_inner][vc_separator][\/vc_column_inner][\/vc_row_inner][vc_row_inner][vc_column_inner width=&#8220;1\/4&#8243;][vc_column_text]<b>ZUSCHL\u00c4GE<\/b>[\/vc_column_text][\/vc_column_inner][vc_column_inner width=&#8220;3\/4&#8243;][vc_column_text]<strong>Einzelzimmer<\/strong>: \u00a0f\u00fcr 6 N\u00e4chte auf der Insel: CHF 290.-, EZ in Galway: CHF 40.-<\/p>\n<p><strong>Zusatzn\u00e4chte<\/strong> auf Inis M\u00f3r, in Galway und Dublin ab CHF 60.-<\/p>\n<p>&nbsp;<\/p>\n<p>[\/vc_column_text][\/vc_column_inner][\/vc_row_inner][\/vc_column][\/vc_row][vc_row][vc_column][vc_column_text]<\/p>\n<h4>Laden Sie das Detailprogramm hier:<\/h4>\n<p>[\/vc_column_text][vc_btn title=&#8220;Der keltische Weg&#8220; color=&#8220;primary&#8220; link=&#8220;url:http%3A%2F%2Fwww.celticexperience.net%2Fen%2Fwp-content%2Fuploads%2F2016%2F11%2FDer-keltische-Weg-14.10.16.pdf||&#8220;][\/vc_column][\/vc_row]<\/p>\n","protected":false},"excerpt":{"rendered":"<p>[vc_row][vc_column][vc_column_text] Der Keltische Weg Wir wandern auf keltischen Pfaden zu alten Kraft- und Ritualpl\u00e4tzen, zu Pilgerst\u00e4tten, Gr\u00e4bern etc., begleitet von Fachleuten mit fundiertem Wissen \u00fcber diese vielschichtige und bis in die heutige Zeit nachwirkende Kultur, alte Geschichten und Mythen mit dem Geschichtenerz\u00e4hler Niall de B\u00farca und \u201eSession\u201c mit MusikerInnen und S\u00e4ngerInnen der Insel. [\/vc_column_text][vc_row_inner][vc_column_inner][vc_separator][\/vc_column_inner][\/vc_row_inner][vc_row_inner][vc_column_inner width=&#8220;1\/4&#8243;][vc_column_text]PROGRAMMDATUM[\/vc_column_text][\/vc_column_inner][vc_column_inner<\/p>\n<div class=\"padding-top text-center\"><a href=\"https:\/\/www.celticexperience.net\/de\/tours\/der-keltische-weg\/\" class=\"atbtn atbtn--medium atbtn--rounded atbtn--transparent\">Read more<i class=\"atbtn__icon atbtn__icon--right fa fa-long-arrow-right\"><\/i><\/a><\/div>\n","protected":false},"featured_media":1322,"comment_status":"closed","ping_status":"closed","template":"","meta":[],"product_cat":[178],"product_tag":[],"yoast_head":"<!-- This site is optimized with the Yoast SEO plugin v17.5 - https:\/\/yoast.com\/wordpress\/plugins\/seo\/ -->\n<title>Der Keltische Weg auf Inishmore, Aran Islands<\/title>\n<meta name=\"description\" content=\"Wir wandern auf keltischen Pfaden zu alten Kraft- und Ritualpl\u00e4tzen, zu Pilgerst\u00e4tten, Gr\u00e4bern etc., begleitet von Fachleuten mit fundiertem Wissen.\" \/>\n<meta name=\"robots\" content=\"index, follow, max-snippet:-1, max-image-preview:large, max-video-preview:-1\" \/>\n<link rel=\"canonical\" href=\"https:\/\/www.celticexperience.net\/de\/produkt\/der-keltische-weg\/\" \/>\n<meta property=\"og:locale\" content=\"de_DE\" \/>\n<meta property=\"og:type\" content=\"article\" \/>\n<meta property=\"og:title\" content=\"Der Keltische Weg auf Inishmore, Aran Islands\" \/>\n<meta property=\"og:description\" content=\"Wir wandern auf keltischen Pfaden zu alten Kraft- und Ritualpl\u00e4tzen, zu Pilgerst\u00e4tten, Gr\u00e4bern etc., begleitet von Fachleuten mit fundiertem Wissen.\" \/>\n<meta property=\"og:url\" content=\"https:\/\/www.celticexperience.net\/de\/produkt\/der-keltische-weg\/\" \/>\n<meta property=\"og:site_name\" content=\"Celtic Spirit\" \/>\n<meta property=\"article:modified_time\" content=\"2018-02-18T14:37:29+00:00\" \/>\n<meta property=\"og:image\" content=\"https:\/\/www.celticexperience.net\/de\/wp-content\/uploads\/2015\/12\/Celtic-Way-Kelt-Weg.jpg\" \/>\n\t<meta property=\"og:image:width\" content=\"1000\" \/>\n\t<meta property=\"og:image:height\" content=\"750\" \/>\n<meta name=\"twitter:card\" content=\"summary\" \/>\n<meta name=\"twitter:label1\" content=\"Gesch\u00e4tzte Lesezeit\" \/>\n\t<meta name=\"twitter:data1\" content=\"3\u00a0Minuten\" \/>\n<script type=\"application\/ld+json\" class=\"yoast-schema-graph\">{\"@context\":\"https:\/\/schema.org\",\"@graph\":[{\"@type\":\"WebSite\",\"@id\":\"https:\/\/www.celticexperience.net\/de\/#website\",\"url\":\"https:\/\/www.celticexperience.net\/de\/\",\"name\":\"Celtic Spirit\",\"description\":\"Irish Cultural Holidays\",\"potentialAction\":[{\"@type\":\"SearchAction\",\"target\":{\"@type\":\"EntryPoint\",\"urlTemplate\":\"https:\/\/www.celticexperience.net\/de\/?s={search_term_string}\"},\"query-input\":\"required name=search_term_string\"}],\"inLanguage\":\"de\"},{\"@type\":\"ImageObject\",\"@id\":\"https:\/\/www.celticexperience.net\/de\/produkt\/der-keltische-weg\/#primaryimage\",\"inLanguage\":\"de\",\"url\":\"https:\/\/www.celticexperience.net\/de\/wp-content\/uploads\/2015\/12\/Celtic-Way-Kelt-Weg.jpg\",\"contentUrl\":\"https:\/\/www.celticexperience.net\/de\/wp-content\/uploads\/2015\/12\/Celtic-Way-Kelt-Weg.jpg\",\"width\":1000,\"height\":750,\"caption\":\"Seven Churches Aran Islands\"},{\"@type\":\"WebPage\",\"@id\":\"https:\/\/www.celticexperience.net\/de\/produkt\/der-keltische-weg\/#webpage\",\"url\":\"https:\/\/www.celticexperience.net\/de\/produkt\/der-keltische-weg\/\",\"name\":\"Der Keltische Weg auf Inishmore, Aran Islands\",\"isPartOf\":{\"@id\":\"https:\/\/www.celticexperience.net\/de\/#website\"},\"primaryImageOfPage\":{\"@id\":\"https:\/\/www.celticexperience.net\/de\/produkt\/der-keltische-weg\/#primaryimage\"},\"datePublished\":\"2013-12-02T16:28:36+00:00\",\"dateModified\":\"2018-02-18T14:37:29+00:00\",\"description\":\"Wir wandern auf keltischen Pfaden zu alten Kraft- und Ritualpl\\u00e4tzen, zu Pilgerst\\u00e4tten, Gr\\u00e4bern etc., begleitet von Fachleuten mit fundiertem Wissen.\",\"breadcrumb\":{\"@id\":\"https:\/\/www.celticexperience.net\/de\/produkt\/der-keltische-weg\/#breadcrumb\"},\"inLanguage\":\"de\",\"potentialAction\":[{\"@type\":\"ReadAction\",\"target\":[\"https:\/\/www.celticexperience.net\/de\/produkt\/der-keltische-weg\/\"]}]},{\"@type\":\"BreadcrumbList\",\"@id\":\"https:\/\/www.celticexperience.net\/de\/produkt\/der-keltische-weg\/#breadcrumb\",\"itemListElement\":[{\"@type\":\"ListItem\",\"position\":1,\"name\":\"Home\",\"item\":\"https:\/\/www.celticexperience.net\/de\/\"},{\"@type\":\"ListItem\",\"position\":2,\"name\":\"Produkte\",\"item\":\"https:\/\/www.celticexperience.net\/de\/shop\/\"},{\"@type\":\"ListItem\",\"position\":3,\"name\":\"Der Keltische Weg\"}]}]}<\/script>\n<!-- \/ Yoast SEO plugin. -->","yoast_head_json":{"title":"Der Keltische Weg auf Inishmore, Aran Islands","description":"Wir wandern auf keltischen Pfaden zu alten Kraft- und Ritualpl\u00e4tzen, zu Pilgerst\u00e4tten, Gr\u00e4bern etc., begleitet von Fachleuten mit fundiertem Wissen.","robots":{"index":"index","follow":"follow","max-snippet":"max-snippet:-1","max-image-preview":"max-image-preview:large","max-video-preview":"max-video-preview:-1"},"canonical":"https:\/\/www.celticexperience.net\/de\/produkt\/der-keltische-weg\/","og_locale":"de_DE","og_type":"article","og_title":"Der Keltische Weg auf Inishmore, Aran Islands","og_description":"Wir wandern auf keltischen Pfaden zu alten Kraft- und Ritualpl\u00e4tzen, zu Pilgerst\u00e4tten, Gr\u00e4bern etc., begleitet von Fachleuten mit fundiertem Wissen.","og_url":"https:\/\/www.celticexperience.net\/de\/produkt\/der-keltische-weg\/","og_site_name":"Celtic Spirit","article_modified_time":"2018-02-18T14:37:29+00:00","og_image":[{"width":1000,"height":750,"url":"https:\/\/www.celticexperience.net\/de\/wp-content\/uploads\/2015\/12\/Celtic-Way-Kelt-Weg.jpg","type":"image\/jpeg"}],"twitter_card":"summary","twitter_misc":{"Gesch\u00e4tzte Lesezeit":"3\u00a0Minuten"},"schema":{"@context":"https:\/\/schema.org","@graph":[{"@type":"WebSite","@id":"https:\/\/www.celticexperience.net\/de\/#website","url":"https:\/\/www.celticexperience.net\/de\/","name":"Celtic Spirit","description":"Irish Cultural Holidays","potentialAction":[{"@type":"SearchAction","target":{"@type":"EntryPoint","urlTemplate":"https:\/\/www.celticexperience.net\/de\/?s={search_term_string}"},"query-input":"required name=search_term_string"}],"inLanguage":"de"},{"@type":"ImageObject","@id":"https:\/\/www.celticexperience.net\/de\/produkt\/der-keltische-weg\/#primaryimage","inLanguage":"de","url":"https:\/\/www.celticexperience.net\/de\/wp-content\/uploads\/2015\/12\/Celtic-Way-Kelt-Weg.jpg","contentUrl":"https:\/\/www.celticexperience.net\/de\/wp-content\/uploads\/2015\/12\/Celtic-Way-Kelt-Weg.jpg","width":1000,"height":750,"caption":"Seven Churches Aran Islands"},{"@type":"WebPage","@id":"https:\/\/www.celticexperience.net\/de\/produkt\/der-keltische-weg\/#webpage","url":"https:\/\/www.celticexperience.net\/de\/produkt\/der-keltische-weg\/","name":"Der Keltische Weg auf Inishmore, Aran Islands","isPartOf":{"@id":"https:\/\/www.celticexperience.net\/de\/#website"},"primaryImageOfPage":{"@id":"https:\/\/www.celticexperience.net\/de\/produkt\/der-keltische-weg\/#primaryimage"},"datePublished":"2013-12-02T16:28:36+00:00","dateModified":"2018-02-18T14:37:29+00:00","description":"Wir wandern auf keltischen Pfaden zu alten Kraft- und Ritualpl\u00e4tzen, zu Pilgerst\u00e4tten, Gr\u00e4bern etc., begleitet von Fachleuten mit fundiertem Wissen.","breadcrumb":{"@id":"https:\/\/www.celticexperience.net\/de\/produkt\/der-keltische-weg\/#breadcrumb"},"inLanguage":"de","potentialAction":[{"@type":"ReadAction","target":["https:\/\/www.celticexperience.net\/de\/produkt\/der-keltische-weg\/"]}]},{"@type":"BreadcrumbList","@id":"https:\/\/www.celticexperience.net\/de\/produkt\/der-keltische-weg\/#breadcrumb","itemListElement":[{"@type":"ListItem","position":1,"name":"Home","item":"https:\/\/www.celticexperience.net\/de\/"},{"@type":"ListItem","position":2,"name":"Produkte","item":"https:\/\/www.celticexperience.net\/de\/shop\/"},{"@type":"ListItem","position":3,"name":"Der Keltische Weg"}]}]}},"_links":{"self":[{"href":"https:\/\/www.celticexperience.net\/de\/wp-json\/wp\/v2\/product\/1029"}],"collection":[{"href":"https:\/\/www.celticexperience.net\/de\/wp-json\/wp\/v2\/product"}],"about":[{"href":"https:\/\/www.celticexperience.net\/de\/wp-json\/wp\/v2\/types\/product"}],"replies":[{"embeddable":true,"href":"https:\/\/www.celticexperience.net\/de\/wp-json\/wp\/v2\/comments?post=1029"}],"wp:featuredmedia":[{"embeddable":true,"href":"https:\/\/www.celticexperience.net\/de\/wp-json\/wp\/v2\/media\/1322"}],"wp:attachment":[{"href":"https:\/\/www.celticexperience.net\/de\/wp-json\/wp\/v2\/media?parent=1029"}],"wp:term":[{"taxonomy":"product_cat","embeddable":true,"href":"https:\/\/www.celticexperience.net\/de\/wp-json\/wp\/v2\/product_cat?post=1029"},{"taxonomy":"product_tag","embeddable":true,"href":"https:\/\/www.celticexperience.net\/de\/wp-json\/wp\/v2\/product_tag?post=1029"}],"curies":[{"name":"wp","href":"https:\/\/api.w.org\/{rel}","templated":true}]}}