{"id":1028,"date":"2015-12-02T17:13:23","date_gmt":"2015-12-02T17:13:23","guid":{"rendered":"http:\/\/www.celticexperience.net\/de\/?post_type=product&#038;p=1028"},"modified":"2019-10-09T09:40:50","modified_gmt":"2019-10-09T09:40:50","slug":"yoga-entspannen-und-wandern","status":"publish","type":"product","link":"https:\/\/www.celticexperience.net\/de\/tours\/yoga-entspannen-und-wandern\/","title":{"rendered":"Yoga, Entspannen und Wandern"},"content":{"rendered":"<p>[vc_row][vc_column][vc_column_text]<\/p>\n<h3 style=\"text-align: center;\">Yoga, Entspannen und Wandern<br \/>\nauf der irischen Insel Inis M\u00f3r, Aran Island<\/h3>\n<p style=\"text-align: center;\">Eine ganz besondere Ferienwoche, in der wir mit Yoga, Entspannung und integrierter Spiraldynamik unseren\u00a0K\u00f6rper neu entdecken, wandernd die magische Insel mit ihren alten Ritualpl\u00e4tzen erkunden aber auch Zeit haben\u00a0f\u00fcr Eigenes: \u00fcber Steine h\u00fcpfen, baden im k\u00fchlen Atlantik oder einfach \u00fcbers Meer schauen. (f\u00fcr Anf\u00e4ngerInnen und Fortgeschrittene geeignet).<\/p>\n<p><strong>Yoga und Entspannung: Elisabeth Fuchs Hatt\/ Organisation, F\u00fchrungen und Wanderungen: Elizabeth Zollinger<\/strong><br \/>\n<!--more-->[\/vc_column_text][vc_row_inner][vc_column_inner][vc_separator][\/vc_column_inner][\/vc_row_inner][vc_row_inner][vc_column_inner width=&#8220;1\/4&#8243;][vc_column_text]<b>PROGRAMMDATUM<\/b>[\/vc_column_text][\/vc_column_inner][vc_column_inner width=&#8220;3\/4&#8243;][vc_column_text][\/vc_column_text][\/vc_column_inner][\/vc_row_inner][vc_row_inner][vc_column_inner][vc_separator][\/vc_column_inner][\/vc_row_inner][vc_row_inner][vc_column_inner width=&#8220;1\/4&#8243;][vc_column_text]<b>BUCHUNG<\/b>[\/vc_column_text][\/vc_column_inner][vc_column_inner width=&#8220;3\/4&#8243;][vc_column_text]<\/p>\n<div class=\"vc_row wpb_row vc_inner vc_row-fluid\">\n<div class=\"wpb_column vc_column_container vc_col-sm-9\">\n<div class=\"wpb_wrapper\">\n<div class=\"wpb_text_column wpb_content_element \">\n<div class=\"wpb_wrapper\">\n<h4>Info und Anmeldung:<\/h4>\n<p>\u2022 Elizabeth Zollinger, Telefon und Fax +41 (0)44 252 09 18, Email: <a href=\"mailto:info@irish-culture.ch\">info@irish-culture.ch<\/a><br \/>\n\u2022 Elisabeth Fuchs Hatt 044-4639395, <a href=\"mailto:elisabeth@yoga-und-entspannung.ch\">elisabeth@yoga-und-entspannung.ch<\/a>,\u00a0www.yoga-und-entspannung.ch<\/p>\n<\/div>\n<\/div>\n<\/div>\n<\/div>\n<\/div>\n<div class=\"vc_row wpb_row vc_inner vc_row-fluid\"><\/div>\n<p>[\/vc_column_text][\/vc_column_inner][\/vc_row_inner][vc_row_inner][vc_column_inner][vc_separator][\/vc_column_inner][\/vc_row_inner][vc_row_inner][vc_column_inner width=&#8220;1\/4&#8243;][vc_column_text]<b>FLUG<\/b>[\/vc_column_text][\/vc_column_inner][vc_column_inner width=&#8220;3\/4&#8243;][vc_column_text]ZCH &#8211; Dublin mit Swiss oder Aer Lingus ab Fr. 350.- (fr\u00fch buchen lohnt sich. Ich berate Sie gerne.<br \/>\nDie Fl\u00fcge k\u00f6nnen aber erst gebucht werden, wenn wir mindestens 8 Anmeldungen haben.[\/vc_column_text][\/vc_column_inner][\/vc_row_inner][vc_row_inner][vc_column_inner][vc_separator][\/vc_column_inner][\/vc_row_inner][vc_row_inner][vc_column_inner width=&#8220;1\/3&#8243;][vc_column_text]<b>INBEGRIFFEN<\/b>[\/vc_column_text][\/vc_column_inner][vc_column_inner width=&#8220;2\/3&#8243;][vc_column_text]<i class=\"fa fa-check icon-tick icon-tick--on\"><\/i>6 Uebernachtungen auf der Insel (mit Fr\u00fchst\u00fcck im B+B)<\/p>\n<p><i class=\"fa fa-check icon-tick icon-tick--on\"><\/i>1 Uebernachtung in Galway<\/p>\n<p><i class=\"fa fa-check icon-tick icon-tick--on\"><\/i>2 Abendessen, (resp. 3 f\u00fcr T. im Kilmurveyhouse)<\/p>\n<p><i class=\"fa fa-check icon-tick icon-tick--on\"><\/i>5 Einheiten Yoga und Entspannung (ca 12 Std.)<\/p>\n<p><i class=\"fa fa-check icon-tick icon-tick--on\"><\/i>Alle F\u00fchrungen und Wanderungen und Transporte\u00a0von und ab Galway[\/vc_column_text][\/vc_column_inner][\/vc_row_inner][vc_row_inner][vc_column_inner][vc_separator][\/vc_column_inner][\/vc_row_inner][vc_row_inner][vc_column_inner width=&#8220;1\/3&#8243;][vc_column_text]<b>NICHT INBEGRIFFEN<\/b>[\/vc_column_text][\/vc_column_inner][vc_column_inner width=&#8220;2\/3&#8243;][vc_column_text]<i class=\"fa fa-times icon-tick icon-tick--off\"><\/i>Getr\u00e4nke und Trinkgelder.[\/vc_column_text][\/vc_column_inner][\/vc_row_inner][vc_row_inner][vc_column_inner][vc_separator][\/vc_column_inner][\/vc_row_inner][vc_row_inner][vc_column_inner width=&#8220;1\/4&#8243;][vc_column_text]<b>UNTERK\u00dcNFTE<\/b>[\/vc_column_text][\/vc_column_inner][vc_column_inner width=&#8220;3\/4&#8243;][vc_column_text]Im gem\u00fctlichen warmen Ferienhaus und im Zentrum bei Elizabeth (Selbstversorgung)\u00a0oder im sch\u00f6nen Kilmurveyhouse (****Guesthouse)[\/vc_column_text][\/vc_column_inner][\/vc_row_inner][vc_row_inner][vc_column_inner][vc_separator][\/vc_column_inner][\/vc_row_inner][vc_row_inner][vc_column_inner width=&#8220;1\/4&#8243;][vc_column_text]<b>KOSTEN<\/b>[\/vc_column_text][\/vc_column_inner][vc_column_inner width=&#8220;3\/4&#8243;][vc_column_text]Im Ferienhaus oder bei Elizabeth: ca Fr. 1120.- (10 \u2013 12 T.), Fr. 1220.- (8 \u2013 9 T.) im DZ, je nach Wechselkurs<br \/>\nIm B+B (mit Service und grossem irischen Fr\u00fchst\u00fcck): ca. Fr. 1340.- (10-12 T.), 1440.- (8-9 T.) im DZ. Bei grossen Kurschwankungen wird der Preis nach unten oder oben angepasst.[\/vc_column_text][\/vc_column_inner][\/vc_row_inner][vc_row_inner][vc_column_inner][vc_separator][\/vc_column_inner][\/vc_row_inner][vc_row_inner][vc_column_inner width=&#8220;1\/4&#8243;][vc_column_text]<b>ZUSCHL\u00c4GE<\/b>[\/vc_column_text][\/vc_column_inner][vc_column_inner width=&#8220;3\/4&#8243;][vc_column_text]Einzelzimmer: 6 N\u00e4chte auf Insel: Ferienh\u00e4user: standard: Fr.90.-, mit Dusche\/WC: Fr. 140.-<br \/>\nim Kilmurveyhouse: EZ: 210.-, EZ in Galway: Fr.35.-[\/vc_column_text][\/vc_column_inner][\/vc_row_inner][\/vc_column][\/vc_row][vc_row][vc_column][vc_text_separator title=&#8220;Yoga und Entspannung&#8220;][\/vc_column][\/vc_row][vc_row][vc_column width=&#8220;1\/3&#8243;][vc_single_image image=&#8220;1033&#8243;][\/vc_column][vc_column width=&#8220;2\/3&#8243;][vc_column_text]<strong>Elisabeth Fuchs Hatt<\/strong>: meine Freude an Bewegung und mein tiefes Interesse an psychologisch,\u00a0spirituellen Themen haben mich \u00fcber die Bewegungsp\u00e4dagogik zu Yoga, Entspannung\u00a0und gesunder Lebensgestaltung gef\u00fchrt.<\/p>\n<p>Seit 8 Jahren integriere ich auch mit Begeisterung das Bewegungs- und Therapiekonzept der Spiraldynamik ins Yoga.<\/p>\n<p>Mit einfachen, feinen bis kraftvollen Yogastellungen und Bewegungs\u00fcbungen, mit kleinen Meditationen und Mudrastellungen m\u00f6chte ich Raum bieten, zur Ruhe und zur eigenen Mitte zu finden und sich wieder mit der ureigenen Wesenskraft\u00a0zu verbinden. So k\u00f6nnen wir uns danach achtsam, belebt und entspannt neu in den ALL-Tag einbringen.[\/vc_column_text][\/vc_column][\/vc_row][vc_row][vc_column][vc_text_separator title=&#8220;Organisation, F\u00fchrungen und Wanderungen&#8220;][\/vc_column][\/vc_row][vc_row][vc_column width=&#8220;2\/3&#8243;][vc_column_text]<strong>Elizabeth Zollinger<\/strong>, Malerin aus Z\u00fcrich, lebt seit 1974 teilzeitlich auf der Insel Inis M\u00f3r\u00a0und ist stark mit der Insel, den Menschen und ihrer Kultur verbunden.<\/p>\n<p>1996 in Zusammenarbeit gr\u00fcndete sie gemeinsam mit Einheimischen das Projekt \u201eCeltic Spirit\u201c mit\u00a0dem Ziel, irisch-keltische Kultur zu vermitteln und einen sinnvollen Tourismus auf der Insel\u00a0aufzubauen. So hat sie \u00fcber 20 Jahre Erfahrung im Planen, Organsieren und Leiten von Kulturwochen und ein grosses Wissen von der irischen Kultur, der Geschichte und dem Leben auf der Insel.[\/vc_column_text][\/vc_column][vc_column width=&#8220;1\/3&#8243;][vc_single_image image=&#8220;1034&#8243;][\/vc_column][\/vc_row][vc_row][vc_column][vc_separator][\/vc_column][\/vc_row][vc_row][vc_column width=&#8220;1\/2&#8243;][vc_column_text]<\/p>\n<h4>Laden Sie das Detailprogramm <a href=\"https:\/\/www.celticexperience.net\/de\/wp-content\/uploads\/2018\/10\/Yoga-und-Wandern-2019-pdf.pdf\" target=\"_blank\">hier <\/a>&gt;&gt;<\/h4>\n<p>[\/vc_column_text][\/vc_column][vc_column width=&#8220;1\/2&#8243;][vc_btn title=&#8220;Yoga, Entspannen und Wandern&#8220; color=&#8220;primary&#8220; i_icon_fontawesome=&#8220;fa fa-file-pdf-o&#8220; add_icon=&#8220;true&#8220; link=&#8220;url: https%3A%2F%2Fwww.celticexperience.net%2Fde%2Fwp-content%2Fuploads%2F2018%2F10%2FYoga-und-Wandern-2019-pdf.pdf||target:%20_blank|&#8220;][\/vc_column][\/vc_row]<\/p>\n","protected":false},"excerpt":{"rendered":"<p>Yoga und Entspannung auf der Insel Inishmore mit integrierter Spyraldynamik mit der erfahrenen Lehrerin Elisabeth Fuchs Hatt und wundersch\u00f6ne Wanderungen entlang den Klippen, Sandstr\u00e4nden und zu alten Ritualpl\u00e4tzen mit der Irlandkennerin Elizabeth Zollinger.<\/p>\n","protected":false},"featured_media":1203,"comment_status":"open","ping_status":"closed","template":"","meta":[],"product_cat":[178],"product_tag":[277,188,275,324,323,187],"yoast_head":"<!-- This site is optimized with the Yoast SEO plugin v17.5 - https:\/\/yoast.com\/wordpress\/plugins\/seo\/ -->\n<title>Yoga, Entspannen und Wandern auf der Insel Inishmore<\/title>\n<meta name=\"description\" content=\"Yoga und Entspannung auf Inishmore mit integrierter Spyraldynamik und wundersch\u00f6ne Wanderungen an den Klippen, Sandstr\u00e4nden und zu alten Ritualpl\u00e4tzen.\" \/>\n<meta name=\"robots\" content=\"index, follow, max-snippet:-1, max-image-preview:large, max-video-preview:-1\" \/>\n<link rel=\"canonical\" href=\"https:\/\/www.celticexperience.net\/de\/produkt\/yoga-entspannen-und-wandern\/\" \/>\n<meta property=\"og:locale\" content=\"de_DE\" \/>\n<meta property=\"og:type\" content=\"article\" \/>\n<meta property=\"og:title\" content=\"Yoga, Entspannen und Wandern auf der Insel Inishmore\" \/>\n<meta property=\"og:description\" content=\"Yoga und Entspannung auf Inishmore mit integrierter Spyraldynamik und wundersch\u00f6ne Wanderungen an den Klippen, Sandstr\u00e4nden und zu alten Ritualpl\u00e4tzen.\" \/>\n<meta property=\"og:url\" content=\"https:\/\/www.celticexperience.net\/de\/produkt\/yoga-entspannen-und-wandern\/\" \/>\n<meta property=\"og:site_name\" content=\"Celtic Spirit\" \/>\n<meta property=\"article:modified_time\" content=\"2019-10-09T09:40:50+00:00\" \/>\n<meta property=\"og:image\" content=\"https:\/\/www.celticexperience.net\/de\/wp-content\/uploads\/2015\/12\/Yoga.jpg\" \/>\n\t<meta property=\"og:image:width\" content=\"700\" \/>\n\t<meta property=\"og:image:height\" content=\"470\" \/>\n<meta name=\"twitter:card\" content=\"summary\" \/>\n<meta name=\"twitter:label1\" content=\"Gesch\u00e4tzte Lesezeit\" \/>\n\t<meta name=\"twitter:data1\" content=\"5\u00a0Minuten\" \/>\n<script type=\"application\/ld+json\" class=\"yoast-schema-graph\">{\"@context\":\"https:\/\/schema.org\",\"@graph\":[{\"@type\":\"WebSite\",\"@id\":\"https:\/\/www.celticexperience.net\/de\/#website\",\"url\":\"https:\/\/www.celticexperience.net\/de\/\",\"name\":\"Celtic Spirit\",\"description\":\"Irish Cultural Holidays\",\"potentialAction\":[{\"@type\":\"SearchAction\",\"target\":{\"@type\":\"EntryPoint\",\"urlTemplate\":\"https:\/\/www.celticexperience.net\/de\/?s={search_term_string}\"},\"query-input\":\"required name=search_term_string\"}],\"inLanguage\":\"de\"},{\"@type\":\"ImageObject\",\"@id\":\"https:\/\/www.celticexperience.net\/de\/produkt\/yoga-entspannen-und-wandern\/#primaryimage\",\"inLanguage\":\"de\",\"url\":\"https:\/\/www.celticexperience.net\/de\/wp-content\/uploads\/2015\/12\/Yoga.jpg\",\"contentUrl\":\"https:\/\/www.celticexperience.net\/de\/wp-content\/uploads\/2015\/12\/Yoga.jpg\",\"width\":700,\"height\":470,\"caption\":\"Yoga, Entspannen und Wandern - von Celtic Spirit\"},{\"@type\":\"WebPage\",\"@id\":\"https:\/\/www.celticexperience.net\/de\/produkt\/yoga-entspannen-und-wandern\/#webpage\",\"url\":\"https:\/\/www.celticexperience.net\/de\/produkt\/yoga-entspannen-und-wandern\/\",\"name\":\"Yoga, Entspannen und Wandern auf der Insel Inishmore\",\"isPartOf\":{\"@id\":\"https:\/\/www.celticexperience.net\/de\/#website\"},\"primaryImageOfPage\":{\"@id\":\"https:\/\/www.celticexperience.net\/de\/produkt\/yoga-entspannen-und-wandern\/#primaryimage\"},\"datePublished\":\"2015-12-02T17:13:23+00:00\",\"dateModified\":\"2019-10-09T09:40:50+00:00\",\"description\":\"Yoga und Entspannung auf Inishmore mit integrierter Spyraldynamik und wundersch\\u00f6ne Wanderungen an den Klippen, Sandstr\\u00e4nden und zu alten Ritualpl\\u00e4tzen.\",\"breadcrumb\":{\"@id\":\"https:\/\/www.celticexperience.net\/de\/produkt\/yoga-entspannen-und-wandern\/#breadcrumb\"},\"inLanguage\":\"de\",\"potentialAction\":[{\"@type\":\"ReadAction\",\"target\":[\"https:\/\/www.celticexperience.net\/de\/produkt\/yoga-entspannen-und-wandern\/\"]}]},{\"@type\":\"BreadcrumbList\",\"@id\":\"https:\/\/www.celticexperience.net\/de\/produkt\/yoga-entspannen-und-wandern\/#breadcrumb\",\"itemListElement\":[{\"@type\":\"ListItem\",\"position\":1,\"name\":\"Home\",\"item\":\"https:\/\/www.celticexperience.net\/de\/\"},{\"@type\":\"ListItem\",\"position\":2,\"name\":\"Produkte\",\"item\":\"https:\/\/www.celticexperience.net\/de\/shop\/\"},{\"@type\":\"ListItem\",\"position\":3,\"name\":\"Yoga, Entspannen und Wandern\"}]}]}<\/script>\n<!-- \/ Yoast SEO plugin. -->","yoast_head_json":{"title":"Yoga, Entspannen und Wandern auf der Insel Inishmore","description":"Yoga und Entspannung auf Inishmore mit integrierter Spyraldynamik und wundersch\u00f6ne Wanderungen an den Klippen, Sandstr\u00e4nden und zu alten Ritualpl\u00e4tzen.","robots":{"index":"index","follow":"follow","max-snippet":"max-snippet:-1","max-image-preview":"max-image-preview:large","max-video-preview":"max-video-preview:-1"},"canonical":"https:\/\/www.celticexperience.net\/de\/produkt\/yoga-entspannen-und-wandern\/","og_locale":"de_DE","og_type":"article","og_title":"Yoga, Entspannen und Wandern auf der Insel Inishmore","og_description":"Yoga und Entspannung auf Inishmore mit integrierter Spyraldynamik und wundersch\u00f6ne Wanderungen an den Klippen, Sandstr\u00e4nden und zu alten Ritualpl\u00e4tzen.","og_url":"https:\/\/www.celticexperience.net\/de\/produkt\/yoga-entspannen-und-wandern\/","og_site_name":"Celtic Spirit","article_modified_time":"2019-10-09T09:40:50+00:00","og_image":[{"width":700,"height":470,"url":"https:\/\/www.celticexperience.net\/de\/wp-content\/uploads\/2015\/12\/Yoga.jpg","type":"image\/jpeg"}],"twitter_card":"summary","twitter_misc":{"Gesch\u00e4tzte Lesezeit":"5\u00a0Minuten"},"schema":{"@context":"https:\/\/schema.org","@graph":[{"@type":"WebSite","@id":"https:\/\/www.celticexperience.net\/de\/#website","url":"https:\/\/www.celticexperience.net\/de\/","name":"Celtic Spirit","description":"Irish Cultural Holidays","potentialAction":[{"@type":"SearchAction","target":{"@type":"EntryPoint","urlTemplate":"https:\/\/www.celticexperience.net\/de\/?s={search_term_string}"},"query-input":"required name=search_term_string"}],"inLanguage":"de"},{"@type":"ImageObject","@id":"https:\/\/www.celticexperience.net\/de\/produkt\/yoga-entspannen-und-wandern\/#primaryimage","inLanguage":"de","url":"https:\/\/www.celticexperience.net\/de\/wp-content\/uploads\/2015\/12\/Yoga.jpg","contentUrl":"https:\/\/www.celticexperience.net\/de\/wp-content\/uploads\/2015\/12\/Yoga.jpg","width":700,"height":470,"caption":"Yoga, Entspannen und Wandern - von Celtic Spirit"},{"@type":"WebPage","@id":"https:\/\/www.celticexperience.net\/de\/produkt\/yoga-entspannen-und-wandern\/#webpage","url":"https:\/\/www.celticexperience.net\/de\/produkt\/yoga-entspannen-und-wandern\/","name":"Yoga, Entspannen und Wandern auf der Insel Inishmore","isPartOf":{"@id":"https:\/\/www.celticexperience.net\/de\/#website"},"primaryImageOfPage":{"@id":"https:\/\/www.celticexperience.net\/de\/produkt\/yoga-entspannen-und-wandern\/#primaryimage"},"datePublished":"2015-12-02T17:13:23+00:00","dateModified":"2019-10-09T09:40:50+00:00","description":"Yoga und Entspannung auf Inishmore mit integrierter Spyraldynamik und wundersch\u00f6ne Wanderungen an den Klippen, Sandstr\u00e4nden und zu alten Ritualpl\u00e4tzen.","breadcrumb":{"@id":"https:\/\/www.celticexperience.net\/de\/produkt\/yoga-entspannen-und-wandern\/#breadcrumb"},"inLanguage":"de","potentialAction":[{"@type":"ReadAction","target":["https:\/\/www.celticexperience.net\/de\/produkt\/yoga-entspannen-und-wandern\/"]}]},{"@type":"BreadcrumbList","@id":"https:\/\/www.celticexperience.net\/de\/produkt\/yoga-entspannen-und-wandern\/#breadcrumb","itemListElement":[{"@type":"ListItem","position":1,"name":"Home","item":"https:\/\/www.celticexperience.net\/de\/"},{"@type":"ListItem","position":2,"name":"Produkte","item":"https:\/\/www.celticexperience.net\/de\/shop\/"},{"@type":"ListItem","position":3,"name":"Yoga, Entspannen und Wandern"}]}]}},"_links":{"self":[{"href":"https:\/\/www.celticexperience.net\/de\/wp-json\/wp\/v2\/product\/1028"}],"collection":[{"href":"https:\/\/www.celticexperience.net\/de\/wp-json\/wp\/v2\/product"}],"about":[{"href":"https:\/\/www.celticexperience.net\/de\/wp-json\/wp\/v2\/types\/product"}],"replies":[{"embeddable":true,"href":"https:\/\/www.celticexperience.net\/de\/wp-json\/wp\/v2\/comments?post=1028"}],"wp:featuredmedia":[{"embeddable":true,"href":"https:\/\/www.celticexperience.net\/de\/wp-json\/wp\/v2\/media\/1203"}],"wp:attachment":[{"href":"https:\/\/www.celticexperience.net\/de\/wp-json\/wp\/v2\/media?parent=1028"}],"wp:term":[{"taxonomy":"product_cat","embeddable":true,"href":"https:\/\/www.celticexperience.net\/de\/wp-json\/wp\/v2\/product_cat?post=1028"},{"taxonomy":"product_tag","embeddable":true,"href":"https:\/\/www.celticexperience.net\/de\/wp-json\/wp\/v2\/product_tag?post=1028"}],"curies":[{"name":"wp","href":"https:\/\/api.w.org\/{rel}","templated":true}]}}