{"id":1002,"date":"2015-12-02T12:34:30","date_gmt":"2015-12-02T12:34:30","guid":{"rendered":"http:\/\/www.celticexperience.net\/de\/?post_type=product&#038;p=1002"},"modified":"2024-11-21T09:44:49","modified_gmt":"2024-11-21T09:44:49","slug":"auf-den-spuren-der-fruehchristlichen-keltischen-heiligen-in-irland","status":"publish","type":"product","link":"https:\/\/www.celticexperience.net\/de\/tours\/auf-den-spuren-der-fruehchristlichen-keltischen-heiligen-in-irland\/","title":{"rendered":"Auf den Spuren der fr\u00fchchristlichen keltischen Heiligen in Irland"},"content":{"rendered":"<p>[vc_row][vc_column][vc_column_text]<\/p>\n<h3 style=\"text-align: center;\">Auf den Spuren der fr\u00fchchristlichen keltischen Heiligen in Irland<\/h3>\n<p>Entdecken Sie mit uns drei der wichtigsten Pl\u00e4tze der fr\u00fchchristlichen irisch- keltischen Kirche und tauchen Sie ein in die Energie, Kraft und Stille dieser heiligen Orte, an die sich die irischen M\u00f6nche vor 1400 Jahren auf ihrem spirituellen Weg zur\u00fcckgezogen haben.<\/p>\n<p>Begleitet werden Sie von Renate von Ballmoos und Elizabeth Zollinger, der Gr\u00fcnderin des Projekts \u201eCeltic Spirit\u201c auf Inis M\u00f3r und lokalen Pers\u00f6nlichkeiten wie Dara Molloy, dem keltischen Priester und Autor des Buches \u201eThe Globalization of God\u201c, dem Poeten und Kenner der Skelligs, Paddy Bushe und dem katholischen Priester Micheal Rodgers, der in Glendalough lebt, dort ein spirituelles Zentrum aufgebaut hat und PilgerInnen begleitet und betreut.<\/p>\n<p><strong>Das ist eine Gemeindereise f\u00fcr die Predigerkirche Z\u00fcrich. Falls sich nicht genug FreundInnen der Predigerkirche bis Ende Februar anmdelden steht sie auch f\u00fcr andere Interessierte offen.<\/strong><br \/>\n<!--more-->[\/vc_column_text][vc_row_inner][vc_column_inner][vc_separator][\/vc_column_inner][\/vc_row_inner][vc_row_inner][vc_column_inner width=&#8220;1\/4&#8243;][vc_column_text]<b>PROGRAMMDATUM<\/b>[\/vc_column_text][\/vc_column_inner][vc_column_inner width=&#8220;3\/4&#8243;][vc_column_text][\/vc_column_text][\/vc_column_inner][\/vc_row_inner][vc_row_inner][vc_column_inner][vc_separator][\/vc_column_inner][\/vc_row_inner][vc_row_inner][vc_column_inner width=&#8220;1\/4&#8243;][vc_column_text]<b>BUCHUNG<\/b>[\/vc_column_text][\/vc_column_inner][vc_column_inner width=&#8220;3\/4&#8243;][vc_column_text]<strong>Info und Anmeldung:<\/strong><\/p>\n<p>\u2022 Elizabeth Zollinger, Telefon und Fax +41 (0)44 252 09 18, Email: <a href=\"mailto:info@irish-culture.ch\">info@irish-culture.ch<\/a>[\/vc_column_text][\/vc_column_inner][\/vc_row_inner][vc_row_inner][vc_column_inner][vc_separator][\/vc_column_inner][\/vc_row_inner][vc_row_inner][vc_column_inner width=&#8220;1\/4&#8243;][vc_column_text]<b>FLUG<\/b>[\/vc_column_text][\/vc_column_inner][vc_column_inner width=&#8220;3\/4&#8243;][vc_column_text]Fr\u00fch buchen lohnt sich: Platzzahl beschr\u00e4nkt und die Fl\u00fcge sind g\u00fcnstiger, je fr\u00fcher man sie buchen kann.[\/vc_column_text][\/vc_column_inner][\/vc_row_inner][vc_row_inner][vc_column_inner][vc_separator][\/vc_column_inner][\/vc_row_inner][vc_row_inner][vc_column_inner width=&#8220;1\/3&#8243;][vc_column_text]<b>INBEGRIFFEN<\/b>[\/vc_column_text][\/vc_column_inner][vc_column_inner width=&#8220;2\/3&#8243;][vc_column_text]<i class=\"fa fa-check icon-tick icon-tick--on\"><\/i>9 N\u00e4chte B+B, Basis DZ<\/p>\n<p><i class=\"fa fa-check icon-tick icon-tick--on\"><\/i>5 Nachtessen, 1 Mittagessen, 1 Lunch<\/p>\n<p><i class=\"fa fa-check icon-tick icon-tick--on\"><\/i>Alle\u00a0gemeinsamen Transporte.<\/p>\n<p><i class=\"fa fa-check icon-tick icon-tick--on\"><\/i>F\u00fchrungen, und andere Aktivit\u00e4ten gem\u00e4ss Programm.[\/vc_column_text][\/vc_column_inner][\/vc_row_inner][vc_row_inner][vc_column_inner][vc_separator][\/vc_column_inner][\/vc_row_inner][vc_row_inner][vc_column_inner width=&#8220;1\/3&#8243;][vc_column_text]<b>NICHT INBEGRIFFEN<\/b>[\/vc_column_text][\/vc_column_inner][vc_column_inner width=&#8220;2\/3&#8243;][vc_column_text]<i class=\"fa fa-times icon-tick icon-tick--off\"><\/i>Flug und Bus bis Galway.<\/p>\n<p><i class=\"fa fa-times icon-tick icon-tick--off\"><\/i>Reise bis Galway und ab Dublin Airport<\/p>\n<p><i class=\"fa fa-times icon-tick icon-tick--off\"><\/i>4 Nachtessen und Lunch (meistens Picknick).<\/p>\n<p><i class=\"fa fa-times icon-tick icon-tick--off\"><\/i>Getr\u00e4nke und Trinkgelder.[\/vc_column_text][\/vc_column_inner][\/vc_row_inner][vc_row_inner][vc_column_inner][vc_separator][\/vc_column_inner][\/vc_row_inner][vc_row_inner][vc_column_inner width=&#8220;1\/4&#8243;][vc_column_text]<b>UNTERK\u00dcNFTE<\/b>[\/vc_column_text][\/vc_column_inner][vc_column_inner width=&#8220;3\/4&#8243;][vc_column_text]3 N\u00e4chte im <a href=\"http:\/\/www.aranislands.ie\/accommodation\/inis-mor\/Kilmurvey-House\" target=\"_blank\">Kilmurvey House<\/a>, Inis M\u00f3r:\u00a0Kleines, sehr komfortables *** guesthouse mit freundlicher Landlady und gutem Essen.<\/p>\n<p>1 Nacht in sch\u00f6nen B+B&#8217;s in Adare<\/p>\n<p>3 N\u00e4chte im\u00a0Royal Valentia Hotel auf der Valentia Insel: dieses historische famili\u00e4r gef\u00fchrte **** Hotel vereint Luxus mit lokaler Gem\u00fctlichkeit, wundersch\u00f6ne, ruhige Lage und exzellente K\u00fcche.<\/p>\n<p>2 N\u00e4chte\u00a0im Lynhams Hotel in Laragh bei Glendalough: gem\u00fctliches famili\u00e4res Hotel in der N\u00e4he des Klosters Glendalough[\/vc_column_text][\/vc_column_inner][\/vc_row_inner][vc_row_inner][vc_column_inner][vc_separator][\/vc_column_inner][\/vc_row_inner][vc_row_inner][vc_column_inner width=&#8220;1\/4&#8243;][vc_column_text]<b>KOSTEN<\/b>[\/vc_column_text][\/vc_column_inner][vc_column_inner width=&#8220;3\/4&#8243;][vc_column_text]ca. CHF 1740.- bei 17\/18 T., Basis DZ,\u00a0Kleingruppenzuschlag: bei\u00a0 15\/16 T: CHF 90.-<\/p>\n<p>Beginn der Reise in Galway, Ende der Reise\u00a0im Flughafen Dublin.[\/vc_column_text][\/vc_column_inner][\/vc_row_inner][vc_row_inner][vc_column_inner][vc_separator][\/vc_column_inner][\/vc_row_inner][vc_row_inner][vc_column_inner width=&#8220;1\/4&#8243;][vc_column_text]<b>ZUSCHL\u00c4GE<\/b>[\/vc_column_text][\/vc_column_inner][vc_column_inner width=&#8220;3\/4&#8243;][vc_column_text]\u00a0 EZ: CHF 290.-. Da die meisten Unterk\u00fcnfte klein sind, gibt es\u00a0nicht viele EZ und wir sind froh, wenn auch TeilnehmerInnen, die sich nicht kennen,\u00a0bereit sind ein Zimmer zu teilen.<\/p>\n<p>&nbsp;<\/p>\n<p><strong>Zusatzn\u00e4chte<\/strong> in Galway, Dublin, Inishmore und Glendalough: ab CHF: 45.- \/Nacht im DZ[\/vc_column_text][\/vc_column_inner][\/vc_row_inner][\/vc_column][\/vc_row][vc_row][vc_column][vc_text_separator title=&#8220;Reiseleitung&#8220;][\/vc_column][\/vc_row][vc_row][vc_column width=&#8220;1\/3&#8243;][vc_single_image image=&#8220;1003&#8243;][\/vc_column][vc_column width=&#8220;2\/3&#8243;][vc_column_text]Die Keltische Kirche entstand, unabh\u00e4ngig von Rom, im 5.Jh. in\u00a0Irland und Schottland und war eine Verschmelzung von keltischer<br \/>\nund christlicher Spiritualit\u00e4t. Nach dem Untergang des r\u00f6mischen\u00a0Reiches kamen zahlreiche irische M\u00f6nche, wie Kolumban und St.Gallus, nach Europa und brachten die Ideen des keltischen Christentums\u00a0zu uns. Sie wurden von der r\u00f6mischen Kirche bek\u00e4mpft.<\/p>\n<p>Mit dem Einmarsch der Anglo-Normannen in Irland und der Synode von Cashel wurde\u00a0diese andere Kirche im 12. Jh. endg\u00fcltig zerst\u00f6rt. In diesen zehn Tagen wandern wir auf\u00a0den Spuren der keltischen M\u00f6nche und lernen ihre Auffassung von Christentum kennen,\u00a0die sich nicht nur in Aeusserlichkeiten wie Tonsur und Kleidung von der r\u00f6mischen\u00a0Kirche unterschied. Sie war keine st\u00e4dtische Kirche, nicht auf einer hierarchischen\u00a0Machtstruktur aufgebaut und war verbunden mit grosser Ehrfurcht f\u00fcr die Natur. Gott\u00a0war in allem pr\u00e4sent und die Frau wurde h\u00f6her geachtet. Ob wohl unsere Welt heute\u00a0anders aussehen w\u00fcrde, wenn die irische und nicht die r\u00f6mische Kirche \u00fcberlebt h\u00e4tte?[\/vc_column_text][\/vc_column][\/vc_row][vc_row][vc_column width=&#8220;2\/3&#8243;][vc_column_text]Elizabeth Zollinger, Malerin aus Z\u00fcrich, lebt seit 1974 teilzeitlich\u00a0auf der Insel Inishmore und ist stark mit der Insel, den Menschen<br \/>\nund ihrer Kultur verbunden. So gr\u00fcndete sie 1996 in Zusammenarbeit\u00a0mit InsulanerInnen das Projekt \u201eCeltic Spirit\u201c mit dem Ziel,<br \/>\nirisch-keltische Kultur zu vermitteln und einen sinnvollen Tourismus\u00a0auf der Insel aufzubauen.[\/vc_column_text][\/vc_column][vc_column width=&#8220;1\/3&#8243;][vc_single_image image=&#8220;861&#8243;][\/vc_column][\/vc_row][vc_row][vc_column][vc_column_text]<br \/>\n[\/vc_column_text][\/vc_column][\/vc_row][vc_row][vc_column][vc_separator][\/vc_column][\/vc_row][vc_row][vc_column width=&#8220;1\/2&#8243;][vc_column_text]<\/p>\n<h4>Laden Sie das Detailprogramm <a href=\"https:\/\/www.celticexperience.net\/de\/wp-content\/uploads\/2018\/10\/Heiligenreise-pdf-2019.pdf\" target=\"_blank\">hier <\/a>&gt;&gt;<\/h4>\n<p>[\/vc_column_text][\/vc_column][vc_column width=&#8220;1\/2&#8243;][vc_btn title=&#8220;Heiligenreise&#8220; color=&#8220;primary&#8220; i_icon_fontawesome=&#8220;fa fa-file-pdf-o&#8220; add_icon=&#8220;true&#8220; link=&#8220;url: https%3A%2F%2Fwww.celticexperience.net%2Fde%2Fwp-content%2Fuploads%2F2018%2F10%2FHeiligenreise-pdf-2019.pdf||target:%20_blank|&#8220;][\/vc_column][\/vc_row]<\/p>\n","protected":false},"excerpt":{"rendered":"<p>[vc_row][vc_column][vc_column_text] Auf den Spuren der fr\u00fchchristlichen keltischen Heiligen in Irland Entdecken Sie mit uns drei der wichtigsten Pl\u00e4tze der fr\u00fchchristlichen irisch- keltischen Kirche und tauchen Sie ein in die Energie, Kraft und Stille dieser heiligen Orte, an die sich die irischen M\u00f6nche vor 1400 Jahren auf ihrem spirituellen Weg zur\u00fcckgezogen haben. Begleitet werden Sie von<\/p>\n<div class=\"padding-top text-center\"><a href=\"https:\/\/www.celticexperience.net\/de\/tours\/auf-den-spuren-der-fruehchristlichen-keltischen-heiligen-in-irland\/\" class=\"atbtn atbtn--medium atbtn--rounded atbtn--transparent\">Read more<i class=\"atbtn__icon atbtn__icon--right fa fa-long-arrow-right\"><\/i><\/a><\/div>\n","protected":false},"featured_media":857,"comment_status":"open","ping_status":"closed","template":"","meta":[],"product_cat":[178],"product_tag":[326,328,275,325,327],"yoast_head":"<!-- This site is optimized with the Yoast SEO plugin v17.5 - https:\/\/yoast.com\/wordpress\/plugins\/seo\/ -->\n<title>Auf den Spuren der fr\u00fchchristlichen Heiligen in Irland<\/title>\n<meta name=\"description\" content=\"Ein spannendes Programm zum Thema Keltische Kirche und fr\u00fchchristliche Heilige auf den Inseln Inishmore, Skellig Micheal und Glendalough.\" \/>\n<meta name=\"robots\" content=\"index, follow, max-snippet:-1, max-image-preview:large, max-video-preview:-1\" \/>\n<link rel=\"canonical\" href=\"https:\/\/www.celticexperience.net\/de\/produkt\/auf-den-spuren-der-fruehchristlichen-keltischen-heiligen-in-irland\/\" \/>\n<meta property=\"og:locale\" content=\"de_DE\" \/>\n<meta property=\"og:type\" content=\"article\" \/>\n<meta property=\"og:title\" content=\"Auf den Spuren der fr\u00fchchristlichen Heiligen in Irland\" \/>\n<meta property=\"og:description\" content=\"Ein spannendes Programm zum Thema Keltische Kirche und fr\u00fchchristliche Heilige auf den Inseln Inishmore, Skellig Micheal und Glendalough.\" \/>\n<meta property=\"og:url\" content=\"https:\/\/www.celticexperience.net\/de\/produkt\/auf-den-spuren-der-fruehchristlichen-keltischen-heiligen-in-irland\/\" \/>\n<meta property=\"og:site_name\" content=\"Celtic Spirit\" \/>\n<meta property=\"article:modified_time\" content=\"2024-11-21T09:44:49+00:00\" \/>\n<meta property=\"og:image\" content=\"https:\/\/www.celticexperience.net\/de\/wp-content\/uploads\/2015\/07\/Inis-M\u00f3r-Aran-Islands.jpg\" \/>\n\t<meta property=\"og:image:width\" content=\"1000\" \/>\n\t<meta property=\"og:image:height\" content=\"748\" \/>\n<meta name=\"twitter:card\" content=\"summary\" \/>\n<meta name=\"twitter:label1\" content=\"Gesch\u00e4tzte Lesezeit\" \/>\n\t<meta name=\"twitter:data1\" content=\"6\u00a0Minuten\" \/>\n<script type=\"application\/ld+json\" class=\"yoast-schema-graph\">{\"@context\":\"https:\/\/schema.org\",\"@graph\":[{\"@type\":\"WebSite\",\"@id\":\"https:\/\/www.celticexperience.net\/de\/#website\",\"url\":\"https:\/\/www.celticexperience.net\/de\/\",\"name\":\"Celtic Spirit\",\"description\":\"Irish Cultural Holidays\",\"potentialAction\":[{\"@type\":\"SearchAction\",\"target\":{\"@type\":\"EntryPoint\",\"urlTemplate\":\"https:\/\/www.celticexperience.net\/de\/?s={search_term_string}\"},\"query-input\":\"required name=search_term_string\"}],\"inLanguage\":\"de\"},{\"@type\":\"ImageObject\",\"@id\":\"https:\/\/www.celticexperience.net\/de\/produkt\/auf-den-spuren-der-fruehchristlichen-keltischen-heiligen-in-irland\/#primaryimage\",\"inLanguage\":\"de\",\"url\":\"https:\/\/www.celticexperience.net\/de\/wp-content\/uploads\/2015\/07\/Inis-M\\u00f3r-Aran-Islands.jpg\",\"contentUrl\":\"https:\/\/www.celticexperience.net\/de\/wp-content\/uploads\/2015\/07\/Inis-M\\u00f3r-Aran-Islands.jpg\",\"width\":1000,\"height\":748,\"caption\":\"Celtic Monks Tour - Inis M\\u00f3r\"},{\"@type\":\"WebPage\",\"@id\":\"https:\/\/www.celticexperience.net\/de\/produkt\/auf-den-spuren-der-fruehchristlichen-keltischen-heiligen-in-irland\/#webpage\",\"url\":\"https:\/\/www.celticexperience.net\/de\/produkt\/auf-den-spuren-der-fruehchristlichen-keltischen-heiligen-in-irland\/\",\"name\":\"Auf den Spuren der fr\\u00fchchristlichen Heiligen in Irland\",\"isPartOf\":{\"@id\":\"https:\/\/www.celticexperience.net\/de\/#website\"},\"primaryImageOfPage\":{\"@id\":\"https:\/\/www.celticexperience.net\/de\/produkt\/auf-den-spuren-der-fruehchristlichen-keltischen-heiligen-in-irland\/#primaryimage\"},\"datePublished\":\"2015-12-02T12:34:30+00:00\",\"dateModified\":\"2024-11-21T09:44:49+00:00\",\"description\":\"Ein spannendes Programm zum Thema Keltische Kirche und fr\\u00fchchristliche Heilige auf den Inseln Inishmore, Skellig Micheal und Glendalough.\",\"breadcrumb\":{\"@id\":\"https:\/\/www.celticexperience.net\/de\/produkt\/auf-den-spuren-der-fruehchristlichen-keltischen-heiligen-in-irland\/#breadcrumb\"},\"inLanguage\":\"de\",\"potentialAction\":[{\"@type\":\"ReadAction\",\"target\":[\"https:\/\/www.celticexperience.net\/de\/produkt\/auf-den-spuren-der-fruehchristlichen-keltischen-heiligen-in-irland\/\"]}]},{\"@type\":\"BreadcrumbList\",\"@id\":\"https:\/\/www.celticexperience.net\/de\/produkt\/auf-den-spuren-der-fruehchristlichen-keltischen-heiligen-in-irland\/#breadcrumb\",\"itemListElement\":[{\"@type\":\"ListItem\",\"position\":1,\"name\":\"Home\",\"item\":\"https:\/\/www.celticexperience.net\/de\/\"},{\"@type\":\"ListItem\",\"position\":2,\"name\":\"Produkte\",\"item\":\"https:\/\/www.celticexperience.net\/de\/shop\/\"},{\"@type\":\"ListItem\",\"position\":3,\"name\":\"Auf den Spuren der fr\\u00fchchristlichen keltischen Heiligen in Irland\"}]}]}<\/script>\n<!-- \/ Yoast SEO plugin. -->","yoast_head_json":{"title":"Auf den Spuren der fr\u00fchchristlichen Heiligen in Irland","description":"Ein spannendes Programm zum Thema Keltische Kirche und fr\u00fchchristliche Heilige auf den Inseln Inishmore, Skellig Micheal und Glendalough.","robots":{"index":"index","follow":"follow","max-snippet":"max-snippet:-1","max-image-preview":"max-image-preview:large","max-video-preview":"max-video-preview:-1"},"canonical":"https:\/\/www.celticexperience.net\/de\/produkt\/auf-den-spuren-der-fruehchristlichen-keltischen-heiligen-in-irland\/","og_locale":"de_DE","og_type":"article","og_title":"Auf den Spuren der fr\u00fchchristlichen Heiligen in Irland","og_description":"Ein spannendes Programm zum Thema Keltische Kirche und fr\u00fchchristliche Heilige auf den Inseln Inishmore, Skellig Micheal und Glendalough.","og_url":"https:\/\/www.celticexperience.net\/de\/produkt\/auf-den-spuren-der-fruehchristlichen-keltischen-heiligen-in-irland\/","og_site_name":"Celtic Spirit","article_modified_time":"2024-11-21T09:44:49+00:00","og_image":[{"width":1000,"height":748,"url":"https:\/\/www.celticexperience.net\/de\/wp-content\/uploads\/2015\/07\/Inis-M\u00f3r-Aran-Islands.jpg","type":"image\/jpeg"}],"twitter_card":"summary","twitter_misc":{"Gesch\u00e4tzte Lesezeit":"6\u00a0Minuten"},"schema":{"@context":"https:\/\/schema.org","@graph":[{"@type":"WebSite","@id":"https:\/\/www.celticexperience.net\/de\/#website","url":"https:\/\/www.celticexperience.net\/de\/","name":"Celtic Spirit","description":"Irish Cultural Holidays","potentialAction":[{"@type":"SearchAction","target":{"@type":"EntryPoint","urlTemplate":"https:\/\/www.celticexperience.net\/de\/?s={search_term_string}"},"query-input":"required name=search_term_string"}],"inLanguage":"de"},{"@type":"ImageObject","@id":"https:\/\/www.celticexperience.net\/de\/produkt\/auf-den-spuren-der-fruehchristlichen-keltischen-heiligen-in-irland\/#primaryimage","inLanguage":"de","url":"https:\/\/www.celticexperience.net\/de\/wp-content\/uploads\/2015\/07\/Inis-M\u00f3r-Aran-Islands.jpg","contentUrl":"https:\/\/www.celticexperience.net\/de\/wp-content\/uploads\/2015\/07\/Inis-M\u00f3r-Aran-Islands.jpg","width":1000,"height":748,"caption":"Celtic Monks Tour - Inis M\u00f3r"},{"@type":"WebPage","@id":"https:\/\/www.celticexperience.net\/de\/produkt\/auf-den-spuren-der-fruehchristlichen-keltischen-heiligen-in-irland\/#webpage","url":"https:\/\/www.celticexperience.net\/de\/produkt\/auf-den-spuren-der-fruehchristlichen-keltischen-heiligen-in-irland\/","name":"Auf den Spuren der fr\u00fchchristlichen Heiligen in Irland","isPartOf":{"@id":"https:\/\/www.celticexperience.net\/de\/#website"},"primaryImageOfPage":{"@id":"https:\/\/www.celticexperience.net\/de\/produkt\/auf-den-spuren-der-fruehchristlichen-keltischen-heiligen-in-irland\/#primaryimage"},"datePublished":"2015-12-02T12:34:30+00:00","dateModified":"2024-11-21T09:44:49+00:00","description":"Ein spannendes Programm zum Thema Keltische Kirche und fr\u00fchchristliche Heilige auf den Inseln Inishmore, Skellig Micheal und Glendalough.","breadcrumb":{"@id":"https:\/\/www.celticexperience.net\/de\/produkt\/auf-den-spuren-der-fruehchristlichen-keltischen-heiligen-in-irland\/#breadcrumb"},"inLanguage":"de","potentialAction":[{"@type":"ReadAction","target":["https:\/\/www.celticexperience.net\/de\/produkt\/auf-den-spuren-der-fruehchristlichen-keltischen-heiligen-in-irland\/"]}]},{"@type":"BreadcrumbList","@id":"https:\/\/www.celticexperience.net\/de\/produkt\/auf-den-spuren-der-fruehchristlichen-keltischen-heiligen-in-irland\/#breadcrumb","itemListElement":[{"@type":"ListItem","position":1,"name":"Home","item":"https:\/\/www.celticexperience.net\/de\/"},{"@type":"ListItem","position":2,"name":"Produkte","item":"https:\/\/www.celticexperience.net\/de\/shop\/"},{"@type":"ListItem","position":3,"name":"Auf den Spuren der fr\u00fchchristlichen keltischen Heiligen in Irland"}]}]}},"_links":{"self":[{"href":"https:\/\/www.celticexperience.net\/de\/wp-json\/wp\/v2\/product\/1002"}],"collection":[{"href":"https:\/\/www.celticexperience.net\/de\/wp-json\/wp\/v2\/product"}],"about":[{"href":"https:\/\/www.celticexperience.net\/de\/wp-json\/wp\/v2\/types\/product"}],"replies":[{"embeddable":true,"href":"https:\/\/www.celticexperience.net\/de\/wp-json\/wp\/v2\/comments?post=1002"}],"wp:featuredmedia":[{"embeddable":true,"href":"https:\/\/www.celticexperience.net\/de\/wp-json\/wp\/v2\/media\/857"}],"wp:attachment":[{"href":"https:\/\/www.celticexperience.net\/de\/wp-json\/wp\/v2\/media?parent=1002"}],"wp:term":[{"taxonomy":"product_cat","embeddable":true,"href":"https:\/\/www.celticexperience.net\/de\/wp-json\/wp\/v2\/product_cat?post=1002"},{"taxonomy":"product_tag","embeddable":true,"href":"https:\/\/www.celticexperience.net\/de\/wp-json\/wp\/v2\/product_tag?post=1002"}],"curies":[{"name":"wp","href":"https:\/\/api.w.org\/{rel}","templated":true}]}}