{"id":946,"date":"2015-11-17T15:17:13","date_gmt":"2015-11-17T15:17:13","guid":{"rendered":"http:\/\/www.celticexperience.net\/?page_id=946"},"modified":"2023-10-25T18:15:35","modified_gmt":"2023-10-25T18:15:35","slug":"haus-zu-vermieten","status":"publish","type":"page","link":"https:\/\/www.celticexperience.net\/de\/haus-zu-vermieten\/","title":{"rendered":"Haus zu vermieten"},"content":{"rendered":"<p>[vc_row][vc_column][vc_row_inner][vc_column_inner][vc_media_grid gap=&#8220;20&#8243; grid_id=&#8220;vc_gid:1698257664935-946b8c8d-5ef3-2&#8243; include=&#8220;1259,1260,1263&#8243;][\/vc_column_inner][\/vc_row_inner][vc_custom_heading text=&#8220;Haus zu vermieten auf der Insel Inis M\u00f3r, Aran Islands, Co.Galway, Ireland&#8220; google_fonts=&#8220;font_family:Oxygen%3A300%2Cregular%2C700|font_style:700%20bold%20regular%3A700%3Anormal&#8220;][vc_column_text]Warm, gem\u00fctlich, ruhig, komfortabel, weit weg vom Touristenstrom<\/p>\n<p>Erreichbar von Galway per Boot oder Flugzeug[\/vc_column_text][vc_row_inner][vc_column_inner][vc_column_text]<i class=\"fa fa-check icon-tick icon-tick--on\"><\/i> gem\u00fctliches, warmes Haus mit wundersch\u00f6ner Sicht aufs Meer, weit weg vom Touristenstrom gelegen<\/p>\n<p><i class=\"fa fa-check icon-tick icon-tick--on\"><\/i> nette, hilfsbereite Nachbarn<\/p>\n<p><i class=\"fa fa-check icon-tick icon-tick--on\"><\/i> bei Ankunft Minibus vom Hafen direkt zum Haus, weitere Transporte mit Taxi oder Fahrrad mieten<\/p>\n<p><i class=\"fa fa-check icon-tick icon-tick--on\"><\/i> das Haus ist neu renoviert, gut isoliert, hat Zentralheizung und einen gem\u00fctlichen warmen Kohleofen. Es kann deshalb auch gut im Winter bewohnt werden<\/p>\n<p><i class=\"fa fa-check icon-tick icon-tick--on\"><\/i> grosser Wohnraum mit offener K\u00fcche<\/p>\n<p><i class=\"fa fa-check icon-tick icon-tick--on\"><\/i> zwei Schlafzimmer (ein Doppel- und zwei Einerbetten, Futon im Wohnraum<\/p>\n<p><i class=\"fa fa-check icon-tick icon-tick--on\"><\/i> Badezimmer mit Dusche\/Bad<\/p>\n<p><i class=\"fa fa-check icon-tick icon-tick--on\"><\/i> Waschmaschine, B\u00fcgelbrett, B\u00fcgeleisen, WIFI, TV, DVD, Video, Radio, CD\/Kassettenplayer<\/p>\n<p><i class=\"fa fa-check icon-tick icon-tick--on\"><\/i> Spannende B\u00fccher (deutsch\/englisch)<\/p>\n<p><i class=\"fa fa-check icon-tick icon-tick--on\"><\/i> Viel Raum um&#8217;s Haus, kleiner Wintergarten[\/vc_column_text][\/vc_column_inner][\/vc_row_inner][\/vc_column][\/vc_row][vc_row][vc_column][vc_media_grid element_width=&#8220;3&#8243; grid_id=&#8220;vc_gid:1698257664941-9573e772-6ef9-9&#8243; include=&#8220;1270,1271,1268,1269&#8243;][\/vc_column][\/vc_row][vc_row][vc_column][vc_row_inner][vc_column_inner][vc_column_text]<\/p>\n<h3>Was hat die Insel anzubieten:<\/h3>\n<p><i class=\"fa fa-check icon-tick icon-tick--on\"><\/i> zahlreiche abwechslungsreiche Wanderungen ( hohe Klippen, weite Str\u00e4nde, Sandd\u00fcnen, Seehundbucht etc)<\/p>\n<p><i class=\"fa fa-check icon-tick icon-tick--on\"><\/i> Besichtigung der zahlreichen pr\u00e4historischen, keltischen und fr\u00fchchristlichen Pl\u00e4tze<\/p>\n<p><i class=\"fa fa-check icon-tick icon-tick--on\"><\/i> Fahrrad mieten, fischen, Besuch der anderen zwei Inseln, Musik im Pub<\/p>\n<p><i class=\"fa fa-check icon-tick icon-tick--on\"><\/i> Kontakt mit Nachbarn und vielleicht einmal gar nichts tun und m\u00fcssen<\/p>\n<p>Der Winter mit seinen St\u00fcrmen und dem magischen atlantischen Licht ist eine ganz besondere Zeit. Der Fr\u00fchling beginnt im Februar und endet im Mai mit einer wundersch\u00f6nen Blumenbl\u00fcte. Im Mai und Juni kann es schon sommerlich warm sein.<\/p>\n<p>[\/vc_column_text][\/vc_column_inner][\/vc_row_inner][\/vc_column][\/vc_row][vc_row][vc_column][vc_media_grid element_width=&#8220;3&#8243; grid_id=&#8220;vc_gid:1698257664948-9529fd30-09cf-3&#8243; include=&#8220;1079,1211,1078,1202&#8243;][\/vc_column][\/vc_row][vc_row][vc_column][vc_custom_heading text=&#8220;Kosten&#8220; google_fonts=&#8220;font_family:Oxygen%3A300%2Cregular%2C700|font_style:700%20bold%20regular%3A700%3Anormal&#8220;][vc_column_text]<\/p>\n<table class=\"table table-bordered tours-tabs__table\" style=\"height: 233px;\" width=\"862\">\n<tbody>\n<tr>\n<td><strong>Januar\/Februar\/November:<\/strong><\/td>\n<td>\u20ac390.- \/ Woche, ab zwei Wochen: \u20ac 350.- \/ Woche<\/td>\n<\/tr>\n<tr>\n<td><strong>M\u00e4rz\/April\/Okt.:<\/strong><\/td>\n<td>\u20ac480.- \/ Woche , ab zwei Wochen: \u20ac 440.- \/ Woche<\/td>\n<\/tr>\n<tr>\n<td><strong>Mai\/Juni\/September\/Weihnachten:<\/strong><\/td>\n<td>\u20ac530.- \/ Woche , ab zwei Wochen: \u20ac 490.- \/ Woche<\/td>\n<\/tr>\n<tr>\n<td><strong>Juli\/August<\/strong>:<\/td>\n<td>\u20ac580.- \/ Woche , ab zwei Wochen: \u20ac 550.- \/ Woche<\/td>\n<\/tr>\n<tr>\n<td>G\u00fcnstigere Miete f\u00fcr l\u00e4ngere Mietdauer\n<p><strong>\u00a0<\/strong><\/p><\/td>\n<td><\/td>\n<\/tr>\n<tr>\n<td><b><strong><span class=\"top\">Nebenkosten<\/span><\/strong>:<br \/>\n<\/b><\/td>\n<td>\u20ac60 &#8211; 90.-\/ Woche , (Oel, Elektrisch, Kohle und Gas)<\/td>\n<\/tr>\n<tr>\n<td><strong><span class=\"top\">Reinigung<\/span><\/strong>:<\/td>\n<td>\u20ac70.- es kann auch selber geputzt werden, das Haus ist pflegeleicht.<\/td>\n<\/tr>\n<\/tbody>\n<\/table>\n<p>[\/vc_column_text][\/vc_column][\/vc_row][vc_row][vc_column][vc_btn title=&#8220;F\u00fcr mehr Information setzen Sie sich bitte mit mir in Verbindung&#8220; style=&#8220;outline-custom&#8220; outline_custom_color=&#8220;#043b69&#8243; outline_custom_hover_background=&#8220;#ebcd38&#8243; outline_custom_hover_text=&#8220;#043b69&#8243; size=&#8220;lg&#8220; align=&#8220;center&#8220; i_align=&#8220;right&#8220; i_type=&#8220;typicons&#8220; i_icon_typicons=&#8220;typcn typcn-mail&#8220; button_block=&#8220;true&#8220; add_icon=&#8220;true&#8220; link=&#8220;url:http%3A%2F%2Fwww.celticexperience.net%2Fde%2Fkontakt%2F||&#8220;][\/vc_column][\/vc_row]<\/p>\n","protected":false},"excerpt":{"rendered":"<p>[vc_row][vc_column][vc_row_inner][vc_column_inner][vc_media_grid gap=&#8220;20&#8243; grid_id=&#8220;vc_gid:1698257664935-946b8c8d-5ef3-2&#8243; include=&#8220;1259,1260,1263&#8243;][\/vc_column_inner][\/vc_row_inner][vc_custom_heading text=&#8220;Haus zu vermieten auf der Insel Inis M\u00f3r, Aran Islands, Co.Galway, Ireland&#8220; google_fonts=&#8220;font_family:Oxygen%3A300%2Cregular%2C700|font_style:700%20bold%20regular%3A700%3Anormal&#8220;][vc_column_text]Warm, gem\u00fctlich, ruhig, komfortabel, weit weg vom Touristenstrom Erreichbar von Galway per Boot oder Flugzeug[\/vc_column_text][vc_row_inner][vc_column_inner][vc_column_text] gem\u00fctliches, warmes Haus mit wundersch\u00f6ner Sicht aufs Meer, weit weg vom Touristenstrom gelegen nette, hilfsbereite Nachbarn bei Ankunft Minibus vom Hafen direkt zum Haus,<\/p>\n<div class=\"padding-top text-center\"><a href=\"https:\/\/www.celticexperience.net\/de\/haus-zu-vermieten\/\" class=\"atbtn atbtn--medium atbtn--rounded atbtn--transparent\">Read more<i class=\"atbtn__icon atbtn__icon--right fa fa-long-arrow-right\"><\/i><\/a><\/div>\n","protected":false},"author":3,"featured_media":0,"parent":0,"menu_order":7,"comment_status":"open","ping_status":"open","template":"template-boxed.php","meta":[],"yoast_head":"<!-- This site is optimized with the Yoast SEO plugin v17.5 - https:\/\/yoast.com\/wordpress\/plugins\/seo\/ -->\n<title>Haus zu vermieten auf der Insel Inishmore, Aran Islands<\/title>\n<meta name=\"description\" content=\"Haus zu vermieten auf der Insel Inis M\u00f3r, Aran Islands, Co.Galway, Ireland mit wundersch\u00f6ner Meersicht und abseits Touristenstrom\" \/>\n<meta name=\"robots\" content=\"index, follow, max-snippet:-1, max-image-preview:large, max-video-preview:-1\" \/>\n<link rel=\"canonical\" href=\"https:\/\/www.celticexperience.net\/de\/haus-zu-vermieten\/\" \/>\n<meta property=\"og:locale\" content=\"de_DE\" \/>\n<meta property=\"og:type\" content=\"article\" \/>\n<meta property=\"og:title\" content=\"Haus zu vermieten auf der Insel Inishmore, Aran Islands\" \/>\n<meta property=\"og:description\" content=\"Haus zu vermieten auf der Insel Inis M\u00f3r, Aran Islands, Co.Galway, Ireland mit wundersch\u00f6ner Meersicht und abseits Touristenstrom\" \/>\n<meta property=\"og:url\" content=\"https:\/\/www.celticexperience.net\/de\/haus-zu-vermieten\/\" \/>\n<meta property=\"og:site_name\" content=\"Celtic Spirit\" \/>\n<meta property=\"article:modified_time\" content=\"2023-10-25T18:15:35+00:00\" \/>\n<meta name=\"twitter:card\" content=\"summary\" \/>\n<meta name=\"twitter:label1\" content=\"Gesch\u00e4tzte Lesezeit\" \/>\n\t<meta name=\"twitter:data1\" content=\"2\u00a0Minuten\" \/>\n<script type=\"application\/ld+json\" class=\"yoast-schema-graph\">{\"@context\":\"https:\/\/schema.org\",\"@graph\":[{\"@type\":\"WebSite\",\"@id\":\"https:\/\/www.celticexperience.net\/de\/#website\",\"url\":\"https:\/\/www.celticexperience.net\/de\/\",\"name\":\"Celtic Spirit\",\"description\":\"Irish Cultural Holidays\",\"potentialAction\":[{\"@type\":\"SearchAction\",\"target\":{\"@type\":\"EntryPoint\",\"urlTemplate\":\"https:\/\/www.celticexperience.net\/de\/?s={search_term_string}\"},\"query-input\":\"required name=search_term_string\"}],\"inLanguage\":\"de\"},{\"@type\":\"WebPage\",\"@id\":\"https:\/\/www.celticexperience.net\/de\/haus-zu-vermieten\/#webpage\",\"url\":\"https:\/\/www.celticexperience.net\/de\/haus-zu-vermieten\/\",\"name\":\"Haus zu vermieten auf der Insel Inishmore, Aran Islands\",\"isPartOf\":{\"@id\":\"https:\/\/www.celticexperience.net\/de\/#website\"},\"datePublished\":\"2015-11-17T15:17:13+00:00\",\"dateModified\":\"2023-10-25T18:15:35+00:00\",\"description\":\"Haus zu vermieten auf der Insel Inis M\\u00f3r, Aran Islands, Co.Galway, Ireland mit wundersch\\u00f6ner Meersicht und abseits Touristenstrom\",\"breadcrumb\":{\"@id\":\"https:\/\/www.celticexperience.net\/de\/haus-zu-vermieten\/#breadcrumb\"},\"inLanguage\":\"de\",\"potentialAction\":[{\"@type\":\"ReadAction\",\"target\":[\"https:\/\/www.celticexperience.net\/de\/haus-zu-vermieten\/\"]}]},{\"@type\":\"BreadcrumbList\",\"@id\":\"https:\/\/www.celticexperience.net\/de\/haus-zu-vermieten\/#breadcrumb\",\"itemListElement\":[{\"@type\":\"ListItem\",\"position\":1,\"name\":\"Home\",\"item\":\"https:\/\/www.celticexperience.net\/de\/\"},{\"@type\":\"ListItem\",\"position\":2,\"name\":\"Haus zu vermieten\"}]}]}<\/script>\n<!-- \/ Yoast SEO plugin. -->","yoast_head_json":{"title":"Haus zu vermieten auf der Insel Inishmore, Aran Islands","description":"Haus zu vermieten auf der Insel Inis M\u00f3r, Aran Islands, Co.Galway, Ireland mit wundersch\u00f6ner Meersicht und abseits Touristenstrom","robots":{"index":"index","follow":"follow","max-snippet":"max-snippet:-1","max-image-preview":"max-image-preview:large","max-video-preview":"max-video-preview:-1"},"canonical":"https:\/\/www.celticexperience.net\/de\/haus-zu-vermieten\/","og_locale":"de_DE","og_type":"article","og_title":"Haus zu vermieten auf der Insel Inishmore, Aran Islands","og_description":"Haus zu vermieten auf der Insel Inis M\u00f3r, Aran Islands, Co.Galway, Ireland mit wundersch\u00f6ner Meersicht und abseits Touristenstrom","og_url":"https:\/\/www.celticexperience.net\/de\/haus-zu-vermieten\/","og_site_name":"Celtic Spirit","article_modified_time":"2023-10-25T18:15:35+00:00","twitter_card":"summary","twitter_misc":{"Gesch\u00e4tzte Lesezeit":"2\u00a0Minuten"},"schema":{"@context":"https:\/\/schema.org","@graph":[{"@type":"WebSite","@id":"https:\/\/www.celticexperience.net\/de\/#website","url":"https:\/\/www.celticexperience.net\/de\/","name":"Celtic Spirit","description":"Irish Cultural Holidays","potentialAction":[{"@type":"SearchAction","target":{"@type":"EntryPoint","urlTemplate":"https:\/\/www.celticexperience.net\/de\/?s={search_term_string}"},"query-input":"required name=search_term_string"}],"inLanguage":"de"},{"@type":"WebPage","@id":"https:\/\/www.celticexperience.net\/de\/haus-zu-vermieten\/#webpage","url":"https:\/\/www.celticexperience.net\/de\/haus-zu-vermieten\/","name":"Haus zu vermieten auf der Insel Inishmore, Aran Islands","isPartOf":{"@id":"https:\/\/www.celticexperience.net\/de\/#website"},"datePublished":"2015-11-17T15:17:13+00:00","dateModified":"2023-10-25T18:15:35+00:00","description":"Haus zu vermieten auf der Insel Inis M\u00f3r, Aran Islands, Co.Galway, Ireland mit wundersch\u00f6ner Meersicht und abseits Touristenstrom","breadcrumb":{"@id":"https:\/\/www.celticexperience.net\/de\/haus-zu-vermieten\/#breadcrumb"},"inLanguage":"de","potentialAction":[{"@type":"ReadAction","target":["https:\/\/www.celticexperience.net\/de\/haus-zu-vermieten\/"]}]},{"@type":"BreadcrumbList","@id":"https:\/\/www.celticexperience.net\/de\/haus-zu-vermieten\/#breadcrumb","itemListElement":[{"@type":"ListItem","position":1,"name":"Home","item":"https:\/\/www.celticexperience.net\/de\/"},{"@type":"ListItem","position":2,"name":"Haus zu vermieten"}]}]}},"_links":{"self":[{"href":"https:\/\/www.celticexperience.net\/de\/wp-json\/wp\/v2\/pages\/946"}],"collection":[{"href":"https:\/\/www.celticexperience.net\/de\/wp-json\/wp\/v2\/pages"}],"about":[{"href":"https:\/\/www.celticexperience.net\/de\/wp-json\/wp\/v2\/types\/page"}],"author":[{"embeddable":true,"href":"https:\/\/www.celticexperience.net\/de\/wp-json\/wp\/v2\/users\/3"}],"replies":[{"embeddable":true,"href":"https:\/\/www.celticexperience.net\/de\/wp-json\/wp\/v2\/comments?post=946"}],"version-history":[{"count":24,"href":"https:\/\/www.celticexperience.net\/de\/wp-json\/wp\/v2\/pages\/946\/revisions"}],"predecessor-version":[{"id":1521,"href":"https:\/\/www.celticexperience.net\/de\/wp-json\/wp\/v2\/pages\/946\/revisions\/1521"}],"wp:attachment":[{"href":"https:\/\/www.celticexperience.net\/de\/wp-json\/wp\/v2\/media?parent=946"}],"curies":[{"name":"wp","href":"https:\/\/api.w.org\/{rel}","templated":true}]}}