{"id":927,"date":"2015-11-17T12:34:24","date_gmt":"2015-11-17T12:34:24","guid":{"rendered":"http:\/\/www.celticexperience.net\/?page_id=927"},"modified":"2016-03-01T09:14:03","modified_gmt":"2016-03-01T09:14:03","slug":"die-insel-inishmore","status":"publish","type":"page","link":"https:\/\/www.celticexperience.net\/de\/die-insel-inishmore\/","title":{"rendered":"Die Insel Inishmore"},"content":{"rendered":"<p>[vc_row][vc_column][vc_custom_heading text=&#8220;Die Insel Inis M\u00f3r&#8220; google_fonts=&#8220;font_family:Oxygen%3A300%2Cregular%2C700|font_style:700%20bold%20regular%3A700%3Anormal&#8220;][vc_column_text]Die Aran Inseln, ganz aus Kalkstein gebildet, liegen ca.45 km von Galway entfernt.<\/p>\n<p>Sie bestehen aus drei Inseln: Inis M\u00f3r (die Grosse), Inis \u00d3irr (die S\u00fcdliche) und Inis Me\u00e1in (die Mittlere). Inis M\u00f3r, die grosse Insel ist 13 km lang und 3.5 km breit. Es leben ca. 900 Menschen hier. Vor 150 Jahren waren es noch um die 2000!<\/p>\n<p>Die Insel kann zu Fuss, mit dem Fahrrad, mit Pferd und Wagen oder mit dem Minibus erkundet werden. Es besteht eine Schiffsverbindung von Galway, Rossaveal (Connemara) und von Doolin und eine Flugverbindung von Inverin (Connemara).<\/p>\n<p>Inis M\u00f3r bietet alles was speziell und charakteristisch ist an den Aran Inseln: eine einmalige, urhafte und vielseitige Landschaft, viele spannende arch\u00e4ologische St\u00e4tten aus verschiedenen Epochen, kunstvoll gebaute Steinmauern, die sich \u00fcber viele tausend Kilometer erstrecken, Klippen- und K\u00fcstenwanderungen \u00fcber unendliche Karstfelder und Menschen, die ihre uralte keltische Tradition noch heute leben. [\/vc_column_text][vc_row_inner][vc_column_inner width=&#8220;2\/3&#8243;][vc_column_text]Inis M\u00f3r bietet alles was speziell und charakteristisch ist an den Aran Inseln: eine einmalige, urhafte und vielseitige Landschaft, viele spannende arch\u00e4ologische St\u00e4tten aus verschiedenen Epochen, kunstvoll gebaute Steinmauern, die sich \u00fcber viele tausend Kilometer erstrecken, Klippen- und K\u00fcstenwanderungen \u00fcber unendliche Karstfelder und Menschen, die ihre uralte keltische Tradition noch heute leben. [\/vc_column_text][\/vc_column_inner][vc_column_inner width=&#8220;1\/3&#8243;][vc_single_image image=&#8220;1078&#8243;][\/vc_column_inner][\/vc_row_inner][vc_row_inner][vc_column_inner width=&#8220;1\/3&#8243;][vc_single_image image=&#8220;1079&#8243;][\/vc_column_inner][vc_column_inner width=&#8220;2\/3&#8243;][vc_column_text]An klaren Tagen sieht man die Kette der geheimnisvollen Berge von Connemara. Man findet goldene Sandstr\u00e4nde und nicht weniger als 437 verschiedene Pflanzenarten wachsen auf der Insel. [\/vc_column_text][\/vc_column_inner][\/vc_row_inner][vc_row_inner][vc_column_inner width=&#8220;2\/3&#8243;][vc_column_text]Am Seehundplatz kann man bei Ebbe bis zu 20 Seehunde beobachten und mit etwas Gl\u00fcck sieht man an einem stillen Tag die Delphine um die Insel spielen. [\/vc_column_text][\/vc_column_inner][vc_column_inner width=&#8220;1\/3&#8243;][vc_single_image image=&#8220;1081&#8243;][\/vc_column_inner][\/vc_row_inner][vc_row_inner][vc_column_inner width=&#8220;1\/3&#8243;][vc_single_image image=&#8220;1082&#8243;][\/vc_column_inner][vc_column_inner width=&#8220;2\/3&#8243;][vc_column_text]Man kann unter anderem zahlreiche fr\u00fchchristliche Klostersiedlungen entdecken, Ringburgen (oder Tempel?) aus der Bronzezeit sowie zwei megalithische Gr\u00e4ber. Von den Ringburgen ist Dun Aonghasa die bedeutendste ihrer Art in Europa. Nirgendwo in Irland findet man so viele arch\u00e4ologische St\u00e4tten und heilige Pl\u00e4tze auf so kleinem Raum wie auf dieser Insel. Sie ist ein wahres \u201eOutdoor-Museum\u201c.<\/p>\n<p>Die keltische Liebe f\u00fcr Musik, Tanz und Gesang (vor allem Sean-n\u00f3s) ist noch immer sp\u00fcrbar. Diese inspirierende Insel ist der Geburtsort von einigen bekannten Schriftstellern wie Liam \u00d3 Flaherty und Mairt\u00edn \u00d3 Dire\u00e1in.[\/vc_column_text][\/vc_column_inner][\/vc_row_inner][vc_row_inner][vc_column_inner width=&#8220;2\/3&#8243;][vc_column_text]Seit Jahrhunderten hat die Insel Denker, Tr\u00e4umer, K\u00fcnstler und andere Suchende angezogen und in der fr\u00fchchristlichen Zeit war sie neben Rom und Jerusalem der wichtigste Pilgerort. [\/vc_column_text][\/vc_column_inner][vc_column_inner width=&#8220;1\/3&#8243;][vc_single_image image=&#8220;1083&#8243;][\/vc_column_inner][\/vc_row_inner][\/vc_column][\/vc_row][vc_row][vc_column width=&#8220;1\/2&#8243;][vc_column_text]<\/p>\n<blockquote><p><em>\u201eEs gibt vier Stationen zwischen Himmel und Erde wo Seelen gereinigt werden: Adams Paradies&#8230;&#8230;.,Rom, Aran und Jerusalem. Kein Engel der nach Irland kam um den Galliern zu helfen kehrte in den Himmel zur\u00fcck ohne Aran besucht zu<br \/>\nhaben. Wenn die Menschen verstehen w\u00fcrden, wie sehr Gott Aran liebt, w\u00fcrden sie alle kommen, um an diesem Segen teilzuhaben.\u201c<\/em><\/p><\/blockquote>\n<p><em><strong>Cormac Mac Cuileannn\u00e1in, Bischof von Cashel, gest. 908 n.Chr.<\/strong><\/em>[\/vc_column_text][\/vc_column][vc_column width=&#8220;1\/2&#8243;][vc_column_text] Auch heute noch ist diese spezielle Atmosph\u00e4re vorhanden und wird von suchenden Menschen wahrgenommen. Die Insel lebt ihren eigenen Rhythmus, die Zeit scheint stillzustehen.<\/p>\n<p>Diejenigen die die Insel nur f\u00fcr kurze Zeit besuchen, k\u00f6nnen kaum etwas von der Ausstrahlung dieses mystischen Ortes sp\u00fcren.<br \/>\nIn den Celtic Spirit Kulturwochen k\u00f6nnen Sie gemeinsam mit den InselbewohnerInnen den Reichtum dieser einzigartigen Kultur entdecken, ihre eigenen Wurzeln sp\u00fcren und in der noch unverdorbenen Natur Kraft sch\u00f6pfen und zur Ruhe kommen. [\/vc_column_text][\/vc_column][\/vc_row]<\/p>\n","protected":false},"excerpt":{"rendered":"<p>[vc_row][vc_column][vc_custom_heading text=&#8220;Die Insel Inis M\u00f3r&#8220; google_fonts=&#8220;font_family:Oxygen%3A300%2Cregular%2C700|font_style:700%20bold%20regular%3A700%3Anormal&#8220;][vc_column_text]Die Aran Inseln, ganz aus Kalkstein gebildet, liegen ca.45 km von Galway entfernt. Sie bestehen aus drei Inseln: Inis M\u00f3r (die Grosse), Inis \u00d3irr (die S\u00fcdliche) und Inis Me\u00e1in (die Mittlere). Inis M\u00f3r, die grosse Insel ist 13 km lang und 3.5 km breit. Es leben ca. 900 Menschen hier.<\/p>\n<div class=\"padding-top text-center\"><a href=\"https:\/\/www.celticexperience.net\/de\/die-insel-inishmore\/\" class=\"atbtn atbtn--medium atbtn--rounded atbtn--transparent\">Read more<i class=\"atbtn__icon atbtn__icon--right fa fa-long-arrow-right\"><\/i><\/a><\/div>\n","protected":false},"author":3,"featured_media":0,"parent":0,"menu_order":4,"comment_status":"open","ping_status":"open","template":"template-boxed.php","meta":[],"yoast_head":"<!-- This site is optimized with the Yoast SEO plugin v17.5 - https:\/\/yoast.com\/wordpress\/plugins\/seo\/ -->\n<title>Die Insel Inishmore, Aran Inseln<\/title>\n<meta name=\"description\" content=\"Die Aran Inseln, ganz aus Kalkstein gebildet, liegen ca.45 km von Galway entfernt.\" \/>\n<meta name=\"robots\" content=\"index, follow, max-snippet:-1, max-image-preview:large, max-video-preview:-1\" \/>\n<link rel=\"canonical\" href=\"https:\/\/www.celticexperience.net\/de\/die-insel-inishmore\/\" \/>\n<meta property=\"og:locale\" content=\"de_DE\" \/>\n<meta property=\"og:type\" content=\"article\" \/>\n<meta property=\"og:title\" content=\"Die Insel Inishmore, Aran Inseln\" \/>\n<meta property=\"og:description\" content=\"Die Aran Inseln, ganz aus Kalkstein gebildet, liegen ca.45 km von Galway entfernt.\" \/>\n<meta property=\"og:url\" content=\"https:\/\/www.celticexperience.net\/de\/die-insel-inishmore\/\" \/>\n<meta property=\"og:site_name\" content=\"Celtic Spirit\" \/>\n<meta property=\"article:modified_time\" content=\"2016-03-01T09:14:03+00:00\" \/>\n<meta name=\"twitter:card\" content=\"summary\" \/>\n<meta name=\"twitter:label1\" content=\"Gesch\u00e4tzte Lesezeit\" \/>\n\t<meta name=\"twitter:data1\" content=\"4\u00a0Minuten\" \/>\n<script type=\"application\/ld+json\" class=\"yoast-schema-graph\">{\"@context\":\"https:\/\/schema.org\",\"@graph\":[{\"@type\":\"WebSite\",\"@id\":\"https:\/\/www.celticexperience.net\/de\/#website\",\"url\":\"https:\/\/www.celticexperience.net\/de\/\",\"name\":\"Celtic Spirit\",\"description\":\"Irish Cultural Holidays\",\"potentialAction\":[{\"@type\":\"SearchAction\",\"target\":{\"@type\":\"EntryPoint\",\"urlTemplate\":\"https:\/\/www.celticexperience.net\/de\/?s={search_term_string}\"},\"query-input\":\"required name=search_term_string\"}],\"inLanguage\":\"de\"},{\"@type\":\"WebPage\",\"@id\":\"https:\/\/www.celticexperience.net\/de\/die-insel-inishmore\/#webpage\",\"url\":\"https:\/\/www.celticexperience.net\/de\/die-insel-inishmore\/\",\"name\":\"Die Insel Inishmore, Aran Inseln\",\"isPartOf\":{\"@id\":\"https:\/\/www.celticexperience.net\/de\/#website\"},\"datePublished\":\"2015-11-17T12:34:24+00:00\",\"dateModified\":\"2016-03-01T09:14:03+00:00\",\"description\":\"Die Aran Inseln, ganz aus Kalkstein gebildet, liegen ca.45 km von Galway entfernt.\",\"breadcrumb\":{\"@id\":\"https:\/\/www.celticexperience.net\/de\/die-insel-inishmore\/#breadcrumb\"},\"inLanguage\":\"de\",\"potentialAction\":[{\"@type\":\"ReadAction\",\"target\":[\"https:\/\/www.celticexperience.net\/de\/die-insel-inishmore\/\"]}]},{\"@type\":\"BreadcrumbList\",\"@id\":\"https:\/\/www.celticexperience.net\/de\/die-insel-inishmore\/#breadcrumb\",\"itemListElement\":[{\"@type\":\"ListItem\",\"position\":1,\"name\":\"Home\",\"item\":\"https:\/\/www.celticexperience.net\/de\/\"},{\"@type\":\"ListItem\",\"position\":2,\"name\":\"Die Insel Inishmore\"}]}]}<\/script>\n<!-- \/ Yoast SEO plugin. -->","yoast_head_json":{"title":"Die Insel Inishmore, Aran Inseln","description":"Die Aran Inseln, ganz aus Kalkstein gebildet, liegen ca.45 km von Galway entfernt.","robots":{"index":"index","follow":"follow","max-snippet":"max-snippet:-1","max-image-preview":"max-image-preview:large","max-video-preview":"max-video-preview:-1"},"canonical":"https:\/\/www.celticexperience.net\/de\/die-insel-inishmore\/","og_locale":"de_DE","og_type":"article","og_title":"Die Insel Inishmore, Aran Inseln","og_description":"Die Aran Inseln, ganz aus Kalkstein gebildet, liegen ca.45 km von Galway entfernt.","og_url":"https:\/\/www.celticexperience.net\/de\/die-insel-inishmore\/","og_site_name":"Celtic Spirit","article_modified_time":"2016-03-01T09:14:03+00:00","twitter_card":"summary","twitter_misc":{"Gesch\u00e4tzte Lesezeit":"4\u00a0Minuten"},"schema":{"@context":"https:\/\/schema.org","@graph":[{"@type":"WebSite","@id":"https:\/\/www.celticexperience.net\/de\/#website","url":"https:\/\/www.celticexperience.net\/de\/","name":"Celtic Spirit","description":"Irish Cultural Holidays","potentialAction":[{"@type":"SearchAction","target":{"@type":"EntryPoint","urlTemplate":"https:\/\/www.celticexperience.net\/de\/?s={search_term_string}"},"query-input":"required name=search_term_string"}],"inLanguage":"de"},{"@type":"WebPage","@id":"https:\/\/www.celticexperience.net\/de\/die-insel-inishmore\/#webpage","url":"https:\/\/www.celticexperience.net\/de\/die-insel-inishmore\/","name":"Die Insel Inishmore, Aran Inseln","isPartOf":{"@id":"https:\/\/www.celticexperience.net\/de\/#website"},"datePublished":"2015-11-17T12:34:24+00:00","dateModified":"2016-03-01T09:14:03+00:00","description":"Die Aran Inseln, ganz aus Kalkstein gebildet, liegen ca.45 km von Galway entfernt.","breadcrumb":{"@id":"https:\/\/www.celticexperience.net\/de\/die-insel-inishmore\/#breadcrumb"},"inLanguage":"de","potentialAction":[{"@type":"ReadAction","target":["https:\/\/www.celticexperience.net\/de\/die-insel-inishmore\/"]}]},{"@type":"BreadcrumbList","@id":"https:\/\/www.celticexperience.net\/de\/die-insel-inishmore\/#breadcrumb","itemListElement":[{"@type":"ListItem","position":1,"name":"Home","item":"https:\/\/www.celticexperience.net\/de\/"},{"@type":"ListItem","position":2,"name":"Die Insel Inishmore"}]}]}},"_links":{"self":[{"href":"https:\/\/www.celticexperience.net\/de\/wp-json\/wp\/v2\/pages\/927"}],"collection":[{"href":"https:\/\/www.celticexperience.net\/de\/wp-json\/wp\/v2\/pages"}],"about":[{"href":"https:\/\/www.celticexperience.net\/de\/wp-json\/wp\/v2\/types\/page"}],"author":[{"embeddable":true,"href":"https:\/\/www.celticexperience.net\/de\/wp-json\/wp\/v2\/users\/3"}],"replies":[{"embeddable":true,"href":"https:\/\/www.celticexperience.net\/de\/wp-json\/wp\/v2\/comments?post=927"}],"version-history":[{"count":12,"href":"https:\/\/www.celticexperience.net\/de\/wp-json\/wp\/v2\/pages\/927\/revisions"}],"predecessor-version":[{"id":1247,"href":"https:\/\/www.celticexperience.net\/de\/wp-json\/wp\/v2\/pages\/927\/revisions\/1247"}],"wp:attachment":[{"href":"https:\/\/www.celticexperience.net\/de\/wp-json\/wp\/v2\/media?parent=927"}],"curies":[{"name":"wp","href":"https:\/\/api.w.org\/{rel}","templated":true}]}}