{"id":905,"date":"2015-11-13T15:51:05","date_gmt":"2015-11-13T15:51:05","guid":{"rendered":"http:\/\/www.celticexperience.net\/?page_id=905"},"modified":"2018-11-01T19:27:18","modified_gmt":"2018-11-01T19:27:18","slug":"projekt-celtic-spirit","status":"publish","type":"page","link":"https:\/\/www.celticexperience.net\/de\/projekt-celtic-spirit\/","title":{"rendered":"Projekt Celtic Spirit"},"content":{"rendered":"<p>[vc_row][vc_column][vc_custom_heading text=&#8220;Das Projekt \u00ab Celtic Spirit \u00bb&#8220; google_fonts=&#8220;font_family:Oxygen%3A300%2Cregular%2C700|font_style:700%20bold%20regular%3A700%3Anormal&#8220;][vc_column_text]<a href=\"https:\/\/www.celticexperience.net\/de\/wp-content\/uploads\/2015\/07\/eliz3.jpg\"><img loading=\"lazy\" class=\"alignright wp-image-861\" src=\"https:\/\/www.celticexperience.net\/de\/wp-content\/uploads\/2015\/07\/eliz3.jpg\" alt=\"eliz3\" width=\"150\" height=\"150\" \/><\/a>Seit 1974 lebt Elizabeth Zollinger, Z\u00fcrcher Malerin, teilzeitlich auf Inis M\u00f3r. Sie f\u00fchlt sich mit den Menschen der Insel und ihrer Kultur stark verbunden. Deshalb startete sie 1996 in Zusammenarbeit mit der Inselbev\u00f6lkerung das Projekt \u201eCeltic Spirit\u201c, eine Serie von Kulturwochen, mit dem Ziel, die irisch-keltische Kultur zu vermitteln und lebendig zu erhalten und damit einen sinnvollen Tourismus aufzubauen.[\/vc_column_text][vc_row_inner][vc_column_inner width=&#8220;5\/6&#8243;][vc_column_text]<\/p>\n<blockquote><p><em>\u201eLebensfrohe, warmherzige Menschen waren es, die mich auf der Insel Fuss fassen liessen, Menschen die zu ihrer vielf\u00e4ltigen, alten Kultur Sorge tragen. \u00a0<\/em><\/p><\/blockquote>\n<blockquote><p><em>Die urt\u00fcmliche Sch\u00f6nheit der Natur, die ungest\u00fcme Kraft des Atlantiks und vor allem das geheimnisvolle Licht und das intensive Spiel der Farben inspirierten mich als Malerin. Gr\u00fcnde genug um Jahr f\u00fcr Jahr an diesen faszinierenden Ort zur\u00fcckzukehren.<\/em><\/p><\/blockquote>\n<blockquote><p><em><br \/>\nBei geheimnisvollen pr\u00e4historischen und keltischen Pl\u00e4tzen sp\u00fcrte ich den Reichtum vergangener Zeiten, der in den vielen Legenden, T\u00e4nzen und Ges\u00e4ngen weiterlebt.<\/em><\/p>\n<p>All diese Erfahrungen fliessen in die Kulturwochen ein, und lassen Ihre Inselferien bestimmt zu einem unvergesslichen Erlebnis werden.\u201c<\/p><\/blockquote>\n<p><em>\u201eF\u00e1ilte go h\u00c1rann\u201c<\/em><br \/>\nElizabeth Zollinger[\/vc_column_text][\/vc_column_inner][vc_column_inner width=&#8220;1\/6&#8243;][\/vc_column_inner][\/vc_row_inner][\/vc_column][\/vc_row][vc_row][vc_column][vc_custom_heading text=&#8220;Organisation und Team&#8220; google_fonts=&#8220;font_family:Oxygen%3A300%2Cregular%2C700|font_style:700%20bold%20regular%3A700%3Anormal&#8220;][vc_row_inner][vc_column_inner width=&#8220;1\/3&#8243;][vc_column_text]Elizabeth Zollinger, Malerin. Organsation<\/p>\n<p>Treasa N\u00ed Mhioll\u00e1in, Sean-n\u00f3s S\u00e4ngerin, Assistenz<\/p>\n<p>Tony Ryan, Tanzlehrer<\/p>\n<p>Niall de B\u00farca, Geschichtenerz\u00e4hler<\/p>\n<p>Dominic Monaghan, Arch\u00e4ologe[\/vc_column_text][\/vc_column_inner][vc_column_inner width=&#8220;1\/3&#8243;][vc_column_text]Dara \u00d3 Mhaoidhia, Experte f\u00fcr keltische Spiritualit\u00e4t<\/p>\n<p>Liz Weir, Geschichtenerz\u00e4hlerin<\/p>\n<p>Prannie Rhatigan, Algenspezialistin<\/p>\n<p>Vincent Mac Cear\u00e1in, Korbflechter und Fischer<\/p>\n<p>und viele andere junge und alte InselbewonherInnen[\/vc_column_text][\/vc_column_inner][vc_column_inner width=&#8220;1\/3&#8243;][vc_single_image image=&#8220;1072&#8243;][\/vc_column_inner][\/vc_row_inner][\/vc_column][\/vc_row][vc_row][vc_column][vc_column_text]<\/p>\n<h3 style=\"text-align: center;\"><strong>Das Projekt steht auf zwei Pfeilern:<\/strong><\/h3>\n<p>[\/vc_column_text][vc_row_inner][vc_column_inner width=&#8220;1\/2&#8243;]<div class=\"ult_pricing_table_wrap ult_info_table ult_design_6  ult-cs-blue \">\r\n\t\t\t\t\t<div class=\"ult_pricing_table \" style=\" \"><div class=\"ult_pricing_heading\" style=\"\">\r\n\t\t\t\t\t\t\t<h3 style=\"font-weight:normal;\">Kulturwochen auf Inishmore, Aran Islands<\/h3><h5 style=\"font-weight:normal;\">f\u00fcr Gruppen von 8-14 TeilnehmerInnen Ich organisiere auch spezielle k\u00fcrzere und l\u00e4ngere Programme f\u00fcr private Gruppen.<\/h5><\/div><!--ult_pricing_heading--><div class=\"ult_price_body_block\" style=\"\">\r\n\t\t\t\t\t\t\t<div class=\"ult_price_body\">\r\n\t\t\t\t\t\t\t\t<div class=\"ult_price\">\r\n\t\t\t\t\t\t\t\t\t<div class=\"ult-just-icon-wrapper \"><div class=\"align-icon\" style=\"text-align:center;\">\n<div class=\"aio-icon none \"  style=\"color:#efcf37;font-size:32px;display:inline-block;\">\n\t<i class=\"Defaults-suitcase\"><\/i>\n<\/div><\/div><\/div>\r\n\t\t\t\t\t\t\t\t<\/div>\r\n\t\t\t\t\t\t\t<\/div>\r\n\t\t\t\t\t\t<\/div><!--ult_price_body_block--><div class=\"ult_price_features\" style=\"font-weight:normal;\">\r\n\t\t\t\t\t\t\t\r\n\t\t\t\t\t\t<\/div><!--ult_price_features--><div class=\"ult_price_link\" style=\"\">\r\n\t\t\t\t\t\t\t<a href=\"http:\/\/www.celticexperience.net\/de\/programme-fuer-gruppen\/\" target=\"\" class=\"ult_price_action_button\" style=\" font-weight:normal;\">Weiterlesen...<\/a>\r\n\t\t\t\t\t\t<\/div><!--ult_price_link--><div class=\"ult_clr\"><\/div>\r\n\t\t\t<\/div><!--pricing_table-->\r\n\t\t<\/div><!--pricing_table_wrap-->[\/vc_column_inner][vc_column_inner width=&#8220;1\/2&#8243;]<div class=\"ult_pricing_table_wrap ult_info_table ult_design_6  ult-cs-blue \">\r\n\t\t\t\t\t<div class=\"ult_pricing_table \" style=\" \"><div class=\"ult_pricing_heading\" style=\"\">\r\n\t\t\t\t\t\t\t<h3 style=\"font-weight:normal;\">Konzerte und Workshops in der Schweiz<\/h3><h5 style=\"font-weight:normal;\">mit den besten K\u00fcnstlern und Lehrern Irlands<\/h5><\/div><!--ult_pricing_heading--><div class=\"ult_price_body_block\" style=\"\">\r\n\t\t\t\t\t\t\t<div class=\"ult_price_body\">\r\n\t\t\t\t\t\t\t\t<div class=\"ult_price\">\r\n\t\t\t\t\t\t\t\t\t<div class=\"ult-just-icon-wrapper \"><div class=\"align-icon\" style=\"text-align:center;\">\n<div class=\"aio-icon none \"  style=\"color:#efcf37;font-size:32px;display:inline-block;\">\n\t<i class=\"Defaults-music\"><\/i>\n<\/div><\/div><\/div>\r\n\t\t\t\t\t\t\t\t<\/div>\r\n\t\t\t\t\t\t\t<\/div>\r\n\t\t\t\t\t\t<\/div><!--ult_price_body_block--><div class=\"ult_price_features\" style=\"font-weight:normal;\">\r\n\t\t\t\t\t\t\t\r\n\t\t\t\t\t\t<\/div><!--ult_price_features--><div class=\"ult_price_link\" style=\"\">\r\n\t\t\t\t\t\t\t<a href=\"http:\/\/www.celticexperience.net\/de\/aktivitaeten-in-der-schweiz\/\" target=\"\" class=\"ult_price_action_button\" style=\" font-weight:normal;\">Weiterlesen...<\/a>\r\n\t\t\t\t\t\t<\/div><!--ult_price_link--><div class=\"ult_clr\"><\/div>\r\n\t\t\t<\/div><!--pricing_table-->\r\n\t\t<\/div><!--pricing_table_wrap-->[\/vc_column_inner][\/vc_row_inner][\/vc_column][\/vc_row][vc_row][vc_column width=&#8220;2\/3&#8243;][vc_custom_heading text=&#8220;Die Kulturwochen&#8220; google_fonts=&#8220;font_family:Oxygen%3A300%2Cregular%2C700|font_style:400%20regular%3A400%3Anormal&#8220;][vc_column_text]In den sorgf\u00e4ltig gestalteten Kulturwochen k\u00f6nnen Sie das reiche irisch-keltische Erbe hautnah erleben. Sie sind der Schl\u00fcssel zu einer Welt, die Ihnen ganz neue Horizonte erschliesst, ein Fenster, das dem normalen Touristen verschlossen bleibt.<\/p>\n<p>Die Programme entstehen in enger Zusammenarbeit mit Inselbewohner-Innen, die auch die meisten Aktivit\u00e4ten leiten. So ist eine authentische Vermittlung garantiert. Mit ihrer spontanen humorvollen Art sprechen sie eine Sprache, die man auch ohne Englischkenntnisse versteht. Eine deutsche Uebersetzung wird angeboten.<\/p>\n<p>Die Programme mit 8-14 TeilnehmerInnen konzentrieren sich auf folgende Themen:<\/p>\n<p><i class=\"fa fa-check icon-tick icon-tick--on\"><\/i>Setdancing<br \/>\n<i class=\"fa fa-check icon-tick icon-tick--on\"><\/i>G\u00e4lische Ges\u00e4nge (sean-n\u00f3s)<br \/>\n<i class=\"fa fa-check icon-tick icon-tick--on\"><\/i>Mythen, Legenden und Geschichten<br \/>\n<i class=\"fa fa-check icon-tick icon-tick--on\"><\/i>Keltische Weisheit<br \/>\n<i class=\"fa fa-check icon-tick icon-tick--on\"><\/i>Arch\u00e4ologie und Geologie der Insel<br \/>\n<i class=\"fa fa-check icon-tick icon-tick--on\"><\/i>Gef\u00fchrte Wanderungen und Bootsfahrten<br \/>\n<i class=\"fa fa-check icon-tick icon-tick--on\"><\/i>Traditionelles Korbflechten und Fischen[\/vc_column_text][\/vc_column][vc_column width=&#8220;1\/3&#8243;][vc_custom_heading text=&#8220;Unterkunft&#8220; google_fonts=&#8220;font_family:Oxygen%3A300%2Cregular%2C700|font_style:400%20regular%3A400%3Anormal&#8220;][vc_row_inner][vc_column_inner][vc_single_image image=&#8220;1073&#8243; style=&#8220;vc_box_rounded&#8220;][vc_column_text]Das herrschaftliche Kilmurveyhouse ist unweit eines sch\u00f6nen Strandes und in der N\u00e4he des lokalen Pubs gelegen. Treasa, die freundliche Besitzerin pflegt die ber\u00fchmte traditionelle irische Gastfreundschaft. Sie verw\u00f6hnt ihre G\u00e4ste mit einer fantasievollen K\u00fcche. Paare und Familien sind in diesem Gasthaus genauso willkommen wie Alleinreisende. Alle Zimmer haben Dusche, WC und Telefon.[\/vc_column_text][\/vc_column_inner][\/vc_row_inner][vc_separator][vc_row_inner][vc_column_inner][vc_single_image image=&#8220;1074&#8243; style=&#8220;vc_box_rounded&#8220;][vc_column_text]Die Aktivit\u00e4ten finden im Zentrum \u201eCreig-an-Ch\u00e9ir\u00edn\u201c statt, mit gross- artiger Sicht \u00fcbers Meer und auf die Berge von Connemara. Die G\u00e4ste werden mit dem Minibus vom Gasthaus zum Zentrum gefahren.[\/vc_column_text][\/vc_column_inner][\/vc_row_inner][\/vc_column][\/vc_row]<\/p>\n","protected":false},"excerpt":{"rendered":"<p>[vc_row][vc_column][vc_custom_heading text=&#8220;Das Projekt \u00ab Celtic Spirit \u00bb&#8220; google_fonts=&#8220;font_family:Oxygen%3A300%2Cregular%2C700|font_style:700%20bold%20regular%3A700%3Anormal&#8220;][vc_column_text]Seit 1974 lebt Elizabeth Zollinger, Z\u00fcrcher Malerin, teilzeitlich auf Inis M\u00f3r. Sie f\u00fchlt sich mit den Menschen der Insel und ihrer Kultur stark verbunden. Deshalb startete sie 1996 in Zusammenarbeit mit der Inselbev\u00f6lkerung das Projekt \u201eCeltic Spirit\u201c, eine Serie von Kulturwochen, mit dem Ziel, die irisch-keltische Kultur zu<\/p>\n<div class=\"padding-top text-center\"><a href=\"https:\/\/www.celticexperience.net\/de\/projekt-celtic-spirit\/\" class=\"atbtn atbtn--medium atbtn--rounded atbtn--transparent\">Read more<i class=\"atbtn__icon atbtn__icon--right fa fa-long-arrow-right\"><\/i><\/a><\/div>\n","protected":false},"author":3,"featured_media":0,"parent":0,"menu_order":3,"comment_status":"open","ping_status":"open","template":"template-boxed.php","meta":[],"yoast_head":"<!-- This site is optimized with the Yoast SEO plugin v17.5 - https:\/\/yoast.com\/wordpress\/plugins\/seo\/ -->\n<title>Projekt Celtic Spirit<\/title>\n<meta name=\"description\" content=\"Elizabeth Zollinger\u00a0startete 1996 in Zusammenarbeit mit der Inselbev\u00f6lkerung das Projekt \u201eCeltic Spirit\u201c, eine Serie von Kulturwochen.\u00a0\" \/>\n<meta name=\"robots\" content=\"index, follow, max-snippet:-1, max-image-preview:large, max-video-preview:-1\" \/>\n<link rel=\"canonical\" href=\"https:\/\/www.celticexperience.net\/de\/projekt-celtic-spirit\/\" \/>\n<meta property=\"og:locale\" content=\"de_DE\" \/>\n<meta property=\"og:type\" content=\"article\" \/>\n<meta property=\"og:title\" content=\"Projekt Celtic Spirit\" \/>\n<meta property=\"og:description\" content=\"Elizabeth Zollinger\u00a0startete 1996 in Zusammenarbeit mit der Inselbev\u00f6lkerung das Projekt \u201eCeltic Spirit\u201c, eine Serie von Kulturwochen.\u00a0\" \/>\n<meta property=\"og:url\" content=\"https:\/\/www.celticexperience.net\/de\/projekt-celtic-spirit\/\" \/>\n<meta property=\"og:site_name\" content=\"Celtic Spirit\" \/>\n<meta property=\"article:modified_time\" content=\"2018-11-01T19:27:18+00:00\" \/>\n<meta property=\"og:image\" content=\"https:\/\/www.celticexperience.net\/de\/wp-content\/uploads\/2015\/07\/eliz3.jpg\" \/>\n<meta name=\"twitter:card\" content=\"summary\" \/>\n<meta name=\"twitter:label1\" content=\"Gesch\u00e4tzte Lesezeit\" \/>\n\t<meta name=\"twitter:data1\" content=\"4\u00a0Minuten\" \/>\n<script type=\"application\/ld+json\" class=\"yoast-schema-graph\">{\"@context\":\"https:\/\/schema.org\",\"@graph\":[{\"@type\":\"WebSite\",\"@id\":\"https:\/\/www.celticexperience.net\/de\/#website\",\"url\":\"https:\/\/www.celticexperience.net\/de\/\",\"name\":\"Celtic Spirit\",\"description\":\"Irish Cultural Holidays\",\"potentialAction\":[{\"@type\":\"SearchAction\",\"target\":{\"@type\":\"EntryPoint\",\"urlTemplate\":\"https:\/\/www.celticexperience.net\/de\/?s={search_term_string}\"},\"query-input\":\"required name=search_term_string\"}],\"inLanguage\":\"de\"},{\"@type\":\"ImageObject\",\"@id\":\"https:\/\/www.celticexperience.net\/de\/projekt-celtic-spirit\/#primaryimage\",\"inLanguage\":\"de\",\"url\":\"https:\/\/www.celticexperience.net\/de\/wp-content\/uploads\/2015\/07\/eliz3.jpg\",\"contentUrl\":\"https:\/\/www.celticexperience.net\/de\/wp-content\/uploads\/2015\/07\/eliz3.jpg\",\"width\":150,\"height\":150,\"caption\":\"Elizabeth Zollinger von Celtic Spirit\"},{\"@type\":\"WebPage\",\"@id\":\"https:\/\/www.celticexperience.net\/de\/projekt-celtic-spirit\/#webpage\",\"url\":\"https:\/\/www.celticexperience.net\/de\/projekt-celtic-spirit\/\",\"name\":\"Projekt Celtic Spirit\",\"isPartOf\":{\"@id\":\"https:\/\/www.celticexperience.net\/de\/#website\"},\"primaryImageOfPage\":{\"@id\":\"https:\/\/www.celticexperience.net\/de\/projekt-celtic-spirit\/#primaryimage\"},\"datePublished\":\"2015-11-13T15:51:05+00:00\",\"dateModified\":\"2018-11-01T19:27:18+00:00\",\"description\":\"Elizabeth Zollinger\\u00a0startete 1996 in Zusammenarbeit mit der Inselbev\\u00f6lkerung das Projekt \\u201eCeltic Spirit\\u201c, eine Serie von Kulturwochen.\\u00a0\",\"breadcrumb\":{\"@id\":\"https:\/\/www.celticexperience.net\/de\/projekt-celtic-spirit\/#breadcrumb\"},\"inLanguage\":\"de\",\"potentialAction\":[{\"@type\":\"ReadAction\",\"target\":[\"https:\/\/www.celticexperience.net\/de\/projekt-celtic-spirit\/\"]}]},{\"@type\":\"BreadcrumbList\",\"@id\":\"https:\/\/www.celticexperience.net\/de\/projekt-celtic-spirit\/#breadcrumb\",\"itemListElement\":[{\"@type\":\"ListItem\",\"position\":1,\"name\":\"Home\",\"item\":\"https:\/\/www.celticexperience.net\/de\/\"},{\"@type\":\"ListItem\",\"position\":2,\"name\":\"Projekt Celtic Spirit\"}]}]}<\/script>\n<!-- \/ Yoast SEO plugin. -->","yoast_head_json":{"title":"Projekt Celtic Spirit","description":"Elizabeth Zollinger\u00a0startete 1996 in Zusammenarbeit mit der Inselbev\u00f6lkerung das Projekt \u201eCeltic Spirit\u201c, eine Serie von Kulturwochen.\u00a0","robots":{"index":"index","follow":"follow","max-snippet":"max-snippet:-1","max-image-preview":"max-image-preview:large","max-video-preview":"max-video-preview:-1"},"canonical":"https:\/\/www.celticexperience.net\/de\/projekt-celtic-spirit\/","og_locale":"de_DE","og_type":"article","og_title":"Projekt Celtic Spirit","og_description":"Elizabeth Zollinger\u00a0startete 1996 in Zusammenarbeit mit der Inselbev\u00f6lkerung das Projekt \u201eCeltic Spirit\u201c, eine Serie von Kulturwochen.\u00a0","og_url":"https:\/\/www.celticexperience.net\/de\/projekt-celtic-spirit\/","og_site_name":"Celtic Spirit","article_modified_time":"2018-11-01T19:27:18+00:00","og_image":[{"url":"https:\/\/www.celticexperience.net\/de\/wp-content\/uploads\/2015\/07\/eliz3.jpg"}],"twitter_card":"summary","twitter_misc":{"Gesch\u00e4tzte Lesezeit":"4\u00a0Minuten"},"schema":{"@context":"https:\/\/schema.org","@graph":[{"@type":"WebSite","@id":"https:\/\/www.celticexperience.net\/de\/#website","url":"https:\/\/www.celticexperience.net\/de\/","name":"Celtic Spirit","description":"Irish Cultural Holidays","potentialAction":[{"@type":"SearchAction","target":{"@type":"EntryPoint","urlTemplate":"https:\/\/www.celticexperience.net\/de\/?s={search_term_string}"},"query-input":"required name=search_term_string"}],"inLanguage":"de"},{"@type":"ImageObject","@id":"https:\/\/www.celticexperience.net\/de\/projekt-celtic-spirit\/#primaryimage","inLanguage":"de","url":"https:\/\/www.celticexperience.net\/de\/wp-content\/uploads\/2015\/07\/eliz3.jpg","contentUrl":"https:\/\/www.celticexperience.net\/de\/wp-content\/uploads\/2015\/07\/eliz3.jpg","width":150,"height":150,"caption":"Elizabeth Zollinger von Celtic Spirit"},{"@type":"WebPage","@id":"https:\/\/www.celticexperience.net\/de\/projekt-celtic-spirit\/#webpage","url":"https:\/\/www.celticexperience.net\/de\/projekt-celtic-spirit\/","name":"Projekt Celtic Spirit","isPartOf":{"@id":"https:\/\/www.celticexperience.net\/de\/#website"},"primaryImageOfPage":{"@id":"https:\/\/www.celticexperience.net\/de\/projekt-celtic-spirit\/#primaryimage"},"datePublished":"2015-11-13T15:51:05+00:00","dateModified":"2018-11-01T19:27:18+00:00","description":"Elizabeth Zollinger\u00a0startete 1996 in Zusammenarbeit mit der Inselbev\u00f6lkerung das Projekt \u201eCeltic Spirit\u201c, eine Serie von Kulturwochen.\u00a0","breadcrumb":{"@id":"https:\/\/www.celticexperience.net\/de\/projekt-celtic-spirit\/#breadcrumb"},"inLanguage":"de","potentialAction":[{"@type":"ReadAction","target":["https:\/\/www.celticexperience.net\/de\/projekt-celtic-spirit\/"]}]},{"@type":"BreadcrumbList","@id":"https:\/\/www.celticexperience.net\/de\/projekt-celtic-spirit\/#breadcrumb","itemListElement":[{"@type":"ListItem","position":1,"name":"Home","item":"https:\/\/www.celticexperience.net\/de\/"},{"@type":"ListItem","position":2,"name":"Projekt Celtic Spirit"}]}]}},"_links":{"self":[{"href":"https:\/\/www.celticexperience.net\/de\/wp-json\/wp\/v2\/pages\/905"}],"collection":[{"href":"https:\/\/www.celticexperience.net\/de\/wp-json\/wp\/v2\/pages"}],"about":[{"href":"https:\/\/www.celticexperience.net\/de\/wp-json\/wp\/v2\/types\/page"}],"author":[{"embeddable":true,"href":"https:\/\/www.celticexperience.net\/de\/wp-json\/wp\/v2\/users\/3"}],"replies":[{"embeddable":true,"href":"https:\/\/www.celticexperience.net\/de\/wp-json\/wp\/v2\/comments?post=905"}],"version-history":[{"count":22,"href":"https:\/\/www.celticexperience.net\/de\/wp-json\/wp\/v2\/pages\/905\/revisions"}],"predecessor-version":[{"id":1246,"href":"https:\/\/www.celticexperience.net\/de\/wp-json\/wp\/v2\/pages\/905\/revisions\/1246"}],"wp:attachment":[{"href":"https:\/\/www.celticexperience.net\/de\/wp-json\/wp\/v2\/media?parent=905"}],"curies":[{"name":"wp","href":"https:\/\/api.w.org\/{rel}","templated":true}]}}