{"id":901,"date":"2015-11-13T15:02:00","date_gmt":"2015-11-13T15:02:00","guid":{"rendered":"http:\/\/www.celticexperience.net\/?page_id=901"},"modified":"2016-03-01T09:04:41","modified_gmt":"2016-03-01T09:04:41","slug":"programme-fuer-gruppen","status":"publish","type":"page","link":"https:\/\/www.celticexperience.net\/de\/programme-fuer-gruppen\/","title":{"rendered":"Programme f\u00fcr Gruppen"},"content":{"rendered":"<p>[vc_row][vc_column][vc_column_text]<\/p>\n<h2 style=\"text-align: center;\">Massgeschneiderte Programme f\u00fcr Gruppen ab 8 Personen<\/h2>\n<p style=\"text-align: center;\">Ich erstelle individuelle Programme, zugeschnitten auf die speziellen W\u00fcnsche und Bed\u00fcrfnisse Ihrer Gruppe: f\u00fcr Volkstanzgruppen, Wandergruppen, Singlegruppen, Kirchgemeinden, Korbergruppen, Freundeskreise, Familienferien, Geburtstage und andere speziellen Anl\u00e4sse&#8230;.<\/p>\n<p style=\"text-align: center;\">Ich bin offen f\u00fcr neue Ideen.<\/p>\n<p>[\/vc_column_text][\/vc_column][\/vc_row][vc_row][vc_column][vc_separator css=&#8220;.vc_custom_1449159034899{padding-top: 10px !important;padding-bottom: 10px !important;}&#8220;][\/vc_column][\/vc_row][vc_row][vc_column width=&#8220;1\/3&#8243;][vc_column_text]<\/p>\n<p><b>PROGRAMME<\/b><\/p>\n<p>[\/vc_column_text][\/vc_column][vc_column width=&#8220;2\/3&#8243;][vc_column_text]Sie k\u00f6nnen eines der bestehenden Programme ausw\u00e4hlen und ich kann es Ihren Bed\u00fcrfnissen anpassen oder wir k\u00f6nnen ein ganz neues Programm kreieren. Ich bin spezialisiert auf Programme auf der Insel, kann aber, wenn gew\u00fcnscht, auch interessante Ziele auf dem Festland anbieten.[\/vc_column_text][\/vc_column][\/vc_row][vc_row][vc_column][vc_separator css=&#8220;.vc_custom_1449159034899{padding-top: 10px !important;padding-bottom: 10px !important;}&#8220;][\/vc_column][\/vc_row][vc_row][vc_column width=&#8220;1\/3&#8243;][vc_column_text]<b>DAUER<\/b>[\/vc_column_text][\/vc_column][vc_column width=&#8220;2\/3&#8243;][vc_column_text]5-12 Tage[\/vc_column_text][\/vc_column][\/vc_row][vc_row][vc_column][vc_separator css=&#8220;.vc_custom_1449159034899{padding-top: 10px !important;padding-bottom: 10px !important;}&#8220;][\/vc_column][\/vc_row][vc_row][vc_column width=&#8220;1\/3&#8243;][vc_column_text]<b>TEILNEHMERZAHL<\/b>[\/vc_column_text][\/vc_column][vc_column width=&#8220;2\/3&#8243;][vc_column_text]ab 8 TeilnehmerInnen ( falls Ihre Gruppe kleiner ist und offen, andere TeilnehmerInnen aufzunehmen, kann ich das Programm ausschreiben und ev. weitere TeilnehemerInnen finden)[\/vc_column_text][\/vc_column][\/vc_row][vc_row][vc_column][vc_separator css=&#8220;.vc_custom_1449159034899{padding-top: 10px !important;padding-bottom: 10px !important;}&#8220;][\/vc_column][\/vc_row][vc_row][vc_column width=&#8220;1\/3&#8243;][vc_column_text]<b>UNTERKUNFT<\/b>[\/vc_column_text][\/vc_column][vc_column width=&#8220;2\/3&#8243;][vc_column_text]<strong><span class=\"top\">Auf der Insel:<\/span><\/strong> w\u00e4hlen Sie zwischen dem luxuri\u00f6sen \u201eKilmurveyhouse\u201c, einem *** Gasthaus in einem ehemaligen Herrschaftshaus und der g\u00fcnstigeren Option in wundersch\u00f6nen, komfortablen Ferienh\u00e4usern, wo selber gekocht werden kann (Essen in Restaurants m\u00f6glich)[\/vc_column_text][\/vc_column][\/vc_row][vc_row][vc_column][vc_separator css=&#8220;.vc_custom_1449159034899{padding-top: 10px !important;padding-bottom: 10px !important;}&#8220;][\/vc_column][\/vc_row][vc_row][vc_column width=&#8220;1\/3&#8243;][vc_column_text]<b>PREISE<\/b>[\/vc_column_text][\/vc_column][vc_column width=&#8220;2\/3&#8243;][vc_column_text]Der Preis\/Person f\u00fcr Ihr spezielles Gruppenprogramm h\u00e4ngt von der Gruppengr\u00f6sse, von der Auswahl der Unterkunft und des Programms und von meinem zeitlichen Aufwand ab.<\/p>\n<p>Die Preise f\u00fcr bestehende Programme mit wenigen Aenderungen wird g\u00fcnstiger sein, als der Preis f\u00fcr ganz neue Programme und f\u00fcr Reisen auf dem Festland.[\/vc_column_text][\/vc_column][\/vc_row][vc_row][vc_column][vc_separator css=&#8220;.vc_custom_1449159034899{padding-top: 10px !important;padding-bottom: 10px !important;}&#8220;][\/vc_column][\/vc_row][vc_row][vc_column][vc_column_text]<\/p>\n<h3><span class=\"top\"> Beispiele von schon<\/span><span class=\"top\"> durc<\/span><span class=\"top\">hgef\u00fchrten<\/span><span class=\"top\"> speziellen Gruppenprogrammen:<\/span><\/h3>\n<ul>\n<li>\u201eAuf den Spuren von Fr\u00fchchristen und Kelten\u201c auf der Insel und dem Festland, f\u00fcr eine Kirchgemeindegruppe (11 Tage, 16 TeilnehmerInnen)<\/li>\n<li>40.Geburtstag einer Inselliebhaberin mit Familien und Freunden (7 Tage, 20 T.)<\/li>\n<li>Programm f\u00fcr Kreistanzgruppe: (7 Tage, 22 T.)<\/li>\n<li>\u201eDer Keltische Weg\u201c f\u00fcr 60.Geburtstag einer Inselliebhaberin mit ihrem Freundeskreis auf der Insel und auf dem Festland (7 Tage, 13 T.)<\/li>\n<li>\u201eIrische T\u00e4nze und Ges\u00e4nge\u201c Programm f\u00fcr Volkstanzgruppe auf der Insel und Besuch eines Festivals (12 Tage, 18 T.)<\/li>\n<\/ul>\n<p>[\/vc_column_text][\/vc_column][\/vc_row][vc_row][vc_column][vc_btn title=&#8220;F\u00fcr mehr Information setzen Sie sich bitte mit mir in Verbindung&#8220; style=&#8220;outline-custom&#8220; outline_custom_color=&#8220;#043b69&#8243; outline_custom_hover_background=&#8220;#ebcd38&#8243; outline_custom_hover_text=&#8220;#043b69&#8243; size=&#8220;lg&#8220; align=&#8220;center&#8220; i_align=&#8220;right&#8220; i_type=&#8220;typicons&#8220; i_icon_typicons=&#8220;typcn typcn-mail&#8220; link=&#8220;url:http%3A%2F%2Fwww.celticexperience.net%2Fde%2Fkontakt%2F||&#8220; button_block=&#8220;true&#8220; add_icon=&#8220;true&#8220;][\/vc_column][\/vc_row]<\/p>\n","protected":false},"excerpt":{"rendered":"<p>[vc_row][vc_column][vc_column_text] Massgeschneiderte Programme f\u00fcr Gruppen ab 8 Personen Ich erstelle individuelle Programme, zugeschnitten auf die speziellen W\u00fcnsche und Bed\u00fcrfnisse Ihrer Gruppe: f\u00fcr Volkstanzgruppen, Wandergruppen, Singlegruppen, Kirchgemeinden, Korbergruppen, Freundeskreise, Familienferien, Geburtstage und andere speziellen Anl\u00e4sse&#8230;. Ich bin offen f\u00fcr neue Ideen. [\/vc_column_text][\/vc_column][\/vc_row][vc_row][vc_column][vc_separator css=&#8220;.vc_custom_1449159034899{padding-top: 10px !important;padding-bottom: 10px !important;}&#8220;][\/vc_column][\/vc_row][vc_row][vc_column width=&#8220;1\/3&#8243;][vc_column_text] PROGRAMME [\/vc_column_text][\/vc_column][vc_column width=&#8220;2\/3&#8243;][vc_column_text]Sie k\u00f6nnen eines der bestehenden Programme<\/p>\n<div class=\"padding-top text-center\"><a href=\"https:\/\/www.celticexperience.net\/de\/programme-fuer-gruppen\/\" class=\"atbtn atbtn--medium atbtn--rounded atbtn--transparent\">Read more<i class=\"atbtn__icon atbtn__icon--right fa fa-long-arrow-right\"><\/i><\/a><\/div>\n","protected":false},"author":3,"featured_media":0,"parent":0,"menu_order":5,"comment_status":"open","ping_status":"open","template":"template-boxed.php","meta":[],"yoast_head":"<!-- This site is optimized with the Yoast SEO plugin v17.5 - https:\/\/yoast.com\/wordpress\/plugins\/seo\/ -->\n<title>Programme f\u00fcr Gruppen\u00a0- Celtic Spirit<\/title>\n<meta name=\"description\" content=\"Hier finden Sie massgeschneiderte Ferien-Programme f\u00fcr bestehende Gruppen in Irland.\" \/>\n<meta name=\"robots\" content=\"index, follow, max-snippet:-1, max-image-preview:large, max-video-preview:-1\" \/>\n<link rel=\"canonical\" href=\"https:\/\/www.celticexperience.net\/de\/programme-fuer-gruppen\/\" \/>\n<meta property=\"og:locale\" content=\"de_DE\" \/>\n<meta property=\"og:type\" content=\"article\" \/>\n<meta property=\"og:title\" content=\"Programme f\u00fcr Gruppen\u00a0- Celtic Spirit\" \/>\n<meta property=\"og:description\" content=\"Hier finden Sie massgeschneiderte Ferien-Programme f\u00fcr bestehende Gruppen in Irland.\" \/>\n<meta property=\"og:url\" content=\"https:\/\/www.celticexperience.net\/de\/programme-fuer-gruppen\/\" \/>\n<meta property=\"og:site_name\" content=\"Celtic Spirit\" \/>\n<meta property=\"article:modified_time\" content=\"2016-03-01T09:04:41+00:00\" \/>\n<meta name=\"twitter:card\" content=\"summary\" \/>\n<meta name=\"twitter:label1\" content=\"Gesch\u00e4tzte Lesezeit\" \/>\n\t<meta name=\"twitter:data1\" content=\"3\u00a0Minuten\" \/>\n<script type=\"application\/ld+json\" class=\"yoast-schema-graph\">{\"@context\":\"https:\/\/schema.org\",\"@graph\":[{\"@type\":\"WebSite\",\"@id\":\"https:\/\/www.celticexperience.net\/de\/#website\",\"url\":\"https:\/\/www.celticexperience.net\/de\/\",\"name\":\"Celtic Spirit\",\"description\":\"Irish Cultural Holidays\",\"potentialAction\":[{\"@type\":\"SearchAction\",\"target\":{\"@type\":\"EntryPoint\",\"urlTemplate\":\"https:\/\/www.celticexperience.net\/de\/?s={search_term_string}\"},\"query-input\":\"required name=search_term_string\"}],\"inLanguage\":\"de\"},{\"@type\":\"WebPage\",\"@id\":\"https:\/\/www.celticexperience.net\/de\/programme-fuer-gruppen\/#webpage\",\"url\":\"https:\/\/www.celticexperience.net\/de\/programme-fuer-gruppen\/\",\"name\":\"Programme f\\u00fcr Gruppen\\u00a0- Celtic Spirit\",\"isPartOf\":{\"@id\":\"https:\/\/www.celticexperience.net\/de\/#website\"},\"datePublished\":\"2015-11-13T15:02:00+00:00\",\"dateModified\":\"2016-03-01T09:04:41+00:00\",\"description\":\"Hier finden Sie massgeschneiderte Ferien-Programme f\\u00fcr bestehende Gruppen in Irland.\",\"breadcrumb\":{\"@id\":\"https:\/\/www.celticexperience.net\/de\/programme-fuer-gruppen\/#breadcrumb\"},\"inLanguage\":\"de\",\"potentialAction\":[{\"@type\":\"ReadAction\",\"target\":[\"https:\/\/www.celticexperience.net\/de\/programme-fuer-gruppen\/\"]}]},{\"@type\":\"BreadcrumbList\",\"@id\":\"https:\/\/www.celticexperience.net\/de\/programme-fuer-gruppen\/#breadcrumb\",\"itemListElement\":[{\"@type\":\"ListItem\",\"position\":1,\"name\":\"Home\",\"item\":\"https:\/\/www.celticexperience.net\/de\/\"},{\"@type\":\"ListItem\",\"position\":2,\"name\":\"Programme f\\u00fcr Gruppen\"}]}]}<\/script>\n<!-- \/ Yoast SEO plugin. -->","yoast_head_json":{"title":"Programme f\u00fcr Gruppen\u00a0- Celtic Spirit","description":"Hier finden Sie massgeschneiderte Ferien-Programme f\u00fcr bestehende Gruppen in Irland.","robots":{"index":"index","follow":"follow","max-snippet":"max-snippet:-1","max-image-preview":"max-image-preview:large","max-video-preview":"max-video-preview:-1"},"canonical":"https:\/\/www.celticexperience.net\/de\/programme-fuer-gruppen\/","og_locale":"de_DE","og_type":"article","og_title":"Programme f\u00fcr Gruppen\u00a0- Celtic Spirit","og_description":"Hier finden Sie massgeschneiderte Ferien-Programme f\u00fcr bestehende Gruppen in Irland.","og_url":"https:\/\/www.celticexperience.net\/de\/programme-fuer-gruppen\/","og_site_name":"Celtic Spirit","article_modified_time":"2016-03-01T09:04:41+00:00","twitter_card":"summary","twitter_misc":{"Gesch\u00e4tzte Lesezeit":"3\u00a0Minuten"},"schema":{"@context":"https:\/\/schema.org","@graph":[{"@type":"WebSite","@id":"https:\/\/www.celticexperience.net\/de\/#website","url":"https:\/\/www.celticexperience.net\/de\/","name":"Celtic Spirit","description":"Irish Cultural Holidays","potentialAction":[{"@type":"SearchAction","target":{"@type":"EntryPoint","urlTemplate":"https:\/\/www.celticexperience.net\/de\/?s={search_term_string}"},"query-input":"required name=search_term_string"}],"inLanguage":"de"},{"@type":"WebPage","@id":"https:\/\/www.celticexperience.net\/de\/programme-fuer-gruppen\/#webpage","url":"https:\/\/www.celticexperience.net\/de\/programme-fuer-gruppen\/","name":"Programme f\u00fcr Gruppen\u00a0- Celtic Spirit","isPartOf":{"@id":"https:\/\/www.celticexperience.net\/de\/#website"},"datePublished":"2015-11-13T15:02:00+00:00","dateModified":"2016-03-01T09:04:41+00:00","description":"Hier finden Sie massgeschneiderte Ferien-Programme f\u00fcr bestehende Gruppen in Irland.","breadcrumb":{"@id":"https:\/\/www.celticexperience.net\/de\/programme-fuer-gruppen\/#breadcrumb"},"inLanguage":"de","potentialAction":[{"@type":"ReadAction","target":["https:\/\/www.celticexperience.net\/de\/programme-fuer-gruppen\/"]}]},{"@type":"BreadcrumbList","@id":"https:\/\/www.celticexperience.net\/de\/programme-fuer-gruppen\/#breadcrumb","itemListElement":[{"@type":"ListItem","position":1,"name":"Home","item":"https:\/\/www.celticexperience.net\/de\/"},{"@type":"ListItem","position":2,"name":"Programme f\u00fcr Gruppen"}]}]}},"_links":{"self":[{"href":"https:\/\/www.celticexperience.net\/de\/wp-json\/wp\/v2\/pages\/901"}],"collection":[{"href":"https:\/\/www.celticexperience.net\/de\/wp-json\/wp\/v2\/pages"}],"about":[{"href":"https:\/\/www.celticexperience.net\/de\/wp-json\/wp\/v2\/types\/page"}],"author":[{"embeddable":true,"href":"https:\/\/www.celticexperience.net\/de\/wp-json\/wp\/v2\/users\/3"}],"replies":[{"embeddable":true,"href":"https:\/\/www.celticexperience.net\/de\/wp-json\/wp\/v2\/comments?post=901"}],"version-history":[{"count":10,"href":"https:\/\/www.celticexperience.net\/de\/wp-json\/wp\/v2\/pages\/901\/revisions"}],"predecessor-version":[{"id":1375,"href":"https:\/\/www.celticexperience.net\/de\/wp-json\/wp\/v2\/pages\/901\/revisions\/1375"}],"wp:attachment":[{"href":"https:\/\/www.celticexperience.net\/de\/wp-json\/wp\/v2\/media?parent=901"}],"curies":[{"name":"wp","href":"https:\/\/api.w.org\/{rel}","templated":true}]}}