{"id":2148,"date":"2023-10-24T11:21:37","date_gmt":"2023-10-24T11:21:37","guid":{"rendered":"https:\/\/www.celticexperience.net\/de\/?page_id=2148"},"modified":"2023-10-24T11:21:48","modified_gmt":"2023-10-24T11:21:48","slug":"datenschutzerklaerung","status":"publish","type":"page","link":"https:\/\/www.celticexperience.net\/de\/datenschutzerklaerung\/","title":{"rendered":"Datenschutzerkl\u00e4rung"},"content":{"rendered":"<p><script src=\"https:\/\/www.privacybee.ch\/widget.js\" defer><\/script>\n<privacybee-widget website-id=\"clo45tgjp002stn1y415hhpev\" lang=\"de\"><\/privacybee-widget>\n","protected":false},"excerpt":{"rendered":"","protected":false},"author":4,"featured_media":0,"parent":0,"menu_order":0,"comment_status":"closed","ping_status":"closed","template":"","meta":[],"yoast_head":"<!-- This site is optimized with the Yoast SEO plugin v17.5 - https:\/\/yoast.com\/wordpress\/plugins\/seo\/ -->\n<title>Datenschutzerkl\u00e4rung<\/title>\n<meta name=\"description\" content=\"Hier finden Sie die Datenschutzerkl\u00e4rung von Celtic Spirit. Erfahren Sie mehr \u00fcber die Webseite, die Firma und ihre Kulutrprogramme.\" \/>\n<meta name=\"robots\" content=\"index, follow, max-snippet:-1, max-image-preview:large, max-video-preview:-1\" \/>\n<link rel=\"canonical\" href=\"https:\/\/www.celticexperience.net\/de\/datenschutzerklaerung\/\" \/>\n<meta property=\"og:locale\" content=\"de_DE\" \/>\n<meta property=\"og:type\" content=\"article\" \/>\n<meta property=\"og:title\" content=\"Datenschutzerkl\u00e4rung\" \/>\n<meta property=\"og:description\" content=\"Hier finden Sie die Datenschutzerkl\u00e4rung von Celtic Spirit. Erfahren Sie mehr \u00fcber die Webseite, die Firma und ihre Kulutrprogramme.\" \/>\n<meta property=\"og:url\" content=\"https:\/\/www.celticexperience.net\/de\/datenschutzerklaerung\/\" \/>\n<meta property=\"og:site_name\" content=\"Celtic Spirit\" \/>\n<meta property=\"article:modified_time\" content=\"2023-10-24T11:21:48+00:00\" \/>\n<meta name=\"twitter:card\" content=\"summary\" \/>\n<script type=\"application\/ld+json\" class=\"yoast-schema-graph\">{\"@context\":\"https:\/\/schema.org\",\"@graph\":[{\"@type\":\"WebSite\",\"@id\":\"https:\/\/www.celticexperience.net\/de\/#website\",\"url\":\"https:\/\/www.celticexperience.net\/de\/\",\"name\":\"Celtic Spirit\",\"description\":\"Irish Cultural Holidays\",\"potentialAction\":[{\"@type\":\"SearchAction\",\"target\":{\"@type\":\"EntryPoint\",\"urlTemplate\":\"https:\/\/www.celticexperience.net\/de\/?s={search_term_string}\"},\"query-input\":\"required name=search_term_string\"}],\"inLanguage\":\"de\"},{\"@type\":\"WebPage\",\"@id\":\"https:\/\/www.celticexperience.net\/de\/datenschutzerklaerung\/#webpage\",\"url\":\"https:\/\/www.celticexperience.net\/de\/datenschutzerklaerung\/\",\"name\":\"Datenschutzerkl\\u00e4rung\",\"isPartOf\":{\"@id\":\"https:\/\/www.celticexperience.net\/de\/#website\"},\"datePublished\":\"2023-10-24T11:21:37+00:00\",\"dateModified\":\"2023-10-24T11:21:48+00:00\",\"description\":\"Hier finden Sie die Datenschutzerkl\\u00e4rung von Celtic Spirit. Erfahren Sie mehr \\u00fcber die Webseite, die Firma und ihre Kulutrprogramme.\",\"breadcrumb\":{\"@id\":\"https:\/\/www.celticexperience.net\/de\/datenschutzerklaerung\/#breadcrumb\"},\"inLanguage\":\"de\",\"potentialAction\":[{\"@type\":\"ReadAction\",\"target\":[\"https:\/\/www.celticexperience.net\/de\/datenschutzerklaerung\/\"]}]},{\"@type\":\"BreadcrumbList\",\"@id\":\"https:\/\/www.celticexperience.net\/de\/datenschutzerklaerung\/#breadcrumb\",\"itemListElement\":[{\"@type\":\"ListItem\",\"position\":1,\"name\":\"Home\",\"item\":\"https:\/\/www.celticexperience.net\/de\/\"},{\"@type\":\"ListItem\",\"position\":2,\"name\":\"Datenschutzerkl\\u00e4rung\"}]}]}<\/script>\n<!-- \/ Yoast SEO plugin. -->","yoast_head_json":{"title":"Datenschutzerkl\u00e4rung","description":"Hier finden Sie die Datenschutzerkl\u00e4rung von Celtic Spirit. Erfahren Sie mehr \u00fcber die Webseite, die Firma und ihre Kulutrprogramme.","robots":{"index":"index","follow":"follow","max-snippet":"max-snippet:-1","max-image-preview":"max-image-preview:large","max-video-preview":"max-video-preview:-1"},"canonical":"https:\/\/www.celticexperience.net\/de\/datenschutzerklaerung\/","og_locale":"de_DE","og_type":"article","og_title":"Datenschutzerkl\u00e4rung","og_description":"Hier finden Sie die Datenschutzerkl\u00e4rung von Celtic Spirit. Erfahren Sie mehr \u00fcber die Webseite, die Firma und ihre Kulutrprogramme.","og_url":"https:\/\/www.celticexperience.net\/de\/datenschutzerklaerung\/","og_site_name":"Celtic Spirit","article_modified_time":"2023-10-24T11:21:48+00:00","twitter_card":"summary","schema":{"@context":"https:\/\/schema.org","@graph":[{"@type":"WebSite","@id":"https:\/\/www.celticexperience.net\/de\/#website","url":"https:\/\/www.celticexperience.net\/de\/","name":"Celtic Spirit","description":"Irish Cultural Holidays","potentialAction":[{"@type":"SearchAction","target":{"@type":"EntryPoint","urlTemplate":"https:\/\/www.celticexperience.net\/de\/?s={search_term_string}"},"query-input":"required name=search_term_string"}],"inLanguage":"de"},{"@type":"WebPage","@id":"https:\/\/www.celticexperience.net\/de\/datenschutzerklaerung\/#webpage","url":"https:\/\/www.celticexperience.net\/de\/datenschutzerklaerung\/","name":"Datenschutzerkl\u00e4rung","isPartOf":{"@id":"https:\/\/www.celticexperience.net\/de\/#website"},"datePublished":"2023-10-24T11:21:37+00:00","dateModified":"2023-10-24T11:21:48+00:00","description":"Hier finden Sie die Datenschutzerkl\u00e4rung von Celtic Spirit. Erfahren Sie mehr \u00fcber die Webseite, die Firma und ihre Kulutrprogramme.","breadcrumb":{"@id":"https:\/\/www.celticexperience.net\/de\/datenschutzerklaerung\/#breadcrumb"},"inLanguage":"de","potentialAction":[{"@type":"ReadAction","target":["https:\/\/www.celticexperience.net\/de\/datenschutzerklaerung\/"]}]},{"@type":"BreadcrumbList","@id":"https:\/\/www.celticexperience.net\/de\/datenschutzerklaerung\/#breadcrumb","itemListElement":[{"@type":"ListItem","position":1,"name":"Home","item":"https:\/\/www.celticexperience.net\/de\/"},{"@type":"ListItem","position":2,"name":"Datenschutzerkl\u00e4rung"}]}]}},"_links":{"self":[{"href":"https:\/\/www.celticexperience.net\/de\/wp-json\/wp\/v2\/pages\/2148"}],"collection":[{"href":"https:\/\/www.celticexperience.net\/de\/wp-json\/wp\/v2\/pages"}],"about":[{"href":"https:\/\/www.celticexperience.net\/de\/wp-json\/wp\/v2\/types\/page"}],"author":[{"embeddable":true,"href":"https:\/\/www.celticexperience.net\/de\/wp-json\/wp\/v2\/users\/4"}],"replies":[{"embeddable":true,"href":"https:\/\/www.celticexperience.net\/de\/wp-json\/wp\/v2\/comments?post=2148"}],"version-history":[{"count":1,"href":"https:\/\/www.celticexperience.net\/de\/wp-json\/wp\/v2\/pages\/2148\/revisions"}],"predecessor-version":[{"id":2152,"href":"https:\/\/www.celticexperience.net\/de\/wp-json\/wp\/v2\/pages\/2148\/revisions\/2152"}],"wp:attachment":[{"href":"https:\/\/www.celticexperience.net\/de\/wp-json\/wp\/v2\/media?parent=2148"}],"curies":[{"name":"wp","href":"https:\/\/api.w.org\/{rel}","templated":true}]}}