{"id":2,"date":"2015-11-05T16:46:33","date_gmt":"2015-11-05T16:46:33","guid":{"rendered":"http:\/\/www.celticexperience.net\/?page_id=2"},"modified":"2018-04-06T12:35:29","modified_gmt":"2018-04-06T12:35:29","slug":"sample-page","status":"publish","type":"page","link":"https:\/\/www.celticexperience.net\/de\/","title":{"rendered":"Celtic Spirit"},"content":{"rendered":"<p>[vc_row][vc_column width=&#8220;1\/2&#8243;][vc_single_image image=&#8220;874&#8243; alignment=&#8220;center&#8220; onclick=&#8220;custom_link&#8220; link=&#8220;https:\/\/www.celticexperience.net\/en\/home&#8220;][\/vc_column][vc_column width=&#8220;1\/2&#8243;][vc_single_image image=&#8220;875&#8243; alignment=&#8220;center&#8220; onclick=&#8220;custom_link&#8220; link=&#8220;https:\/\/www.celticexperience.net\/de\/home&#8220;][\/vc_column][\/vc_row][vc_row][vc_column width=&#8220;1\/2&#8243; css=&#8220;.vc_custom_1447417693412{padding-right: 35px !important;padding-left: 35px !important;}&#8220;][vc_empty_space][vc_column_text]Celtic Spirit creates unique and fascinating tailor made cultural holidays on the Island of Inishmore, Aran Islands, Ireland and on the mainland, for special interest groups of 8-16 participants.<\/p>\n<p>We specialise in walking tours, Celtic heritage courses, single holidays, family holidays, Irish singing and dancing, storytelling, English language courses, basket weaving and archaeological tours.<\/p>\n<p>You can choose one of my existing programmes and I can tailor it to your liking. For details click on Tailor made group tours[\/vc_column_text][vc_empty_space][vc_btn title=&#8220;Enter English&#8220; style=&#8220;custom&#8220; custom_background=&#8220;#ebcd38&#8243; custom_text=&#8220;#043b69&#8243; align=&#8220;center&#8220; css=&#8220;.vc_custom_1449501126738{background-position: center !important;background-repeat: no-repeat !important;background-size: contain !important;border-radius: 1px !important;}&#8220; link=&#8220;url:http%3A%2F%2Fwww.celticexperience.net%2Fen%2Fhome%2F||&#8220;][\/vc_column][vc_column width=&#8220;1\/2&#8243; css=&#8220;.vc_custom_1447417708850{padding-right: 35px !important;padding-left: 35px !important;}&#8220;][vc_empty_space][vc_column_text]Celtic Spirit kreiert einmalige und spannende Kulturprogramme auf der Insel Inishmore, Aran Islands, Irland und auf dem Festland f\u00fcr Gruppen von 8-16 TeilnehmerInnen.<\/p>\n<p>Wir sind spezialisiert auf Wanderferien, irisch-keltische Geschichte, Singleferien, irische T\u00e4nze und Ges\u00e4nge, \u201eStorytelling\u201c, Sprachkurse, Korbflechten und arch\u00e4ologische F\u00fchrungen.<\/p>\n<p>Sie k\u00f6nnen eines der bestehenden Programme ausw\u00e4hlen und ich werde dieses den Bed\u00fcrfnissen ihrer Gruppe anpassen. Mehr Infos siehe Gruppenprogramme[\/vc_column_text][vc_empty_space][vc_btn title=&#8220;Enter Deutsch&#8220; style=&#8220;custom&#8220; custom_background=&#8220;#ebcd38&#8243; custom_text=&#8220;#043b69&#8243; align=&#8220;center&#8220; link=&#8220;url:http%3A%2F%2Fwww.celticexperience.net%2Fde%2Fhome%2F||&#8220;][\/vc_column][\/vc_row][vc_row][vc_column][vc_column_text]<\/p>\n<h1 style=\"text-align: center;\">Welcome to Celtic Spirit &#8211; Please choose a language<\/h1>\n<p>[\/vc_column_text][vc_separator color=&#8220;blue&#8220; el_width=&#8220;70&#8243; css=&#8220;.vc_custom_1447416951337{margin-top: 20px !important;margin-bottom: 50px !important;}&#8220;][\/vc_column][\/vc_row]<\/p>\n","protected":false},"excerpt":{"rendered":"<p>[vc_row][vc_column width=&#8220;1\/2&#8243;][vc_single_image image=&#8220;874&#8243; alignment=&#8220;center&#8220; onclick=&#8220;custom_link&#8220; link=&#8220;https:\/\/www.celticexperience.net\/en\/home&#8220;][\/vc_column][vc_column width=&#8220;1\/2&#8243;][vc_single_image image=&#8220;875&#8243; alignment=&#8220;center&#8220; onclick=&#8220;custom_link&#8220; link=&#8220;https:\/\/www.celticexperience.net\/de\/home&#8220;][\/vc_column][\/vc_row][vc_row][vc_column width=&#8220;1\/2&#8243; css=&#8220;.vc_custom_1447417693412{padding-right: 35px !important;padding-left: 35px !important;}&#8220;][vc_empty_space][vc_column_text]Celtic Spirit creates unique and fascinating tailor made cultural holidays on the Island of Inishmore, Aran Islands, Ireland and on the mainland, for special interest groups of 8-16 participants. We specialise in walking tours, Celtic heritage courses, single holidays,<\/p>\n<div class=\"padding-top text-center\"><a href=\"https:\/\/www.celticexperience.net\/de\/\" class=\"atbtn atbtn--medium atbtn--rounded atbtn--transparent\">Read more<i class=\"atbtn__icon atbtn__icon--right fa fa-long-arrow-right\"><\/i><\/a><\/div>\n","protected":false},"author":1,"featured_media":0,"parent":0,"menu_order":1,"comment_status":"closed","ping_status":"open","template":"","meta":[],"yoast_head":"<!-- This site is optimized with the Yoast SEO plugin v17.5 - https:\/\/yoast.com\/wordpress\/plugins\/seo\/ -->\n<title>Willkommen bei\u00a0Celtic Spirit -\u00a0Irische Kultur Programme<\/title>\n<meta name=\"robots\" content=\"index, follow, max-snippet:-1, max-image-preview:large, max-video-preview:-1\" \/>\n<link rel=\"canonical\" href=\"https:\/\/www.celticexperience.net\/de\/\" \/>\n<meta property=\"og:locale\" content=\"de_DE\" \/>\n<meta property=\"og:type\" content=\"article\" \/>\n<meta property=\"og:title\" content=\"Willkommen bei\u00a0Celtic Spirit -\u00a0Irische Kultur Programme\" \/>\n<meta property=\"og:description\" content=\"[vc_row][vc_column width=&#8220;1\/2&#8243;][vc_single_image image=&#8220;874&#8243; alignment=&#8220;center&#8220; onclick=&#8220;custom_link&#8220; link=&#8220;https:\/\/www.celticexperience.net\/en\/home&#8220;][\/vc_column][vc_column width=&#8220;1\/2&#8243;][vc_single_image image=&#8220;875&#8243; alignment=&#8220;center&#8220; onclick=&#8220;custom_link&#8220; link=&#8220;https:\/\/www.celticexperience.net\/de\/home&#8220;][\/vc_column][\/vc_row][vc_row][vc_column width=&#8220;1\/2&#8243; css=&#8220;.vc_custom_1447417693412{padding-right: 35px !important;padding-left: 35px !important;}&#8220;][vc_empty_space][vc_column_text]Celtic Spirit creates unique and fascinating tailor made cultural holidays on the Island of Inishmore, Aran Islands, Ireland and on the mainland, for special interest groups of 8-16 participants. We specialise in walking tours, Celtic heritage courses, single holidays,Read more\" \/>\n<meta property=\"og:url\" content=\"https:\/\/www.celticexperience.net\/de\/\" \/>\n<meta property=\"og:site_name\" content=\"Celtic Spirit\" \/>\n<meta property=\"article:modified_time\" content=\"2018-04-06T12:35:29+00:00\" \/>\n<meta name=\"twitter:card\" content=\"summary\" \/>\n<meta name=\"twitter:label1\" content=\"Gesch\u00e4tzte Lesezeit\" \/>\n\t<meta name=\"twitter:data1\" content=\"2\u00a0Minuten\" \/>\n<script type=\"application\/ld+json\" class=\"yoast-schema-graph\">{\"@context\":\"https:\/\/schema.org\",\"@graph\":[{\"@type\":\"WebSite\",\"@id\":\"https:\/\/www.celticexperience.net\/de\/#website\",\"url\":\"https:\/\/www.celticexperience.net\/de\/\",\"name\":\"Celtic Spirit\",\"description\":\"Irish Cultural Holidays\",\"potentialAction\":[{\"@type\":\"SearchAction\",\"target\":{\"@type\":\"EntryPoint\",\"urlTemplate\":\"https:\/\/www.celticexperience.net\/de\/?s={search_term_string}\"},\"query-input\":\"required name=search_term_string\"}],\"inLanguage\":\"de\"},{\"@type\":\"WebPage\",\"@id\":\"https:\/\/www.celticexperience.net\/de\/#webpage\",\"url\":\"https:\/\/www.celticexperience.net\/de\/\",\"name\":\"Willkommen bei\\u00a0Celtic Spirit -\\u00a0Irische Kultur Programme\",\"isPartOf\":{\"@id\":\"https:\/\/www.celticexperience.net\/de\/#website\"},\"datePublished\":\"2015-11-05T16:46:33+00:00\",\"dateModified\":\"2018-04-06T12:35:29+00:00\",\"breadcrumb\":{\"@id\":\"https:\/\/www.celticexperience.net\/de\/#breadcrumb\"},\"inLanguage\":\"de\",\"potentialAction\":[{\"@type\":\"ReadAction\",\"target\":[\"https:\/\/www.celticexperience.net\/de\/\"]}]},{\"@type\":\"BreadcrumbList\",\"@id\":\"https:\/\/www.celticexperience.net\/de\/#breadcrumb\",\"itemListElement\":[{\"@type\":\"ListItem\",\"position\":1,\"name\":\"Home\",\"item\":\"https:\/\/www.celticexperience.net\/de\/\"},{\"@type\":\"ListItem\",\"position\":2,\"name\":\"Celtic Spirit\"}]}]}<\/script>\n<!-- \/ Yoast SEO plugin. -->","yoast_head_json":{"title":"Willkommen bei\u00a0Celtic Spirit -\u00a0Irische Kultur Programme","robots":{"index":"index","follow":"follow","max-snippet":"max-snippet:-1","max-image-preview":"max-image-preview:large","max-video-preview":"max-video-preview:-1"},"canonical":"https:\/\/www.celticexperience.net\/de\/","og_locale":"de_DE","og_type":"article","og_title":"Willkommen bei\u00a0Celtic Spirit -\u00a0Irische Kultur Programme","og_description":"[vc_row][vc_column width=&#8220;1\/2&#8243;][vc_single_image image=&#8220;874&#8243; alignment=&#8220;center&#8220; onclick=&#8220;custom_link&#8220; link=&#8220;https:\/\/www.celticexperience.net\/en\/home&#8220;][\/vc_column][vc_column width=&#8220;1\/2&#8243;][vc_single_image image=&#8220;875&#8243; alignment=&#8220;center&#8220; onclick=&#8220;custom_link&#8220; link=&#8220;https:\/\/www.celticexperience.net\/de\/home&#8220;][\/vc_column][\/vc_row][vc_row][vc_column width=&#8220;1\/2&#8243; css=&#8220;.vc_custom_1447417693412{padding-right: 35px !important;padding-left: 35px !important;}&#8220;][vc_empty_space][vc_column_text]Celtic Spirit creates unique and fascinating tailor made cultural holidays on the Island of Inishmore, Aran Islands, Ireland and on the mainland, for special interest groups of 8-16 participants. We specialise in walking tours, Celtic heritage courses, single holidays,Read more","og_url":"https:\/\/www.celticexperience.net\/de\/","og_site_name":"Celtic Spirit","article_modified_time":"2018-04-06T12:35:29+00:00","twitter_card":"summary","twitter_misc":{"Gesch\u00e4tzte Lesezeit":"2\u00a0Minuten"},"schema":{"@context":"https:\/\/schema.org","@graph":[{"@type":"WebSite","@id":"https:\/\/www.celticexperience.net\/de\/#website","url":"https:\/\/www.celticexperience.net\/de\/","name":"Celtic Spirit","description":"Irish Cultural Holidays","potentialAction":[{"@type":"SearchAction","target":{"@type":"EntryPoint","urlTemplate":"https:\/\/www.celticexperience.net\/de\/?s={search_term_string}"},"query-input":"required name=search_term_string"}],"inLanguage":"de"},{"@type":"WebPage","@id":"https:\/\/www.celticexperience.net\/de\/#webpage","url":"https:\/\/www.celticexperience.net\/de\/","name":"Willkommen bei\u00a0Celtic Spirit -\u00a0Irische Kultur Programme","isPartOf":{"@id":"https:\/\/www.celticexperience.net\/de\/#website"},"datePublished":"2015-11-05T16:46:33+00:00","dateModified":"2018-04-06T12:35:29+00:00","breadcrumb":{"@id":"https:\/\/www.celticexperience.net\/de\/#breadcrumb"},"inLanguage":"de","potentialAction":[{"@type":"ReadAction","target":["https:\/\/www.celticexperience.net\/de\/"]}]},{"@type":"BreadcrumbList","@id":"https:\/\/www.celticexperience.net\/de\/#breadcrumb","itemListElement":[{"@type":"ListItem","position":1,"name":"Home","item":"https:\/\/www.celticexperience.net\/de\/"},{"@type":"ListItem","position":2,"name":"Celtic Spirit"}]}]}},"_links":{"self":[{"href":"https:\/\/www.celticexperience.net\/de\/wp-json\/wp\/v2\/pages\/2"}],"collection":[{"href":"https:\/\/www.celticexperience.net\/de\/wp-json\/wp\/v2\/pages"}],"about":[{"href":"https:\/\/www.celticexperience.net\/de\/wp-json\/wp\/v2\/types\/page"}],"author":[{"embeddable":true,"href":"https:\/\/www.celticexperience.net\/de\/wp-json\/wp\/v2\/users\/1"}],"replies":[{"embeddable":true,"href":"https:\/\/www.celticexperience.net\/de\/wp-json\/wp\/v2\/comments?post=2"}],"version-history":[{"count":9,"href":"https:\/\/www.celticexperience.net\/de\/wp-json\/wp\/v2\/pages\/2\/revisions"}],"predecessor-version":[{"id":1630,"href":"https:\/\/www.celticexperience.net\/de\/wp-json\/wp\/v2\/pages\/2\/revisions\/1630"}],"wp:attachment":[{"href":"https:\/\/www.celticexperience.net\/de\/wp-json\/wp\/v2\/media?parent=2"}],"curies":[{"name":"wp","href":"https:\/\/api.w.org\/{rel}","templated":true}]}}