{"id":1134,"date":"2015-12-04T12:05:12","date_gmt":"2015-12-04T12:05:12","guid":{"rendered":"http:\/\/www.celticexperience.net\/de\/?page_id=1134"},"modified":"2020-11-30T12:48:35","modified_gmt":"2020-11-30T12:48:35","slug":"laufende-programme","status":"publish","type":"page","link":"https:\/\/www.celticexperience.net\/de\/laufende-programme\/","title":{"rendered":"Laufende Programme"},"content":{"rendered":"<p>[vc_row][vc_column][vc_column_text]\n<div class=\"atgrid  atgrid--small\">\n\t<div class=\"title title--big title--center title--underline title--decoration-bottom-center\">\n\t\t<h3 class=\"title__primary\">Laufende Programme<\/h3>\n<\/div>\n\t<div class=\"row atgrid__row\">\n\t\t\t\t\t<div class=\"col-md-3 col-xs-6 atgrid__item-wrap\">\n\t\t\t<div class=\"atgrid__item\">\n\t\t\t\t<div class=\"atgrid__item__top\">\n\t\t\t\t\t<a href=\"https:\/\/www.celticexperience.net\/de\/tours\/achill-island-experience-kopie\/\" class=\"atgrid__item__top__image\"><img width=\"360\" height=\"240\" src=\"https:\/\/www.celticexperience.net\/de\/wp-content\/uploads\/2021\/11\/Achill1-360x240.jpg\" class=\"attachment-thumb_tour_listing_small size-thumb_tour_listing_small wp-post-image\" alt=\"Keel Strand AChill\" loading=\"lazy\" srcset=\"https:\/\/www.celticexperience.net\/de\/wp-content\/uploads\/2021\/11\/Achill1-360x240.jpg 360w, https:\/\/www.celticexperience.net\/de\/wp-content\/uploads\/2021\/11\/Achill1-531x354.jpg 531w, https:\/\/www.celticexperience.net\/de\/wp-content\/uploads\/2021\/11\/Achill1-180x120.jpg 180w\" sizes=\"(max-width: 360px) 100vw, 360px\" \/><\/a>\t\t\t\t\t\t\t\t\t\t\t\t\t\t\t\t\t\t\t\t\t\t\t\t\t\t\t\t\t\t\t\t\t\t\t\t<\/div>\n\t\t\t\t<div class=\"atgrid__item__content\">\n\t\t\t\t\t<h3 class=\"atgrid__item__title\"><a href=\"https:\/\/www.celticexperience.net\/de\/tours\/achill-island-experience-kopie\/\">Achill Island Experience<\/a><\/h3>\n\t\t\t\t\t\t\t\t\t<div class=\"atgrid__item__description\">[vc_row][vc_column][vc_column_text] \u00a0 Wir wohnen beim wundersch\u00f6nen Keel Strand und erkunden Achill auf leichten Wanderungen und mit dem E-Bike, Bootsfahrt nach<\/div>\n\t\t\t\t\t\t\t\t<\/div>\n\t\t\t\t<div class=\"item-attributes\">\n\t\t\t\t\t<div class=\"item-attributes__item\"><div class=\"item-attributes__item__content\"><div class=\"item-attributes__item__content__item\"><i class=\"td-calendar-2\"><\/i><\/div><div class=\"item-attributes__item__content__item item-attributes__item__content__item--text\"><span>13. &#8211; 20. Juli 2026<\/span><\/div><\/div><\/div><div class=\"item-attributes__item\"><div class=\"item-attributes__item__content\"><div class=\"item-attributes__item__content__item\"><i class=\"td-clock-2\"><\/i><\/div><div class=\"item-attributes__item__content__item item-attributes__item__content__item--text\"><span>8 Tage<\/span><\/div><\/div><\/div>\t\t\t\t\t<div class=\"item-attributes__item\"><a href=\"https:\/\/www.celticexperience.net\/de\/tours\/achill-island-experience-kopie\/\" class=\"item-attributes__link\"><i class=\"fa fa-long-arrow-right\"><\/i><\/a><\/div>\n\t\t\t\t<\/div>\n\t\t\t<\/div>\n\t\t<\/div>\n\t\t\t\t\t<div class=\"col-md-3 col-xs-6 atgrid__item-wrap\">\n\t\t\t<div class=\"atgrid__item\">\n\t\t\t\t<div class=\"atgrid__item__top\">\n\t\t\t\t\t<a href=\"https:\/\/www.celticexperience.net\/de\/tours\/sagenhafte-wanderungen-auf-der-irischen-insel-inis-mor\/\" class=\"atgrid__item__top__image\"><img width=\"360\" height=\"240\" src=\"https:\/\/www.celticexperience.net\/de\/wp-content\/uploads\/2022\/11\/P1020707-scaled-360x240.jpg\" class=\"attachment-thumb_tour_listing_small size-thumb_tour_listing_small wp-post-image\" alt=\"Inihmore Klippen\" loading=\"lazy\" srcset=\"https:\/\/www.celticexperience.net\/de\/wp-content\/uploads\/2022\/11\/P1020707-scaled-360x240.jpg 360w, https:\/\/www.celticexperience.net\/de\/wp-content\/uploads\/2022\/11\/P1020707-scaled-531x354.jpg 531w, https:\/\/www.celticexperience.net\/de\/wp-content\/uploads\/2022\/11\/P1020707-180x120.jpg 180w\" sizes=\"(max-width: 360px) 100vw, 360px\" \/><\/a>\t\t\t\t\t\t\t\t\t\t\t\t\t\t\t\t\t\t\t\t\t\t\t\t\t\t\t\t\t\t\t\t\t\t\t\t<\/div>\n\t\t\t\t<div class=\"atgrid__item__content\">\n\t\t\t\t\t<h3 class=\"atgrid__item__title\"><a href=\"https:\/\/www.celticexperience.net\/de\/tours\/sagenhafte-wanderungen-auf-der-irischen-insel-inis-mor\/\">Sagenhafte Wanderungen auf der irischen Insel Inis M\u00f3r<\/a><\/h3>\n\t\t\t\t\t\t\t\t\t<div class=\"atgrid__item__description\">[vc_row][vc_column][vc_column_text] Sagenhafte Wanderungen: Geschichten in der Landschaft der Insel Inis M\u00f3r \u00a0 Begleitet von frei erz\u00e4hlten \u00fcberlieferten Mythen und M\u00e4rchen<\/div>\n\t\t\t\t\t\t\t\t<\/div>\n\t\t\t\t<div class=\"item-attributes\">\n\t\t\t\t\t<div class=\"item-attributes__item\"><div class=\"item-attributes__item__content\"><div class=\"item-attributes__item__content__item\"><i class=\"td-calendar-2\"><\/i><\/div><div class=\"item-attributes__item__content__item item-attributes__item__content__item--text\"><span>27. Juli &#8211; 3. August 2026<\/span><\/div><\/div><\/div><div class=\"item-attributes__item\"><div class=\"item-attributes__item__content\"><div class=\"item-attributes__item__content__item\"><i class=\"td-clock-2\"><\/i><\/div><div class=\"item-attributes__item__content__item item-attributes__item__content__item--text\"><span>8 Tage<\/span><\/div><\/div><\/div>\t\t\t\t\t<div class=\"item-attributes__item\"><a href=\"https:\/\/www.celticexperience.net\/de\/tours\/sagenhafte-wanderungen-auf-der-irischen-insel-inis-mor\/\" class=\"item-attributes__link\"><i class=\"fa fa-long-arrow-right\"><\/i><\/a><\/div>\n\t\t\t\t<\/div>\n\t\t\t<\/div>\n\t\t<\/div>\n\t\t<\/div>\n<\/div>\n[\/vc_column_text][\/vc_column][\/vc_row]<\/p>\n","protected":false},"excerpt":{"rendered":"<p>[vc_row][vc_column][vc_column_text][\/vc_column_text][\/vc_column][\/vc_row]<\/p>\n","protected":false},"author":1,"featured_media":0,"parent":0,"menu_order":0,"comment_status":"closed","ping_status":"closed","template":"","meta":[],"yoast_head":"<!-- This site is optimized with the Yoast SEO plugin v17.5 - https:\/\/yoast.com\/wordpress\/plugins\/seo\/ -->\n<title>Laufende Kulturprogramme - Celtic Spirit Experience<\/title>\n<meta name=\"description\" content=\"Hier finden Sie laufende Kulturferien-Programme zu verschiedenen Themen die in diesem Jahr in Irland durchgef\u00fchrt werden.\" \/>\n<meta name=\"robots\" content=\"index, follow, max-snippet:-1, max-image-preview:large, max-video-preview:-1\" \/>\n<link rel=\"canonical\" href=\"https:\/\/www.celticexperience.net\/de\/laufende-programme\/\" \/>\n<meta property=\"og:locale\" content=\"de_DE\" \/>\n<meta property=\"og:type\" content=\"article\" \/>\n<meta property=\"og:title\" content=\"Laufende Kulturprogramme - Celtic Spirit Experience\" \/>\n<meta property=\"og:description\" content=\"Hier finden Sie laufende Kulturferien-Programme zu verschiedenen Themen die in diesem Jahr in Irland durchgef\u00fchrt werden.\" \/>\n<meta property=\"og:url\" content=\"https:\/\/www.celticexperience.net\/de\/laufende-programme\/\" \/>\n<meta property=\"og:site_name\" content=\"Celtic Spirit\" \/>\n<meta property=\"article:modified_time\" content=\"2020-11-30T12:48:35+00:00\" \/>\n<meta name=\"twitter:card\" content=\"summary\" \/>\n<script type=\"application\/ld+json\" class=\"yoast-schema-graph\">{\"@context\":\"https:\/\/schema.org\",\"@graph\":[{\"@type\":\"WebSite\",\"@id\":\"https:\/\/www.celticexperience.net\/de\/#website\",\"url\":\"https:\/\/www.celticexperience.net\/de\/\",\"name\":\"Celtic Spirit\",\"description\":\"Irish Cultural Holidays\",\"potentialAction\":[{\"@type\":\"SearchAction\",\"target\":{\"@type\":\"EntryPoint\",\"urlTemplate\":\"https:\/\/www.celticexperience.net\/de\/?s={search_term_string}\"},\"query-input\":\"required name=search_term_string\"}],\"inLanguage\":\"de\"},{\"@type\":\"WebPage\",\"@id\":\"https:\/\/www.celticexperience.net\/de\/laufende-programme\/#webpage\",\"url\":\"https:\/\/www.celticexperience.net\/de\/laufende-programme\/\",\"name\":\"Laufende Kulturprogramme - Celtic Spirit Experience\",\"isPartOf\":{\"@id\":\"https:\/\/www.celticexperience.net\/de\/#website\"},\"datePublished\":\"2015-12-04T12:05:12+00:00\",\"dateModified\":\"2020-11-30T12:48:35+00:00\",\"description\":\"Hier finden Sie laufende Kulturferien-Programme zu verschiedenen Themen die in diesem Jahr in Irland durchgef\\u00fchrt werden.\",\"breadcrumb\":{\"@id\":\"https:\/\/www.celticexperience.net\/de\/laufende-programme\/#breadcrumb\"},\"inLanguage\":\"de\",\"potentialAction\":[{\"@type\":\"ReadAction\",\"target\":[\"https:\/\/www.celticexperience.net\/de\/laufende-programme\/\"]}]},{\"@type\":\"BreadcrumbList\",\"@id\":\"https:\/\/www.celticexperience.net\/de\/laufende-programme\/#breadcrumb\",\"itemListElement\":[{\"@type\":\"ListItem\",\"position\":1,\"name\":\"Home\",\"item\":\"https:\/\/www.celticexperience.net\/de\/\"},{\"@type\":\"ListItem\",\"position\":2,\"name\":\"Laufende Programme\"}]}]}<\/script>\n<!-- \/ Yoast SEO plugin. -->","yoast_head_json":{"title":"Laufende Kulturprogramme - Celtic Spirit Experience","description":"Hier finden Sie laufende Kulturferien-Programme zu verschiedenen Themen die in diesem Jahr in Irland durchgef\u00fchrt werden.","robots":{"index":"index","follow":"follow","max-snippet":"max-snippet:-1","max-image-preview":"max-image-preview:large","max-video-preview":"max-video-preview:-1"},"canonical":"https:\/\/www.celticexperience.net\/de\/laufende-programme\/","og_locale":"de_DE","og_type":"article","og_title":"Laufende Kulturprogramme - Celtic Spirit Experience","og_description":"Hier finden Sie laufende Kulturferien-Programme zu verschiedenen Themen die in diesem Jahr in Irland durchgef\u00fchrt werden.","og_url":"https:\/\/www.celticexperience.net\/de\/laufende-programme\/","og_site_name":"Celtic Spirit","article_modified_time":"2020-11-30T12:48:35+00:00","twitter_card":"summary","schema":{"@context":"https:\/\/schema.org","@graph":[{"@type":"WebSite","@id":"https:\/\/www.celticexperience.net\/de\/#website","url":"https:\/\/www.celticexperience.net\/de\/","name":"Celtic Spirit","description":"Irish Cultural Holidays","potentialAction":[{"@type":"SearchAction","target":{"@type":"EntryPoint","urlTemplate":"https:\/\/www.celticexperience.net\/de\/?s={search_term_string}"},"query-input":"required name=search_term_string"}],"inLanguage":"de"},{"@type":"WebPage","@id":"https:\/\/www.celticexperience.net\/de\/laufende-programme\/#webpage","url":"https:\/\/www.celticexperience.net\/de\/laufende-programme\/","name":"Laufende Kulturprogramme - Celtic Spirit Experience","isPartOf":{"@id":"https:\/\/www.celticexperience.net\/de\/#website"},"datePublished":"2015-12-04T12:05:12+00:00","dateModified":"2020-11-30T12:48:35+00:00","description":"Hier finden Sie laufende Kulturferien-Programme zu verschiedenen Themen die in diesem Jahr in Irland durchgef\u00fchrt werden.","breadcrumb":{"@id":"https:\/\/www.celticexperience.net\/de\/laufende-programme\/#breadcrumb"},"inLanguage":"de","potentialAction":[{"@type":"ReadAction","target":["https:\/\/www.celticexperience.net\/de\/laufende-programme\/"]}]},{"@type":"BreadcrumbList","@id":"https:\/\/www.celticexperience.net\/de\/laufende-programme\/#breadcrumb","itemListElement":[{"@type":"ListItem","position":1,"name":"Home","item":"https:\/\/www.celticexperience.net\/de\/"},{"@type":"ListItem","position":2,"name":"Laufende Programme"}]}]}},"_links":{"self":[{"href":"https:\/\/www.celticexperience.net\/de\/wp-json\/wp\/v2\/pages\/1134"}],"collection":[{"href":"https:\/\/www.celticexperience.net\/de\/wp-json\/wp\/v2\/pages"}],"about":[{"href":"https:\/\/www.celticexperience.net\/de\/wp-json\/wp\/v2\/types\/page"}],"author":[{"embeddable":true,"href":"https:\/\/www.celticexperience.net\/de\/wp-json\/wp\/v2\/users\/1"}],"replies":[{"embeddable":true,"href":"https:\/\/www.celticexperience.net\/de\/wp-json\/wp\/v2\/comments?post=1134"}],"version-history":[{"count":4,"href":"https:\/\/www.celticexperience.net\/de\/wp-json\/wp\/v2\/pages\/1134\/revisions"}],"predecessor-version":[{"id":1835,"href":"https:\/\/www.celticexperience.net\/de\/wp-json\/wp\/v2\/pages\/1134\/revisions\/1835"}],"wp:attachment":[{"href":"https:\/\/www.celticexperience.net\/de\/wp-json\/wp\/v2\/media?parent=1134"}],"curies":[{"name":"wp","href":"https:\/\/api.w.org\/{rel}","templated":true}]}}